{"id":10427,"date":"2025-09-19T14:56:38","date_gmt":"2025-09-19T19:56:38","guid":{"rendered":"https:\/\/www.celec.gob.ec\/transelectric\/?page_id=10427"},"modified":"2025-09-19T14:56:38","modified_gmt":"2025-09-19T19:56:38","slug":"celec-ep-realizara-mantenimiento-programado-en-la-subestacion-yanacocha-loja","status":"publish","type":"page","link":"https:\/\/www.celec.gob.ec\/transelectric\/celec-ep-realizara-mantenimiento-programado-en-la-subestacion-yanacocha-loja\/","title":{"rendered":"CELEC EP realizar\u00e1 mantenimiento programado en la subestaci\u00f3n Yanacocha \u2013 Loja"},"content":{"rendered":"\n<p>Este domingo, <strong>21 de septiembre de 2025,<\/strong> la Corporaci\u00f3n El\u00e9ctrica del Ecuador \u2013 CELEC EP, a trav\u00e9s de su Unidad de Negocio Transelectric, realizar\u00e1 trabajos de mantenimientos programados en la subestaci\u00f3n Yanacocha, ubicada en la provincia de Loja.<\/p>\n\n\n\n<p>El objetivo es mejorar la calidad del servicio el\u00e9ctrico y garantizar la continuidad del suministro en la zona de influencia.<\/p>\n\n\n\n<p>La ejecuci\u00f3n de estas actividades requerir\u00e1 una restricci\u00f3n del servicio el\u00e9ctrico entre las <strong>02:00 y 04:00<\/strong>, en toda el \u00e1rea de concesi\u00f3n de la empresa distribuidora EERSSA a excepci\u00f3n de los siguientes sectores:<\/p>\n\n\n\n<p><strong>Provincia de Morona Santiago:<\/strong><\/p>\n\n\n\n<ul class=\"wp-block-list\">\n<li>Cant\u00f3n Gualaquiza.<\/li>\n<\/ul>\n\n\n\n<p><strong>Provincia de Zamora Chinchipe:<\/strong><\/p>\n\n\n\n<ul class=\"wp-block-list\">\n<li>Cant\u00f3n El Pangui y parroquia Los Encuentros.<\/li>\n<\/ul>\n\n\n\n<p>Los trabajos han sido coordinados con la empresa distribuidora EERSSA y con el Operador Nacional de Electricidad \u2013 Cenace.<\/p>\n\n\n\n<p>Con estas acciones se incrementar\u00e1 la confiabilidad operativa del sistema el\u00e9ctrico en estas zonas.<\/p>\n\n\n\n<p>CELEC EP agradece la comprensi\u00f3n ante los posibles inconvenientes generados.<\/p>\n\n\n\n<p><\/p>\n\n\n\n<p><\/p>\n","protected":false},"excerpt":{"rendered":"<p>Este domingo, 21 de septiembre de 2025, la Corporaci\u00f3n El\u00e9ctrica del Ecuador \u2013 CELEC EP, a trav\u00e9s de su Unidad de Negocio Transelectric, realizar\u00e1 trabajos de mantenimientos programados en la subestaci\u00f3n Yanacocha, ubicada en la provincia de Loja. El objetivo es mejorar la calidad del servicio el\u00e9ctrico y garantizar la continuidad del suministro en la [&hellip;]<\/p>\n","protected":false},"author":3,"featured_media":0,"parent":0,"menu_order":0,"comment_status":"closed","ping_status":"closed","template":"","meta":{"_acf_changed":false,"inline_featured_image":false,"_themeisle_gutenberg_block_has_review":false,"footnotes":""},"categories":[],"tags":[],"class_list":["post-10427","page","type-page","status-publish","hentry"],"acf":[],"_links":{"self":[{"href":"https:\/\/www.celec.gob.ec\/transelectric\/wp-json\/wp\/v2\/pages\/10427","targetHints":{"allow":["GET"]}}],"collection":[{"href":"https:\/\/www.celec.gob.ec\/transelectric\/wp-json\/wp\/v2\/pages"}],"about":[{"href":"https:\/\/www.celec.gob.ec\/transelectric\/wp-json\/wp\/v2\/types\/page"}],"author":[{"embeddable":true,"href":"https:\/\/www.celec.gob.ec\/transelectric\/wp-json\/wp\/v2\/users\/3"}],"replies":[{"embeddable":true,"href":"https:\/\/www.celec.gob.ec\/transelectric\/wp-json\/wp\/v2\/comments?post=10427"}],"version-history":[{"count":1,"href":"https:\/\/www.celec.gob.ec\/transelectric\/wp-json\/wp\/v2\/pages\/10427\/revisions"}],"predecessor-version":[{"id":10429,"href":"https:\/\/www.celec.gob.ec\/transelectric\/wp-json\/wp\/v2\/pages\/10427\/revisions\/10429"}],"wp:attachment":[{"href":"https:\/\/www.celec.gob.ec\/transelectric\/wp-json\/wp\/v2\/media?parent=10427"}],"wp:term":[{"taxonomy":"category","embeddable":true,"href":"https:\/\/www.celec.gob.ec\/transelectric\/wp-json\/wp\/v2\/categories?post=10427"},{"taxonomy":"post_tag","embeddable":true,"href":"https:\/\/www.celec.gob.ec\/transelectric\/wp-json\/wp\/v2\/tags?post=10427"}],"curies":[{"name":"wp","href":"https:\/\/api.w.org\/{rel}","templated":true}]}}