{"id":10923,"date":"2025-10-20T08:19:48","date_gmt":"2025-10-20T13:19:48","guid":{"rendered":"https:\/\/www.celec.gob.ec\/transelectric\/?page_id=10923"},"modified":"2025-10-20T08:19:49","modified_gmt":"2025-10-20T13:19:49","slug":"celec-ep-realizara-mantenimiento-programado-en-la-subestacion-posorja","status":"publish","type":"page","link":"https:\/\/www.celec.gob.ec\/transelectric\/celec-ep-realizara-mantenimiento-programado-en-la-subestacion-posorja\/","title":{"rendered":"CELEC EP realizar\u00e1 mantenimiento programado en la subestaci\u00f3n Posorja."},"content":{"rendered":"\n<p>Este martes, <strong>21 de octubre de 2025<\/strong>, la Corporaci\u00f3n El\u00e9ctrica del Ecuador, CELEC EP, a trav\u00e9s de su Unidad de Negocio Transelectric, realizar\u00e1 trabajos de mantenimiento programado en la subestaci\u00f3n Posorja ubicada en la provincia de Guayas.<\/p>\n\n\n\n<p>El objetivo es mejorar la calidad del servicio el\u00e9ctrico y garantizar la continuidad del suministro en la zona de influencia.<\/p>\n\n\n\n<p>La ejecuci\u00f3n de estas actividades requerir\u00e1 una restricci\u00f3n del servicio el\u00e9ctrico entre las <strong>05:00 y 07:00<\/strong>, en los siguientes sectores de la provincia de Guayas:<\/p>\n\n\n\n<p><strong>Cant\u00f3n Playas y parroquia Posorja, cant\u00f3n Guayaquil.<\/strong><\/p>\n\n\n\n<p>Con estas acciones se incrementar\u00e1 una operaci\u00f3n segura del sistema el\u00e9ctrico en estas zonas.<\/p>\n\n\n\n<p>CELEC EP agradece la comprensi\u00f3n ante los posibles inconvenientes generados.<\/p>\n","protected":false},"excerpt":{"rendered":"<p>Este martes, 21 de octubre de 2025, la Corporaci\u00f3n El\u00e9ctrica del Ecuador, CELEC EP, a trav\u00e9s de su Unidad de Negocio Transelectric, realizar\u00e1 trabajos de mantenimiento programado en la subestaci\u00f3n Posorja ubicada en la provincia de Guayas. El objetivo es mejorar la calidad del servicio el\u00e9ctrico y garantizar la continuidad del suministro en la zona [&hellip;]<\/p>\n","protected":false},"author":3,"featured_media":0,"parent":0,"menu_order":0,"comment_status":"closed","ping_status":"closed","template":"","meta":{"_acf_changed":false,"inline_featured_image":false,"_themeisle_gutenberg_block_has_review":false,"footnotes":""},"categories":[],"tags":[],"class_list":["post-10923","page","type-page","status-publish","hentry"],"acf":[],"_links":{"self":[{"href":"https:\/\/www.celec.gob.ec\/transelectric\/wp-json\/wp\/v2\/pages\/10923","targetHints":{"allow":["GET"]}}],"collection":[{"href":"https:\/\/www.celec.gob.ec\/transelectric\/wp-json\/wp\/v2\/pages"}],"about":[{"href":"https:\/\/www.celec.gob.ec\/transelectric\/wp-json\/wp\/v2\/types\/page"}],"author":[{"embeddable":true,"href":"https:\/\/www.celec.gob.ec\/transelectric\/wp-json\/wp\/v2\/users\/3"}],"replies":[{"embeddable":true,"href":"https:\/\/www.celec.gob.ec\/transelectric\/wp-json\/wp\/v2\/comments?post=10923"}],"version-history":[{"count":1,"href":"https:\/\/www.celec.gob.ec\/transelectric\/wp-json\/wp\/v2\/pages\/10923\/revisions"}],"predecessor-version":[{"id":10925,"href":"https:\/\/www.celec.gob.ec\/transelectric\/wp-json\/wp\/v2\/pages\/10923\/revisions\/10925"}],"wp:attachment":[{"href":"https:\/\/www.celec.gob.ec\/transelectric\/wp-json\/wp\/v2\/media?parent=10923"}],"wp:term":[{"taxonomy":"category","embeddable":true,"href":"https:\/\/www.celec.gob.ec\/transelectric\/wp-json\/wp\/v2\/categories?post=10923"},{"taxonomy":"post_tag","embeddable":true,"href":"https:\/\/www.celec.gob.ec\/transelectric\/wp-json\/wp\/v2\/tags?post=10923"}],"curies":[{"name":"wp","href":"https:\/\/api.w.org\/{rel}","templated":true}]}}