{"id":11288,"date":"2025-11-26T16:10:17","date_gmt":"2025-11-26T21:10:17","guid":{"rendered":"https:\/\/www.celec.gob.ec\/transelectric\/?page_id=11288"},"modified":"2025-11-26T16:11:32","modified_gmt":"2025-11-26T21:11:32","slug":"proceso-de-seleccion-simple-especialista-de-construcciones-de-montaje-electromecanico-26-de-noviembre-de-2026","status":"publish","type":"page","link":"https:\/\/www.celec.gob.ec\/transelectric\/proceso-de-seleccion-simple-especialista-de-construcciones-de-montaje-electromecanico-26-de-noviembre-de-2026\/","title":{"rendered":"Proceso de Selecci\u00f3n Simple, Especialista de Construcciones de Montaje Electromec\u00e1nico, 26 de Noviembre de 2025"},"content":{"rendered":"\n<p>En cumplimiento a la\u00a0<em>\u00abCodificaci\u00f3n del Reglamento para el Reclutamiento, Preselecci\u00f3n, Selecci\u00f3n, Vinculaci\u00f3n, e Inducci\u00f3n del Talento Humano de la Empresa P\u00fablica Estrat\u00e9gica Corporaci\u00f3n El\u00e9ctrica del Ecuador CELEC EP.\u00bb<\/em>, y la Resoluci\u00f3n Nro. CEL-RES-0320-24, se pone en consideraci\u00f3n el inicio de la fase de reclutamiento del PROCESO DE SELECCI\u00d3N SIMPLE, para cubrir el cargo detallado en el archivo adjunto.<\/p>\n\n\n\n<p><em>\u00ab14.1.- Reclutamiento \/ Preselecci\u00f3n: Los delegados del \u00e1rea de Talento Humano y del \u00e1rea requirente designados para el proceso de selecci\u00f3n simple tendr\u00e1n la responsabilidad de esta actividad, cuyo objetivo es recopilar todas las postulaciones de los aspirantes potencialmente calificados para ocupar los puestos temporales ofertados por la CELEC EP.<\/em>&nbsp;<\/p>\n\n\n\n<p><em>Estos reclutamientos se lo realizar\u00e1n a trav\u00e9s de una convocatoria abierta, a trav\u00e9s del uso medios de comunicaci\u00f3n tecnol\u00f3gicos corporativos, cuya duraci\u00f3n m\u00ednima de 24 horas h\u00e1biles.<\/em><\/p>\n\n\n\n<p class=\"has-text-align-center\"><strong><a href=\"https:\/\/www.celec.gob.ec\/transelectric\/wp-content\/uploads\/2025\/11\/Convocatoria-Especialista-de-Construcciones-de-Montaje-Electromecanico-Equipamiento-.-.pdf\" data-type=\"link\" data-id=\"https:\/\/www.celec.gob.ec\/transelectric\/wp-content\/uploads\/2025\/11\/Convocatoria-Especialista-de-Construcciones-de-Montaje-Electromecanico-Equipamiento-.-.pdf\">Para ver el requerimiento\u00a0hacer clic aqu\u00ed<\/a><\/strong><\/p>\n","protected":false},"excerpt":{"rendered":"<p>En cumplimiento a la\u00a0\u00abCodificaci\u00f3n del Reglamento para el Reclutamiento, Preselecci\u00f3n, Selecci\u00f3n, Vinculaci\u00f3n, e Inducci\u00f3n del Talento Humano de la Empresa P\u00fablica Estrat\u00e9gica Corporaci\u00f3n El\u00e9ctrica del Ecuador CELEC EP.\u00bb, y la Resoluci\u00f3n Nro. CEL-RES-0320-24, se pone en consideraci\u00f3n el inicio de la fase de reclutamiento del PROCESO DE SELECCI\u00d3N SIMPLE, para cubrir el cargo detallado en [&hellip;]<\/p>\n","protected":false},"author":3,"featured_media":0,"parent":0,"menu_order":0,"comment_status":"closed","ping_status":"closed","template":"","meta":{"_acf_changed":false,"inline_featured_image":false,"_themeisle_gutenberg_block_has_review":false,"footnotes":""},"categories":[],"tags":[],"class_list":["post-11288","page","type-page","status-publish","hentry"],"acf":[],"_links":{"self":[{"href":"https:\/\/www.celec.gob.ec\/transelectric\/wp-json\/wp\/v2\/pages\/11288","targetHints":{"allow":["GET"]}}],"collection":[{"href":"https:\/\/www.celec.gob.ec\/transelectric\/wp-json\/wp\/v2\/pages"}],"about":[{"href":"https:\/\/www.celec.gob.ec\/transelectric\/wp-json\/wp\/v2\/types\/page"}],"author":[{"embeddable":true,"href":"https:\/\/www.celec.gob.ec\/transelectric\/wp-json\/wp\/v2\/users\/3"}],"replies":[{"embeddable":true,"href":"https:\/\/www.celec.gob.ec\/transelectric\/wp-json\/wp\/v2\/comments?post=11288"}],"version-history":[{"count":2,"href":"https:\/\/www.celec.gob.ec\/transelectric\/wp-json\/wp\/v2\/pages\/11288\/revisions"}],"predecessor-version":[{"id":11292,"href":"https:\/\/www.celec.gob.ec\/transelectric\/wp-json\/wp\/v2\/pages\/11288\/revisions\/11292"}],"wp:attachment":[{"href":"https:\/\/www.celec.gob.ec\/transelectric\/wp-json\/wp\/v2\/media?parent=11288"}],"wp:term":[{"taxonomy":"category","embeddable":true,"href":"https:\/\/www.celec.gob.ec\/transelectric\/wp-json\/wp\/v2\/categories?post=11288"},{"taxonomy":"post_tag","embeddable":true,"href":"https:\/\/www.celec.gob.ec\/transelectric\/wp-json\/wp\/v2\/tags?post=11288"}],"curies":[{"name":"wp","href":"https:\/\/api.w.org\/{rel}","templated":true}]}}