{"id":11325,"date":"2025-12-04T16:18:36","date_gmt":"2025-12-04T21:18:36","guid":{"rendered":"https:\/\/www.celec.gob.ec\/transelectric\/?page_id=11325"},"modified":"2025-12-04T16:18:36","modified_gmt":"2025-12-04T21:18:36","slug":"mantenimiento-programado-en-la-subestacion-duran","status":"publish","type":"page","link":"https:\/\/www.celec.gob.ec\/transelectric\/mantenimiento-programado-en-la-subestacion-duran\/","title":{"rendered":"Mantenimiento programado en la subestaci\u00f3n Dur\u00e1n"},"content":{"rendered":"\n<p>Este domingo,<strong> 07 de diciembre de 2025<\/strong>, la Corporaci\u00f3n El\u00e9ctrica del Ecuador (CELEC EP), a trav\u00e9s de la Unidad de Negocio Transelectric, realizar\u00e1 trabajos de mantenimiento programado en la subestaci\u00f3n Dur\u00e1n, ubicada en la provincia de Guayas.<\/p>\n\n\n\n<p>El objetivo es mejorar la calidad del servicio el\u00e9ctrico y garantizar la continuidad del suministro en la zona de influencia. Los trabajos son preventivos y consisten en el lavado de equipamiento por alta contaminaci\u00f3n como: polvo, excremento de aves, vegetaci\u00f3n y moho.<\/p>\n\n\n\n<p>La ejecuci\u00f3n de estas actividades requerir\u00e1 una restricci\u00f3n del servicio el\u00e9ctrico entre las <strong>06:00 y 09:00<\/strong>, en los siguientes sectores:<\/p>\n\n\n\n<p>\u2022\u2002\u2002\u2002\u2002<strong>\u2002Guayas: Cant\u00f3n Dur\u00e1n y la cabecera cantonal de Samborond\u00f3n.<\/strong><\/p>\n\n\n\n<p>La CELEC EP agradece la comprensi\u00f3n ante los posibles inconvenientes.<\/p>\n","protected":false},"excerpt":{"rendered":"<p>Este domingo, 07 de diciembre de 2025, la Corporaci\u00f3n El\u00e9ctrica del Ecuador (CELEC EP), a trav\u00e9s de la Unidad de Negocio Transelectric, realizar\u00e1 trabajos de mantenimiento programado en la subestaci\u00f3n Dur\u00e1n, ubicada en la provincia de Guayas. El objetivo es mejorar la calidad del servicio el\u00e9ctrico y garantizar la continuidad del suministro en la zona [&hellip;]<\/p>\n","protected":false},"author":3,"featured_media":0,"parent":0,"menu_order":0,"comment_status":"closed","ping_status":"closed","template":"","meta":{"_acf_changed":false,"inline_featured_image":false,"_themeisle_gutenberg_block_has_review":false,"footnotes":""},"categories":[],"tags":[],"class_list":["post-11325","page","type-page","status-publish","hentry"],"acf":[],"_links":{"self":[{"href":"https:\/\/www.celec.gob.ec\/transelectric\/wp-json\/wp\/v2\/pages\/11325","targetHints":{"allow":["GET"]}}],"collection":[{"href":"https:\/\/www.celec.gob.ec\/transelectric\/wp-json\/wp\/v2\/pages"}],"about":[{"href":"https:\/\/www.celec.gob.ec\/transelectric\/wp-json\/wp\/v2\/types\/page"}],"author":[{"embeddable":true,"href":"https:\/\/www.celec.gob.ec\/transelectric\/wp-json\/wp\/v2\/users\/3"}],"replies":[{"embeddable":true,"href":"https:\/\/www.celec.gob.ec\/transelectric\/wp-json\/wp\/v2\/comments?post=11325"}],"version-history":[{"count":1,"href":"https:\/\/www.celec.gob.ec\/transelectric\/wp-json\/wp\/v2\/pages\/11325\/revisions"}],"predecessor-version":[{"id":11327,"href":"https:\/\/www.celec.gob.ec\/transelectric\/wp-json\/wp\/v2\/pages\/11325\/revisions\/11327"}],"wp:attachment":[{"href":"https:\/\/www.celec.gob.ec\/transelectric\/wp-json\/wp\/v2\/media?parent=11325"}],"wp:term":[{"taxonomy":"category","embeddable":true,"href":"https:\/\/www.celec.gob.ec\/transelectric\/wp-json\/wp\/v2\/categories?post=11325"},{"taxonomy":"post_tag","embeddable":true,"href":"https:\/\/www.celec.gob.ec\/transelectric\/wp-json\/wp\/v2\/tags?post=11325"}],"curies":[{"name":"wp","href":"https:\/\/api.w.org\/{rel}","templated":true}]}}