{"id":11347,"date":"2025-12-10T15:30:25","date_gmt":"2025-12-10T20:30:25","guid":{"rendered":"https:\/\/www.celec.gob.ec\/transelectric\/?page_id=11347"},"modified":"2026-04-20T16:46:03","modified_gmt":"2026-04-20T21:46:03","slug":"lpi-nro-bid7-trans-001-2025-construccion-de-obras-civiles-provision-de-materiales-equipamiento-montaje-electromecanico-pruebas-y-puesta-en-servicio-del-sistema-de-interconexion-electrica-ecuador","status":"publish","type":"page","link":"https:\/\/www.celec.gob.ec\/transelectric\/lpi-nro-bid7-trans-001-2025-construccion-de-obras-civiles-provision-de-materiales-equipamiento-montaje-electromecanico-pruebas-y-puesta-en-servicio-del-sistema-de-interconexion-electrica-ecuador\/","title":{"rendered":"LPI Nro. BID7-TRANS-001-2025 CONSTRUCCI\u00d3N DE OBRAS CIVILES, PROVISI\u00d3N DE MATERIALES, EQUIPAMIENTO, MONTAJE ELECTROMEC\u00c1NICO, PRUEBAS Y PUESTA EN SERVICIO DEL SISTEMA DE INTERCONEXI\u00d3N EL\u00c9CTRICA ECUADOR \u2013 PER\u00da A 500 kV"},"content":{"rendered":"\n<p><a href=\"https:\/\/www.celec.gob.ec\/transelectric\/wp-content\/uploads\/2025\/12\/Aviso-Especifico-de-Adquisiciones.pdf\" data-type=\"link\" data-id=\"https:\/\/www.celec.gob.ec\/transelectric\/wp-content\/uploads\/2025\/12\/Aviso-Especifico-de-Adquisiciones.pdf\">Llamado a Licitaci\u00f3n<\/a><\/p>\n\n\n\n<p><a href=\"https:\/\/celecloud.celec.gob.ec\/s\/m79Pj4s9TL2jSHE\" data-type=\"link\" data-id=\"https:\/\/celecloud.celec.gob.ec\/s\/m79Pj4s9TL2jSHE\">Documentos de Licitaci\u00f3n (<strong>Los interesados deben solicitar su registro al correo: licitacionesbid5653@celec.gob.ec)<\/strong><\/a><\/p>\n\n\n\n<p><a href=\"https:\/\/www.celec.gob.ec\/transelectric\/wp-content\/uploads\/2026\/01\/BOLETIN-DE-ACLARACIONES-No.-1-rv-signed-signed-signed-signed-signed.pdf\" data-type=\"link\" data-id=\"https:\/\/www.celec.gob.ec\/transelectric\/wp-content\/uploads\/2026\/01\/BOLETIN-DE-ACLARACIONES-No.-1-rv-signed-signed-signed-signed-signed.pdf\">Bolet\u00edn de Aclaraciones Nro. 1<\/a><\/p>\n\n\n\n<p><a href=\"https:\/\/www.celec.gob.ec\/transelectric\/wp-content\/uploads\/2026\/01\/Acta-reunion-informativa-LPI-BID7-TRANS-001-2025-signed-signed-signed-signed-signed.pdf\" data-type=\"link\" data-id=\"https:\/\/www.celec.gob.ec\/transelectric\/wp-content\/uploads\/2026\/01\/Acta-reunion-informativa-LPI-BID7-TRANS-001-2025-signed-signed-signed-signed-signed.pdf\">Acta de reuni\u00f3n previa 14-01-2026<\/a><\/p>\n\n\n\n<p><a href=\"https:\/\/www.celec.gob.ec\/transelectric\/wp-content\/uploads\/2026\/01\/BOLETIN-DE-ENMIENDAS-No.-1.pdf\">Bolet\u00edn de Enmiendas Nro. 1 (enmiendas a la SDO)<\/a><\/p>\n\n\n\n<p><a href=\"https:\/\/forms.office.com\/pages\/responsepage.aspx?id=YwZGADauo0GhNQj4oGAVsDBpay66GIRLtx-4m5-E_bVUQkxXT0dVTjVOUUxHNDE3UlFEWTVITkRGMS4u&amp;route=shorturl\">Formulario: Expresi\u00f3n de inter\u00e9s Visita al Lugar de las Obras<\/a><\/p>\n\n\n\n<p><a href=\"https:\/\/www.celec.gob.ec\/transelectric\/wp-content\/uploads\/2026\/01\/BOLETIN-DE-ENMIENDAS-No.-2.pdf\" data-type=\"link\" data-id=\"https:\/\/www.celec.gob.ec\/transelectric\/wp-content\/uploads\/2026\/01\/BOLETIN-DE-ENMIENDAS-No.-2.pdf\">Bolet\u00edn de Enmiendas Nro. 2 (enmiendas a la SDO)<\/a><\/p>\n\n\n\n<p><a href=\"https:\/\/www.celec.gob.ec\/transelectric\/wp-content\/uploads\/2026\/01\/2026.01.29-BOLETIN-DE-ACLARACIONES-No.-2-signed-signed-signed-signed-signed.pdf\" data-type=\"link\" data-id=\"https:\/\/www.celec.gob.ec\/transelectric\/wp-content\/uploads\/2026\/01\/2026.01.29-BOLETIN-DE-ACLARACIONES-No.-2-signed-signed-signed-signed-signed.pdf\">Bolet\u00edn de Aclaraciones Nro. 2<\/a><\/p>\n\n\n\n<p><a href=\"https:\/\/www.celec.gob.ec\/transelectric\/wp-content\/uploads\/2026\/02\/BOLETIN-DE-ENMIENDAS-No.-3.pdf\" data-type=\"link\" data-id=\"https:\/\/www.celec.gob.ec\/transelectric\/wp-content\/uploads\/2026\/02\/BOLETIN-DE-ENMIENDAS-No.-3.pdf\">Bolet\u00edn de Enmiendas Nro. 3 (enmiendas a la SDO).<\/a><br><a href=\"https:\/\/www.celec.gob.ec\/transelectric\/wp-content\/uploads\/2026\/02\/BOLETIN-DE-ENMIENDAS-No.-4.pdf\" data-type=\"link\" data-id=\"https:\/\/www.celec.gob.ec\/transelectric\/wp-content\/uploads\/2026\/02\/BOLETIN-DE-ENMIENDAS-No.-4.pdf\">Bolet\u00edn de Enmiendas Nro. 4 (enmiendas a la SDO)<\/a><\/p>\n\n\n\n<p><a href=\"https:\/\/www.celec.gob.ec\/transelectric\/wp-content\/uploads\/2026\/02\/BOLETIN-DE-ACLARACIONES-No.-3-signed-signed-signed-1-signed-signed.pdf\" data-type=\"link\" data-id=\"https:\/\/www.celec.gob.ec\/transelectric\/wp-content\/uploads\/2026\/02\/BOLETIN-DE-ACLARACIONES-No.-3-signed-signed-signed-1-signed-signed.pdf\">Bolet\u00edn de Aclaraciones Nro. 3<\/a><\/p>\n\n\n\n<p><a href=\"https:\/\/www.celec.gob.ec\/transelectric\/wp-content\/uploads\/2026\/03\/BOLETIN-DE-ACLARACIONES-No.-4-v1.0-signed-signed-1-signed-signed-signed.pdf\" data-type=\"link\" data-id=\"https:\/\/www.celec.gob.ec\/transelectric\/wp-content\/uploads\/2026\/03\/BOLETIN-DE-ACLARACIONES-No.-4-v1.0-signed-signed-1-signed-signed-signed.pdf\">Bolet\u00edn de Aclaraciones Nro. 4<\/a><\/p>\n\n\n\n<p><a href=\"https:\/\/www.celec.gob.ec\/transelectric\/wp-content\/uploads\/2026\/03\/BOLETIN-DE-ENMIENDAS-No.-5.pdf\" data-type=\"link\" data-id=\"https:\/\/www.celec.gob.ec\/transelectric\/wp-content\/uploads\/2026\/03\/BOLETIN-DE-ENMIENDAS-No.-5.pdf\">Bolet\u00edn de Enmiendas Nro. 5 (pr\u00f3rroga de plazo y enmiendas a la SDO)<\/a><\/p>\n\n\n\n<p><a href=\"https:\/\/www.celec.gob.ec\/transelectric\/wp-content\/uploads\/2026\/03\/Informe-de-Visitas.pdf\" data-type=\"link\" data-id=\"https:\/\/www.celec.gob.ec\/transelectric\/wp-content\/uploads\/2026\/03\/Informe-de-Visitas.pdf\">Informe de Visitas al Lugar de las Obras<\/a><\/p>\n\n\n\n<p><a href=\"https:\/\/www.celec.gob.ec\/transelectric\/wp-content\/uploads\/2026\/04\/BOLETIN-DE-ENMIENDAS-No.-6_20042026.pdf\" data-type=\"link\" data-id=\"https:\/\/www.celec.gob.ec\/transelectric\/wp-content\/uploads\/2026\/04\/BOLETIN-DE-ENMIENDAS-No.-6_20042026.pdf\">Bolet\u00edn de Enmiendas Nro. 6\u00a0(pr\u00f3rroga de plazo y enmiendas a la SDO)<\/a><\/p>\n","protected":false},"excerpt":{"rendered":"<p>Llamado a Licitaci\u00f3n Documentos de Licitaci\u00f3n (Los interesados deben solicitar su registro al correo: licitacionesbid5653@celec.gob.ec) Bolet\u00edn de Aclaraciones Nro. 1 Acta de reuni\u00f3n previa 14-01-2026 Bolet\u00edn de Enmiendas Nro. 1 (enmiendas a la SDO) Formulario: Expresi\u00f3n de inter\u00e9s Visita al Lugar de las Obras Bolet\u00edn de Enmiendas Nro. 2 (enmiendas a la SDO) Bolet\u00edn de [&hellip;]<\/p>\n","protected":false},"author":65,"featured_media":0,"parent":0,"menu_order":0,"comment_status":"closed","ping_status":"closed","template":"","meta":{"_acf_changed":false,"inline_featured_image":false,"_themeisle_gutenberg_block_has_review":false,"footnotes":""},"categories":[],"tags":[],"class_list":["post-11347","page","type-page","status-publish","hentry"],"acf":[],"_links":{"self":[{"href":"https:\/\/www.celec.gob.ec\/transelectric\/wp-json\/wp\/v2\/pages\/11347","targetHints":{"allow":["GET"]}}],"collection":[{"href":"https:\/\/www.celec.gob.ec\/transelectric\/wp-json\/wp\/v2\/pages"}],"about":[{"href":"https:\/\/www.celec.gob.ec\/transelectric\/wp-json\/wp\/v2\/types\/page"}],"author":[{"embeddable":true,"href":"https:\/\/www.celec.gob.ec\/transelectric\/wp-json\/wp\/v2\/users\/65"}],"replies":[{"embeddable":true,"href":"https:\/\/www.celec.gob.ec\/transelectric\/wp-json\/wp\/v2\/comments?post=11347"}],"version-history":[{"count":44,"href":"https:\/\/www.celec.gob.ec\/transelectric\/wp-json\/wp\/v2\/pages\/11347\/revisions"}],"predecessor-version":[{"id":12345,"href":"https:\/\/www.celec.gob.ec\/transelectric\/wp-json\/wp\/v2\/pages\/11347\/revisions\/12345"}],"wp:attachment":[{"href":"https:\/\/www.celec.gob.ec\/transelectric\/wp-json\/wp\/v2\/media?parent=11347"}],"wp:term":[{"taxonomy":"category","embeddable":true,"href":"https:\/\/www.celec.gob.ec\/transelectric\/wp-json\/wp\/v2\/categories?post=11347"},{"taxonomy":"post_tag","embeddable":true,"href":"https:\/\/www.celec.gob.ec\/transelectric\/wp-json\/wp\/v2\/tags?post=11347"}],"curies":[{"name":"wp","href":"https:\/\/api.w.org\/{rel}","templated":true}]}}