{"id":11447,"date":"2025-12-24T09:06:17","date_gmt":"2025-12-24T14:06:17","guid":{"rendered":"https:\/\/www.celec.gob.ec\/transelectric\/?page_id=11447"},"modified":"2025-12-24T09:06:18","modified_gmt":"2025-12-24T14:06:18","slug":"mantenimiento-programado-en-la-subestacion-dos-cerritos","status":"publish","type":"page","link":"https:\/\/www.celec.gob.ec\/transelectric\/mantenimiento-programado-en-la-subestacion-dos-cerritos\/","title":{"rendered":"Mantenimiento programado en la subestaci\u00f3n Dos Cerritos"},"content":{"rendered":"\n<p>Este domingo, 21 de diciembre de 2025, la Corporaci\u00f3n El\u00e9ctrica del Ecuador (CELEC EP), a trav\u00e9s de la Unidad de Negocio Transelectric, realizar\u00e1 un mantenimiento programado en la subestaci\u00f3n Dos Cerritos, ubicada en la provincia de Guayas.<\/p>\n\n\n\n<p>El objetivo es mejorar la calidad del servicio el\u00e9ctrico y garantizar la continuidad de su abastecimiento en beneficio de m\u00e1s de 862 mil habitantes de los cantones: Samborond\u00f3n, Dur\u00e1n, Daule, Santa Luc\u00eda, Palestina, Colimes, Balzar y Salitre. Los trabajos consisten en el lavado de equipamiento y limpieza de polvo, excremento de aves, vegetaci\u00f3n y moho.<\/p>\n\n\n\n<p>La ejecuci\u00f3n de estas actividades requerir\u00e1 una restricci\u00f3n del servicio el\u00e9ctrico, entre las<strong> 04:00 y 07:00<\/strong>, en los siguientes sectores:<\/p>\n\n\n\n<ul class=\"wp-block-list\">\n<li><strong>Cant\u00f3n Samborond\u00f3n:<\/strong><\/li>\n<\/ul>\n\n\n\n<p>Urbanizaciones del sector de La Puntilla, v\u00eda Samborond\u00f3n y v\u00eda a Salitre.<\/p>\n\n\n\n<ul class=\"wp-block-list\">\n<li>Norte del cant\u00f3n Dur\u00e1n.<\/li>\n\n\n\n<li>Norte del cant\u00f3n Daule y parroquia Laurel.<\/li>\n\n\n\n<li><strong>Cantones:<\/strong>\u00a0Santa Luc\u00eda, Palestina, Colimes, Balzar y Salitre.<\/li>\n<\/ul>\n\n\n\n<p>La CELEC EP agradece la comprensi\u00f3n ante los posibles inconvenientes.<\/p>\n","protected":false},"excerpt":{"rendered":"<p>Este domingo, 21 de diciembre de 2025, la Corporaci\u00f3n El\u00e9ctrica del Ecuador (CELEC EP), a trav\u00e9s de la Unidad de Negocio Transelectric, realizar\u00e1 un mantenimiento programado en la subestaci\u00f3n Dos Cerritos, ubicada en la provincia de Guayas. El objetivo es mejorar la calidad del servicio el\u00e9ctrico y garantizar la continuidad de su abastecimiento en beneficio [&hellip;]<\/p>\n","protected":false},"author":3,"featured_media":0,"parent":0,"menu_order":0,"comment_status":"closed","ping_status":"closed","template":"","meta":{"_acf_changed":false,"inline_featured_image":false,"_themeisle_gutenberg_block_has_review":false,"footnotes":""},"categories":[],"tags":[],"class_list":["post-11447","page","type-page","status-publish","hentry"],"acf":[],"_links":{"self":[{"href":"https:\/\/www.celec.gob.ec\/transelectric\/wp-json\/wp\/v2\/pages\/11447","targetHints":{"allow":["GET"]}}],"collection":[{"href":"https:\/\/www.celec.gob.ec\/transelectric\/wp-json\/wp\/v2\/pages"}],"about":[{"href":"https:\/\/www.celec.gob.ec\/transelectric\/wp-json\/wp\/v2\/types\/page"}],"author":[{"embeddable":true,"href":"https:\/\/www.celec.gob.ec\/transelectric\/wp-json\/wp\/v2\/users\/3"}],"replies":[{"embeddable":true,"href":"https:\/\/www.celec.gob.ec\/transelectric\/wp-json\/wp\/v2\/comments?post=11447"}],"version-history":[{"count":1,"href":"https:\/\/www.celec.gob.ec\/transelectric\/wp-json\/wp\/v2\/pages\/11447\/revisions"}],"predecessor-version":[{"id":11448,"href":"https:\/\/www.celec.gob.ec\/transelectric\/wp-json\/wp\/v2\/pages\/11447\/revisions\/11448"}],"wp:attachment":[{"href":"https:\/\/www.celec.gob.ec\/transelectric\/wp-json\/wp\/v2\/media?parent=11447"}],"wp:term":[{"taxonomy":"category","embeddable":true,"href":"https:\/\/www.celec.gob.ec\/transelectric\/wp-json\/wp\/v2\/categories?post=11447"},{"taxonomy":"post_tag","embeddable":true,"href":"https:\/\/www.celec.gob.ec\/transelectric\/wp-json\/wp\/v2\/tags?post=11447"}],"curies":[{"name":"wp","href":"https:\/\/api.w.org\/{rel}","templated":true}]}}