{"id":11457,"date":"2025-12-24T15:40:06","date_gmt":"2025-12-24T20:40:06","guid":{"rendered":"https:\/\/www.celec.gob.ec\/transelectric\/?page_id=11457"},"modified":"2026-02-13T20:59:54","modified_gmt":"2026-02-14T01:59:54","slug":"lc-no-bid7-trans-001-2025-consultoria-para-la-actualizacion-del-levantamiento-de-la-linea-base-y-complementacion-del-plan-de-reasentamiento-y-restitucion-de-activos-del-proyecto-interconexion-el-2","status":"publish","type":"page","link":"https:\/\/www.celec.gob.ec\/transelectric\/lc-no-bid7-trans-001-2025-consultoria-para-la-actualizacion-del-levantamiento-de-la-linea-base-y-complementacion-del-plan-de-reasentamiento-y-restitucion-de-activos-del-proyecto-interconexion-el-2\/","title":{"rendered":"LC No. BID7-TRANS-001-2025\u00a0CONSULTOR\u00cdA PARA LA ACTUALIZACI\u00d3N DEL LEVANTAMIENTO DE LA L\u00cdNEA BASE Y COMPLEMENTACI\u00d3N DEL PLAN DE REASENTAMIENTO Y RESTITUCI\u00d3N DE ACTIVOS DEL PROYECTO INTERCONEXI\u00d3N EL\u00c9CTRICA ECUADOR \u2013 PER\u00da EN 500 KILOVOLTIOS, TRAMO ECUATORIANO"},"content":{"rendered":"\n<ul class=\"wp-block-list\">\n<li><a href=\"https:\/\/www.celec.gob.ec\/transelectric\/wp-content\/uploads\/2025\/03\/1.1.-ANEXO-1A-ARTE-PARA-LA-PUBLICACION-INVITACION-A-PRESENTAR-EXPRESIONES-DE-INTERES-signed.pdf\" data-type=\"link\" data-id=\"https:\/\/www.celec.gob.ec\/transelectric\/wp-content\/uploads\/2025\/03\/1.1.-ANEXO-1A-ARTE-PARA-LA-PUBLICACION-INVITACION-A-PRESENTAR-EXPRESIONES-DE-INTERES-signed.pdf\">Invitaci\u00f3n a Presentar Expresiones de Inter\u00e9s&nbsp;<\/a><\/li>\n\n\n\n<li><a href=\"https:\/\/www.celec.gob.ec\/transelectric\/wp-content\/uploads\/2025\/12\/Compilado-cartas-de-invitacion.pdf\" data-type=\"link\" data-id=\"https:\/\/www.celec.gob.ec\/transelectric\/wp-content\/uploads\/2025\/12\/Compilado-cartas-de-invitacion.pdf\">Cartas de Invitaci\u00f3n<\/a><\/li>\n\n\n\n<li><a href=\"https:\/\/www.celec.gob.ec\/transelectric\/wp-content\/uploads\/2026\/01\/BOLETIN-DE-ACLARACIONES-NO.-1.pdf\" data-type=\"link\" data-id=\"https:\/\/www.celec.gob.ec\/transelectric\/wp-content\/uploads\/2026\/01\/BOLETIN-DE-ACLARACIONES-NO.-1.pdf\">Bolet\u00edn de Aclaraciones 1<\/a><\/li>\n\n\n\n<li><a href=\"https:\/\/www.celec.gob.ec\/transelectric\/wp-content\/uploads\/2026\/01\/20260108-Acta-de-reunion-previa.pdf\" data-type=\"link\" data-id=\"https:\/\/www.celec.gob.ec\/transelectric\/wp-content\/uploads\/2026\/01\/20260108-Acta-de-reunion-previa.pdf\">Acta de Reuni\u00f3n Previa 08-01-2026<\/a><\/li>\n\n\n\n<li><a href=\"https:\/\/www.celec.gob.ec\/transelectric\/wp-content\/uploads\/2026\/01\/P00004-Amendments-to-Request-for-Proposals-1.pdf\" data-type=\"link\" data-id=\"https:\/\/www.celec.gob.ec\/transelectric\/wp-content\/uploads\/2026\/01\/P00004-Amendments-to-Request-for-Proposals-1.pdf\">Bolet\u00edn de Enmiendas Nro. 1 (enmiendas a la SDP)<\/a><\/li>\n\n\n\n<li><a href=\"https:\/\/www.celec.gob.ec\/transelectric\/wp-content\/uploads\/2026\/01\/BOLETIN_DE_ACLARACIONES_28ene26_2_signed-signed-signed-signed.pdf\" data-type=\"link\" data-id=\"https:\/\/www.celec.gob.ec\/transelectric\/wp-content\/uploads\/2026\/01\/BOLETIN_DE_ACLARACIONES_28ene26_2_signed-signed-signed-signed.pdf\">Bolet\u00edn de Aclaraciones Nro. 2<\/a><\/li>\n\n\n\n<li><a href=\"https:\/\/www.celec.gob.ec\/transelectric\/wp-content\/uploads\/2026\/02\/BOLETIN_DE_ACLARACIONES_2feb26signed_signed-signed-signed-signed.pdf\" data-type=\"link\" data-id=\"https:\/\/www.celec.gob.ec\/transelectric\/wp-content\/uploads\/2026\/02\/BOLETIN_DE_ACLARACIONES_2feb26signed_signed-signed-signed-signed.pdf\">Bolet\u00edn de Aclaraciones Nro. 3<\/a><\/li>\n\n\n\n<li><a href=\"https:\/\/www.celec.gob.ec\/transelectric\/wp-content\/uploads\/2026\/02\/20260213-Acta-de-apertura-de-ofertas-aprobada-signed-signed-signed-signed-signed.pdf\" data-type=\"link\" data-id=\"https:\/\/www.celec.gob.ec\/transelectric\/wp-content\/uploads\/2026\/02\/20260213-Acta-de-apertura-de-ofertas-aprobada-signed-signed-signed-signed-signed.pdf\">Acta de apertura de propuestas t\u00e9cnicas<\/a><\/li>\n<\/ul>\n\n\n\n<p><\/p>\n","protected":false},"excerpt":{"rendered":"","protected":false},"author":3,"featured_media":0,"parent":0,"menu_order":0,"comment_status":"closed","ping_status":"closed","template":"","meta":{"_acf_changed":false,"inline_featured_image":false,"_themeisle_gutenberg_block_has_review":false,"footnotes":""},"categories":[],"tags":[],"class_list":["post-11457","page","type-page","status-publish","hentry"],"acf":[],"_links":{"self":[{"href":"https:\/\/www.celec.gob.ec\/transelectric\/wp-json\/wp\/v2\/pages\/11457","targetHints":{"allow":["GET"]}}],"collection":[{"href":"https:\/\/www.celec.gob.ec\/transelectric\/wp-json\/wp\/v2\/pages"}],"about":[{"href":"https:\/\/www.celec.gob.ec\/transelectric\/wp-json\/wp\/v2\/types\/page"}],"author":[{"embeddable":true,"href":"https:\/\/www.celec.gob.ec\/transelectric\/wp-json\/wp\/v2\/users\/3"}],"replies":[{"embeddable":true,"href":"https:\/\/www.celec.gob.ec\/transelectric\/wp-json\/wp\/v2\/comments?post=11457"}],"version-history":[{"count":9,"href":"https:\/\/www.celec.gob.ec\/transelectric\/wp-json\/wp\/v2\/pages\/11457\/revisions"}],"predecessor-version":[{"id":12097,"href":"https:\/\/www.celec.gob.ec\/transelectric\/wp-json\/wp\/v2\/pages\/11457\/revisions\/12097"}],"wp:attachment":[{"href":"https:\/\/www.celec.gob.ec\/transelectric\/wp-json\/wp\/v2\/media?parent=11457"}],"wp:term":[{"taxonomy":"category","embeddable":true,"href":"https:\/\/www.celec.gob.ec\/transelectric\/wp-json\/wp\/v2\/categories?post=11457"},{"taxonomy":"post_tag","embeddable":true,"href":"https:\/\/www.celec.gob.ec\/transelectric\/wp-json\/wp\/v2\/tags?post=11457"}],"curies":[{"name":"wp","href":"https:\/\/api.w.org\/{rel}","templated":true}]}}