{"id":11672,"date":"2026-01-08T16:28:39","date_gmt":"2026-01-08T21:28:39","guid":{"rendered":"https:\/\/www.celec.gob.ec\/transelectric\/?page_id=11672"},"modified":"2026-01-12T11:38:44","modified_gmt":"2026-01-12T16:38:44","slug":"auditorias-ambientales-parte-3","status":"publish","type":"page","link":"https:\/\/www.celec.gob.ec\/transelectric\/auditorias-ambientales-parte-3\/","title":{"rendered":"Auditor\u00edas Ambientales \u2013 Parte 3"},"content":{"rendered":"\n<h2 class=\"wp-block-heading\"><strong>L\u00ednea de Transmisi\u00f3n Pasto \u2013 Quito II<\/strong><\/h2>\n\n\n\n<p>Cap\u00edtulo 1 &#8211; Ficha T\u00e9cnica<\/p>\n\n\n\n<figure class=\"wp-block-image\"><a href=\"https:\/\/www.celec.gob.ec\/transelectric\/images\/stories\/baners_home\/AA\/cap1_lt_pasto_quito_II.pdf\" target=\"_blank\" rel=\"noreferrer noopener\"><img decoding=\"async\" src=\"https:\/\/www.celec.gob.ec\/transelectric\/images\/stories\/jpg_contenidos\/PDF.png\" alt=\"PDF\"\/><\/a><\/figure>\n\n\n\n<p>Cap\u00edtulo 2 &#8211; Registro de Profesionales<\/p>\n\n\n\n<figure class=\"wp-block-image\"><a href=\"https:\/\/www.celec.gob.ec\/transelectric\/images\/stories\/baners_home\/AA\/cap2_lt_pasto_quito_II.pdf\" target=\"_blank\" rel=\"noreferrer noopener\"><img decoding=\"async\" src=\"https:\/\/www.celec.gob.ec\/transelectric\/images\/stories\/jpg_contenidos\/PDF.png\" alt=\"PDF\"\/><\/a><\/figure>\n\n\n\n<p>Cap\u00edtulo 3 &#8211; Introducci\u00f3n<\/p>\n\n\n\n<figure class=\"wp-block-image\"><a href=\"https:\/\/www.celec.gob.ec\/transelectric\/images\/stories\/baners_home\/AA\/cap3_lt_pasto_quito_II.pdf\" target=\"_blank\" rel=\"noreferrer noopener\"><img decoding=\"async\" src=\"https:\/\/www.celec.gob.ec\/transelectric\/images\/stories\/jpg_contenidos\/PDF.png\" alt=\"PDF\"\/><\/a><\/figure>\n\n\n\n<p>Cap\u00edtulo 4 &#8211; Objetivos<\/p>\n\n\n\n<figure class=\"wp-block-image\"><a href=\"https:\/\/www.celec.gob.ec\/transelectric\/images\/stories\/baners_home\/AA\/cap4_lt_pasto_quito_II.pdf\" target=\"_blank\" rel=\"noreferrer noopener\"><img decoding=\"async\" src=\"https:\/\/www.celec.gob.ec\/transelectric\/images\/stories\/jpg_contenidos\/PDF.png\" alt=\"PDF\"\/><\/a><\/figure>\n\n\n\n<p>Cap\u00edtulo 5 &#8211; Descripci\u00f3n Detallada de Actividades<\/p>\n\n\n\n<figure class=\"wp-block-image\"><a href=\"https:\/\/www.celec.gob.ec\/transelectric\/images\/stories\/baners_home\/AA\/cap5_lt_pasto_quito_II.pdf\" target=\"_blank\" rel=\"noreferrer noopener\"><img decoding=\"async\" src=\"https:\/\/www.celec.gob.ec\/transelectric\/images\/stories\/jpg_contenidos\/PDF.png\" alt=\"PDF\"\/><\/a><\/figure>\n\n\n\n<p>Cap\u00edtulo 6 &#8211; Marco Legal<\/p>\n\n\n\n<figure class=\"wp-block-image\"><a href=\"https:\/\/www.celec.gob.ec\/transelectric\/images\/stories\/baners_home\/AA\/cap6_lt_pasto_quito_II.pdf\" target=\"_blank\" rel=\"noreferrer noopener\"><img decoding=\"async\" src=\"https:\/\/www.celec.gob.ec\/transelectric\/images\/stories\/jpg_contenidos\/PDF.png\" alt=\"PDF\"\/><\/a><\/figure>\n\n\n\n<p>Cap\u00edtulo 7 &#8211; Alcance de Auditor\u00eda<\/p>\n\n\n\n<figure class=\"wp-block-image\"><a href=\"https:\/\/www.celec.gob.ec\/transelectric\/images\/stories\/baners_home\/AA\/cap7_lt_pasto_quito_II.pdf\" target=\"_blank\" rel=\"noreferrer noopener\"><img decoding=\"async\" src=\"https:\/\/www.celec.gob.ec\/transelectric\/images\/stories\/jpg_contenidos\/PDF.png\" alt=\"PDF\"\/><\/a><\/figure>\n\n\n\n<p>Cap\u00edtulo 8 &#8211; Programaci\u00f3n de la Auditor\u00eda<\/p>\n\n\n\n<figure class=\"wp-block-image\"><a href=\"https:\/\/www.celec.gob.ec\/transelectric\/images\/stories\/baners_home\/AA\/cap8_lt_pasto_quito_II.pdf\" target=\"_blank\" rel=\"noreferrer noopener\"><img decoding=\"async\" src=\"https:\/\/www.celec.gob.ec\/transelectric\/images\/stories\/jpg_contenidos\/PDF.png\" alt=\"PDF\"\/><\/a><\/figure>\n\n\n\n<p>Cap\u00edtulo 9 &#8211; Metodolog\u00eda<\/p>\n\n\n\n<figure class=\"wp-block-image\"><a href=\"https:\/\/www.celec.gob.ec\/transelectric\/images\/stories\/baners_home\/AA\/cap9_lt_pasto_quito_II.pdf\" target=\"_blank\" rel=\"noreferrer noopener\"><img decoding=\"async\" src=\"https:\/\/www.celec.gob.ec\/transelectric\/images\/stories\/jpg_contenidos\/PDF.png\" alt=\"PDF\"\/><\/a><\/figure>\n\n\n\n<p>Cap\u00edtulo 10 &#8211; Evaluaci\u00f3n de los Principales Elementos&nbsp;Identificados<\/p>\n\n\n\n<figure class=\"wp-block-image\"><a href=\"https:\/\/www.celec.gob.ec\/transelectric\/images\/stories\/baners_home\/AA\/cap10_lt_pasto_quito_II.pdf\" target=\"_blank\" rel=\"noreferrer noopener\"><img decoding=\"async\" src=\"https:\/\/www.celec.gob.ec\/transelectric\/images\/stories\/jpg_contenidos\/PDF.png\" alt=\"PDF\"\/><\/a><\/figure>\n\n\n\n<p>Cap\u00edtulo 11 &#8211; An\u00e1lisis de Conformidades y No Conformidades<\/p>\n\n\n\n<figure class=\"wp-block-image\"><a href=\"https:\/\/www.celec.gob.ec\/transelectric\/images\/stories\/baners_home\/AA\/cap11_lt_pasto_quito_II.pdf\" target=\"_blank\" rel=\"noreferrer noopener\"><img decoding=\"async\" src=\"https:\/\/www.celec.gob.ec\/transelectric\/images\/stories\/jpg_contenidos\/PDF.png\" alt=\"PDF\"\/><\/a><\/figure>\n\n\n\n<p>Cap\u00edtulo 12 &#8211; Plan de Acci\u00f3n<\/p>\n\n\n\n<figure class=\"wp-block-image\"><a href=\"https:\/\/www.celec.gob.ec\/transelectric\/images\/stories\/baners_home\/AA\/cap12_lt_pasto_quito_II.pdf\" target=\"_blank\" rel=\"noreferrer noopener\"><img decoding=\"async\" src=\"https:\/\/www.celec.gob.ec\/transelectric\/images\/stories\/jpg_contenidos\/PDF.png\" alt=\"PDF\"\/><\/a><\/figure>\n\n\n\n<p>Cap\u00edtulo 13 &#8211; Conclusiones y Recomendaciones<\/p>\n\n\n\n<figure class=\"wp-block-image\"><a href=\"https:\/\/www.celec.gob.ec\/transelectric\/images\/stories\/baners_home\/AA\/cap13_lt_pasto_quito_II.pdf\" target=\"_blank\" rel=\"noreferrer noopener\"><img decoding=\"async\" src=\"https:\/\/www.celec.gob.ec\/transelectric\/images\/stories\/jpg_contenidos\/PDF.png\" alt=\"PDF\"\/><\/a><\/figure>\n\n\n\n<h2 class=\"wp-block-heading\"><strong>L\u00ednea de Transmisi\u00f3n Quevedo \u2013 Portoviejo<\/strong><\/h2>\n\n\n\n<p>Resumen Ejecutivo<\/p>\n\n\n\n<figure class=\"wp-block-image\"><a href=\"https:\/\/www.celec.gob.ec\/transelectric\/images\/stories\/baners_home\/AA\/resumen_ejecutivo_lt_quevedo_portoviejo.pdf\" target=\"_blank\" rel=\"noreferrer noopener\"><img decoding=\"async\" src=\"https:\/\/www.celec.gob.ec\/transelectric\/images\/stories\/jpg_contenidos\/PDF.png\" alt=\"PDF\"\/><\/a><\/figure>\n\n\n\n<p>Cap\u00edtulo 1 &#8211; Ficha Ambiental<\/p>\n\n\n\n<figure class=\"wp-block-image\"><a href=\"https:\/\/www.celec.gob.ec\/transelectric\/images\/stories\/baners_home\/AA\/cap1_lt_quevedo_portoviejo.pdf\" target=\"_blank\" rel=\"noreferrer noopener\"><img decoding=\"async\" src=\"https:\/\/www.celec.gob.ec\/transelectric\/images\/stories\/jpg_contenidos\/PDF.png\" alt=\"PDF\"\/><\/a><\/figure>\n\n\n\n<p>Cap\u00edtulo 2 &#8211; Introducci\u00f3n<\/p>\n\n\n\n<figure class=\"wp-block-image\"><a href=\"https:\/\/www.celec.gob.ec\/transelectric\/images\/stories\/baners_home\/AA\/cap2_lt_quevedo_portoviejo.pdf\" target=\"_blank\" rel=\"noreferrer noopener\"><img decoding=\"async\" src=\"https:\/\/www.celec.gob.ec\/transelectric\/images\/stories\/jpg_contenidos\/PDF.png\" alt=\"PDF\"\/><\/a><\/figure>\n\n\n\n<p>Cap\u00edtulo 3 &#8211; Objetivos y Alcance<\/p>\n\n\n\n<figure class=\"wp-block-image\"><a href=\"https:\/\/www.celec.gob.ec\/transelectric\/images\/stories\/baners_home\/AA\/cap3_lt_quevedo_portoviejo.pdf\" target=\"_blank\" rel=\"noreferrer noopener\"><img decoding=\"async\" src=\"https:\/\/www.celec.gob.ec\/transelectric\/images\/stories\/jpg_contenidos\/PDF.png\" alt=\"PDF\"\/><\/a><\/figure>\n\n\n\n<p>Cap\u00edtulo 4 &#8211; Citas Legales<\/p>\n\n\n\n<figure class=\"wp-block-image\"><a href=\"https:\/\/www.celec.gob.ec\/transelectric\/images\/stories\/baners_home\/AA\/cap4_lt_quevedo_portoviejo.pdf\" target=\"_blank\" rel=\"noreferrer noopener\"><img decoding=\"async\" src=\"https:\/\/www.celec.gob.ec\/transelectric\/images\/stories\/jpg_contenidos\/PDF.png\" alt=\"PDF\"\/><\/a><\/figure>\n\n\n\n<p>Cap\u00edtulo 5 &#8211; Metodolog\u00eda<\/p>\n\n\n\n<figure class=\"wp-block-image\"><a href=\"https:\/\/www.celec.gob.ec\/transelectric\/images\/stories\/baners_home\/AA\/cap5_lt_quevedo_portoviejo.pdf\" target=\"_blank\" rel=\"noreferrer noopener\"><img decoding=\"async\" src=\"https:\/\/www.celec.gob.ec\/transelectric\/images\/stories\/jpg_contenidos\/PDF.png\" alt=\"PDF\"\/><\/a><\/figure>\n\n\n\n<p>Cap\u00edtulo 6 &#8211; \u00c1rea de Influencia<\/p>\n\n\n\n<figure class=\"wp-block-image\"><a href=\"https:\/\/www.celec.gob.ec\/transelectric\/images\/stories\/baners_home\/AA\/cap6_lt_quevedo_portoviejo.pdf\" target=\"_blank\" rel=\"noreferrer noopener\"><img decoding=\"async\" src=\"https:\/\/www.celec.gob.ec\/transelectric\/images\/stories\/jpg_contenidos\/PDF.png\" alt=\"PDF\"\/><\/a><\/figure>\n\n\n\n<p>Cap\u00edtulo 7 &#8211; Actualizaci\u00f3n de la Descripci\u00f3n General de Entorno<\/p>\n\n\n\n<figure class=\"wp-block-image\"><a href=\"https:\/\/www.celec.gob.ec\/transelectric\/images\/stories\/baners_home\/AA\/cap7_lt_quevedo_portoviejo.pdf\" target=\"_blank\" rel=\"noreferrer noopener\"><img decoding=\"async\" src=\"https:\/\/www.celec.gob.ec\/transelectric\/images\/stories\/jpg_contenidos\/PDF.png\" alt=\"PDF\"\/><\/a><\/figure>\n\n\n\n<p>Cap\u00edtulo&nbsp;8 &#8211; Descripci\u00f3n, Instalaciones y Actividades<\/p>\n\n\n\n<figure class=\"wp-block-image\"><a href=\"https:\/\/www.celec.gob.ec\/transelectric\/images\/stories\/baners_home\/AA\/cap8_lt_quevedo_portoviejo.pdf\" target=\"_blank\" rel=\"noreferrer noopener\"><img decoding=\"async\" src=\"https:\/\/www.celec.gob.ec\/transelectric\/images\/stories\/jpg_contenidos\/PDF.png\" alt=\"PDF\"\/><\/a><\/figure>\n\n\n\n<p>Cap\u00edtulo 9 &#8211; Evaluaci\u00f3n de Impactos Ambientales<\/p>\n\n\n\n<figure class=\"wp-block-image\"><a href=\"https:\/\/www.celec.gob.ec\/transelectric\/images\/stories\/baners_home\/AA\/cap9_lt_quevedo_portoviejo.rar\" target=\"_blank\" rel=\"noreferrer noopener\"><img decoding=\"async\" src=\"https:\/\/www.celec.gob.ec\/transelectric\/images\/stories\/jpg_contenidos\/PDF.png\" alt=\"PDF\"\/><\/a><\/figure>\n\n\n\n<p>Cap\u00edtulo 10 &#8211; Plan de Manejo Ambiental<\/p>\n\n\n\n<figure class=\"wp-block-image\"><a href=\"https:\/\/www.celec.gob.ec\/transelectric\/images\/stories\/baners_home\/AA\/cap10_lt_quevedo_portoviejo.pdf\" target=\"_blank\" rel=\"noreferrer noopener\"><img decoding=\"async\" src=\"https:\/\/www.celec.gob.ec\/transelectric\/images\/stories\/jpg_contenidos\/PDF.png\" alt=\"PDF\"\/><\/a><\/figure>\n\n\n\n<p>Cap\u00edtulo 11 &#8211; Bibliograf\u00eda<\/p>\n\n\n\n<figure class=\"wp-block-image\"><a href=\"https:\/\/www.celec.gob.ec\/transelectric\/images\/stories\/baners_home\/AA\/cap11_lt_quevedo_portoviejo.pdf\" target=\"_blank\" rel=\"noreferrer noopener\"><img decoding=\"async\" src=\"https:\/\/www.celec.gob.ec\/transelectric\/images\/stories\/jpg_contenidos\/PDF.png\" alt=\"PDF\"\/><\/a><\/figure>\n","protected":false},"excerpt":{"rendered":"<p>L\u00ednea de Transmisi\u00f3n Pasto \u2013 Quito II Cap\u00edtulo 1 &#8211; Ficha T\u00e9cnica Cap\u00edtulo 2 &#8211; Registro de Profesionales Cap\u00edtulo 3 &#8211; Introducci\u00f3n Cap\u00edtulo 4 &#8211; Objetivos Cap\u00edtulo 5 &#8211; Descripci\u00f3n Detallada de Actividades Cap\u00edtulo 6 &#8211; Marco Legal Cap\u00edtulo 7 &#8211; Alcance de Auditor\u00eda Cap\u00edtulo 8 &#8211; Programaci\u00f3n de la Auditor\u00eda Cap\u00edtulo 9 &#8211; Metodolog\u00eda [&hellip;]<\/p>\n","protected":false},"author":68,"featured_media":0,"parent":0,"menu_order":0,"comment_status":"closed","ping_status":"closed","template":"","meta":{"_acf_changed":false,"inline_featured_image":false,"_themeisle_gutenberg_block_has_review":false,"footnotes":""},"categories":[],"tags":[],"class_list":["post-11672","page","type-page","status-publish","hentry"],"acf":[],"_links":{"self":[{"href":"https:\/\/www.celec.gob.ec\/transelectric\/wp-json\/wp\/v2\/pages\/11672","targetHints":{"allow":["GET"]}}],"collection":[{"href":"https:\/\/www.celec.gob.ec\/transelectric\/wp-json\/wp\/v2\/pages"}],"about":[{"href":"https:\/\/www.celec.gob.ec\/transelectric\/wp-json\/wp\/v2\/types\/page"}],"author":[{"embeddable":true,"href":"https:\/\/www.celec.gob.ec\/transelectric\/wp-json\/wp\/v2\/users\/68"}],"replies":[{"embeddable":true,"href":"https:\/\/www.celec.gob.ec\/transelectric\/wp-json\/wp\/v2\/comments?post=11672"}],"version-history":[{"count":9,"href":"https:\/\/www.celec.gob.ec\/transelectric\/wp-json\/wp\/v2\/pages\/11672\/revisions"}],"predecessor-version":[{"id":11842,"href":"https:\/\/www.celec.gob.ec\/transelectric\/wp-json\/wp\/v2\/pages\/11672\/revisions\/11842"}],"wp:attachment":[{"href":"https:\/\/www.celec.gob.ec\/transelectric\/wp-json\/wp\/v2\/media?parent=11672"}],"wp:term":[{"taxonomy":"category","embeddable":true,"href":"https:\/\/www.celec.gob.ec\/transelectric\/wp-json\/wp\/v2\/categories?post=11672"},{"taxonomy":"post_tag","embeddable":true,"href":"https:\/\/www.celec.gob.ec\/transelectric\/wp-json\/wp\/v2\/tags?post=11672"}],"curies":[{"name":"wp","href":"https:\/\/api.w.org\/{rel}","templated":true}]}}