{"id":117,"date":"2023-02-20T15:51:04","date_gmt":"2023-02-20T15:51:04","guid":{"rendered":"https:\/\/www.celec.gob.ec\/transelectric\/?page_id=117"},"modified":"2023-08-31T11:32:20","modified_gmt":"2023-08-31T16:32:20","slug":"procesos-realizados","status":"publish","type":"page","link":"https:\/\/www.celec.gob.ec\/transelectric\/procesos-realizados\/","title":{"rendered":"Sistemas y proyectos de CELEC EP TRANSELECTRIC realizados"},"content":{"rendered":"\n<div class=\"wp-block-columns is-layout-flex wp-container-core-columns-is-layout-9d6595d7 wp-block-columns-is-layout-flex\">\n<div class=\"wp-block-column is-layout-flow wp-block-column-is-layout-flow\">\n<p class=\"has-text-align-left\"><a href=\"https:\/\/www.celec.gob.ec\/transelectric\/documentos-del-sistema-de-interconexion-electrica-ecuador-peru-a-500-kv-realizados\/\">Sistema de interconexi\u00f3n el\u00e9ctrica Ecuador &#8211; Per\u00fa a 500 kV<\/a><\/p>\n\n\n\n<p><a href=\"https:\/\/www.celec.gob.ec\/transelectric\/documentos-del-sistema-de-transmision-tanicuchi-a-230-138-69-kv\/\">Sistema de transmisi\u00f3n Tanicuchi a 230\/138\/69 kV<\/a><\/p>\n\n\n\n<p><a href=\"https:\/\/www.celec.gob.ec\/transelectric\/documentos-del-sistema-de-transmision-la-avanzada-a-230-138-kv\/\">Sistema de transmisi\u00f3n La Avanzada a 230\/138 kV<\/a><\/p>\n\n\n\n<p><a href=\"https:\/\/www.celec.gob.ec\/transelectric\/documentos-de-la-linea-de-transmision-santa-rosa-pomasqui-i-en-operacion\/\">L\u00ednea de transmisi\u00f3n Santa Rosa Pomasqui I &#8211; en operaci\u00f3n<\/a><\/p>\n\n\n\n<p><a href=\"https:\/\/www.celec.gob.ec\/transelectric\/documentos-del-sistema-de-transmision-cajas-230-69-kv\/\">Sistema de transmisi\u00f3n Cajas 230\/69 <\/a><\/p>\n\n\n\n<p><\/p>\n<\/div>\n<\/div>\n","protected":false},"excerpt":{"rendered":"<p>Sistema de interconexi\u00f3n el\u00e9ctrica Ecuador &#8211; Per\u00fa a 500 kV Sistema de transmisi\u00f3n Tanicuchi a 230\/138\/69 kV Sistema de transmisi\u00f3n La Avanzada a 230\/138 kV L\u00ednea de transmisi\u00f3n Santa Rosa Pomasqui I &#8211; en operaci\u00f3n Sistema de transmisi\u00f3n Cajas 230\/69<\/p>\n","protected":false},"author":1,"featured_media":0,"parent":0,"menu_order":0,"comment_status":"closed","ping_status":"closed","template":"","meta":{"_acf_changed":false,"inline_featured_image":false,"_themeisle_gutenberg_block_has_review":false,"footnotes":""},"categories":[30],"tags":[],"class_list":["post-117","page","type-page","status-publish","hentry","category-responsabilidad-social"],"acf":[],"_links":{"self":[{"href":"https:\/\/www.celec.gob.ec\/transelectric\/wp-json\/wp\/v2\/pages\/117","targetHints":{"allow":["GET"]}}],"collection":[{"href":"https:\/\/www.celec.gob.ec\/transelectric\/wp-json\/wp\/v2\/pages"}],"about":[{"href":"https:\/\/www.celec.gob.ec\/transelectric\/wp-json\/wp\/v2\/types\/page"}],"author":[{"embeddable":true,"href":"https:\/\/www.celec.gob.ec\/transelectric\/wp-json\/wp\/v2\/users\/1"}],"replies":[{"embeddable":true,"href":"https:\/\/www.celec.gob.ec\/transelectric\/wp-json\/wp\/v2\/comments?post=117"}],"version-history":[{"count":7,"href":"https:\/\/www.celec.gob.ec\/transelectric\/wp-json\/wp\/v2\/pages\/117\/revisions"}],"predecessor-version":[{"id":6538,"href":"https:\/\/www.celec.gob.ec\/transelectric\/wp-json\/wp\/v2\/pages\/117\/revisions\/6538"}],"wp:attachment":[{"href":"https:\/\/www.celec.gob.ec\/transelectric\/wp-json\/wp\/v2\/media?parent=117"}],"wp:term":[{"taxonomy":"category","embeddable":true,"href":"https:\/\/www.celec.gob.ec\/transelectric\/wp-json\/wp\/v2\/categories?post=117"},{"taxonomy":"post_tag","embeddable":true,"href":"https:\/\/www.celec.gob.ec\/transelectric\/wp-json\/wp\/v2\/tags?post=117"}],"curies":[{"name":"wp","href":"https:\/\/api.w.org\/{rel}","templated":true}]}}