{"id":11734,"date":"2026-01-09T10:47:06","date_gmt":"2026-01-09T15:47:06","guid":{"rendered":"https:\/\/www.celec.gob.ec\/transelectric\/?page_id=11734"},"modified":"2026-01-12T11:38:42","modified_gmt":"2026-01-12T16:38:42","slug":"auditorias-ambientales-parte-4","status":"publish","type":"page","link":"https:\/\/www.celec.gob.ec\/transelectric\/auditorias-ambientales-parte-4\/","title":{"rendered":"Auditor\u00edas Ambientales \u2013 Parte 4"},"content":{"rendered":"\n<h2 class=\"wp-block-heading\"><strong>L\u00ednea de Transmisi\u00f3n Trinitaria \u2013 Salitral<\/strong><\/h2>\n\n\n\n<p>Auditor\u00eda Ambiental (parte 1)<\/p>\n\n\n\n<figure class=\"wp-block-image\"><a href=\"https:\/\/www.celec.gob.ec\/transelectric\/images\/stories\/baners_home\/AA\/aa1_lt_trinitaria_salitral.pdf\" target=\"_blank\" rel=\"noreferrer noopener\"><img decoding=\"async\" src=\"https:\/\/www.celec.gob.ec\/transelectric\/images\/stories\/jpg_contenidos\/PDF.png\" alt=\"PDF\"\/><\/a><\/figure>\n\n\n\n<p>Auditor\u00eda Ambiental (parte 2)<\/p>\n\n\n\n<figure class=\"wp-block-image\"><a href=\"https:\/\/www.celec.gob.ec\/transelectric\/images\/stories\/baners_home\/AA\/aa2_lt_trinitaria_salitral.pdf\" target=\"_blank\" rel=\"noreferrer noopener\"><img decoding=\"async\" src=\"https:\/\/www.celec.gob.ec\/transelectric\/images\/stories\/jpg_contenidos\/PDF.png\" alt=\"PDF\"\/><\/a><\/figure>\n\n\n\n<p>Auditor\u00eda Ambiental (parte 3)<\/p>\n\n\n\n<figure class=\"wp-block-image\"><a href=\"https:\/\/www.celec.gob.ec\/transelectric\/images\/stories\/baners_home\/AA\/aa3_lt_trinitaria_salitral.pdf\" target=\"_blank\" rel=\"noreferrer noopener\"><img decoding=\"async\" src=\"https:\/\/www.celec.gob.ec\/transelectric\/images\/stories\/jpg_contenidos\/PDF.png\" alt=\"PDF\"\/><\/a><\/figure>\n\n\n\n<h2 class=\"wp-block-heading\"><strong>L\u00ednea de Transmisi\u00f3n Zhoray \u2013 Cuenca<\/strong><\/h2>\n\n\n\n<p>Auditor\u00eda Ambiental<\/p>\n\n\n\n<figure class=\"wp-block-image\"><a href=\"https:\/\/www.celec.gob.ec\/transelectric\/images\/stories\/baners_home\/AA\/aa_lt_zhoray_cuenca.pdf\" target=\"_blank\" rel=\"noreferrer noopener\"><img decoding=\"async\" src=\"https:\/\/www.celec.gob.ec\/transelectric\/images\/stories\/jpg_contenidos\/PDF.png\" alt=\"PDF\"\/><\/a><\/figure>\n\n\n\n<p>Matriz de Cumplimiento&nbsp;Ambiental L\/T Zhoray &#8211; Cuenca<\/p>\n\n\n\n<figure class=\"wp-block-image\"><a href=\"https:\/\/www.celec.gob.ec\/transelectric\/images\/stories\/baners_home\/AA\/mca_lt_zhoray_cuenca.pdf\" target=\"_blank\" rel=\"noreferrer noopener\"><img decoding=\"async\" src=\"https:\/\/www.celec.gob.ec\/transelectric\/images\/stories\/jpg_contenidos\/PDF.png\" alt=\"PDF\"\/><\/a><\/figure>\n\n\n\n<p>Matriz de Cumplimiento Ambiental S\/E&nbsp;Zhoray<\/p>\n\n\n\n<figure class=\"wp-block-image\"><a href=\"https:\/\/www.celec.gob.ec\/transelectric\/images\/stories\/baners_home\/AA\/mca_se_zhoray.pdf\" target=\"_blank\" rel=\"noreferrer noopener\"><img decoding=\"async\" src=\"https:\/\/www.celec.gob.ec\/transelectric\/images\/stories\/jpg_contenidos\/PDF.png\" alt=\"PDF\"\/><\/a><\/figure>\n\n\n\n<p>Matriz de Cumplimiento Ambiental S\/E Cuenca<\/p>\n\n\n\n<figure class=\"wp-block-image\"><a href=\"https:\/\/www.celec.gob.ec\/transelectric\/images\/stories\/baners_home\/AA\/mca_se_cuenca.pdf\" target=\"_blank\" rel=\"noreferrer noopener\"><img decoding=\"async\" src=\"https:\/\/www.celec.gob.ec\/transelectric\/images\/stories\/jpg_contenidos\/PDF.png\" alt=\"PDF\"\/><\/a><\/figure>\n\n\n\n<h2 class=\"wp-block-heading\"><strong>Subestaciones del SNT<\/strong><\/h2>\n\n\n\n<p>Auditor\u00eda&nbsp;Ambiental Inicial<\/p>\n\n\n\n<figure class=\"wp-block-image\"><a href=\"https:\/\/www.celec.gob.ec\/transelectric\/images\/stories\/baners_home\/AA\/aai_se.pdf\" target=\"_blank\" rel=\"noreferrer noopener\"><img decoding=\"async\" src=\"https:\/\/www.celec.gob.ec\/transelectric\/images\/stories\/jpg_contenidos\/PDF.png\" alt=\"PDF\"\/><\/a><\/figure>\n\n\n\n<p>Matriz de Cumplimiento S\/E Ambato<\/p>\n\n\n\n<figure class=\"wp-block-image\"><a href=\"https:\/\/www.celec.gob.ec\/transelectric\/images\/stories\/baners_home\/AA\/mca_se_ambato.pdf\" target=\"_blank\" rel=\"noreferrer noopener\"><img decoding=\"async\" src=\"https:\/\/www.celec.gob.ec\/transelectric\/images\/stories\/jpg_contenidos\/PDF.png\" alt=\"PDF\"\/><\/a><\/figure>\n\n\n\n<p>Matriz de Cumplimiento S\/E Chone<\/p>\n\n\n\n<figure class=\"wp-block-image\"><a href=\"https:\/\/www.celec.gob.ec\/transelectric\/images\/stories\/baners_home\/AA\/mca_se_chone.pdf\" target=\"_blank\" rel=\"noreferrer noopener\"><img decoding=\"async\" src=\"https:\/\/www.celec.gob.ec\/transelectric\/images\/stories\/jpg_contenidos\/PDF.png\" alt=\"PDF\"\/><\/a><\/figure>\n\n\n\n<p>Matriz de Cumplimiento S\/E Coca<\/p>\n\n\n\n<figure class=\"wp-block-image\"><a href=\"https:\/\/www.celec.gob.ec\/transelectric\/images\/stories\/baners_home\/AA\/mca_se_coca.pdf\" target=\"_blank\" rel=\"noreferrer noopener\"><img decoding=\"async\" src=\"https:\/\/www.celec.gob.ec\/transelectric\/images\/stories\/jpg_contenidos\/PDF.png\" alt=\"PDF\"\/><\/a><\/figure>\n\n\n\n<p>Matriz de Cumplimiento S\/E Dos Cerritos<\/p>\n\n\n\n<figure class=\"wp-block-image\"><a href=\"https:\/\/www.celec.gob.ec\/transelectric\/images\/stories\/baners_home\/AA\/mca_se_dos_cerritos.pdf\" target=\"_blank\" rel=\"noreferrer noopener\"><img decoding=\"async\" src=\"https:\/\/www.celec.gob.ec\/transelectric\/images\/stories\/jpg_contenidos\/PDF.png\" alt=\"PDF\"\/><\/a><\/figure>\n\n\n\n<p>Matriz de Cumplimiento S\/E Esmeraldas<\/p>\n\n\n\n<figure class=\"wp-block-image\"><a href=\"https:\/\/www.celec.gob.ec\/transelectric\/images\/stories\/baners_home\/AA\/mca_se_esmeraldas.pdf\" target=\"_blank\" rel=\"noreferrer noopener\"><img decoding=\"async\" src=\"https:\/\/www.celec.gob.ec\/transelectric\/images\/stories\/jpg_contenidos\/PDF.png\" alt=\"PDF\"\/><\/a><\/figure>\n\n\n\n<p>Matriz de Cumplimiento S\/E Ibarra<\/p>\n\n\n\n<figure class=\"wp-block-image\"><a href=\"https:\/\/www.celec.gob.ec\/transelectric\/images\/stories\/baners_home\/AA\/mca_se_ibarra.pdf\" target=\"_blank\" rel=\"noreferrer noopener\"><img decoding=\"async\" src=\"https:\/\/www.celec.gob.ec\/transelectric\/images\/stories\/jpg_contenidos\/PDF.png\" alt=\"PDF\"\/><\/a><\/figure>\n\n\n\n<p>Matriz de Cumplimiento S\/E Mulal\u00f3<\/p>\n\n\n\n<figure class=\"wp-block-image\"><a href=\"https:\/\/www.celec.gob.ec\/transelectric\/images\/stories\/baners_home\/AA\/mca_se_mulalo.pdf\" target=\"_blank\" rel=\"noreferrer noopener\"><img decoding=\"async\" src=\"https:\/\/www.celec.gob.ec\/transelectric\/images\/stories\/jpg_contenidos\/PDF.png\" alt=\"PDF\"\/><\/a><\/figure>\n\n\n\n<p>Matriz de Cumplimiento S\/E Pascuales<\/p>\n\n\n\n<figure class=\"wp-block-image\"><a href=\"https:\/\/www.celec.gob.ec\/transelectric\/images\/stories\/baners_home\/AA\/mca_se_pascuales.pdf\" target=\"_blank\" rel=\"noreferrer noopener\"><img decoding=\"async\" src=\"https:\/\/www.celec.gob.ec\/transelectric\/images\/stories\/jpg_contenidos\/PDF.png\" alt=\"PDF\"\/><\/a><\/figure>\n\n\n\n<p>Matriz de Cumplimiento S\/E Policentro<\/p>\n\n\n\n<figure class=\"wp-block-image\"><a href=\"https:\/\/www.celec.gob.ec\/transelectric\/images\/stories\/baners_home\/AA\/mca_se_policentro.pdf\" target=\"_blank\" rel=\"noreferrer noopener\"><img decoding=\"async\" src=\"https:\/\/www.celec.gob.ec\/transelectric\/images\/stories\/jpg_contenidos\/PDF.png\" alt=\"PDF\"\/><\/a><\/figure>\n\n\n\n<p>Matriz de Cumplimiento S\/E Portoviejo<\/p>\n\n\n\n<figure class=\"wp-block-image\"><a href=\"https:\/\/www.celec.gob.ec\/transelectric\/images\/stories\/baners_home\/AA\/mca_se_portoviejo.pdf\" target=\"_blank\" rel=\"noreferrer noopener\"><img decoding=\"async\" src=\"https:\/\/www.celec.gob.ec\/transelectric\/images\/stories\/jpg_contenidos\/PDF.png\" alt=\"PDF\"\/><\/a><\/figure>\n\n\n\n<p>Matriz de Cumplimiento S\/E Posorja<\/p>\n\n\n\n<figure class=\"wp-block-image\"><a href=\"https:\/\/www.celec.gob.ec\/transelectric\/images\/stories\/baners_home\/AA\/mca_se_posorja.pdf\" target=\"_blank\" rel=\"noreferrer noopener\"><img decoding=\"async\" src=\"https:\/\/www.celec.gob.ec\/transelectric\/images\/stories\/jpg_contenidos\/PDF.png\" alt=\"PDF\"\/><\/a><\/figure>\n\n\n\n<p>Matriz de Cumplimiento S\/E Pucar\u00e1<\/p>\n\n\n\n<figure class=\"wp-block-image\"><a href=\"https:\/\/www.celec.gob.ec\/transelectric\/images\/stories\/baners_home\/AA\/mca_se_pucara.pdf\" target=\"_blank\" rel=\"noreferrer noopener\"><img decoding=\"async\" src=\"https:\/\/www.celec.gob.ec\/transelectric\/images\/stories\/jpg_contenidos\/PDF.png\" alt=\"PDF\"\/><\/a><\/figure>\n\n\n\n<p>Matriz de Cumplimiento S\/E San Idelfonso<\/p>\n\n\n\n<figure class=\"wp-block-image\"><a href=\"https:\/\/www.celec.gob.ec\/transelectric\/images\/stories\/baners_home\/AA\/mca_se_san_idelfonso.pdf\" target=\"_blank\" rel=\"noreferrer noopener\"><img decoding=\"async\" src=\"https:\/\/www.celec.gob.ec\/transelectric\/images\/stories\/jpg_contenidos\/PDF.png\" alt=\"PDF\"\/><\/a><\/figure>\n\n\n\n<p>Matriz de Cumplimiento S\/E Santa Elena<\/p>\n\n\n\n<figure class=\"wp-block-image\"><a href=\"https:\/\/www.celec.gob.ec\/transelectric\/images\/stories\/baners_home\/AA\/mca_se_santa_elena.pdf\" target=\"_blank\" rel=\"noreferrer noopener\"><img decoding=\"async\" src=\"https:\/\/www.celec.gob.ec\/transelectric\/images\/stories\/jpg_contenidos\/PDF.png\" alt=\"PDF\"\/><\/a><\/figure>\n\n\n\n<p>Matriz de Cumplimiento S\/E Santa Rosa<\/p>\n\n\n\n<figure class=\"wp-block-image\"><a href=\"https:\/\/www.celec.gob.ec\/transelectric\/images\/stories\/baners_home\/AA\/mca_se_santa_rosa.pdf\" target=\"_blank\" rel=\"noreferrer noopener\"><img decoding=\"async\" src=\"https:\/\/www.celec.gob.ec\/transelectric\/images\/stories\/jpg_contenidos\/PDF.png\" alt=\"PDF\"\/><\/a><\/figure>\n\n\n\n<p>Matriz de Cumplimiento S\/E Santo Domingo<\/p>\n\n\n\n<figure class=\"wp-block-image\"><a href=\"https:\/\/www.celec.gob.ec\/transelectric\/images\/stories\/baners_home\/AA\/mca_se_santo_domingo.pdf\" target=\"_blank\" rel=\"noreferrer noopener\"><img decoding=\"async\" src=\"https:\/\/www.celec.gob.ec\/transelectric\/images\/stories\/jpg_contenidos\/PDF.png\" alt=\"PDF\"\/><\/a><\/figure>\n\n\n\n<p>Matriz de Cumplimiento S\/E Tena<\/p>\n\n\n\n<figure class=\"wp-block-image\"><a href=\"https:\/\/www.celec.gob.ec\/transelectric\/images\/stories\/baners_home\/AA\/mca_se_tena.pdf\" target=\"_blank\" rel=\"noreferrer noopener\"><img decoding=\"async\" src=\"https:\/\/www.celec.gob.ec\/transelectric\/images\/stories\/jpg_contenidos\/PDF.png\" alt=\"PDF\"\/><\/a><\/figure>\n\n\n\n<p>Matriz de Cumplimiento S\/E Tulc\u00e1n<\/p>\n\n\n\n<figure class=\"wp-block-image\"><a href=\"https:\/\/www.celec.gob.ec\/transelectric\/images\/stories\/baners_home\/AA\/mca_se_tulcan.pdf\" target=\"_blank\" rel=\"noreferrer noopener\"><img decoding=\"async\" src=\"https:\/\/www.celec.gob.ec\/transelectric\/images\/stories\/jpg_contenidos\/PDF.png\" alt=\"PDF\"\/><\/a><\/figure>\n\n\n\n<p>Matriz de Cumplimiento S\/E Vicentina<\/p>\n\n\n\n<figure class=\"wp-block-image\"><a href=\"https:\/\/www.celec.gob.ec\/transelectric\/images\/stories\/baners_home\/AA\/mca_se_vicentina.pdf\" target=\"_blank\" rel=\"noreferrer noopener\"><img decoding=\"async\" src=\"https:\/\/www.celec.gob.ec\/transelectric\/images\/stories\/jpg_contenidos\/PDF.png\" alt=\"PDF\"\/><\/a><\/figure>\n","protected":false},"excerpt":{"rendered":"<p>L\u00ednea de Transmisi\u00f3n Trinitaria \u2013 Salitral Auditor\u00eda Ambiental (parte 1) Auditor\u00eda Ambiental (parte 2) Auditor\u00eda Ambiental (parte 3) L\u00ednea de Transmisi\u00f3n Zhoray \u2013 Cuenca Auditor\u00eda Ambiental Matriz de Cumplimiento&nbsp;Ambiental L\/T Zhoray &#8211; Cuenca Matriz de Cumplimiento Ambiental S\/E&nbsp;Zhoray Matriz de Cumplimiento Ambiental S\/E Cuenca Subestaciones del SNT Auditor\u00eda&nbsp;Ambiental Inicial Matriz de Cumplimiento S\/E Ambato Matriz [&hellip;]<\/p>\n","protected":false},"author":68,"featured_media":0,"parent":0,"menu_order":0,"comment_status":"closed","ping_status":"closed","template":"","meta":{"_acf_changed":false,"inline_featured_image":false,"_themeisle_gutenberg_block_has_review":false,"footnotes":""},"categories":[],"tags":[],"class_list":["post-11734","page","type-page","status-publish","hentry"],"acf":[],"_links":{"self":[{"href":"https:\/\/www.celec.gob.ec\/transelectric\/wp-json\/wp\/v2\/pages\/11734","targetHints":{"allow":["GET"]}}],"collection":[{"href":"https:\/\/www.celec.gob.ec\/transelectric\/wp-json\/wp\/v2\/pages"}],"about":[{"href":"https:\/\/www.celec.gob.ec\/transelectric\/wp-json\/wp\/v2\/types\/page"}],"author":[{"embeddable":true,"href":"https:\/\/www.celec.gob.ec\/transelectric\/wp-json\/wp\/v2\/users\/68"}],"replies":[{"embeddable":true,"href":"https:\/\/www.celec.gob.ec\/transelectric\/wp-json\/wp\/v2\/comments?post=11734"}],"version-history":[{"count":3,"href":"https:\/\/www.celec.gob.ec\/transelectric\/wp-json\/wp\/v2\/pages\/11734\/revisions"}],"predecessor-version":[{"id":11840,"href":"https:\/\/www.celec.gob.ec\/transelectric\/wp-json\/wp\/v2\/pages\/11734\/revisions\/11840"}],"wp:attachment":[{"href":"https:\/\/www.celec.gob.ec\/transelectric\/wp-json\/wp\/v2\/media?parent=11734"}],"wp:term":[{"taxonomy":"category","embeddable":true,"href":"https:\/\/www.celec.gob.ec\/transelectric\/wp-json\/wp\/v2\/categories?post=11734"},{"taxonomy":"post_tag","embeddable":true,"href":"https:\/\/www.celec.gob.ec\/transelectric\/wp-json\/wp\/v2\/tags?post=11734"}],"curies":[{"name":"wp","href":"https:\/\/api.w.org\/{rel}","templated":true}]}}