{"id":11748,"date":"2026-01-09T11:48:07","date_gmt":"2026-01-09T16:48:07","guid":{"rendered":"https:\/\/www.celec.gob.ec\/transelectric\/?page_id=11748"},"modified":"2026-01-09T19:04:45","modified_gmt":"2026-01-10T00:04:45","slug":"estudio-de-impacto-ambiental-parte-2","status":"publish","type":"page","link":"https:\/\/www.celec.gob.ec\/transelectric\/estudio-de-impacto-ambiental-parte-2\/","title":{"rendered":"Estudio de Impacto Ambiental \u2013 Parte 2"},"content":{"rendered":"\n<h2 class=\"wp-block-heading\"><strong>Subestaci\u00f3n Chong\u00f3n<\/strong><\/h2>\n\n\n\n<p>Resumen ejecutivo<\/p>\n\n\n\n<figure class=\"wp-block-image\"><a href=\"https:\/\/www.celec.gob.ec\/transelectric\/images\/stories\/baners_home\/EIA\/resumen_ejecutivo_se_chongon.pdf\" target=\"_blank\" rel=\"noreferrer noopener\"><img decoding=\"async\" src=\"https:\/\/www.celec.gob.ec\/transelectric\/images\/stories\/jpg_contenidos\/PDF.png\" alt=\"PDF\"\/><\/a><\/figure>\n\n\n\n<p>\u00cdndice<\/p>\n\n\n\n<figure class=\"wp-block-image\"><a href=\"https:\/\/www.celec.gob.ec\/transelectric\/images\/stories\/baners_home\/EIA\/indice_se_chongon.pdf\" target=\"_blank\" rel=\"noreferrer noopener\"><img decoding=\"async\" src=\"https:\/\/www.celec.gob.ec\/transelectric\/images\/stories\/jpg_contenidos\/PDF.png\" alt=\"PDF\"\/><\/a><\/figure>\n\n\n\n<p>Cap\u00edtulo 1 &#8211; Generalidades<\/p>\n\n\n\n<figure class=\"wp-block-image\"><a href=\"https:\/\/www.celec.gob.ec\/transelectric\/images\/stories\/baners_home\/EIA\/cap1_se_chongon.pdf\" target=\"_blank\" rel=\"noreferrer noopener\"><img decoding=\"async\" src=\"https:\/\/www.celec.gob.ec\/transelectric\/images\/stories\/jpg_contenidos\/PDF.png\" alt=\"PDF\"\/><\/a><\/figure>\n\n\n\n<p>Cap\u00edtulo 2 &#8211; Marco Legal<\/p>\n\n\n\n<figure class=\"wp-block-image\"><a href=\"https:\/\/www.celec.gob.ec\/transelectric\/images\/stories\/baners_home\/EIA\/cap2_se_chongon.pdf\" target=\"_blank\" rel=\"noreferrer noopener\"><img decoding=\"async\" src=\"https:\/\/www.celec.gob.ec\/transelectric\/images\/stories\/jpg_contenidos\/PDF.png\" alt=\"PDF\"\/><\/a><\/figure>\n\n\n\n<p>Cap\u00edtulo 3 &#8211; Descripci\u00f3n del Proyecto<\/p>\n\n\n\n<figure class=\"wp-block-image\"><a href=\"https:\/\/www.celec.gob.ec\/transelectric\/images\/stories\/baners_home\/EIA\/cap3_se_chongon.pdf\" target=\"_blank\" rel=\"noreferrer noopener\"><img decoding=\"async\" src=\"https:\/\/www.celec.gob.ec\/transelectric\/images\/stories\/jpg_contenidos\/PDF.png\" alt=\"PDF\"\/><\/a><\/figure>\n\n\n\n<p>Cap\u00edtulo 4 &#8211; L\u00ednea Base<\/p>\n\n\n\n<figure class=\"wp-block-image\"><a href=\"https:\/\/www.celec.gob.ec\/transelectric\/images\/stories\/baners_home\/EIA\/cap4_se_chongon.pdf\" target=\"_blank\" rel=\"noreferrer noopener\"><img decoding=\"async\" src=\"https:\/\/www.celec.gob.ec\/transelectric\/images\/stories\/jpg_contenidos\/PDF.png\" alt=\"PDF\"\/><\/a><\/figure>\n\n\n\n<p>Cap\u00edtulo 5 &#8211; \u00c1reas de Influencia<\/p>\n\n\n\n<figure class=\"wp-block-image\"><a href=\"https:\/\/www.celec.gob.ec\/transelectric\/images\/stories\/baners_home\/EIA\/cap5_se_chongon.pdf\" target=\"_blank\" rel=\"noreferrer noopener\"><img decoding=\"async\" src=\"https:\/\/www.celec.gob.ec\/transelectric\/images\/stories\/jpg_contenidos\/PDF.png\" alt=\"PDF\"\/><\/a><\/figure>\n\n\n\n<p>Cap\u00edtulo 6 &#8211; An\u00e1lisis de Alternativas<\/p>\n\n\n\n<figure class=\"wp-block-image\"><a href=\"https:\/\/www.celec.gob.ec\/transelectric\/images\/stories\/baners_home\/EIA\/cap6_se_chongon.pdf\" target=\"_blank\" rel=\"noreferrer noopener\"><img decoding=\"async\" src=\"https:\/\/www.celec.gob.ec\/transelectric\/images\/stories\/jpg_contenidos\/PDF.png\" alt=\"PDF\"\/><\/a><\/figure>\n\n\n\n<p>Cap\u00edtulo 7 &#8211; Identificaci\u00f3n y Evaluaci\u00f3n de Impactos Ambientales<\/p>\n\n\n\n<figure class=\"wp-block-image\"><a href=\"https:\/\/www.celec.gob.ec\/transelectric\/images\/stories\/baners_home\/EIA\/cap7_se_chongon.pdf\" target=\"_blank\" rel=\"noreferrer noopener\"><img decoding=\"async\" src=\"https:\/\/www.celec.gob.ec\/transelectric\/images\/stories\/jpg_contenidos\/PDF.png\" alt=\"PDF\"\/><\/a><\/figure>\n\n\n\n<p>Cap\u00edtulo 8 &#8211; Identificaci\u00f3n y Evaluaci\u00f3n de Riesgos Ambientales<\/p>\n\n\n\n<figure class=\"wp-block-image\"><a href=\"https:\/\/www.celec.gob.ec\/transelectric\/images\/stories\/baners_home\/EIA\/cap8_se_chongon.pdf\" target=\"_blank\" rel=\"noreferrer noopener\"><img decoding=\"async\" src=\"https:\/\/www.celec.gob.ec\/transelectric\/images\/stories\/jpg_contenidos\/PDF.png\" alt=\"PDF\"\/><\/a><\/figure>\n\n\n\n<p>Cap\u00edtulo 9 &#8211; Plan de Manejo Ambiental<\/p>\n\n\n\n<figure class=\"wp-block-image\"><a href=\"https:\/\/www.celec.gob.ec\/transelectric\/images\/stories\/baners_home\/EIA\/cap9_se_chongon.pdf\" target=\"_blank\" rel=\"noreferrer noopener\"><img decoding=\"async\" src=\"https:\/\/www.celec.gob.ec\/transelectric\/images\/stories\/jpg_contenidos\/PDF.png\" alt=\"PDF\"\/><\/a><\/figure>\n\n\n\n<p>Cap\u00edtulo 10 &#8211; Bibliograf\u00eda<\/p>\n\n\n\n<figure class=\"wp-block-image\"><a href=\"https:\/\/www.celec.gob.ec\/transelectric\/images\/stories\/baners_home\/EIA\/cap10_se_chongon.pdf\" target=\"_blank\" rel=\"noreferrer noopener\"><img decoding=\"async\" src=\"https:\/\/www.celec.gob.ec\/transelectric\/images\/stories\/jpg_contenidos\/PDF.png\" alt=\"PDF\"\/><\/a><\/figure>\n\n\n\n<h2 class=\"wp-block-heading\"><strong>Subestaci\u00f3n Cumbaratza<\/strong><\/h2>\n\n\n\n<p>Convocatoria\u00a0<\/p>\n\n\n\n<figure class=\"wp-block-image\"><a href=\"https:\/\/www.celec.gob.ec\/transelectric\/images\/stories\/baners_home\/EIA\/convocatoria_se_cumbaratza.pdf\" target=\"_blank\" rel=\"noreferrer noopener\"><img decoding=\"async\" src=\"https:\/\/www.celec.gob.ec\/transelectric\/images\/stories\/jpg_contenidos\/PDF.png\" alt=\"PDF\"\/><\/a><\/figure>\n\n\n\n<p>Primera parte&nbsp;&#8211; Estudio de impacto ambiental definitivo<\/p>\n\n\n\n<figure class=\"wp-block-image\"><a href=\"https:\/\/www.celec.gob.ec\/transelectric\/images\/stories\/baners_home\/EIA\/eia1_se_cumbaratza.pdf\" target=\"_blank\" rel=\"noreferrer noopener\"><img decoding=\"async\" src=\"https:\/\/www.celec.gob.ec\/transelectric\/images\/stories\/jpg_contenidos\/PDF.png\" alt=\"PDF\"\/><\/a><\/figure>\n\n\n\n<p>Segunda parte&nbsp;&#8211; Estudio de impacto ambiental definitivo<\/p>\n\n\n\n<figure class=\"wp-block-image\"><a href=\"https:\/\/www.celec.gob.ec\/transelectric\/images\/stories\/baners_home\/EIA\/eia2_se_cumbaratza.pdf\" target=\"_blank\" rel=\"noreferrer noopener\"><img decoding=\"async\" src=\"https:\/\/www.celec.gob.ec\/transelectric\/images\/stories\/jpg_contenidos\/PDF.png\" alt=\"PDF\"\/><\/a><\/figure>\n\n\n<h2 class=\"wp-block-heading\"><strong>Subestaci\u00f3n El Inga<\/strong><\/h2>\n\n\n\n<p>Resumen ejecutivo<\/p>\n\n\n\n<figure class=\"wp-block-image\"><a href=\"https:\/\/www.celec.gob.ec\/transelectric\/images\/stories\/baners_home\/EIA\/resumen_ejecutivo_se_el_inga.pdf\" target=\"_blank\" rel=\"noreferrer noopener\"><img decoding=\"async\" src=\"https:\/\/www.celec.gob.ec\/transelectric\/images\/stories\/jpg_contenidos\/PDF.png\" alt=\"PDF\"\/><\/a><\/figure>\n\n\n\n<p>\u00cdndice<\/p>\n\n\n\n<figure class=\"wp-block-image\"><a href=\"https:\/\/www.celec.gob.ec\/transelectric\/images\/stories\/baners_home\/EIA\/indice_se_el_inga.pdf\" target=\"_blank\" rel=\"noreferrer noopener\"><img decoding=\"async\" src=\"https:\/\/www.celec.gob.ec\/transelectric\/images\/stories\/jpg_contenidos\/PDF.png\" alt=\"PDF\"\/><\/a><\/figure>\n\n\n\n<p>Cap\u00edtulo 1 &#8211; Generalidades<\/p>\n\n\n\n<figure class=\"wp-block-image\"><a href=\"https:\/\/www.celec.gob.ec\/transelectric\/images\/stories\/baners_home\/EIA\/cap1_se_el_inga.pdf\" target=\"_blank\" rel=\"noreferrer noopener\"><img decoding=\"async\" src=\"https:\/\/www.celec.gob.ec\/transelectric\/images\/stories\/jpg_contenidos\/PDF.png\" alt=\"PDF\"\/><\/a><\/figure>\n\n\n\n<p>Cap\u00edtulo 2 &#8211; Marco Legal<\/p>\n\n\n\n<figure class=\"wp-block-image\"><a href=\"https:\/\/www.celec.gob.ec\/transelectric\/images\/stories\/baners_home\/EIA\/cap2_se_el_inga.pdf\" target=\"_blank\" rel=\"noreferrer noopener\"><img decoding=\"async\" src=\"https:\/\/www.celec.gob.ec\/transelectric\/images\/stories\/jpg_contenidos\/PDF.png\" alt=\"PDF\"\/><\/a><\/figure>\n\n\n\n<p>Cap\u00edtulo 3 &#8211; Descripci\u00f3n del proyecto<\/p>\n\n\n\n<figure class=\"wp-block-image\"><a href=\"https:\/\/www.celec.gob.ec\/transelectric\/images\/stories\/baners_home\/EIA\/cap3_se_el_inga.pdf\" target=\"_blank\" rel=\"noreferrer noopener\"><img decoding=\"async\" src=\"https:\/\/www.celec.gob.ec\/transelectric\/images\/stories\/jpg_contenidos\/PDF.png\" alt=\"PDF\"\/><\/a><\/figure>\n\n\n\n<p>Cap\u00edtulo 4 &#8211;&nbsp;\u00c1reas de influencia<\/p>\n\n\n\n<figure class=\"wp-block-image\"><a href=\"https:\/\/www.celec.gob.ec\/transelectric\/images\/stories\/baners_home\/EIA\/cap4_se_el_inga.pdf\" target=\"_blank\" rel=\"noreferrer noopener\"><img decoding=\"async\" src=\"https:\/\/www.celec.gob.ec\/transelectric\/images\/stories\/jpg_contenidos\/PDF.png\" alt=\"PDF\"\/><\/a><\/figure>\n\n\n\n<p>Cap\u00edtulo 5 &#8211; L\u00ednea base<\/p>\n\n\n\n<figure class=\"wp-block-image\"><a href=\"https:\/\/www.celec.gob.ec\/transelectric\/images\/stories\/baners_home\/EIA\/cap5_se_el_inga.pdf\" target=\"_blank\" rel=\"noreferrer noopener\"><img decoding=\"async\" src=\"https:\/\/www.celec.gob.ec\/transelectric\/images\/stories\/jpg_contenidos\/PDF.png\" alt=\"PDF\"\/><\/a><\/figure>\n\n\n\n<p>Cap\u00edtulo 6 &#8211; Zona de sensibilidad y riesgos&nbsp;<\/p>\n\n\n\n<figure class=\"wp-block-image\"><a href=\"https:\/\/www.celec.gob.ec\/transelectric\/images\/stories\/baners_home\/EIA\/cap6_se_el_inga.pdf\" target=\"_blank\" rel=\"noreferrer noopener\"><img decoding=\"async\" src=\"https:\/\/www.celec.gob.ec\/transelectric\/images\/stories\/jpg_contenidos\/PDF.png\" alt=\"PDF\"\/><\/a><\/figure>\n\n\n\n<p>Cap\u00edtulo 7 &#8211; \u00c1nalisis de alternativas<\/p>\n\n\n\n<figure class=\"wp-block-image\"><a href=\"https:\/\/www.celec.gob.ec\/transelectric\/images\/stories\/baners_home\/EIA\/cap7_se_el_inga.pdf\" target=\"_blank\" rel=\"noreferrer noopener\"><img decoding=\"async\" src=\"https:\/\/www.celec.gob.ec\/transelectric\/images\/stories\/jpg_contenidos\/PDF.png\" alt=\"PDF\"\/><\/a><\/figure>\n\n\n\n<p>Cap\u00edtulo 8 &#8211; Identificaci\u00f3n y evaluaci\u00f3n de impactos ambientales<\/p>\n\n\n\n<figure class=\"wp-block-image\"><a href=\"https:\/\/www.celec.gob.ec\/transelectric\/images\/stories\/baners_home\/EIA\/cap8_se_el_inga.pdf\" target=\"_blank\" rel=\"noreferrer noopener\"><img decoding=\"async\" src=\"https:\/\/www.celec.gob.ec\/transelectric\/images\/stories\/jpg_contenidos\/PDF.png\" alt=\"PDF\"\/><\/a><\/figure>\n\n\n\n<p>Cap\u00edtulo 9 &#8211;&nbsp;Identificaci\u00f3n y evaluaci\u00f3n de riesgos ambientales<\/p>\n\n\n\n<figure class=\"wp-block-image\"><a href=\"https:\/\/www.celec.gob.ec\/transelectric\/images\/stories\/baners_home\/EIA\/cap9_se_el_inga.pdf\" target=\"_blank\" rel=\"noreferrer noopener\"><img decoding=\"async\" src=\"https:\/\/www.celec.gob.ec\/transelectric\/images\/stories\/jpg_contenidos\/PDF.png\" alt=\"PDF\"\/><\/a><\/figure>\n\n\n\n<p>Cap\u00edtulo 10 &#8211; Plan de manejo ambienta<\/p>\n\n\n\n<figure class=\"wp-block-image\"><a href=\"https:\/\/www.celec.gob.ec\/transelectric\/images\/stories\/baners_home\/EIA\/cap10_se_el_inga.pdf\" target=\"_blank\" rel=\"noreferrer noopener\"><img decoding=\"async\" src=\"https:\/\/www.celec.gob.ec\/transelectric\/images\/stories\/jpg_contenidos\/PDF.png\" alt=\"PDF\"\/><\/a><\/figure>\n\n\n\n<p>Cap\u00edtulo 11 &#8211; Conclusiones y bibliograf\u00eda<\/p>\n\n\n\n<figure class=\"wp-block-image\"><a href=\"https:\/\/www.celec.gob.ec\/transelectric\/images\/stories\/baners_home\/EIA\/cap11_se_el_inga.pdf\" target=\"_blank\" rel=\"noreferrer noopener\"><img decoding=\"async\" src=\"https:\/\/www.celec.gob.ec\/transelectric\/images\/stories\/jpg_contenidos\/PDF.png\" alt=\"PDF\"\/><\/a><\/figure>\n\n\n<h2 class=\"wp-block-heading\"><strong>Subestaci\u00f3n Quininde\u00a0<\/strong><\/h2>\n\n\n\n<p>Resumen ejecutivo\u00a0<\/p>\n\n\n\n<figure class=\"wp-block-image\"><a href=\"https:\/\/www.celec.gob.ec\/transelectric\/images\/stories\/baners_home\/EIA\/resumen_ejecutivo_se_quininde.pdf\" target=\"_blank\" rel=\"noreferrer noopener\"><img decoding=\"async\" src=\"https:\/\/www.celec.gob.ec\/transelectric\/images\/stories\/jpg_contenidos\/PDF.png\" alt=\"PDF\"\/><\/a><\/figure>\n\n\n\n<p>Estudio de impacto ambiental definitivo<\/p>\n\n\n\n<figure class=\"wp-block-image\"><a href=\"https:\/\/www.celec.gob.ec\/transelectric\/images\/stories\/baners_home\/EIA\/eiad_se_quininde.pdf\" target=\"_blank\" rel=\"noreferrer noopener\"><img decoding=\"async\" src=\"https:\/\/www.celec.gob.ec\/transelectric\/images\/stories\/jpg_contenidos\/PDF.png\" alt=\"PDF\"\/><\/a><\/figure>\n\n\n<h2 class=\"wp-block-heading\"><strong>Subestacion Yanacocha<\/strong><\/h2>\n\n\n\n<p>Convocatoria\u00a0<\/p>\n\n\n\n<figure class=\"wp-block-image\"><a href=\"https:\/\/www.celec.gob.ec\/transelectric\/images\/stories\/baners_home\/EIA\/convocatoria_lt_motupe_yanacocha.pdf\" target=\"_blank\" rel=\"noreferrer noopener\"><img decoding=\"async\" src=\"https:\/\/www.celec.gob.ec\/transelectric\/images\/stories\/jpg_contenidos\/PDF.png\" alt=\"PDF\"\/><\/a><\/figure>\n\n\n\n<p>Primera parte&nbsp;&#8211; Estudio de impacto ambiental definitivo<\/p>\n\n\n\n<figure class=\"wp-block-image\"><a href=\"https:\/\/www.celec.gob.ec\/transelectric\/images\/stories\/baners_home\/EIA\/eia_1_lt_motupe_yanacocha.pdf\" target=\"_blank\" rel=\"noreferrer noopener\"><img decoding=\"async\" src=\"https:\/\/www.celec.gob.ec\/transelectric\/images\/stories\/jpg_contenidos\/PDF.png\" alt=\"PDF\"\/><\/a><\/figure>\n\n\n\n<p>Segunda parte&nbsp;&#8211; Estudio de impacto ambiental definitivo<\/p>\n\n\n\n<figure class=\"wp-block-image\"><a href=\"https:\/\/www.celec.gob.ec\/transelectric\/images\/stories\/baners_home\/EIA\/eia_2_lt_motupe_yanacocha.pdf\" target=\"_blank\" rel=\"noreferrer noopener\"><img decoding=\"async\" src=\"https:\/\/www.celec.gob.ec\/transelectric\/images\/stories\/jpg_contenidos\/PDF.png\" alt=\"PDF\"\/><\/a><\/figure>\n\n","protected":false},"excerpt":{"rendered":"<p>Subestaci\u00f3n Chong\u00f3n Resumen ejecutivo \u00cdndice Cap\u00edtulo 1 &#8211; Generalidades Cap\u00edtulo 2 &#8211; Marco Legal Cap\u00edtulo 3 &#8211; Descripci\u00f3n del Proyecto Cap\u00edtulo 4 &#8211; L\u00ednea Base Cap\u00edtulo 5 &#8211; \u00c1reas de Influencia Cap\u00edtulo 6 &#8211; An\u00e1lisis de Alternativas Cap\u00edtulo 7 &#8211; Identificaci\u00f3n y Evaluaci\u00f3n de Impactos Ambientales Cap\u00edtulo 8 &#8211; Identificaci\u00f3n y Evaluaci\u00f3n de Riesgos Ambientales [&hellip;]<\/p>\n","protected":false},"author":68,"featured_media":0,"parent":0,"menu_order":0,"comment_status":"closed","ping_status":"closed","template":"","meta":{"_acf_changed":false,"inline_featured_image":false,"_themeisle_gutenberg_block_has_review":false,"footnotes":""},"categories":[],"tags":[],"class_list":["post-11748","page","type-page","status-publish","hentry"],"acf":[],"_links":{"self":[{"href":"https:\/\/www.celec.gob.ec\/transelectric\/wp-json\/wp\/v2\/pages\/11748","targetHints":{"allow":["GET"]}}],"collection":[{"href":"https:\/\/www.celec.gob.ec\/transelectric\/wp-json\/wp\/v2\/pages"}],"about":[{"href":"https:\/\/www.celec.gob.ec\/transelectric\/wp-json\/wp\/v2\/types\/page"}],"author":[{"embeddable":true,"href":"https:\/\/www.celec.gob.ec\/transelectric\/wp-json\/wp\/v2\/users\/68"}],"replies":[{"embeddable":true,"href":"https:\/\/www.celec.gob.ec\/transelectric\/wp-json\/wp\/v2\/comments?post=11748"}],"version-history":[{"count":12,"href":"https:\/\/www.celec.gob.ec\/transelectric\/wp-json\/wp\/v2\/pages\/11748\/revisions"}],"predecessor-version":[{"id":11789,"href":"https:\/\/www.celec.gob.ec\/transelectric\/wp-json\/wp\/v2\/pages\/11748\/revisions\/11789"}],"wp:attachment":[{"href":"https:\/\/www.celec.gob.ec\/transelectric\/wp-json\/wp\/v2\/media?parent=11748"}],"wp:term":[{"taxonomy":"category","embeddable":true,"href":"https:\/\/www.celec.gob.ec\/transelectric\/wp-json\/wp\/v2\/categories?post=11748"},{"taxonomy":"post_tag","embeddable":true,"href":"https:\/\/www.celec.gob.ec\/transelectric\/wp-json\/wp\/v2\/tags?post=11748"}],"curies":[{"name":"wp","href":"https:\/\/api.w.org\/{rel}","templated":true}]}}