{"id":11750,"date":"2026-01-09T11:48:51","date_gmt":"2026-01-09T16:48:51","guid":{"rendered":"https:\/\/www.celec.gob.ec\/transelectric\/?page_id=11750"},"modified":"2026-01-12T11:02:27","modified_gmt":"2026-01-12T16:02:27","slug":"estudio-de-impacto-ambiental-parte-3","status":"publish","type":"page","link":"https:\/\/www.celec.gob.ec\/transelectric\/estudio-de-impacto-ambiental-parte-3\/","title":{"rendered":"Estudio de Impacto Ambiental \u2013 Parte 3"},"content":{"rendered":"\n<h2 class=\"wp-block-heading\"><strong>L\u00edneas de Transmisi\u00f3n SNT<\/strong><\/h2>\n\n\n\n<p>Car\u00e1tula EIAD Expost L\/T<\/p>\n\n\n\n<figure class=\"wp-block-image\"><a href=\"https:\/\/www.celec.gob.ec\/transelectric\/images\/stories\/baners_home\/EIA\/Car%C3%A1tula%20EIAD%20Expost%20L-T.pdf\" target=\"_blank\" rel=\"noreferrer noopener\"><img decoding=\"async\" src=\"https:\/\/www.celec.gob.ec\/transelectric\/images\/stories\/jpg_contenidos\/PDF.png\" alt=\"PDF\"\/><\/a><\/figure>\n\n\n\n<p>01 Resumen Ejecutivo<\/p>\n\n\n\n<figure class=\"wp-block-image\"><a href=\"https:\/\/www.celec.gob.ec\/transelectric\/images\/stories\/baners_home\/EIA\/01%20Res%C3%BAmen%20Ejecutivo.pdf\" target=\"_blank\" rel=\"noreferrer noopener\"><img decoding=\"async\" src=\"https:\/\/www.celec.gob.ec\/transelectric\/images\/stories\/jpg_contenidos\/PDF.png\" alt=\"PDF\"\/><\/a><\/figure>\n\n\n\n<p>02 Estudio de Impacto Ambiental Definitivo<\/p>\n\n\n\n<figure class=\"wp-block-image\"><a href=\"https:\/\/www.celec.gob.ec\/transelectric\/images\/stories\/baners_home\/EIA\/02%20Estudio%20de%20Impacto%20Ambiental.pdf\" target=\"_blank\" rel=\"noreferrer noopener\"><img decoding=\"async\" src=\"https:\/\/www.celec.gob.ec\/transelectric\/images\/stories\/jpg_contenidos\/PDF.png\" alt=\"PDF\"\/><\/a><\/figure>\n\n\n\n<p>03 Plan de Manejo Ambiental<\/p>\n\n\n\n<figure class=\"wp-block-image\"><a href=\"https:\/\/www.celec.gob.ec\/transelectric\/images\/stories\/baners_home\/EIA\/03%20Plan%20de%20Manejo%20Ambiental.pdf\" target=\"_blank\" rel=\"noreferrer noopener\"><img decoding=\"async\" src=\"https:\/\/www.celec.gob.ec\/transelectric\/images\/stories\/jpg_contenidos\/PDF.png\" alt=\"PDF\"\/><\/a><\/figure>\n\n\n\n<p>04 Plan de Acci\u00f3n<\/p>\n\n\n\n<figure class=\"wp-block-image\"><a href=\"https:\/\/www.celec.gob.ec\/transelectric\/images\/stories\/baners_home\/EIA\/04%20Plan%20de%20Acci%C3%B3n.pdf\" target=\"_blank\" rel=\"noreferrer noopener\"><img decoding=\"async\" src=\"https:\/\/www.celec.gob.ec\/transelectric\/images\/stories\/jpg_contenidos\/PDF.png\" alt=\"PDF\"\/><\/a><\/figure>\n\n\n\n<p>05 Matrices<\/p>\n\n\n\n<figure class=\"wp-block-image\"><a href=\"https:\/\/www.celec.gob.ec\/transelectric\/images\/stories\/baners_home\/EIA\/05%20Matrices.pdf\" target=\"_blank\" rel=\"noreferrer noopener\"><img decoding=\"async\" src=\"https:\/\/www.celec.gob.ec\/transelectric\/images\/stories\/jpg_contenidos\/PDF.png\" alt=\"PDF\"\/><\/a><\/figure>\n\n\n\n<p>06 Matriz Sistema<\/p>\n\n\n\n<figure class=\"wp-block-image\"><a href=\"https:\/\/www.celec.gob.ec\/transelectric\/images\/stories\/baners_home\/EIA\/06%20Matriz%20Sistema.pdf\" target=\"_blank\" rel=\"noreferrer noopener\"><img decoding=\"async\" src=\"https:\/\/www.celec.gob.ec\/transelectric\/images\/stories\/jpg_contenidos\/PDF.png\" alt=\"PDF\"\/><\/a><\/figure>\n\n\n\n<p><\/p>\n\n!&#8211; wp:heading &#8211;>\n<h2><strong><strong>L\/T Sarapullo &#8211; Alluriqu\u00edn<\/strong><\/strong><\/h2>\n<!-- \/wp:post-content -->\n\n<!-- wp:paragraph -->\n<p><strong><strong><br><\/strong><\/strong>Res\u00famen Ejecutivo<\/p>\n<!-- \/wp:paragraph -->\n\n<!-- wp:image {\"linkDestination\":\"custom\"} -->\n<figure class=\"wp-block-image\"><a href=\"https:\/\/www.celec.gob.ec\/transelectric\/images\/stories\/baners_home\/EIA\/Sarapullo%20%E2%80%93%20Alluriqu%C3%ADn\/RESUMEN%20EJECUTIVO.pdf\" target=\"_blank\" rel=\"noreferrer noopener\"><img decoding=\"async\" src=\"https:\/\/www.celec.gob.ec\/transelectric\/images\/stories\/jpg_contenidos\/PDF.png\" alt=\"PDF\"\/><\/a><\/figure>\n<!-- \/wp:image -->\n\n<!-- wp:paragraph -->\n<p>Cap\u00edtulo 1 Ficha t\u00e9cnica Ambiental<\/p>\n<!-- \/wp:paragraph -->","protected":false},"excerpt":{"rendered":"<p>L\u00edneas de Transmisi\u00f3n SNT Car\u00e1tula EIAD Expost L\/T 01 Resumen Ejecutivo 02 Estudio de Impacto Ambiental Definitivo 03 Plan de Manejo Ambiental 04 Plan de Acci\u00f3n 05 Matrices 06 Matriz Sistema !&#8211; wp:heading &#8211;> L\/T Sarapullo &#8211; Alluriqu\u00edn Res\u00famen Ejecutivo Cap\u00edtulo 1 Ficha t\u00e9cnica Ambiental<\/p>\n","protected":false},"author":68,"featured_media":0,"parent":0,"menu_order":0,"comment_status":"closed","ping_status":"closed","template":"","meta":{"_acf_changed":false,"inline_featured_image":false,"_themeisle_gutenberg_block_has_review":false,"footnotes":""},"categories":[],"tags":[],"class_list":["post-11750","page","type-page","status-publish","hentry"],"acf":[],"_links":{"self":[{"href":"https:\/\/www.celec.gob.ec\/transelectric\/wp-json\/wp\/v2\/pages\/11750","targetHints":{"allow":["GET"]}}],"collection":[{"href":"https:\/\/www.celec.gob.ec\/transelectric\/wp-json\/wp\/v2\/pages"}],"about":[{"href":"https:\/\/www.celec.gob.ec\/transelectric\/wp-json\/wp\/v2\/types\/page"}],"author":[{"embeddable":true,"href":"https:\/\/www.celec.gob.ec\/transelectric\/wp-json\/wp\/v2\/users\/68"}],"replies":[{"embeddable":true,"href":"https:\/\/www.celec.gob.ec\/transelectric\/wp-json\/wp\/v2\/comments?post=11750"}],"version-history":[{"count":7,"href":"https:\/\/www.celec.gob.ec\/transelectric\/wp-json\/wp\/v2\/pages\/11750\/revisions"}],"predecessor-version":[{"id":11824,"href":"https:\/\/www.celec.gob.ec\/transelectric\/wp-json\/wp\/v2\/pages\/11750\/revisions\/11824"}],"wp:attachment":[{"href":"https:\/\/www.celec.gob.ec\/transelectric\/wp-json\/wp\/v2\/media?parent=11750"}],"wp:term":[{"taxonomy":"category","embeddable":true,"href":"https:\/\/www.celec.gob.ec\/transelectric\/wp-json\/wp\/v2\/categories?post=11750"},{"taxonomy":"post_tag","embeddable":true,"href":"https:\/\/www.celec.gob.ec\/transelectric\/wp-json\/wp\/v2\/tags?post=11750"}],"curies":[{"name":"wp","href":"https:\/\/api.w.org\/{rel}","templated":true}]}}