{"id":11768,"date":"2026-01-09T19:09:49","date_gmt":"2026-01-10T00:09:49","guid":{"rendered":"https:\/\/www.celec.gob.ec\/transelectric\/?page_id=11768"},"modified":"2026-01-12T08:53:14","modified_gmt":"2026-01-12T13:53:14","slug":"estudio-de-impacto-ambiental-parte-4","status":"publish","type":"page","link":"https:\/\/www.celec.gob.ec\/transelectric\/estudio-de-impacto-ambiental-parte-4\/","title":{"rendered":"Estudio de Impacto Ambiental \u2013 Parte 4"},"content":{"rendered":"\n<h2 class=\"wp-block-heading\"><strong>Sistema de Transmisi\u00f3n de Extra Alta Tensi\u00f3n, a 500 kV<\/strong><\/h2>\n\n\n\n<p>Convocatoria<\/p>\n\n\n\n<figure class=\"wp-block-image\"><a href=\"https:\/\/www.celec.gob.ec\/transelectric\/images\/stories\/baners_home\/EIA\/500KV\/Convocatoria.pdf\" target=\"_blank\" rel=\"noreferrer noopener\"><img decoding=\"async\" src=\"https:\/\/www.celec.gob.ec\/transelectric\/images\/stories\/jpg_contenidos\/PDF.png\" alt=\"PDF\"\/><\/a><\/figure>\n\n\n\n<p>Resumen Ejecutivo<\/p>\n\n\n\n<figure class=\"wp-block-image\"><a href=\"https:\/\/www.celec.gob.ec\/transelectric\/images\/stories\/baners_home\/EIA\/500KV\/Resumen%20Ejecutivo.pdf\" target=\"_blank\" rel=\"noreferrer noopener\"><img decoding=\"async\" src=\"https:\/\/www.celec.gob.ec\/transelectric\/images\/stories\/jpg_contenidos\/PDF.png\" alt=\"PDF\"\/><\/a><\/figure>\n\n\n\n<p>Resumen Ejecutivo &#8211; Tr\u00edptico<\/p>\n\n\n\n<figure class=\"wp-block-image\"><a href=\"https:\/\/www.celec.gob.ec\/transelectric\/images\/stories\/baners_home\/EIA\/500KV\/Resumen%20Ejecutivo%20-%20Tr%C3%ADptico.pdf\" target=\"_blank\" rel=\"noreferrer noopener\"><img decoding=\"async\" src=\"https:\/\/www.celec.gob.ec\/transelectric\/images\/stories\/jpg_contenidos\/PDF.png\" alt=\"PDF\"\/><\/a><\/figure>\n\n\n\n<p>Ficha T\u00e9cnica<\/p>\n\n\n\n<figure class=\"wp-block-image\"><a href=\"https:\/\/www.celec.gob.ec\/transelectric\/images\/stories\/baners_home\/EIA\/500KV\/Ficha%20T%C3%A9cnica.pdf\" target=\"_blank\" rel=\"noreferrer noopener\"><img decoding=\"async\" src=\"https:\/\/www.celec.gob.ec\/transelectric\/images\/stories\/jpg_contenidos\/PDF.png\" alt=\"PDF\"\/><\/a><\/figure>\n\n\n\n<p>Presentaci\u00f3n del Estudio<\/p>\n\n\n\n<figure class=\"wp-block-image\"><a href=\"https:\/\/www.celec.gob.ec\/transelectric\/images\/stories\/baners_home\/EIA\/500KV\/Presentaci%C3%B3n%20del%20Estudio.pdf\" target=\"_blank\" rel=\"noreferrer noopener\"><img decoding=\"async\" src=\"https:\/\/www.celec.gob.ec\/transelectric\/images\/stories\/jpg_contenidos\/PDF.png\" alt=\"PDF\"\/><\/a><\/figure>\n\n\n\n<p>Marco Legal<\/p>\n\n\n\n<figure class=\"wp-block-image\"><a href=\"https:\/\/www.celec.gob.ec\/transelectric\/images\/stories\/baners_home\/EIA\/500KV\/Marco%20Legal.pdf\" target=\"_blank\" rel=\"noreferrer noopener\"><img decoding=\"async\" src=\"https:\/\/www.celec.gob.ec\/transelectric\/images\/stories\/jpg_contenidos\/PDF.png\" alt=\"PDF\"\/><\/a><\/figure>\n\n\n\n<p>Descripci\u00f3n del Proyecto<\/p>\n\n\n\n<figure class=\"wp-block-image\"><a href=\"https:\/\/www.celec.gob.ec\/transelectric\/images\/stories\/baners_home\/EIA\/500KV\/Descripci%C3%B3n%20del%20Proyecto.pdf\" target=\"_blank\" rel=\"noreferrer noopener\"><img decoding=\"async\" src=\"https:\/\/www.celec.gob.ec\/transelectric\/images\/stories\/jpg_contenidos\/PDF.png\" alt=\"PDF\"\/><\/a><\/figure>\n\n\n\n<p>\u00c1reas de Influencia y Sensibles<\/p>\n\n\n\n<figure class=\"wp-block-image\"><a href=\"https:\/\/www.celec.gob.ec\/transelectric\/images\/stories\/baners_home\/EIA\/500KV\/%C3%81reas%20de%20Influencia%20y%20Sensibles.pdf\" target=\"_blank\" rel=\"noreferrer noopener\"><img decoding=\"async\" src=\"https:\/\/www.celec.gob.ec\/transelectric\/images\/stories\/jpg_contenidos\/PDF.png\" alt=\"PDF\"\/><\/a><\/figure>\n\n\n\n<p>L\u00ednea Base F\u00edsica (Primera Parte)<\/p>\n\n\n\n<figure class=\"wp-block-image\"><a href=\"https:\/\/www.celec.gob.ec\/transelectric\/images\/stories\/baners_home\/EIA\/500KV\/L%C3%ADnea%20Base%20F%C3%ADsica%20(Primera%20Parte).pdf\" target=\"_blank\" rel=\"noreferrer noopener\"><img decoding=\"async\" src=\"https:\/\/www.celec.gob.ec\/transelectric\/images\/stories\/jpg_contenidos\/PDF.png\" alt=\"PDF\"\/><\/a><\/figure>\n\n\n\n<p>L\u00ednea Base F\u00edsica (Segunda Parte)<\/p>\n\n\n\n<figure class=\"wp-block-image\"><a href=\"https:\/\/www.celec.gob.ec\/transelectric\/images\/stories\/baners_home\/EIA\/500KV\/L%C3%ADnea%20Base%20F%C3%ADsica%20(Segunda%20Parte).pdf\" target=\"_blank\" rel=\"noreferrer noopener\"><img decoding=\"async\" src=\"https:\/\/www.celec.gob.ec\/transelectric\/images\/stories\/jpg_contenidos\/PDF.png\" alt=\"PDF\"\/><\/a><\/figure>\n\n\n\n<p>L\u00ednea Base F\u00edsica (Tercera Parte)<\/p>\n\n\n\n<figure class=\"wp-block-image\"><a href=\"https:\/\/www.celec.gob.ec\/transelectric\/images\/stories\/baners_home\/EIA\/500KV\/L%C3%ADnea%20Base%20F%C3%ADsica%20(Tercera%20Parte).pdf\" target=\"_blank\" rel=\"noreferrer noopener\"><img decoding=\"async\" src=\"https:\/\/www.celec.gob.ec\/transelectric\/images\/stories\/jpg_contenidos\/PDF.png\" alt=\"PDF\"\/><\/a><\/figure>\n\n\n\n<p>L\u00ednea Base F\u00edsica (Cuarta Parte)<\/p>\n\n\n\n<figure class=\"wp-block-image\"><a href=\"https:\/\/www.celec.gob.ec\/transelectric\/images\/stories\/baners_home\/EIA\/500KV\/L%C3%ADnea%20Base%20F%C3%ADsica%20(Cuarta%20Parte).pdf\" target=\"_blank\" rel=\"noreferrer noopener\"><img decoding=\"async\" src=\"https:\/\/www.celec.gob.ec\/transelectric\/images\/stories\/jpg_contenidos\/PDF.png\" alt=\"PDF\"\/><\/a><\/figure>\n\n\n\n<p>L\u00ednea Base Bi\u00f3tica (Primera Parte)<\/p>\n\n\n\n<figure class=\"wp-block-image\"><a href=\"https:\/\/www.celec.gob.ec\/transelectric\/images\/stories\/baners_home\/EIA\/500KV\/L%C3%ADnea%20Base%20Bi%C3%B3tica%20(Primera%20Parte).pdf\" target=\"_blank\" rel=\"noreferrer noopener\"><img decoding=\"async\" src=\"https:\/\/www.celec.gob.ec\/transelectric\/images\/stories\/jpg_contenidos\/PDF.png\" alt=\"PDF\"\/><\/a><\/figure>\n\n\n\n<p>L\u00ednea Base Bi\u00f3tica (Segunda Parte)<\/p>\n\n\n\n<figure class=\"wp-block-image\"><a href=\"https:\/\/www.celec.gob.ec\/transelectric\/images\/stories\/baners_home\/EIA\/500KV\/L%C3%ADnea%20Base%20Bi%C3%B3tica%20(Segunda%20Parte).pdf\" target=\"_blank\" rel=\"noreferrer noopener\"><img decoding=\"async\" src=\"https:\/\/www.celec.gob.ec\/transelectric\/images\/stories\/jpg_contenidos\/PDF.png\" alt=\"PDF\"\/><\/a><\/figure>\n\n\n\n<p>L\u00ednea Base Social (Primera Parte)<\/p>\n\n\n\n<figure class=\"wp-block-image\"><a href=\"https:\/\/www.celec.gob.ec\/transelectric\/images\/stories\/baners_home\/EIA\/500KV\/L%C3%ADnea%20Base%20Social%20(Primera%20Parte).pdf\" target=\"_blank\" rel=\"noreferrer noopener\"><img decoding=\"async\" src=\"https:\/\/www.celec.gob.ec\/transelectric\/images\/stories\/jpg_contenidos\/PDF.png\" alt=\"PDF\"\/><\/a><\/figure>\n\n\n\n<p>L\u00ednea Base Social (Segunda Parte)<\/p>\n\n\n\n<figure class=\"wp-block-image\"><a href=\"https:\/\/www.celec.gob.ec\/transelectric\/images\/stories\/baners_home\/EIA\/500KV\/L%C3%ADnea%20Base%20Social%20(Segunda%20Parte).pdf\" target=\"_blank\" rel=\"noreferrer noopener\"><img decoding=\"async\" src=\"https:\/\/www.celec.gob.ec\/transelectric\/images\/stories\/jpg_contenidos\/PDF.png\" alt=\"PDF\"\/><\/a><\/figure>\n\n\n\n<p>L\u00ednea Base Arqueolog\u00eda (Primera Parte)<\/p>\n\n\n\n<figure class=\"wp-block-image\"><a href=\"https:\/\/www.celec.gob.ec\/transelectric\/images\/stories\/baners_home\/EIA\/500KV\/L%C3%ADnea%20Base%20Arqueolog%C3%ADa%20(Primera%20Parte).pdf\" target=\"_blank\" rel=\"noreferrer noopener\"><img decoding=\"async\" src=\"https:\/\/www.celec.gob.ec\/transelectric\/images\/stories\/jpg_contenidos\/PDF.png\" alt=\"PDF\"\/><\/a><\/figure>\n\n\n\n<p>L\u00ednea Base Arqueolog\u00eda (Segunda Parte)<\/p>\n\n\n\n<figure class=\"wp-block-image\"><a href=\"https:\/\/www.celec.gob.ec\/transelectric\/images\/stories\/baners_home\/EIA\/500KV\/L%C3%ADnea%20Base%20Arqueolog%C3%ADa%20(Segunda%20Parte).pdf\" target=\"_blank\" rel=\"noreferrer noopener\"><img decoding=\"async\" src=\"https:\/\/www.celec.gob.ec\/transelectric\/images\/stories\/jpg_contenidos\/PDF.png\" alt=\"PDF\"\/><\/a><\/figure>\n\n\n\n<p>L\u00ednea Base Arqueolog\u00eda (Tercera Parte)<\/p>\n\n\n\n<figure class=\"wp-block-image\"><a href=\"https:\/\/www.celec.gob.ec\/transelectric\/images\/stories\/baners_home\/EIA\/500KV\/L%C3%ADnea%20Base%20Arqueolog%C3%ADa%20(Tercera%20Parte).pdf\" target=\"_blank\" rel=\"noreferrer noopener\"><img decoding=\"async\" src=\"https:\/\/www.celec.gob.ec\/transelectric\/images\/stories\/jpg_contenidos\/PDF.png\" alt=\"PDF\"\/><\/a><\/figure>\n\n\n\n<p>L\u00ednea Base Arqueolog\u00eda (Cuarta Parte)<\/p>\n\n\n\n<figure class=\"wp-block-image\"><a href=\"https:\/\/www.celec.gob.ec\/transelectric\/images\/stories\/baners_home\/EIA\/500KV\/L%C3%ADnea%20Base%20Arqueolog%C3%ADa%20(Cuarta%20Parte).pdf\" target=\"_blank\" rel=\"noreferrer noopener\"><img decoding=\"async\" src=\"https:\/\/www.celec.gob.ec\/transelectric\/images\/stories\/jpg_contenidos\/PDF.png\" alt=\"PDF\"\/><\/a><\/figure>\n\n\n\n<p>L\u00ednea Base Arqueolog\u00eda (Quinta Parte)<\/p>\n\n\n\n<figure class=\"wp-block-image\"><a href=\"https:\/\/www.celec.gob.ec\/transelectric\/images\/stories\/baners_home\/EIA\/500KV\/L%C3%ADnea%20Base%20Arqueolog%C3%ADa%20(Quinta%20Parte).pdf\" target=\"_blank\" rel=\"noreferrer noopener\"><img decoding=\"async\" src=\"https:\/\/www.celec.gob.ec\/transelectric\/images\/stories\/jpg_contenidos\/PDF.png\" alt=\"PDF\"\/><\/a><\/figure>\n\n\n\n<p>L\u00ednea Base Arqueolog\u00eda (Sexta Parte)<\/p>\n\n\n\n<figure class=\"wp-block-image\"><a href=\"https:\/\/www.celec.gob.ec\/transelectric\/images\/stories\/baners_home\/EIA\/500KV\/L%C3%ADnea%20Base%20Arqueolog%C3%ADa%20(Sexta%20Parte).pdf\" target=\"_blank\" rel=\"noreferrer noopener\"><img decoding=\"async\" src=\"https:\/\/www.celec.gob.ec\/transelectric\/images\/stories\/jpg_contenidos\/PDF.png\" alt=\"PDF\"\/><\/a><\/figure>\n\n\n\n<p>L\u00ednea Base Arqueolog\u00eda (S\u00e9ptima Parte)<\/p>\n\n\n\n<figure class=\"wp-block-image\"><a href=\"https:\/\/www.celec.gob.ec\/transelectric\/images\/stories\/baners_home\/EIA\/500KV\/L%C3%ADnea%20Base%20Arqueolog%C3%ADa%20(S%C3%A9ptima%20Parte).pdf\" target=\"_blank\" rel=\"noreferrer noopener\"><img decoding=\"async\" src=\"https:\/\/www.celec.gob.ec\/transelectric\/images\/stories\/jpg_contenidos\/PDF.png\" alt=\"PDF\"\/><\/a><\/figure>\n\n\n\n<p>L\u00ednea Base Arqueolog\u00eda (Octava Parte)<\/p>\n\n\n\n<figure class=\"wp-block-image\"><a href=\"https:\/\/www.celec.gob.ec\/transelectric\/images\/stories\/baners_home\/EIA\/500KV\/L%C3%ADnea%20Base%20Arqueolog%C3%ADa%20(Octava%20Parte).pdf\" target=\"_blank\" rel=\"noreferrer noopener\"><img decoding=\"async\" src=\"https:\/\/www.celec.gob.ec\/transelectric\/images\/stories\/jpg_contenidos\/PDF.png\" alt=\"PDF\"\/><\/a><\/figure>\n\n\n\n<p>L\u00ednea Base Arqueolog\u00eda (Novena Parte)<\/p>\n\n\n\n<figure class=\"wp-block-image\"><a href=\"https:\/\/www.celec.gob.ec\/transelectric\/images\/stories\/baners_home\/EIA\/500KV\/L%C3%ADnea%20Base%20Arqueolog%C3%ADa%20(Novena%20Parte).pdf\" target=\"_blank\" rel=\"noreferrer noopener\"><img decoding=\"async\" src=\"https:\/\/www.celec.gob.ec\/transelectric\/images\/stories\/jpg_contenidos\/PDF.png\" alt=\"PDF\"\/><\/a><\/figure>\n\n\n\n<p>L\u00ednea Base Arqueolog\u00eda (D\u00e9cima Parte)<\/p>\n\n\n\n<figure class=\"wp-block-image\"><a href=\"https:\/\/www.celec.gob.ec\/transelectric\/images\/stories\/baners_home\/EIA\/500KV\/L%C3%ADnea%20Base%20Arqueolog%C3%ADa%20(D%C3%A9cima%20Parte).pdf\" target=\"_blank\" rel=\"noreferrer noopener\"><img decoding=\"async\" src=\"https:\/\/www.celec.gob.ec\/transelectric\/images\/stories\/jpg_contenidos\/PDF.png\" alt=\"PDF\"\/><\/a><\/figure>\n\n\n\n<p>L\u00ednea Base Arqueolog\u00eda (Und\u00e9cima Parte)<\/p>\n\n\n\n<figure class=\"wp-block-image\"><a href=\"https:\/\/www.celec.gob.ec\/transelectric\/images\/stories\/baners_home\/EIA\/500KV\/L%C3%ADnea%20Base%20Arqueolog%C3%ADa%20(Und%C3%A9cima%20Parte).pdf\" target=\"_blank\" rel=\"noreferrer noopener\"><img decoding=\"async\" src=\"https:\/\/www.celec.gob.ec\/transelectric\/images\/stories\/jpg_contenidos\/PDF.png\" alt=\"PDF\"\/><\/a><\/figure>\n\n\n\n<p>L\u00ednea Base Arqueolog\u00eda (Duod\u00e9cima Parte)<\/p>\n\n\n\n<figure class=\"wp-block-image\"><a href=\"https:\/\/www.celec.gob.ec\/transelectric\/images\/stories\/baners_home\/EIA\/500KV\/L%C3%ADnea%20Base%20Arqueolog%C3%ADa%20(Duod%C3%A9cima%20Parte).pdf\" target=\"_blank\" rel=\"noreferrer noopener\"><img decoding=\"async\" src=\"https:\/\/www.celec.gob.ec\/transelectric\/images\/stories\/jpg_contenidos\/PDF.png\" alt=\"PDF\"\/><\/a><\/figure>\n\n\n\n<p>L\u00ednea Base Arqueolog\u00eda (D\u00e9cimo Tercera Parte)<\/p>\n\n\n\n<figure class=\"wp-block-image\"><a href=\"https:\/\/www.celec.gob.ec\/transelectric\/images\/stories\/baners_home\/EIA\/500KV\/L%C3%ADnea%20Base%20Arqueolog%C3%ADa%20(D%C3%A9cimo%20Tercera%20Parte).pdf\" target=\"_blank\" rel=\"noreferrer noopener\"><img decoding=\"async\" src=\"https:\/\/www.celec.gob.ec\/transelectric\/images\/stories\/jpg_contenidos\/PDF.png\" alt=\"PDF\"\/><\/a><\/figure>\n\n\n\n<p>L\u00ednea Base Arqueolog\u00eda (D\u00e9cimo Cuarta Parte)<\/p>\n\n\n\n<figure class=\"wp-block-image\"><a href=\"https:\/\/www.celec.gob.ec\/transelectric\/images\/stories\/baners_home\/EIA\/500KV\/L%C3%ADnea%20Base%20Arqueolog%C3%ADa%20(D%C3%A9cimo%20Cuarta%20Parte).pdf\" target=\"_blank\" rel=\"noreferrer noopener\"><img decoding=\"async\" src=\"https:\/\/www.celec.gob.ec\/transelectric\/images\/stories\/jpg_contenidos\/PDF.png\" alt=\"PDF\"\/><\/a><\/figure>\n\n\n\n<p>An\u00e1lisis de Riesgos<\/p>\n\n\n\n<figure class=\"wp-block-image\"><a href=\"https:\/\/www.celec.gob.ec\/transelectric\/images\/stories\/baners_home\/EIA\/500KV\/An%C3%A1lisis%20de%20Riesgos.pdf\" target=\"_blank\" rel=\"noreferrer noopener\"><img decoding=\"async\" src=\"https:\/\/www.celec.gob.ec\/transelectric\/images\/stories\/jpg_contenidos\/PDF.png\" alt=\"PDF\"\/><\/a><\/figure>\n\n\n\n<p>Evaluaci\u00f3n de Impactos Ambientales<\/p>\n\n\n\n<figure class=\"wp-block-image\"><a href=\"https:\/\/www.celec.gob.ec\/transelectric\/images\/stories\/baners_home\/EIA\/500KV\/Evaluaci%C3%B3n%20de%20Impactos%20Ambientales.pdf\" target=\"_blank\" rel=\"noreferrer noopener\"><img decoding=\"async\" src=\"https:\/\/www.celec.gob.ec\/transelectric\/images\/stories\/jpg_contenidos\/PDF.png\" alt=\"PDF\"\/><\/a><\/figure>\n\n\n\n<p>Evaluaci\u00f3n de Impactos Ambientales (Matrices)<\/p>\n\n\n\n<figure class=\"wp-block-image\"><a href=\"https:\/\/www.celec.gob.ec\/transelectric\/images\/stories\/baners_home\/EIA\/500KV\/Evaluaci%C3%B3n%20de%20Impactos%20Ambientales%20(Matrices).pdf\" target=\"_blank\" rel=\"noreferrer noopener\"><img decoding=\"async\" src=\"https:\/\/www.celec.gob.ec\/transelectric\/images\/stories\/jpg_contenidos\/PDF.png\" alt=\"PDF\"\/><\/a><\/figure>\n\n\n\n<p>Plan de Manejo Ambiental<\/p>\n\n\n\n<figure class=\"wp-block-image\"><a href=\"https:\/\/www.celec.gob.ec\/transelectric\/images\/stories\/baners_home\/EIA\/500KV\/Plan%20de%20Manejo%20Ambiental.pdf\" target=\"_blank\" rel=\"noreferrer noopener\"><img decoding=\"async\" src=\"https:\/\/www.celec.gob.ec\/transelectric\/images\/stories\/jpg_contenidos\/PDF.png\" alt=\"PDF\"\/><\/a><\/figure>\n\n\n\n<p>Bibliograf\u00eda<\/p>\n\n\n\n<figure class=\"wp-block-image\"><a href=\"https:\/\/www.celec.gob.ec\/transelectric\/images\/stories\/baners_home\/EIA\/500KV\/Bibliograf%C3%ADa.pdf\" target=\"_blank\" rel=\"noreferrer noopener\"><img decoding=\"async\" src=\"https:\/\/www.celec.gob.ec\/transelectric\/images\/stories\/jpg_contenidos\/PDF.png\" alt=\"PDF\"\/><\/a><\/figure>\n\n\n","protected":false},"excerpt":{"rendered":"<p>Sistema de Transmisi\u00f3n de Extra Alta Tensi\u00f3n, a 500 kV Convocatoria Resumen Ejecutivo Resumen Ejecutivo &#8211; Tr\u00edptico Ficha T\u00e9cnica Presentaci\u00f3n del Estudio Marco Legal Descripci\u00f3n del Proyecto \u00c1reas de Influencia y Sensibles L\u00ednea Base F\u00edsica (Primera Parte) L\u00ednea Base F\u00edsica (Segunda Parte) L\u00ednea Base F\u00edsica (Tercera Parte) L\u00ednea Base F\u00edsica (Cuarta Parte) L\u00ednea Base Bi\u00f3tica [&hellip;]<\/p>\n","protected":false},"author":68,"featured_media":0,"parent":0,"menu_order":0,"comment_status":"closed","ping_status":"closed","template":"","meta":{"_acf_changed":false,"inline_featured_image":false,"_themeisle_gutenberg_block_has_review":false,"footnotes":""},"categories":[],"tags":[],"class_list":["post-11768","page","type-page","status-publish","hentry"],"acf":[],"_links":{"self":[{"href":"https:\/\/www.celec.gob.ec\/transelectric\/wp-json\/wp\/v2\/pages\/11768","targetHints":{"allow":["GET"]}}],"collection":[{"href":"https:\/\/www.celec.gob.ec\/transelectric\/wp-json\/wp\/v2\/pages"}],"about":[{"href":"https:\/\/www.celec.gob.ec\/transelectric\/wp-json\/wp\/v2\/types\/page"}],"author":[{"embeddable":true,"href":"https:\/\/www.celec.gob.ec\/transelectric\/wp-json\/wp\/v2\/users\/68"}],"replies":[{"embeddable":true,"href":"https:\/\/www.celec.gob.ec\/transelectric\/wp-json\/wp\/v2\/comments?post=11768"}],"version-history":[{"count":2,"href":"https:\/\/www.celec.gob.ec\/transelectric\/wp-json\/wp\/v2\/pages\/11768\/revisions"}],"predecessor-version":[{"id":11799,"href":"https:\/\/www.celec.gob.ec\/transelectric\/wp-json\/wp\/v2\/pages\/11768\/revisions\/11799"}],"wp:attachment":[{"href":"https:\/\/www.celec.gob.ec\/transelectric\/wp-json\/wp\/v2\/media?parent=11768"}],"wp:term":[{"taxonomy":"category","embeddable":true,"href":"https:\/\/www.celec.gob.ec\/transelectric\/wp-json\/wp\/v2\/categories?post=11768"},{"taxonomy":"post_tag","embeddable":true,"href":"https:\/\/www.celec.gob.ec\/transelectric\/wp-json\/wp\/v2\/tags?post=11768"}],"curies":[{"name":"wp","href":"https:\/\/api.w.org\/{rel}","templated":true}]}}