{"id":11856,"date":"2026-01-13T11:44:56","date_gmt":"2026-01-13T16:44:56","guid":{"rendered":"https:\/\/www.celec.gob.ec\/transelectric\/?page_id=11856"},"modified":"2026-01-13T11:44:57","modified_gmt":"2026-01-13T16:44:57","slug":"intervenciones-emergentes-de-la-red-de-telecomunicaciones-2025","status":"publish","type":"page","link":"https:\/\/www.celec.gob.ec\/transelectric\/intervenciones-emergentes-de-la-red-de-telecomunicaciones-2025\/","title":{"rendered":"Intervenciones emergentes de la red de telecomunicaciones 2025"},"content":{"rendered":"\n<p><strong>Enero<\/strong><\/p>\n\n\n\n<p><a href=\"https:\/\/www.celec.gob.ec\/transelectric\/wp-content\/uploads\/2025\/01\/REPORTE-WEB-05_06-FEBRERO-DE-2025.pdf\" data-type=\"link\" data-id=\"https:\/\/www.celec.gob.ec\/transelectric\/wp-content\/uploads\/2025\/01\/REPORTE-WEB-05_06-FEBRERO-DE-2025.pdf\">Subestaci\u00f3n El Inga, 5 y 6 de febrero de 2025<\/a><\/p>\n\n\n\n<p><a href=\"https:\/\/www.celec.gob.ec\/transelectric\/wp-content\/uploads\/2025\/01\/REPORTE-WEB-06-FEBRERO-DE-2025.pdf\" data-type=\"link\" data-id=\"https:\/\/www.celec.gob.ec\/transelectric\/wp-content\/uploads\/2025\/01\/REPORTE-WEB-06-FEBRERO-DE-2025.pdf\">Subestaci\u00f3n Las Esclusas, 6 de febrero 2025<\/a><\/p>\n\n\n\n<p><strong>Mayo<\/strong><\/p>\n\n\n\n<p><a href=\"https:\/\/www.celec.gob.ec\/transelectric\/wp-content\/uploads\/2025\/05\/REPORTE-WEB-28-DE-MAYO-DE-2025.pdf\" data-type=\"link\" data-id=\"https:\/\/www.celec.gob.ec\/transelectric\/wp-content\/uploads\/2025\/05\/REPORTE-WEB-28-DE-MAYO-DE-2025.pdf\">PDP K\u00edlamo, 28 de mayo de 2025<\/a><\/p>\n\n\n\n<p><strong>Julio<\/strong><\/p>\n\n\n\n<p><a href=\"https:\/\/www.celec.gob.ec\/transelectric\/wp-content\/uploads\/2025\/07\/REPORTE-WEB-10-DE-JULIO-DE-2025.pdf\" data-type=\"link\" data-id=\"https:\/\/www.celec.gob.ec\/transelectric\/wp-content\/uploads\/2025\/07\/REPORTE-WEB-10-DE-JULIO-DE-2025.pdf\">Subestaci\u00f3n Tena, 10 de julio 2025<\/a><\/p>\n\n\n\n<p><a href=\"https:\/\/www.celec.gob.ec\/transelectric\/wp-content\/uploads\/2025\/07\/REPORTE-WEB-18-DE-JULIO-DE-2025.pdf\" data-type=\"link\" data-id=\"https:\/\/www.celec.gob.ec\/transelectric\/wp-content\/uploads\/2025\/07\/REPORTE-WEB-18-DE-JULIO-DE-2025.pdf\">Subestaci\u00f3n Portoviejo, 18 de julio de 2025<\/a><\/p>\n\n\n\n<p><\/p>\n\n\n\n<p><strong>Agosto<\/strong><\/p>\n\n\n\n<p><a href=\"https:\/\/www.celec.gob.ec\/transelectric\/wp-content\/uploads\/2025\/08\/REPORTE-WEB-24-DE-AGOSTO-DE-2025.pdf\" data-type=\"link\" data-id=\"https:\/\/www.celec.gob.ec\/transelectric\/wp-content\/uploads\/2025\/08\/REPORTE-WEB-24-DE-AGOSTO-DE-2025.pdf\">Subestaci\u00f3n Francisco de Orellana, 24 de agosto de 2025<\/a><\/p>\n\n\n\n<p><a href=\"https:\/\/www.celec.gob.ec\/transelectric\/wp-content\/uploads\/2025\/08\/REPORTE-WEB-26-DE-AGOSTO-DE-2025.pdf\" data-type=\"link\" data-id=\"https:\/\/www.celec.gob.ec\/transelectric\/wp-content\/uploads\/2025\/08\/REPORTE-WEB-26-DE-AGOSTO-DE-2025.pdf\">Subestaciones Macas  y Tena, 26 de agosto de 2025<\/a><\/p>\n\n\n\n<p><a href=\"https:\/\/www.celec.gob.ec\/transelectric\/wp-content\/uploads\/2025\/08\/REPORTE-WEB-27-DE-AGOSTO-DE-2025.pdf\" data-type=\"link\" data-id=\"https:\/\/www.celec.gob.ec\/transelectric\/wp-content\/uploads\/2025\/08\/REPORTE-WEB-27-DE-AGOSTO-DE-2025.pdf\">Subestaci\u00f3n M\u00e9ndez, 27 de agosto de 2025<\/a><\/p>\n\n\n\n<p><a href=\"https:\/\/www.celec.gob.ec\/transelectric\/wp-content\/uploads\/2025\/08\/REPORTE-WEB-28-DE-AGOSTO-DE-2025.pdf\" data-type=\"link\" data-id=\"https:\/\/www.celec.gob.ec\/transelectric\/wp-content\/uploads\/2025\/08\/REPORTE-WEB-28-DE-AGOSTO-DE-2025.pdf\">Subestaci\u00f3n Molino, 28 de agosto de 2025<\/a><\/p>\n\n\n\n<p><\/p>\n\n\n\n<p><strong>Septiembre<\/strong><\/p>\n\n\n\n<p><a href=\"https:\/\/www.celec.gob.ec\/transelectric\/wp-content\/uploads\/2025\/08\/REPORTE-WEB-2-DE-SEPTIEMBRE-DE-2025.pdf\" data-type=\"link\" data-id=\"https:\/\/www.celec.gob.ec\/transelectric\/wp-content\/uploads\/2025\/08\/REPORTE-WEB-2-DE-SEPTIEMBRE-DE-2025.pdf\">Subestaci\u00f3n Loja, 2 de septiembre de 2025<\/a><\/p>\n\n\n\n<p><a href=\"https:\/\/www.celec.gob.ec\/transelectric\/wp-content\/uploads\/2025\/08\/REPORTE-WEB-5-DE-SEPTIEMBRE-DE-2025.pdf\" data-type=\"link\" data-id=\"https:\/\/www.celec.gob.ec\/transelectric\/wp-content\/uploads\/2025\/08\/REPORTE-WEB-5-DE-SEPTIEMBRE-DE-2025.pdf\">Subestaci\u00f3n Bomboiza, 5 de septiembre 2025<\/a><\/p>\n","protected":false},"excerpt":{"rendered":"<p>Enero Subestaci\u00f3n El Inga, 5 y 6 de febrero de 2025 Subestaci\u00f3n Las Esclusas, 6 de febrero 2025 Mayo PDP K\u00edlamo, 28 de mayo de 2025 Julio Subestaci\u00f3n Tena, 10 de julio 2025 Subestaci\u00f3n Portoviejo, 18 de julio de 2025 Agosto Subestaci\u00f3n Francisco de Orellana, 24 de agosto de 2025 Subestaciones Macas y Tena, 26 [&hellip;]<\/p>\n","protected":false},"author":3,"featured_media":0,"parent":0,"menu_order":0,"comment_status":"closed","ping_status":"closed","template":"","meta":{"_acf_changed":false,"inline_featured_image":false,"_themeisle_gutenberg_block_has_review":false,"footnotes":""},"categories":[],"tags":[],"class_list":["post-11856","page","type-page","status-publish","hentry"],"acf":[],"_links":{"self":[{"href":"https:\/\/www.celec.gob.ec\/transelectric\/wp-json\/wp\/v2\/pages\/11856","targetHints":{"allow":["GET"]}}],"collection":[{"href":"https:\/\/www.celec.gob.ec\/transelectric\/wp-json\/wp\/v2\/pages"}],"about":[{"href":"https:\/\/www.celec.gob.ec\/transelectric\/wp-json\/wp\/v2\/types\/page"}],"author":[{"embeddable":true,"href":"https:\/\/www.celec.gob.ec\/transelectric\/wp-json\/wp\/v2\/users\/3"}],"replies":[{"embeddable":true,"href":"https:\/\/www.celec.gob.ec\/transelectric\/wp-json\/wp\/v2\/comments?post=11856"}],"version-history":[{"count":1,"href":"https:\/\/www.celec.gob.ec\/transelectric\/wp-json\/wp\/v2\/pages\/11856\/revisions"}],"predecessor-version":[{"id":11858,"href":"https:\/\/www.celec.gob.ec\/transelectric\/wp-json\/wp\/v2\/pages\/11856\/revisions\/11858"}],"wp:attachment":[{"href":"https:\/\/www.celec.gob.ec\/transelectric\/wp-json\/wp\/v2\/media?parent=11856"}],"wp:term":[{"taxonomy":"category","embeddable":true,"href":"https:\/\/www.celec.gob.ec\/transelectric\/wp-json\/wp\/v2\/categories?post=11856"},{"taxonomy":"post_tag","embeddable":true,"href":"https:\/\/www.celec.gob.ec\/transelectric\/wp-json\/wp\/v2\/tags?post=11856"}],"curies":[{"name":"wp","href":"https:\/\/api.w.org\/{rel}","templated":true}]}}