{"id":11936,"date":"2026-01-16T16:28:31","date_gmt":"2026-01-16T21:28:31","guid":{"rendered":"https:\/\/www.celec.gob.ec\/transelectric\/?page_id=11936"},"modified":"2026-01-16T16:28:32","modified_gmt":"2026-01-16T21:28:32","slug":"mantenimiento-preventivo-programado-en-la-subestacion-santo-domingo","status":"publish","type":"page","link":"https:\/\/www.celec.gob.ec\/transelectric\/mantenimiento-preventivo-programado-en-la-subestacion-santo-domingo\/","title":{"rendered":"Mantenimiento preventivo programado en la subestaci\u00f3n Santo Domingo"},"content":{"rendered":"\n<p>Este domingo, 18 de enero de 2026, la Corporaci\u00f3n El\u00e9ctrica del Ecuador (CELEC EP), a trav\u00e9s de la Unidad de Negocio Transelectric, efectuar\u00e1 trabajos de mantenimiento en la subestaci\u00f3n Santo Domingo, ubicada en la provincia de Santo Domingo de los Ts\u00e1chilas.<\/p>\n\n\n\n<p>El objetivo es mejorar la calidad del servicio el\u00e9ctrico y garantizar la continuidad de su abastecimiento en beneficio de m\u00e1s de 638.972 habitantes de los cantones: Santo Domingo, La Concordia, El Carmen y Puerto Quito. Los trabajos consisten en el lavado del equipamiento instalado en los patios de la subestaci\u00f3n.<\/p>\n\n\n\n<p>La ejecuci\u00f3n de estas actividades requerir\u00e1 una restricci\u00f3n del servicio el\u00e9ctrico, entre las 06:00 y 08:00, en las siguientes zonas:<br>\u2022 Santo Domingo de los Ts\u00e1chilas: en los cantones: Santo Domingo y La Concordia.<br>\u2022 Manab\u00ed: en el cant\u00f3n El Carmen.<br>\u2022 Pichincha: en el cant\u00f3n Puerto Quito.<\/p>\n\n\n\n<p>La CELEC EP agradece la comprensi\u00f3n ante los posibles inconvenientes.<\/p>\n","protected":false},"excerpt":{"rendered":"<p>Este domingo, 18 de enero de 2026, la Corporaci\u00f3n El\u00e9ctrica del Ecuador (CELEC EP), a trav\u00e9s de la Unidad de Negocio Transelectric, efectuar\u00e1 trabajos de mantenimiento en la subestaci\u00f3n Santo Domingo, ubicada en la provincia de Santo Domingo de los Ts\u00e1chilas. El objetivo es mejorar la calidad del servicio el\u00e9ctrico y garantizar la continuidad de [&hellip;]<\/p>\n","protected":false},"author":3,"featured_media":0,"parent":0,"menu_order":0,"comment_status":"closed","ping_status":"closed","template":"","meta":{"_acf_changed":false,"inline_featured_image":false,"_themeisle_gutenberg_block_has_review":false,"footnotes":""},"categories":[],"tags":[],"class_list":["post-11936","page","type-page","status-publish","hentry"],"acf":[],"_links":{"self":[{"href":"https:\/\/www.celec.gob.ec\/transelectric\/wp-json\/wp\/v2\/pages\/11936","targetHints":{"allow":["GET"]}}],"collection":[{"href":"https:\/\/www.celec.gob.ec\/transelectric\/wp-json\/wp\/v2\/pages"}],"about":[{"href":"https:\/\/www.celec.gob.ec\/transelectric\/wp-json\/wp\/v2\/types\/page"}],"author":[{"embeddable":true,"href":"https:\/\/www.celec.gob.ec\/transelectric\/wp-json\/wp\/v2\/users\/3"}],"replies":[{"embeddable":true,"href":"https:\/\/www.celec.gob.ec\/transelectric\/wp-json\/wp\/v2\/comments?post=11936"}],"version-history":[{"count":1,"href":"https:\/\/www.celec.gob.ec\/transelectric\/wp-json\/wp\/v2\/pages\/11936\/revisions"}],"predecessor-version":[{"id":11939,"href":"https:\/\/www.celec.gob.ec\/transelectric\/wp-json\/wp\/v2\/pages\/11936\/revisions\/11939"}],"wp:attachment":[{"href":"https:\/\/www.celec.gob.ec\/transelectric\/wp-json\/wp\/v2\/media?parent=11936"}],"wp:term":[{"taxonomy":"category","embeddable":true,"href":"https:\/\/www.celec.gob.ec\/transelectric\/wp-json\/wp\/v2\/categories?post=11936"},{"taxonomy":"post_tag","embeddable":true,"href":"https:\/\/www.celec.gob.ec\/transelectric\/wp-json\/wp\/v2\/tags?post=11936"}],"curies":[{"name":"wp","href":"https:\/\/api.w.org\/{rel}","templated":true}]}}