{"id":12113,"date":"2026-02-19T09:18:44","date_gmt":"2026-02-19T14:18:44","guid":{"rendered":"https:\/\/www.celec.gob.ec\/transelectric\/?page_id=12113"},"modified":"2026-02-19T09:18:45","modified_gmt":"2026-02-19T14:18:45","slug":"proceso-de-seleccion-simple-asistente-administrativo-19-de-febrero-de-2026","status":"publish","type":"page","link":"https:\/\/www.celec.gob.ec\/transelectric\/proceso-de-seleccion-simple-asistente-administrativo-19-de-febrero-de-2026\/","title":{"rendered":"Proceso de Selecci\u00f3n Simple, Asistente Administrativo, 19 de febrero de 2026"},"content":{"rendered":"\n<p>En cumplimiento a la&nbsp;<em>\u00abCodificaci\u00f3n del Reglamento para el Reclutamiento, Preselecci\u00f3n, Selecci\u00f3n, Vinculaci\u00f3n, e Inducci\u00f3n del Talento Humano de la Empresa P\u00fablica Estrat\u00e9gica Corporaci\u00f3n El\u00e9ctrica del Ecuador CELEC EP.\u00bb<\/em>, y la Resoluci\u00f3n Nro. CEL-RES-0320-24, se pone en consideraci\u00f3n el inicio de la fase de reclutamiento del PROCESO DE SELECCI\u00d3N SIMPLE, para cubrir el cargo detallado en el archivo adjunto.<\/p>\n\n\n\n<p><em>\u00ab14.1.- Reclutamiento \/ Preselecci\u00f3n: Los delegados del \u00e1rea de Talento Humano y del \u00e1rea requirente designados para el proceso de selecci\u00f3n simple tendr\u00e1n la responsabilidad de esta actividad, cuyo objetivo es recopilar todas las postulaciones de los aspirantes potencialmente calificados para ocupar los puestos temporales ofertados por la CELEC EP.<\/em><\/p>\n\n\n\n<p><em>Estos reclutamientos se lo realizar\u00e1n a trav\u00e9s de una convocatoria abierta, a trav\u00e9s del uso medios de comunicaci\u00f3n tecnol\u00f3gicos corporativos, cuya duraci\u00f3n m\u00ednima de 24 horas h\u00e1biles.\u00bb<\/em><\/p>\n\n\n\n<p><strong>Nota:<\/strong><\/p>\n\n\n\n<p>Los aspirantes que cumplan con los requisitos deber\u00e1n remitir su hoja de vida actualizada, adjuntando los documentos que acrediten su formaci\u00f3n profesional (t\u00edtulo universitario y registro SENESCYT), experiencia laboral (certificados de trabajo debidamente suscritos); dichos documentos deben ser subidos al siguiente link&nbsp;<a href=\"https:\/\/serviciostranselectric.celec.gob.ec\/tthh\/\">https:\/\/serviciostranselectric.celec.gob.ec\/tthh\/<\/a>,&nbsp;con el c\u00f3digo a cual corresponden la vacante, desde las&nbsp;&nbsp;09:30 del jueves 19 de febrero de 2026 hasta las 09:30 del viernes 20 de febrero de 2026.<\/p>\n\n\n\n<p class=\"has-text-align-center\"><strong><a href=\"https:\/\/www.celec.gob.ec\/transelectric\/wp-content\/uploads\/2026\/02\/convocatoria-som.pdf\" data-type=\"link\" data-id=\"https:\/\/www.celec.gob.ec\/transelectric\/wp-content\/uploads\/2026\/02\/convocatoria-som.pdf\">Para ver el requerimiento\u00a0hacer clic aqu\u00ed<\/a><\/strong><\/p>\n","protected":false},"excerpt":{"rendered":"<p>En cumplimiento a la&nbsp;\u00abCodificaci\u00f3n del Reglamento para el Reclutamiento, Preselecci\u00f3n, Selecci\u00f3n, Vinculaci\u00f3n, e Inducci\u00f3n del Talento Humano de la Empresa P\u00fablica Estrat\u00e9gica Corporaci\u00f3n El\u00e9ctrica del Ecuador CELEC EP.\u00bb, y la Resoluci\u00f3n Nro. CEL-RES-0320-24, se pone en consideraci\u00f3n el inicio de la fase de reclutamiento del PROCESO DE SELECCI\u00d3N SIMPLE, para cubrir el cargo detallado en [&hellip;]<\/p>\n","protected":false},"author":3,"featured_media":0,"parent":0,"menu_order":0,"comment_status":"closed","ping_status":"closed","template":"","meta":{"_acf_changed":false,"inline_featured_image":false,"_themeisle_gutenberg_block_has_review":false,"footnotes":""},"categories":[],"tags":[],"class_list":["post-12113","page","type-page","status-publish","hentry"],"acf":[],"_links":{"self":[{"href":"https:\/\/www.celec.gob.ec\/transelectric\/wp-json\/wp\/v2\/pages\/12113","targetHints":{"allow":["GET"]}}],"collection":[{"href":"https:\/\/www.celec.gob.ec\/transelectric\/wp-json\/wp\/v2\/pages"}],"about":[{"href":"https:\/\/www.celec.gob.ec\/transelectric\/wp-json\/wp\/v2\/types\/page"}],"author":[{"embeddable":true,"href":"https:\/\/www.celec.gob.ec\/transelectric\/wp-json\/wp\/v2\/users\/3"}],"replies":[{"embeddable":true,"href":"https:\/\/www.celec.gob.ec\/transelectric\/wp-json\/wp\/v2\/comments?post=12113"}],"version-history":[{"count":1,"href":"https:\/\/www.celec.gob.ec\/transelectric\/wp-json\/wp\/v2\/pages\/12113\/revisions"}],"predecessor-version":[{"id":12114,"href":"https:\/\/www.celec.gob.ec\/transelectric\/wp-json\/wp\/v2\/pages\/12113\/revisions\/12114"}],"wp:attachment":[{"href":"https:\/\/www.celec.gob.ec\/transelectric\/wp-json\/wp\/v2\/media?parent=12113"}],"wp:term":[{"taxonomy":"category","embeddable":true,"href":"https:\/\/www.celec.gob.ec\/transelectric\/wp-json\/wp\/v2\/categories?post=12113"},{"taxonomy":"post_tag","embeddable":true,"href":"https:\/\/www.celec.gob.ec\/transelectric\/wp-json\/wp\/v2\/tags?post=12113"}],"curies":[{"name":"wp","href":"https:\/\/api.w.org\/{rel}","templated":true}]}}