{"id":14,"date":"2023-02-18T18:39:09","date_gmt":"2023-02-18T18:39:09","guid":{"rendered":"https:\/\/www.celec.gob.ec\/transelectric\/?page_id=14"},"modified":"2024-02-08T10:53:11","modified_gmt":"2024-02-08T15:53:11","slug":"la-empresa","status":"publish","type":"page","link":"https:\/\/www.celec.gob.ec\/transelectric\/la-empresa\/","title":{"rendered":"La Empresa"},"content":{"rendered":"\n<h3 class=\"wp-block-heading has-text-align-center\">CELEC EP TRANSELECTRIC<\/h3>\n\n\n\n<div style=\"height:30px\" aria-hidden=\"true\" class=\"wp-block-spacer\"><\/div>\n\n\n\n<div style=\"height:30px\" aria-hidden=\"true\" class=\"wp-block-spacer\"><\/div>\n\n\n\n<p>TRANSELECTRIC, naci\u00f3 como Sociedad An\u00f3nima el 13 de enero de 1999, luego de que se liquidara el Instituto Ecuatoriano de Electrificaci\u00f3n (INECEL), entidad que agrupaba la generaci\u00f3n, transmisi\u00f3n y distribuci\u00f3n de energ\u00eda el\u00e9ctrica en el Ecuador. TRANSELECTRIC funcion\u00f3 11 a\u00f1os como Sociedad An\u00f3nima hasta que en el a\u00f1o 2010, se crea la Corporaci\u00f3n El\u00e9ctrica del Ecuador CELEC EP.<\/p>\n\n\n\n<div style=\"height:30px\" aria-hidden=\"true\" class=\"wp-block-spacer\"><\/div>\n\n\n\n<p><strong>CELEC EP<\/strong><\/p>\n\n\n\n<p>El 14 de enero de 2010, a trav\u00e9s del Decreto Ejecutivo 220, se crea la Empresa P\u00fablica Estrat\u00e9gica Corporaci\u00f3n El\u00e9ctrica del Ecuador CELEC EP conformada por 13 Unidades de Negocio, constituyendo la Empresa \u00fanica encargada de la generaci\u00f3n y transmisi\u00f3n.<\/p>\n\n\n\n<p>El ente rector de esta empresa p\u00fablica es el Ministerio de Energ\u00eda y Minas, actualmente CELEC EP agrupa a 13 Unidades de Negocio y la comisi\u00f3n ejecutora R\u00edo Coca:<\/p>\n\n\n\n<div style=\"height:30px\" aria-hidden=\"true\" class=\"wp-block-spacer\"><\/div>\n\n\n\n<p><strong>Generaci\u00f3n<\/strong><\/p>\n\n\n\n<p>CELEC EP Coca Codo Sinclair, Electroguayas, Gensur, CELEC SUR, Hidroagoy\u00e1n, Hidroazogues, Hidronaci\u00f3n, Hidrotoapi, Termoesmeraldas, Termopichincha, Termogasmachala, Termomanab\u00ed.<\/p>\n\n\n\n<div style=\"height:30px\" aria-hidden=\"true\" class=\"wp-block-spacer\"><\/div>\n\n\n\n<p><strong>Transmisi\u00f3n<\/strong><\/p>\n\n\n\n<p><strong>CELEC EP TRANSELECTRIC<\/strong><\/p>\n\n\n\n<p><strong>\u00bfQu\u00e9 hace la Unidad de Negocio TRANSELECTRIC?<\/strong><\/p>\n\n\n\n<p>La Unidad de Negocio TRANSELECTRIC es responsable de la transmisi\u00f3n de energ\u00eda en todo el pa\u00eds, a trav\u00e9s de una red el\u00e9ctrica en forma de anillo denominada Sistema de Nacional de Transmisi\u00f3n SNT, que permite transportar la energ\u00eda desde las centrales de generaci\u00f3n hasta las empresas de distribuci\u00f3n de todo el pa\u00eds.<\/p>\n\n\n\n<p><strong>El Sistema Nacional de Transmisi\u00f3n est\u00e1 conformado por un conjunto de subestaciones y l\u00edneas de transmisi\u00f3n que se encuentran ubicadas en toda la geograf\u00eda ecuatoriana, en tensiones de 500, 230 y 138 mil voltios, que transportan la energ\u00eda producida por las centrales de generaci\u00f3n hacia todas las empresas de distribuci\u00f3n del pa\u00eds.<\/strong><\/p>\n\n\n\n<p>Adicionalmente se cuenta con una red de telecomunicaciones por fibra \u00f3ptica, que permite la operaci\u00f3n del sistema y el transporte del servicio de voz y datos, facilitando la transmisi\u00f3n de informaci\u00f3n en tiempo real, al sector el\u00e9ctrico y al pa\u00eds.<\/p>\n\n\n\n<p><strong>CELEC EP TRANSELECTRIC ejecuta y construye nuevos proyectos a lo largo del pa\u00eds, para ampliar y fortalecer la infraestructura existente. Estas nuevas obras mejoran la confiabilidad en la entrega del servicio el\u00e9ctrico a la ciudadan\u00eda.<\/strong><\/p>\n\n\n\n<p>CELEC EP Transelectric, es responsable del sistema de transmisi\u00f3n a 500 mil voltios, red de extra tensi\u00f3n, que est\u00e1 operativa desde el a\u00f1o 2016, &nbsp;y transporta la energ\u00eda generada por&nbsp; las nuevas hidroel\u00e9ctricas, en operaci\u00f3n como Coco Codo Sinclair y Sopladora, abasteciendo la demanda de energ\u00eda el\u00e9ctrica a nivel nacional<\/p>\n\n\n\n<p class=\"has-text-align-center\"><strong><em>\u00a1Energ\u00eda para el Desarrollo!<\/em><\/strong><\/p>\n","protected":false},"excerpt":{"rendered":"<p>CELEC EP TRANSELECTRIC TRANSELECTRIC, naci\u00f3 como Sociedad An\u00f3nima el 13 de enero de 1999, luego de que se liquidara el Instituto Ecuatoriano de Electrificaci\u00f3n (INECEL), entidad que agrupaba la generaci\u00f3n, transmisi\u00f3n y distribuci\u00f3n de energ\u00eda el\u00e9ctrica en el Ecuador. TRANSELECTRIC funcion\u00f3 11 a\u00f1os como Sociedad An\u00f3nima hasta que en el a\u00f1o 2010, se crea la [&hellip;]<\/p>\n","protected":false},"author":1,"featured_media":0,"parent":0,"menu_order":0,"comment_status":"closed","ping_status":"closed","template":"","meta":{"_acf_changed":false,"inline_featured_image":false,"_themeisle_gutenberg_block_has_review":false,"footnotes":""},"categories":[],"tags":[],"class_list":["post-14","page","type-page","status-publish","hentry"],"acf":[],"_links":{"self":[{"href":"https:\/\/www.celec.gob.ec\/transelectric\/wp-json\/wp\/v2\/pages\/14","targetHints":{"allow":["GET"]}}],"collection":[{"href":"https:\/\/www.celec.gob.ec\/transelectric\/wp-json\/wp\/v2\/pages"}],"about":[{"href":"https:\/\/www.celec.gob.ec\/transelectric\/wp-json\/wp\/v2\/types\/page"}],"author":[{"embeddable":true,"href":"https:\/\/www.celec.gob.ec\/transelectric\/wp-json\/wp\/v2\/users\/1"}],"replies":[{"embeddable":true,"href":"https:\/\/www.celec.gob.ec\/transelectric\/wp-json\/wp\/v2\/comments?post=14"}],"version-history":[{"count":5,"href":"https:\/\/www.celec.gob.ec\/transelectric\/wp-json\/wp\/v2\/pages\/14\/revisions"}],"predecessor-version":[{"id":7403,"href":"https:\/\/www.celec.gob.ec\/transelectric\/wp-json\/wp\/v2\/pages\/14\/revisions\/7403"}],"wp:attachment":[{"href":"https:\/\/www.celec.gob.ec\/transelectric\/wp-json\/wp\/v2\/media?parent=14"}],"wp:term":[{"taxonomy":"category","embeddable":true,"href":"https:\/\/www.celec.gob.ec\/transelectric\/wp-json\/wp\/v2\/categories?post=14"},{"taxonomy":"post_tag","embeddable":true,"href":"https:\/\/www.celec.gob.ec\/transelectric\/wp-json\/wp\/v2\/tags?post=14"}],"curies":[{"name":"wp","href":"https:\/\/api.w.org\/{rel}","templated":true}]}}