{"id":140,"date":"2023-02-20T16:04:20","date_gmt":"2023-02-20T16:04:20","guid":{"rendered":"https:\/\/www.celec.gob.ec\/transelectric\/?page_id=140"},"modified":"2023-02-20T16:04:21","modified_gmt":"2023-02-20T16:04:21","slug":"preseleccion-de-proveedores-y-consultores","status":"publish","type":"page","link":"https:\/\/www.celec.gob.ec\/transelectric\/preseleccion-de-proveedores-y-consultores\/","title":{"rendered":"Preselecci\u00f3n de Proveedores y Consultores"},"content":{"rendered":"\n<p><strong>CONVOCATORIA PARA SOLICITUD DE COTIZACIONES A PROVEEDORES:<\/strong><\/p>\n\n\n\n<p><strong>TRA CONSULTOR\u00cdA PARA LA ELABORACI\u00d3N DEL ESTUDIO DE IMPACTO AMBIENTAL DEL SISTEMA DE TRANSMISI\u00d3N LAS ORQUIDEAS A 230\/69 kV y 230\/138 Kv<\/strong><\/p>\n\n\n\n<p>CELEC EP \u2013 TRANSELECTRIC convoca a todas las firmas consultoras, interesadas en presentar su propuesta, sobre la base de lo indicado en el archivo adjunto CONSIDERACIONES ESPEC\u00cdFICAS Y GENERALES.<\/p>\n\n\n\n<p>Esta informaci\u00f3n permitir\u00e1 a CELEC EP \u2013 TRANSELECTRIC realizar una preselecci\u00f3n para determinar la capacidad t\u00e9cnica de las firmas consultoras, de acuerdo con el objeto de la contrataci\u00f3n; y, analizar los precios de mercado actualizados, sin que esto implique una contrataci\u00f3n en firme, toda vez que el procedimiento que se determine, de acuerdo con su presupuesto referencial, pueda ser por Contrataci\u00f3n Directa, Lista Corta o Concurso P\u00fablico, se lo efectuar\u00e1 a trav\u00e9s del Portal Institucional del SERCOP.<\/p>\n\n\n\n<p>Por la naturaleza de la contrataci\u00f3n, se requiere que las cotizaciones sean remitidas por firmas consultoras, que se encuentren habilitadas en el Portal de Compras P\u00fablicas del SERCOP, con el C\u00f3digo CPC 831310012 denominado \u201cESTUDIO DE IMPACTO AMBIENTAL.<\/p>\n\n\n\n<p>Las firmas consultoras deber\u00e1n remitir los costos de consultor\u00eda, conforme lo dispone el Reglamento a la Ley Org\u00e1nica del Sistema Nacional de Contrataci\u00f3n P\u00fablica, en su art\u00edculo 155, para lo cual deber\u00e1n revisar y llenar el documento denominado \u201cFORMATO COTIZACI\u00d3N\u201d, adjunto a esta convocatoria y el cual contendr\u00e1 firma del representante legal o quien este facultado para ello y logos empresariales.<\/p>\n\n\n\n<p>Adem\u00e1s las firmas consultoras, deber\u00e1n adjuntar el documento \u201cANEXO COMPROMISO DE CUMPLIMIENTO\u201d, con la informaci\u00f3n solicitada, de forma afirmativa o negativa y de ser el caso su aclaraci\u00f3n u observaci\u00f3n de lo que considere pertinente, as\u00ed como tambi\u00e9n en copia simple informaci\u00f3n referente a su experiencia general y espec\u00edfica m\u00ednima, la cual deber\u00e1 ser dentro de los \u00faltimos 15 a\u00f1os.<\/p>\n\n\n\n<p>La cotizaci\u00f3n deber\u00e1 ser elaborada en base al citado archivo \u201cFORMATO COTIZACI\u00d3N\u201d, adjunto, y se remitir\u00e1 con firma electr\u00f3nica de responsabilidad&nbsp;<strong>(suscrito con firma electr\u00f3nica)<\/strong>&nbsp;a los correos electr\u00f3nicos (OBLIGATORIOS):&nbsp;<a href=\"mailto:rolando.caluna@celec.gob.ec\">rolando.caluna@celec.gob.ec<\/a>&nbsp;y&nbsp;<a href=\"mailto:juan.jibaja@celec.gob.ec\"><\/a><a href=\"mailto:juan.jibaja@celec.gob.ec\">juan.jibaja@celec.gob.ec<\/a>&nbsp;hasta las 17h00, del 27 de febrero de 2023.<\/p>\n\n\n\n<p><a href=\"https:\/\/www.celec.gob.ec\/transelectric\/images\/stories\/baners_home\/ADQUISICIONES\/preseleccion\/2023\/ORQUIDEAS\/CONVOCATORIA%20PRESELECCI%C3%93N%20ORQUIDEAS-signed.pdf\">CONVOCATORIA<\/a><\/p>\n\n\n\n<p><a href=\"https:\/\/www.celec.gob.ec\/transelectric\/images\/stories\/baners_home\/ADQUISICIONES\/preseleccion\/2023\/ORQUIDEAS\/CONDICIONES%20ESP%20Y%20GENERALES%20ST%20ORQUIDEAS-signed-signed.pdf\">CONDICIONES PARTICULARES Y GENERALES<\/a><\/p>\n\n\n\n<p><a href=\"https:\/\/www.celec.gob.ec\/transelectric\/images\/stories\/baners_home\/ADQUISICIONES\/preseleccion\/2023\/ORQUIDEAS\/ANEXO%20COMPROMISO%20DE%20CUMPLIMIENTO%20ST%20LAS%20ORQUIDEAS.DOC\">ANEXO COMPROMISO DE CUMPLIMIENTO<\/a><\/p>\n\n\n\n<p><a href=\"https:\/\/www.celec.gob.ec\/transelectric\/images\/stories\/baners_home\/ADQUISICIONES\/preseleccion\/2023\/ORQUIDEAS\/FORMATO%20COTIZACION%20ST%20ORQUIDEAS.XLS\">FORMATO COTIZACION<\/a><\/p>\n\n\n\n<p><a href=\"https:\/\/www.celec.gob.ec\/transelectric\/images\/stories\/baners_home\/ADQUISICIONES\/preseleccion\/2023\/ORQUIDEAS\/memoria_tecnica_sistema_transmisi%C3%B3n_las_orquideas-1[4430].pdf\">MEMORIA TECNICA<\/a><\/p>\n\n\n\n<p><strong>TRA CONSULTOR\u00cdA PARA LA ELABORACI\u00d3N DE LOS ESTUDIOS DE IMPACTO AMBIENTAL DE LAS SUBESTACIONES PALESTINA Y PUERTO INCA Y LAS L\u00cdNEAS DE TRANSMISI\u00d3N BAJO ALTO &#8211; SAN IDELFONSO Y LAGO DE CHONGON &#8211; POSORJA<\/strong><\/p>\n\n\n\n<p>CELEC EP \u2013 TRANSELECTRIC convoca a todas las firmas consultoras, interesadas en presentar su propuesta, sobre la base de lo indicado en el archivo adjunto CONSIDERACIONES ESPEC\u00cdFICAS Y GENERALES.<\/p>\n\n\n\n<p>Esta informaci\u00f3n permitir\u00e1 a CELEC EP \u2013 TRANSELECTRIC realizar una preselecci\u00f3n para determinar la capacidad t\u00e9cnica de las firmas consultoras, de acuerdo con el objeto de la contrataci\u00f3n; y, analizar los precios de mercado actualizados, sin que esto implique una contrataci\u00f3n en firme, toda vez que el procedimiento que se determine, de acuerdo con su presupuesto referencial, pueda ser por Contrataci\u00f3n Directa, Lista Corta o Concurso P\u00fablico, se lo efectuar\u00e1 a trav\u00e9s del Portal Institucional del SERCOP.<\/p>\n\n\n\n<p>Por la naturaleza de la contrataci\u00f3n, se requiere que las cotizaciones sean remitidas por firmas consultoras, que se encuentren habilitadas en el Portal de Compras P\u00fablicas del SERCOP, con el C\u00f3digo CPC 831310012 denominado \u201cESTUDIO DE IMPACTO AMBIENTAL.<\/p>\n\n\n\n<p>Las firmas consultoras deber\u00e1n remitir los costos de consultor\u00eda, conforme lo dispone el Reglamento a la Ley Org\u00e1nica del Sistema Nacional de Contrataci\u00f3n P\u00fablica, en su art\u00edculo 155, para lo cual deber\u00e1n revisar y llenar el documento denominado \u201cFORMATO COTIZACI\u00d3N\u201d, adjunto a esta convocatoria y el cual contendr\u00e1 firma del representante legal o quien este facultado para ello y logos empresariales.<\/p>\n\n\n\n<p>Adem\u00e1s las firmas consultoras, deber\u00e1n adjuntar el documento \u201cANEXO COMPROMISO DE CUMPLIMIENTO\u201d, con la informaci\u00f3n solicitada, de forma afirmativa o negativa y de ser el caso su aclaraci\u00f3n u observaci\u00f3n de lo que considere pertinente, as\u00ed como tambi\u00e9n en copia simple informaci\u00f3n referente a su experiencia general y espec\u00edfica m\u00ednima, la cual deber\u00e1 ser dentro de los \u00faltimos 15 a\u00f1os.<\/p>\n\n\n\n<p>La cotizaci\u00f3n deber\u00e1 ser elaborada en base al citado archivo \u201cFORMATO COTIZACI\u00d3N\u201d, adjunto, y se remitir\u00e1 con firma electr\u00f3nica de responsabilidad&nbsp;<strong>(suscrito con firma electr\u00f3nica)<\/strong>&nbsp;a los correos electr\u00f3nicos (OBLIGATORIOS):&nbsp;<a href=\"mailto:fabian.torres@celec.gob.ec\">fabian.torres@celec.gob.ec<\/a>&nbsp;y&nbsp;<a href=\"mailto:juan.jibaja@celec.gob.ec\"><\/a><a href=\"mailto:juan.jibaja@celec.gob.ec\">juan.jibaja@celec.gob.ec<\/a>&nbsp;hasta las 17h00, del 01 de marzo de 2023.<\/p>\n\n\n\n<p><a href=\"https:\/\/www.celec.gob.ec\/transelectric\/images\/stories\/baners_home\/ADQUISICIONES\/preseleccion\/2023\/CAF\/CONVOCATORIA%20PRESELECCI%C3%93N%20CAF-signed.pdf\">CONVOCATORIA<\/a><\/p>\n\n\n\n<p><a href=\"https:\/\/www.celec.gob.ec\/transelectric\/images\/stories\/baners_home\/ADQUISICIONES\/preseleccion\/2023\/CAF\/CONDICIONES%20GENERALES%20Y%20ESPECIFICAS%20PROYECTOS%20CAF-signed-signed.pdf\">CONDICIONES PARTICULARES Y GENERALES<\/a><\/p>\n\n\n\n<p><a href=\"https:\/\/www.celec.gob.ec\/transelectric\/images\/stories\/baners_home\/ADQUISICIONES\/preseleccion\/2023\/CAF\/ANEXO%20COMPROMISO%20DE%20CUMPLIMIENTO%20ESTUDIOS%20CAF.DOC\">ANEXO COMPROMISO DE CUMPLIMIENTO<\/a><\/p>\n\n\n\n<p><a href=\"https:\/\/www.celec.gob.ec\/transelectric\/images\/stories\/baners_home\/ADQUISICIONES\/preseleccion\/2023\/CAF\/FORMATO%20COTIZACION%20PROYECTOS%20CAF.XLS\">FORMATO COTIZACION<\/a><\/p>\n\n\n\n<p><a href=\"https:\/\/www.celec.gob.ec\/transelectric\/images\/stories\/baners_home\/ADQUISICIONES\/preseleccion\/2023\/CAF\/MEMORIAS%20TECNICAS.rar\">MEMORIA TECNICA<\/a><\/p>\n\n\n\n<p><a href=\"https:\/\/www.celec.gob.ec\/transelectric\/images\/stories\/baners_home\/ADQUISICIONES\/preseleccion\/2023\/CAF\/DOCUMENTOS%20CAF.rar\">DOCUMENTOS CAF<\/a><\/p>\n\n\n\n<p><strong>\u00abTRA ESTUDIO DE ESTABILIZACION DEL SITIO DE IMPLANTACION DE LA SUBESTACION LIMON\u00bb<\/strong><\/p>\n\n\n\n<p>CELEC EP \u2013 TRANSELECTRIC convoca a todas las personas naturales o jur\u00eddicas nacionales o extranjeras interesadas en presentar su propuesta, tomando en consideraci\u00f3n lo indicado en el archivo adjunto \u201cConsideraciones espec\u00edficas y generales\u201d para preselecci\u00f3n de consultores. Esta informaci\u00f3n permitir\u00e1 a CELEC EP \u2013 TRANSELECTRIC realizar una preselecci\u00f3n para determinar la capacidad t\u00e9cnica de los consultores, de acuerdo con el objeto de la contrataci\u00f3n; y, analizar los precios de mercado actualizados, sin que esto implique una contrataci\u00f3n en firme, toda vez que el procedimiento se determinar\u00e1 de acuerdo con el presupuesto referencial conforme lo dispone la LOSNCP, y pueda ser por Contrataci\u00f3n Directa, Lista Corta o Concurso P\u00fablico, proceso que se efectuar\u00e1 a trav\u00e9s del Portal Institucional del SERCOP.<\/p>\n\n\n\n<p>Por la naturaleza de la contrataci\u00f3n, se requiere que las cotizaciones sean remitidas por los consultores que se encuentren habilitados en el Portal de Compras P\u00fablicas del SERCOP, con el C\u00f3digo. 835100018 denominado \u201cSERVICIOS DE CONSULTOR\u00cdA GEOT\u00c9CNICOS\u201d.<\/p>\n\n\n\n<p>Los consultores naturales o jur\u00eddicos deber\u00e1n remitir los costos de consultor\u00eda, conforme lo dispone el art\u00edculo 155 del Reglamento a la Ley Org\u00e1nica del Sistema Nacional de Contrataci\u00f3n P\u00fablica, para lo cual deber\u00e1n revisar y llenar el documento denominado \u201cFormato Cotizaci\u00f3n\u201d, adjunto a esta invitaci\u00f3n y la cual contendr\u00e1 la firma del consultor o del Representante Legal o quien este facultado para ello y logos empresariales, seg\u00fan el caso.<\/p>\n\n\n\n<p>Adicionalmente, los consultores deber\u00e1n adjuntar el documento Anexo \u201cCompromiso de cumplimiento de actividades y condiciones requeridas\u201d, con la informaci\u00f3n solicitada, de forma afirmativa o negativa y de ser el caso su aclaraci\u00f3n u observaci\u00f3n de lo que considere pertinente.<\/p>\n\n\n\n<p>La cotizaci\u00f3n se remitir\u00e1 a los siguientes correos:&nbsp;<a href=\"mailto:edwin.andino@celec.gob.ec\"><\/a><a href=\"mailto:edwin.andino@celec.gob.ec\">edwin.andino@celec.gob.ec<\/a>,&nbsp;<a href=\"mailto:diego.aragundi@celec.gob.ec\"><\/a><a href=\"mailto:diego.aragundi@celec.gob.ec\">diego.aragundi@celec.gob.ec<\/a>&nbsp;y&nbsp;<a href=\"mailto:paul.gutierrez@celec.gob.ec\">paul.gutierrez@celec.gob.ec<\/a>&nbsp;hasta las 17:00 pm del 24 de febrero de 2023.<a href=\"https:\/\/www.celec.gob.ec\/transelectric\/images\/stories\/baners_home\/ADQUISICIONES\/preseleccion\/2023\/LIMON\/Convocatoria-signed.pdf\">Convocatoria<\/a><\/p>\n\n\n\n<p><a href=\"https:\/\/www.celec.gob.ec\/transelectric\/images\/stories\/baners_home\/ADQUISICIONES\/preseleccion\/2023\/LIMON\/Condiciones%20especificas%20y%20generales.pdf\">Consideraciones espec\u00edficas y generales<\/a><a href=\"https:\/\/www.celec.gob.ec\/transelectric\/images\/stories\/baners_home\/ADQUISICIONES\/preseleccion\/2023\/LIMON\/Formato%20Cotizacion.XLS\">Formato Cotizaci\u00f3n<\/a><\/p>\n\n\n\n<p><a href=\"https:\/\/www.celec.gob.ec\/transelectric\/images\/stories\/baners_home\/ADQUISICIONES\/preseleccion\/2023\/LIMON\/Compromiso%20de%20cumplimiento%20de%20actividades%20y%20condiciones%20requeridas.DOC\">Compromiso de cumplimiento de actividades y condiciones requeridas<\/a><\/p>\n\n\n\n<p><a href=\"https:\/\/www.celec.gob.ec\/transelectric\/images\/stories\/baners_home\/ADQUISICIONES\/preseleccion\/2023\/LIMON\/ANEXOS%20TECNICOS%20A-B-C1-signed-signed.pdf\">Anexos T\u00e9cnicos<\/a><\/p>\n\n\n\n<p><strong>CONVOCATORIA PARA SOLICITUD DE COTIZACIONES A PROVEEDORES:<\/strong><\/p>\n\n\n\n<p>\u00ab<strong>TRA ESTUDIO DE MEC\u00c1NICA DE SUELOS PARA LAS VARIANTES DE LAS L\u00cdNEAS DE TRANSMISI\u00d3N CHONG\u00d3N-POSORJA 138kV, CHONG\u00d3N-SANTA ELENA 138kV, SANTA ROSA-SANTO DOMINGO 230kV, TADAY-BOMBOIZA 230kV, TISALEO-CHORRILLOS 500kV, ZHORAY-MILAGRO 230kV Y MENDEZ-MACAS 138kV\u00bb<\/strong><\/p>\n\n\n\n<p>CELEC EP \u2013 TRANSELECTRIC convoca a todas las personas naturales o jur\u00eddicas nacionales o extranjeras interesadas en presentar su propuesta, tomando en consideraci\u00f3n lo indicado en el archivo adjunto \u201cConsideraciones espec\u00edficas y generales\u201d para preselecci\u00f3n de consultores. Esta informaci\u00f3n permitir\u00e1 a CELEC EP \u2013 TRANSELECTRIC realizar una preselecci\u00f3n para determinar la capacidad t\u00e9cnica de los consultores , de acuerdo con el objeto de la contrataci\u00f3n; y, analizar los precios de mercado actualizados, sin que esto implique una contrataci\u00f3n en firme, toda vez que el procedimiento se determinar\u00e1 de acuerdo con el presupuesto referencial, pudiendo ser Contrataci\u00f3n Directa, Lista Corta o Concurso P\u00fablico, mismo que se lo efectuar\u00e1 a trav\u00e9s del Portal Institucional del SERCOP.<\/p>\n\n\n\n<p>Por la naturaleza de la contrataci\u00f3n, se requiere que las cotizaciones sean remitidas por los consultores &nbsp;que se encuentren habilitados en el Portal de Compras P\u00fablicas del SERCOP, con el C\u00f3digo CPC 835100018 denominado \u201cSERVICIOS DE CONSULTOR\u00cdA GEOT\u00c9CNICOS\u201d.<\/p>\n\n\n\n<p>Los consultores &nbsp;naturales o jur\u00eddicos deber\u00e1n remitir los costos de consultor\u00eda, conforme lo dispone el Reglamento a la Ley Org\u00e1nica del Sistema Nacional de Contrataci\u00f3n P\u00fablica, en su art\u00edculo 155, para lo cual deber\u00e1n revisar y llenar el documento denominado \u201cFormato Cotizaci\u00f3n\u201d, adjunto a esta invitaci\u00f3n y la cual contendr\u00e1 firma del consultor o representante legal o quien este facultado para ello y logos empresariales.<\/p>\n\n\n\n<p>Adicionalmente, los consultores &nbsp;deber\u00e1n adjuntar el documento Anexo \u201cCompromiso de cumplimiento de actividades y condiciones requeridas\u201d, con la informaci\u00f3n solicitada, de forma afirmativa o negativa y de ser el caso su aclaraci\u00f3n u observaci\u00f3n de lo que considere pertinente.<\/p>\n\n\n\n<p>La cotizaci\u00f3n se remitir\u00e1 a los siguientes correos electr\u00f3nicos: &nbsp;<a href=\"mailto:elizabeth.preciado@celec.gob.ec\"><\/a><a href=\"mailto:elizabeth.preciado@celec.gob.ec\">elizabeth.preciado@celec.gob.ec<\/a>,&nbsp;<a href=\"mailto:diego.aragundi@celec.gob.ec\"><\/a><a href=\"mailto:diego.aragundi@celec.gob.ec\">diego.aragundi@celec.gob.ec<\/a>&nbsp;y&nbsp;<a href=\"mailto:paul.gutierrez@celec.gob.ec\">paul.gutierrez@celec.gob.ec<\/a>&nbsp;hasta las 17:00 pm, del 16 de febrero de 2023.<\/p>\n\n\n\n<p><a href=\"https:\/\/www.celec.gob.ec\/transelectric\/images\/stories\/baners_home\/ADQUISICIONES\/preseleccion\/2023\/CHONGON%20POSORJA\/CONVOCATORIA.pdf\">Convocatoria<\/a><\/p>\n\n\n\n<p><a href=\"https:\/\/www.celec.gob.ec\/transelectric\/images\/stories\/baners_home\/ADQUISICIONES\/preseleccion\/2023\/CHONGON%20POSORJA\/Compromiso%20de%20cumplimiento%20de%20actividades%20y%20condiciones%20requeridas.DOC\">Compromiso de cumplimiento de actividades y condiciones requeridas<\/a><a href=\"https:\/\/www.celec.gob.ec\/transelectric\/images\/stories\/baners_home\/ADQUISICIONES\/preseleccion\/2023\/CHONGON%20POSORJA\/Formato%20Cotizaci%C3%B3n.XLS\">Formato Cotizaci\u00f3n<\/a><\/p>\n\n\n\n<p><a href=\"https:\/\/www.celec.gob.ec\/transelectric\/images\/stories\/baners_home\/ADQUISICIONES\/preseleccion\/2023\/CHONGON%20POSORJA\/Consideraciones%20especificas%20y%20generales.pdf\">Consideraciones espec\u00edficas y generales<\/a><\/p>\n","protected":false},"excerpt":{"rendered":"<p>CONVOCATORIA PARA SOLICITUD DE COTIZACIONES A PROVEEDORES: TRA CONSULTOR\u00cdA PARA LA ELABORACI\u00d3N DEL ESTUDIO DE IMPACTO AMBIENTAL DEL SISTEMA DE TRANSMISI\u00d3N LAS ORQUIDEAS A 230\/69 kV y 230\/138 Kv CELEC EP \u2013 TRANSELECTRIC convoca a todas las firmas consultoras, interesadas en presentar su propuesta, sobre la base de lo indicado en el archivo adjunto CONSIDERACIONES [&hellip;]<\/p>\n","protected":false},"author":1,"featured_media":0,"parent":0,"menu_order":0,"comment_status":"closed","ping_status":"closed","template":"","meta":{"_acf_changed":false,"inline_featured_image":false,"_themeisle_gutenberg_block_has_review":false,"footnotes":""},"categories":[],"tags":[],"class_list":["post-140","page","type-page","status-publish","hentry"],"acf":[],"_links":{"self":[{"href":"https:\/\/www.celec.gob.ec\/transelectric\/wp-json\/wp\/v2\/pages\/140","targetHints":{"allow":["GET"]}}],"collection":[{"href":"https:\/\/www.celec.gob.ec\/transelectric\/wp-json\/wp\/v2\/pages"}],"about":[{"href":"https:\/\/www.celec.gob.ec\/transelectric\/wp-json\/wp\/v2\/types\/page"}],"author":[{"embeddable":true,"href":"https:\/\/www.celec.gob.ec\/transelectric\/wp-json\/wp\/v2\/users\/1"}],"replies":[{"embeddable":true,"href":"https:\/\/www.celec.gob.ec\/transelectric\/wp-json\/wp\/v2\/comments?post=140"}],"version-history":[{"count":1,"href":"https:\/\/www.celec.gob.ec\/transelectric\/wp-json\/wp\/v2\/pages\/140\/revisions"}],"predecessor-version":[{"id":141,"href":"https:\/\/www.celec.gob.ec\/transelectric\/wp-json\/wp\/v2\/pages\/140\/revisions\/141"}],"wp:attachment":[{"href":"https:\/\/www.celec.gob.ec\/transelectric\/wp-json\/wp\/v2\/media?parent=140"}],"wp:term":[{"taxonomy":"category","embeddable":true,"href":"https:\/\/www.celec.gob.ec\/transelectric\/wp-json\/wp\/v2\/categories?post=140"},{"taxonomy":"post_tag","embeddable":true,"href":"https:\/\/www.celec.gob.ec\/transelectric\/wp-json\/wp\/v2\/tags?post=140"}],"curies":[{"name":"wp","href":"https:\/\/api.w.org\/{rel}","templated":true}]}}