{"id":18,"date":"2023-02-18T18:40:15","date_gmt":"2023-02-18T18:40:15","guid":{"rendered":"https:\/\/www.celec.gob.ec\/transelectric\/?page_id=18"},"modified":"2023-03-01T22:39:05","modified_gmt":"2023-03-01T22:39:05","slug":"guia-de-control-parental","status":"publish","type":"page","link":"https:\/\/www.celec.gob.ec\/transelectric\/guia-de-control-parental\/","title":{"rendered":"Gu\u00eda de control parental"},"content":{"rendered":"\n<p>\u00abEn cumplimiento del art\u00edculo 4 de la Resoluci\u00f3n Nro. ARCOTEL-2018-07116 NORMA T\u00c9CNICA QUE REGULA LAS CONDICIONES GENERALES DE CONTRATOS DE ADHESI\u00d3N, DEL CONTRATO NEGOCIADO CON CLIENTES, Y DEL EMPADRONAMIENTO DE ABONADOS Y CLIENTES, se pone a su disposici\u00f3n la \u201cGU\u00cdA DE CONTROL PARENTAL\u201d dirigida a padres, usuarios en general, respecto del uso responsable, la protecci\u00f3n y las medidas de control de acceso a contenidos que puedan afectar a grupos de inter\u00e9s como ni\u00f1as, ni\u00f1os y adolescentes.<\/p>\n\n\n\n<div style=\"height:30px\" aria-hidden=\"true\" class=\"wp-block-spacer\"><\/div>\n\n\n\n<div class=\"wp-block-buttons is-content-justification-center is-layout-flex wp-container-core-buttons-is-layout-16018d1d wp-block-buttons-is-layout-flex\">\n<div class=\"wp-block-button has-custom-font-size has-small-font-size\"><a class=\"wp-block-button__link wp-element-button\" href=\"https:\/\/www.celec.gob.ec\/transelectric\/wp-content\/uploads\/2023\/02\/Guia-de-control-parental.pdf\">Acceso a la gu\u00eda de control parental<\/a><\/div>\n<\/div>\n\n\n\n<div style=\"height:30px\" aria-hidden=\"true\" class=\"wp-block-spacer\"><\/div>\n","protected":false},"excerpt":{"rendered":"<p>\u00abEn cumplimiento del art\u00edculo 4 de la Resoluci\u00f3n Nro. ARCOTEL-2018-07116 NORMA T\u00c9CNICA QUE REGULA LAS CONDICIONES GENERALES DE CONTRATOS DE ADHESI\u00d3N, DEL CONTRATO NEGOCIADO CON CLIENTES, Y DEL EMPADRONAMIENTO DE ABONADOS Y CLIENTES, se pone a su disposici\u00f3n la \u201cGU\u00cdA DE CONTROL PARENTAL\u201d dirigida a padres, usuarios en general, respecto del uso responsable, la protecci\u00f3n [&hellip;]<\/p>\n","protected":false},"author":1,"featured_media":0,"parent":0,"menu_order":0,"comment_status":"closed","ping_status":"closed","template":"","meta":{"_acf_changed":false,"inline_featured_image":false,"_themeisle_gutenberg_block_has_review":false,"footnotes":""},"categories":[],"tags":[],"class_list":["post-18","page","type-page","status-publish","hentry"],"acf":[],"_links":{"self":[{"href":"https:\/\/www.celec.gob.ec\/transelectric\/wp-json\/wp\/v2\/pages\/18","targetHints":{"allow":["GET"]}}],"collection":[{"href":"https:\/\/www.celec.gob.ec\/transelectric\/wp-json\/wp\/v2\/pages"}],"about":[{"href":"https:\/\/www.celec.gob.ec\/transelectric\/wp-json\/wp\/v2\/types\/page"}],"author":[{"embeddable":true,"href":"https:\/\/www.celec.gob.ec\/transelectric\/wp-json\/wp\/v2\/users\/1"}],"replies":[{"embeddable":true,"href":"https:\/\/www.celec.gob.ec\/transelectric\/wp-json\/wp\/v2\/comments?post=18"}],"version-history":[{"count":3,"href":"https:\/\/www.celec.gob.ec\/transelectric\/wp-json\/wp\/v2\/pages\/18\/revisions"}],"predecessor-version":[{"id":398,"href":"https:\/\/www.celec.gob.ec\/transelectric\/wp-json\/wp\/v2\/pages\/18\/revisions\/398"}],"wp:attachment":[{"href":"https:\/\/www.celec.gob.ec\/transelectric\/wp-json\/wp\/v2\/media?parent=18"}],"wp:term":[{"taxonomy":"category","embeddable":true,"href":"https:\/\/www.celec.gob.ec\/transelectric\/wp-json\/wp\/v2\/categories?post=18"},{"taxonomy":"post_tag","embeddable":true,"href":"https:\/\/www.celec.gob.ec\/transelectric\/wp-json\/wp\/v2\/tags?post=18"}],"curies":[{"name":"wp","href":"https:\/\/api.w.org\/{rel}","templated":true}]}}