{"id":22,"date":"2023-02-18T18:42:11","date_gmt":"2023-02-18T18:42:11","guid":{"rendered":"https:\/\/www.celec.gob.ec\/transelectric\/?page_id=22"},"modified":"2023-03-01T22:38:22","modified_gmt":"2023-03-01T22:38:22","slug":"mision-vision-y-valores-corporativos","status":"publish","type":"page","link":"https:\/\/www.celec.gob.ec\/transelectric\/mision-vision-y-valores-corporativos\/","title":{"rendered":"Misi\u00f3n, visi\u00f3n y valores corporativos"},"content":{"rendered":"\n<h3 class=\"wp-block-heading\"><strong>Misi\u00f3n&nbsp;<\/strong><\/h3>\n\n\n\n<div style=\"height:30px\" aria-hidden=\"true\" class=\"wp-block-spacer\"><\/div>\n\n\n\n<p>Lideramos la transici\u00f3n energ\u00e9tica mediante soluciones integrales de energ\u00eda con innovaci\u00f3n y creaci\u00f3n de valor sostenible.<\/p>\n\n\n\n<div style=\"height:30px\" aria-hidden=\"true\" class=\"wp-block-spacer\"><\/div>\n\n\n\n<h3 class=\"wp-block-heading\"><strong>Visi\u00f3n&nbsp;<\/strong><\/h3>\n\n\n\n<p>Ser reconocida como la mayor empresa p\u00fablica del Ecuador, que genera bienestar a sus grupos de inter\u00e9s por excelencia t\u00e9cnica, transparencia, fortaleza financiera, capital humano inspirado y continuo desarrollo de nuevos negocios.<\/p>\n\n\n\n<div style=\"height:30px\" aria-hidden=\"true\" class=\"wp-block-spacer\"><\/div>\n\n\n\n<h3 class=\"wp-block-heading\"><strong>Valores corporativos<\/strong><\/h3>\n\n\n\n<ul class=\"wp-block-list\">\n<li>Gesti\u00f3n responsable y sostenible<\/li>\n\n\n\n<li>Integridad y transparencia<\/li>\n\n\n\n<li>Calidad y excelencia<\/li>\n\n\n\n<li>Respeto<\/li>\n\n\n\n<li>Compromiso<\/li>\n<\/ul>\n","protected":false},"excerpt":{"rendered":"<p>Misi\u00f3n&nbsp; Lideramos la transici\u00f3n energ\u00e9tica mediante soluciones integrales de energ\u00eda con innovaci\u00f3n y creaci\u00f3n de valor sostenible. Visi\u00f3n&nbsp; Ser reconocida como la mayor empresa p\u00fablica del Ecuador, que genera bienestar a sus grupos de inter\u00e9s por excelencia t\u00e9cnica, transparencia, fortaleza financiera, capital humano inspirado y continuo desarrollo de nuevos negocios. Valores corporativos<\/p>\n","protected":false},"author":1,"featured_media":0,"parent":0,"menu_order":0,"comment_status":"closed","ping_status":"closed","template":"","meta":{"_acf_changed":false,"inline_featured_image":false,"_themeisle_gutenberg_block_has_review":false,"footnotes":""},"categories":[],"tags":[],"class_list":["post-22","page","type-page","status-publish","hentry"],"acf":[],"_links":{"self":[{"href":"https:\/\/www.celec.gob.ec\/transelectric\/wp-json\/wp\/v2\/pages\/22","targetHints":{"allow":["GET"]}}],"collection":[{"href":"https:\/\/www.celec.gob.ec\/transelectric\/wp-json\/wp\/v2\/pages"}],"about":[{"href":"https:\/\/www.celec.gob.ec\/transelectric\/wp-json\/wp\/v2\/types\/page"}],"author":[{"embeddable":true,"href":"https:\/\/www.celec.gob.ec\/transelectric\/wp-json\/wp\/v2\/users\/1"}],"replies":[{"embeddable":true,"href":"https:\/\/www.celec.gob.ec\/transelectric\/wp-json\/wp\/v2\/comments?post=22"}],"version-history":[{"count":4,"href":"https:\/\/www.celec.gob.ec\/transelectric\/wp-json\/wp\/v2\/pages\/22\/revisions"}],"predecessor-version":[{"id":396,"href":"https:\/\/www.celec.gob.ec\/transelectric\/wp-json\/wp\/v2\/pages\/22\/revisions\/396"}],"wp:attachment":[{"href":"https:\/\/www.celec.gob.ec\/transelectric\/wp-json\/wp\/v2\/media?parent=22"}],"wp:term":[{"taxonomy":"category","embeddable":true,"href":"https:\/\/www.celec.gob.ec\/transelectric\/wp-json\/wp\/v2\/categories?post=22"},{"taxonomy":"post_tag","embeddable":true,"href":"https:\/\/www.celec.gob.ec\/transelectric\/wp-json\/wp\/v2\/tags?post=22"}],"curies":[{"name":"wp","href":"https:\/\/api.w.org\/{rel}","templated":true}]}}