{"id":24,"date":"2023-02-18T18:42:42","date_gmt":"2023-02-18T18:42:42","guid":{"rendered":"https:\/\/www.celec.gob.ec\/transelectric\/?page_id=24"},"modified":"2024-07-04T12:20:50","modified_gmt":"2024-07-04T17:20:50","slug":"normativa","status":"publish","type":"page","link":"https:\/\/www.celec.gob.ec\/transelectric\/normativa\/","title":{"rendered":"Normativa"},"content":{"rendered":"\n<ul class=\"wp-block-list\">\n<li><a href=\"https:\/\/www.celec.gob.ec\/transelectric\/wp-content\/uploads\/2024\/07\/Decreto-220.pdf\" data-type=\"link\" data-id=\"https:\/\/www.celec.gob.ec\/transelectric\/wp-content\/uploads\/2024\/07\/Decreto-220.pdf\">Decreto ejecutivo 220<\/a><\/li>\n\n\n\n<li><a href=\"https:\/\/www.celec.gob.ec\/transelectric\/wp-content\/uploads\/2024\/07\/Ley_empresas_publicas.pdf\" data-type=\"link\" data-id=\"https:\/\/www.celec.gob.ec\/transelectric\/wp-content\/uploads\/2024\/07\/Ley_empresas_publicas.pdf\">Ley org\u00e1nica de empresas p\u00fablicas<\/a><\/li>\n\n\n\n<li><a href=\"https:\/\/www.celec.gob.ec\/transelectric\/wp-content\/uploads\/2024\/07\/LOSNCP_RO395.pdf\" data-type=\"link\" data-id=\"https:\/\/www.celec.gob.ec\/transelectric\/wp-content\/uploads\/2024\/07\/LOSNCP_RO395.pdf\">Ley org\u00e1nica de contrataci\u00f3n p\u00fablica<\/a><\/li>\n\n\n\n<li><a href=\"https:\/\/www.celec.gob.ec\/transelectric\/wp-content\/uploads\/2024\/07\/resolucion_nro._arcernnr-013-2021ed-1.pdf\" data-type=\"link\" data-id=\"https:\/\/www.celec.gob.ec\/transelectric\/wp-content\/uploads\/2024\/07\/resolucion_nro._arcernnr-013-2021ed-1.pdf\">Marco normativo de la Generaci\u00f3n Distribuida para autoabastecimiento de consumidores regulados de energ\u00eda el\u00e9ctrica<\/a><\/li>\n<\/ul>\n","protected":false},"excerpt":{"rendered":"","protected":false},"author":1,"featured_media":0,"parent":0,"menu_order":0,"comment_status":"closed","ping_status":"closed","template":"","meta":{"_acf_changed":false,"inline_featured_image":false,"_themeisle_gutenberg_block_has_review":false,"footnotes":""},"categories":[],"tags":[],"class_list":["post-24","page","type-page","status-publish","hentry"],"acf":[],"_links":{"self":[{"href":"https:\/\/www.celec.gob.ec\/transelectric\/wp-json\/wp\/v2\/pages\/24","targetHints":{"allow":["GET"]}}],"collection":[{"href":"https:\/\/www.celec.gob.ec\/transelectric\/wp-json\/wp\/v2\/pages"}],"about":[{"href":"https:\/\/www.celec.gob.ec\/transelectric\/wp-json\/wp\/v2\/types\/page"}],"author":[{"embeddable":true,"href":"https:\/\/www.celec.gob.ec\/transelectric\/wp-json\/wp\/v2\/users\/1"}],"replies":[{"embeddable":true,"href":"https:\/\/www.celec.gob.ec\/transelectric\/wp-json\/wp\/v2\/comments?post=24"}],"version-history":[{"count":4,"href":"https:\/\/www.celec.gob.ec\/transelectric\/wp-json\/wp\/v2\/pages\/24\/revisions"}],"predecessor-version":[{"id":8127,"href":"https:\/\/www.celec.gob.ec\/transelectric\/wp-json\/wp\/v2\/pages\/24\/revisions\/8127"}],"wp:attachment":[{"href":"https:\/\/www.celec.gob.ec\/transelectric\/wp-json\/wp\/v2\/media?parent=24"}],"wp:term":[{"taxonomy":"category","embeddable":true,"href":"https:\/\/www.celec.gob.ec\/transelectric\/wp-json\/wp\/v2\/categories?post=24"},{"taxonomy":"post_tag","embeddable":true,"href":"https:\/\/www.celec.gob.ec\/transelectric\/wp-json\/wp\/v2\/tags?post=24"}],"curies":[{"name":"wp","href":"https:\/\/api.w.org\/{rel}","templated":true}]}}