{"id":326,"date":"2023-03-01T19:22:54","date_gmt":"2023-03-01T19:22:54","guid":{"rendered":"https:\/\/www.celec.gob.ec\/transelectric\/?page_id=326"},"modified":"2023-06-27T12:21:05","modified_gmt":"2023-06-27T17:21:05","slug":"solicitud-de-servicios","status":"publish","type":"page","link":"https:\/\/www.celec.gob.ec\/transelectric\/solicitud-de-servicios\/","title":{"rendered":"Solicitud de servicios"},"content":{"rendered":"\n<p>El cliente del sector energ\u00e9tico debe enviar la solicitud de servicio v\u00eda correo electr\u00f3nico u oficio adjuntando el formulario, disponible para su descarga en el siguiente enlace:<\/p>\n\n\n\n<div style=\"height:30px\" aria-hidden=\"true\" class=\"wp-block-spacer\"><\/div>\n\n\n\n<p class=\"has-text-align-center\"><strong><a href=\"https:\/\/celecloud.celec.gob.ec\/s\/pQbBxdAaZ6sa2Js\" data-type=\"URL\" data-id=\"https:\/\/celecloud.celec.gob.ec\/s\/pQbBxdAaZ6sa2Js\">Para descargar formulario hacer clic aqu\u00ed<\/a><\/strong><\/p>\n\n\n\n<div style=\"height:30px\" aria-hidden=\"true\" class=\"wp-block-spacer\"><\/div>\n\n\n\n<p>Las solicitudes de servicios deben ser dirigidas&nbsp;al Gerente de la Unidad de Negocio TRANSELECTRIC, en donde se ingresa la petici\u00f3n del servicio con los datos t\u00e9cnicos del requerimiento solicitado.<\/p>\n\n\n\n<div style=\"height:30px\" aria-hidden=\"true\" class=\"wp-block-spacer\"><\/div>\n\n\n\n<p><strong>CONTACTO<\/strong><\/p>\n\n\n\n<p>Centro de gesti\u00f3n:<br>Aspectos t\u00e9cnicos (Atenci\u00f3n las 24 horas del d\u00eda los 365 d\u00edas del a\u00f1o)<br><a href=\"mailto:gestionfo@celec.gob.ec\"><\/a><a href=\"mailto:gestionfo@celec.gob.ec\">gestionfo@celec.gob.ec<\/a>, (593-2) 225099<\/p>\n","protected":false},"excerpt":{"rendered":"<p>El cliente del sector energ\u00e9tico debe enviar la solicitud de servicio v\u00eda correo electr\u00f3nico u oficio adjuntando el formulario, disponible para su descarga en el siguiente enlace: Para descargar formulario hacer clic aqu\u00ed Las solicitudes de servicios deben ser dirigidas&nbsp;al Gerente de la Unidad de Negocio TRANSELECTRIC, en donde se ingresa la petici\u00f3n del servicio [&hellip;]<\/p>\n","protected":false},"author":1,"featured_media":0,"parent":0,"menu_order":0,"comment_status":"closed","ping_status":"closed","template":"","meta":{"_acf_changed":false,"inline_featured_image":false,"_themeisle_gutenberg_block_has_review":false,"footnotes":""},"categories":[],"tags":[],"class_list":["post-326","page","type-page","status-publish","hentry"],"acf":[],"_links":{"self":[{"href":"https:\/\/www.celec.gob.ec\/transelectric\/wp-json\/wp\/v2\/pages\/326","targetHints":{"allow":["GET"]}}],"collection":[{"href":"https:\/\/www.celec.gob.ec\/transelectric\/wp-json\/wp\/v2\/pages"}],"about":[{"href":"https:\/\/www.celec.gob.ec\/transelectric\/wp-json\/wp\/v2\/types\/page"}],"author":[{"embeddable":true,"href":"https:\/\/www.celec.gob.ec\/transelectric\/wp-json\/wp\/v2\/users\/1"}],"replies":[{"embeddable":true,"href":"https:\/\/www.celec.gob.ec\/transelectric\/wp-json\/wp\/v2\/comments?post=326"}],"version-history":[{"count":2,"href":"https:\/\/www.celec.gob.ec\/transelectric\/wp-json\/wp\/v2\/pages\/326\/revisions"}],"predecessor-version":[{"id":5980,"href":"https:\/\/www.celec.gob.ec\/transelectric\/wp-json\/wp\/v2\/pages\/326\/revisions\/5980"}],"wp:attachment":[{"href":"https:\/\/www.celec.gob.ec\/transelectric\/wp-json\/wp\/v2\/media?parent=326"}],"wp:term":[{"taxonomy":"category","embeddable":true,"href":"https:\/\/www.celec.gob.ec\/transelectric\/wp-json\/wp\/v2\/categories?post=326"},{"taxonomy":"post_tag","embeddable":true,"href":"https:\/\/www.celec.gob.ec\/transelectric\/wp-json\/wp\/v2\/tags?post=326"}],"curies":[{"name":"wp","href":"https:\/\/api.w.org\/{rel}","templated":true}]}}