{"id":4957,"date":"2023-05-17T18:54:48","date_gmt":"2023-05-17T23:54:48","guid":{"rendered":"https:\/\/www.celec.gob.ec\/transelectric\/?page_id=4957"},"modified":"2023-05-17T18:58:49","modified_gmt":"2023-05-17T23:58:49","slug":"intervenciones-emergentes-de-la-red-de-telecomunicaciones-2021","status":"publish","type":"page","link":"https:\/\/www.celec.gob.ec\/transelectric\/intervenciones-emergentes-de-la-red-de-telecomunicaciones-2021\/","title":{"rendered":"Intervenciones emergentes de la red de telecomunicaciones 2021"},"content":{"rendered":"\n<p>Abril<\/p>\n\n\n\n<ul class=\"wp-block-list\">\n<li><a href=\"https:\/\/www.celec.gob.ec\/transelectric\/images\/stories\/noticias\/2021WEB\/intervenciones%202021\/25%20de%20abril%202021\/REPORTE%20WEB%2025%20DE%20ABRIL%202021.pdf\">OPGW L\/T San Gregorio &#8211; Montecristi a 138kV, 25 de abril de 2021<\/a><\/li>\n<\/ul>\n\n\n\n<p>Junio<\/p>\n\n\n\n<ul class=\"wp-block-list\">\n<li><a href=\"https:\/\/www.celec.gob.ec\/transelectric\/images\/stories\/noticias\/2021WEB\/intervenciones%202021\/27%20de%20julio%20de%202021\/REPORTE%20WEB%2027%20DE%20JUNIO%202021.pdf\">L\u00ednea de transmisi\u00f3n Cuenca &#8211; Loja, 27 de junio de 2021<\/a><\/li>\n\n\n\n<li><a href=\"https:\/\/www.celec.gob.ec\/transelectric\/images\/stories\/noticias\/2021WEB\/intervenciones%202021\/29%20de%20julio%20de%202021\/REPORTE%20WEB%2029%20DE%20JUNIO%202021.pdf\">Subestaci\u00f3n Francisco de Orellana, 29 de junio de 2021<\/a><\/li>\n<\/ul>\n\n\n\n<p>Julio<\/p>\n\n\n\n<ul class=\"wp-block-list\">\n<li><a href=\"https:\/\/www.celec.gob.ec\/transelectric\/images\/stories\/noticias\/2021WEB\/intervenciones%202021\/19%20de%20julio%20de%202021\/REPORTE%20WEB%2019%20DE%20JULIO%202021.pdf\">Edificio Matriz de la Unidad de Negocio Transelectric, 19 de julio de 2021<\/a><\/li>\n<\/ul>\n\n\n\n<p>&nbsp;Agosto<\/p>\n\n\n\n<ul class=\"wp-block-list\">\n<li><a href=\"https:\/\/www.celec.gob.ec\/transelectric\/images\/stories\/noticias\/2021WEB\/intervenciones%202021\/12%20de%20agosto%20de%202021\/REPORTE%20WEB%2017%20DE%20AGOSTO%202021.pdf\">Edificio CELEC EP TRANSELECTRIC, 17 de agosto de 2021<\/a><\/li>\n\n\n\n<li><a href=\"https:\/\/www.celec.gob.ec\/transelectric\/images\/stories\/noticias\/2021WEB\/intervenciones%202021\/20%20de%20agosto%20de%202021\/REPORTE%20WEB%2020%20DE%20AGOSTO%202021.pdf\">Subestaciones, Pascuales y Totoras, 20 de agosto de 2021<\/a><\/li>\n\n\n\n<li><a href=\"https:\/\/www.celec.gob.ec\/transelectric\/images\/stories\/noticias\/2021WEB\/intervenciones%202021\/26%20de%20agosto%20de%202021\/REPORTE%20WEB%2026%20DE%20AGOSTO%202021.pdf\">Subestaci\u00f3n Tena, 26 de agosto de 2021<\/a><\/li>\n\n\n\n<li><a href=\"https:\/\/www.celec.gob.ec\/transelectric\/images\/stories\/noticias\/2021WEB\/intervenciones%202021\/27%20de%20agosto%20de%202021\/REPORTE%20WEB%2027%20DE%20AGOSTO%202021.pdf\">Subesatci\u00f3n Milagro, 27 de agosto de 2021<\/a><\/li>\n<\/ul>\n\n\n\n<p>Septiembre<\/p>\n\n\n\n<ul class=\"wp-block-list\">\n<li><a href=\"https:\/\/www.celec.gob.ec\/transelectric\/images\/stories\/noticias\/2021WEB\/intervenciones%202021\/13y14septiembrede2021\/REPORTE%20WEB%2013%20DE%20SEPTIEMBRE%20DE%202021.pdf\">Subestaci\u00f3n Macas y&nbsp; PDL Qu\u00edlamo, 13 de septiembre de 2021<\/a><\/li>\n\n\n\n<li><a href=\"https:\/\/www.celec.gob.ec\/transelectric\/images\/stories\/noticias\/2021WEB\/intervenciones%202021\/13y14septiembrede2021\/REPORTE%20WEB%2014%20DE%20SEPTIEMBRE%20DE%202021%20(Portoviejo).pdf\">Subestaci\u00f3n Portoviejo, 14 de septiembre de 2021<\/a><\/li>\n\n\n\n<li><a href=\"https:\/\/www.celec.gob.ec\/transelectric\/images\/stories\/noticias\/2021WEB\/intervenciones%202021\/13y14septiembrede2021\/REPORTE%20WEB%2014%20DE%20SEPTIEMBRE%20DE%202021%20(Suc%C3%BAa).pdf\">PDP Suc\u00faa, 14 de septiembre de 2021<\/a><\/li>\n\n\n\n<li><a href=\"https:\/\/www.celec.gob.ec\/transelectric\/images\/stories\/noticias\/2021WEB\/intervenciones%202021\/21septiembre2021\/REPORTE%20WEB%2021%20DE%20SEPTIEMBRE%20DE%202021.pdf\">Subestaci\u00f3n Loja, 21 de septiembre de 2021<\/a><\/li>\n\n\n\n<li><a href=\"https:\/\/www.celec.gob.ec\/transelectric\/images\/stories\/noticias\/2021WEB\/intervenciones%202021\/24sept2021\/REPORTE%20WEB%2024%20DE%20SEPTIEMBRE%20DE%202021.pdf\">Subestacion Molino, 24 de septiembre de 2021<\/a><\/li>\n\n\n\n<li><a href=\"https:\/\/www.celec.gob.ec\/transelectric\/images\/stories\/noticias\/2021WEB\/intervenciones%202021\/25septiembre2021\/1\/REPORTE%20WEB%2025%20DE%20SEPTIEMBRE%20DE%202021%20(MANTA).pdf\">Subestaci\u00f3n Manta, 25 de septiembre de 2021<\/a><\/li>\n\n\n\n<li><a href=\"https:\/\/www.celec.gob.ec\/transelectric\/images\/stories\/noticias\/2021WEB\/intervenciones%202021\/25septiembre2021\/2\/REPORTE%20WEB%2025%20DE%20SEPTIEMBRE%20DE%202021%20(PORTOVIEJO).pdf\">Subestaci\u00f3n Portoviejo, 25 de septiembre de 2021<\/a><\/li>\n<\/ul>\n\n\n\n<p>Octubre<\/p>\n\n\n\n<ul class=\"wp-block-list\">\n<li><a href=\"https:\/\/www.celec.gob.ec\/transelectric\/images\/stories\/noticias\/2021WEB\/intervenciones%202021\/14%20de%20octubre%202021\/REPORTE%20WEB%2014%20DE%20OCTUBRE%20DE%202021.pdf\">Subestaci\u00f3n Molino, 14 de octubre de 2021&nbsp;<\/a><\/li>\n\n\n\n<li>S<a href=\"https:\/\/www.celec.gob.ec\/transelectric\/images\/stories\/noticias\/2021WEB\/intervenciones%202021\/15%20de%20octubre%202021\/REPORTE%20WEB%2015%20DE%20OCTUBRE%202021.pdf\">ubestaci\u00f3n Milagro, 15 de octubre de 2021<\/a><\/li>\n\n\n\n<li><a href=\"https:\/\/www.celec.gob.ec\/transelectric\/images\/stories\/noticias\/2021WEB\/intervenciones%202021\/21%20de%20octubre%20de%202021\/REPORTE%20WEB%2021%20DE%20OCTUBRE%202021.pdf\">Edificio Matriz Quito, 21 de octubre de 2021<\/a>&nbsp;<\/li>\n<\/ul>\n\n\n\n<p>Noviembre<\/p>\n\n\n\n<ul class=\"wp-block-list\">\n<li><a href=\"https:\/\/www.celec.gob.ec\/transelectric\/images\/stories\/noticias\/2021WEB\/intervenciones%202021\/4%20de%20noviembre%20de%202021\/REPORTE%20WEB%204%20DE%20NOVIEMBRE%202021%20Subestaci%C3%B3n%20Francisco%20de%20Orellana.pdf\">Subestaci\u00f3n San Franciso de Orellana, 4 de noviembre de 2021\u00a0<\/a><\/li>\n\n\n\n<li><a href=\"https:\/\/www.celec.gob.ec\/transelectric\/intervencion-8-de-noviembre\/\" data-type=\"page\" data-id=\"4959\">Subestaci\u00f3n Totoras, 8 de noviembre de 2021<\/a><\/li>\n\n\n\n<li><a href=\"https:\/\/www.celec.gob.ec\/transelectric\/images\/stories\/noticias\/2021WEB\/intervenciones%202021\/12%20de%20noviembre%20de%202021\/REPORTE%20WEB%2012%20DE%20NOVIEMBRE%202021.pdf\">Edificio Matriz CELEC EP TRANSELECTRIC,12 de noviembre 2021<\/a><\/li>\n\n\n\n<li><a href=\"https:\/\/www.celec.gob.ec\/transelectric\/images\/stories\/noticias\/2021WEB\/intervenciones%202021\/12%20noviembre%20de%202021\/REPORTE%20WEB%2012%20DE%20NOVIEMBRE%20DE%202021.pdf\">Edificio Matriz CELEC EP TRANSELECTRIC, 16 de noviembre de 2021<\/a><\/li>\n\n\n\n<li><a href=\"https:\/\/www.celec.gob.ec\/transelectric\/images\/stories\/noticias\/2021WEB\/intervenciones%202021\/19%20noviembre%20de%202021\/REPORTE%20WEB%2019%20DE%20NOVIEMBRE%202021.pdf\">Subestaci\u00f3n Taday, 19 de noviembre de 2021<\/a><\/li>\n\n\n\n<li><a href=\"https:\/\/www.celec.gob.ec\/transelectric\/images\/stories\/noticias\/2021WEB\/intervenciones%202021\/19nov2021\/REPORTE%20WEB%2019%20DE%20NOVIEMBRE%202021.pdf\">Subestaci\u00f3n Cuenca, Gualaceo, 19 de noviembre de 2021<\/a><\/li>\n\n\n\n<li><a href=\"https:\/\/www.celec.gob.ec\/transelectric\/images\/stories\/noticias\/2021WEB\/intervenciones%202021\/22%20noviembre%20de%202021\/REPORTE%20WEB%2022%20DE%20NOVIEMBRE%202021.pdf\">Subestaci\u00f3n Loja, 22 de noviembre de 2021<\/a><\/li>\n\n\n\n<li><a href=\"https:\/\/www.celec.gob.ec\/transelectric\/images\/stories\/noticias\/2021WEB\/intervenciones%202021\/22%20noviembre%20de%202021\/1\/REPORTE%20WEB%2022%20DE%20NOVIEMBRE%202021.pdf\">Subestaciones&nbsp;Lim\u00f3n, M\u00e9ndez, Macas, MolinoLim\u00f3n, M\u00e9ndez, Macas, Molino, 22 de noviembre de 2021<\/a><\/li>\n\n\n\n<li><a href=\"https:\/\/www.celec.gob.ec\/transelectric\/images\/stories\/noticias\/2021WEB\/intervenciones%202021\/26%20de%20noviembre%20de%202021\/REPORTE%20WEB%2026%20DE%20NOVIEMBRE%202021.pdf\">Subestaciones Portoviejo, Manta, San Juan Manta, Machala y Loja, 26 de noviembre de 2021<\/a><\/li>\n\n\n\n<li><a href=\"https:\/\/www.celec.gob.ec\/transelectric\/images\/stories\/noticias\/2021WEB\/intervenciones%202021\/27%20de%20noviembre%20de%202021\/REPORTE%20WEB%2027%20DE%20NOVIEMBRE%202021.pdf\">Subestaciones&nbsp;Shushufindi, Coca, Tena, Loreto, Puyo, Jivino, San Rafael, 27 de noviembre de 2021<\/a><\/li>\n\n\n\n<li><a href=\"https:\/\/www.celec.gob.ec\/transelectric\/images\/stories\/noticias\/2021WEB\/intervenciones%202021\/29%20de%20noviembre%20de%202021\/REPORTE%20WEB%2029%20DE%20NOVIEMBRE%202021.pdf\">Edificio Matriz CELEC EP TRANSELECTRIC, 29 de noviembre de 2021<\/a><\/li>\n\n\n\n<li>Diciembre<\/li>\n\n\n\n<li><a href=\"https:\/\/www.celec.gob.ec\/transelectric\/images\/stories\/noticias\/2021WEB\/intervenciones%202021\/2%20de%20diciembre%20de%202021\/REPORTE%20WEB%202%20DE%20DICIEMBRE%20DE%202021.pdf\">Edificio Mattiz CELEC EP TRANSELECTRIC, 2 diciembre de 2021<\/a><\/li>\n\n\n\n<li><a href=\"https:\/\/www.celec.gob.ec\/transelectric\/images\/stories\/noticias\/2021WEB\/intervenciones%202021\/7%20de%20diciembre%202021\/REPORTE%20WEB%2007%20DE%20DICIEMBRE%202021.pdf\">Subestaci\u00f3n Cuenca y Gualaceo, 7 de diciembre de 2021<\/a><\/li>\n<\/ul>\n","protected":false},"excerpt":{"rendered":"<p>Abril Junio Julio &nbsp;Agosto Septiembre Octubre Noviembre<\/p>\n","protected":false},"author":1,"featured_media":0,"parent":0,"menu_order":0,"comment_status":"closed","ping_status":"closed","template":"","meta":{"_acf_changed":false,"inline_featured_image":false,"_themeisle_gutenberg_block_has_review":false,"footnotes":""},"categories":[],"tags":[],"class_list":["post-4957","page","type-page","status-publish","hentry"],"acf":[],"_links":{"self":[{"href":"https:\/\/www.celec.gob.ec\/transelectric\/wp-json\/wp\/v2\/pages\/4957","targetHints":{"allow":["GET"]}}],"collection":[{"href":"https:\/\/www.celec.gob.ec\/transelectric\/wp-json\/wp\/v2\/pages"}],"about":[{"href":"https:\/\/www.celec.gob.ec\/transelectric\/wp-json\/wp\/v2\/types\/page"}],"author":[{"embeddable":true,"href":"https:\/\/www.celec.gob.ec\/transelectric\/wp-json\/wp\/v2\/users\/1"}],"replies":[{"embeddable":true,"href":"https:\/\/www.celec.gob.ec\/transelectric\/wp-json\/wp\/v2\/comments?post=4957"}],"version-history":[{"count":3,"href":"https:\/\/www.celec.gob.ec\/transelectric\/wp-json\/wp\/v2\/pages\/4957\/revisions"}],"predecessor-version":[{"id":4965,"href":"https:\/\/www.celec.gob.ec\/transelectric\/wp-json\/wp\/v2\/pages\/4957\/revisions\/4965"}],"wp:attachment":[{"href":"https:\/\/www.celec.gob.ec\/transelectric\/wp-json\/wp\/v2\/media?parent=4957"}],"wp:term":[{"taxonomy":"category","embeddable":true,"href":"https:\/\/www.celec.gob.ec\/transelectric\/wp-json\/wp\/v2\/categories?post=4957"},{"taxonomy":"post_tag","embeddable":true,"href":"https:\/\/www.celec.gob.ec\/transelectric\/wp-json\/wp\/v2\/tags?post=4957"}],"curies":[{"name":"wp","href":"https:\/\/api.w.org\/{rel}","templated":true}]}}