{"id":4967,"date":"2023-05-17T19:01:51","date_gmt":"2023-05-18T00:01:51","guid":{"rendered":"https:\/\/www.celec.gob.ec\/transelectric\/?page_id=4967"},"modified":"2023-05-17T19:01:52","modified_gmt":"2023-05-18T00:01:52","slug":"intervenciones-emergentes-de-la-red-de-telecomunicaciones-2022","status":"publish","type":"page","link":"https:\/\/www.celec.gob.ec\/transelectric\/intervenciones-emergentes-de-la-red-de-telecomunicaciones-2022\/","title":{"rendered":"Intervenciones emergentes de la red de telecomunicaciones 2022"},"content":{"rendered":"\n<p><strong>Mayo<\/strong><\/p>\n\n\n\n<ul class=\"wp-block-list\">\n<li><a href=\"https:\/\/www.celec.gob.ec\/transelectric\/images\/stories\/noticias\/2022WEB\/Telecomunicaciones\/Mayo\/REPORTE%20WEB%208%20DE%20MAYO%20DE%202022.pdf\">L\u00ednea de transmisi\u00f3n M\u00e9ndez \u2013 Macas, 08 de mayo de 2022<\/a><\/li>\n<\/ul>\n\n\n\n<p><strong>Julio<\/strong><\/p>\n\n\n\n<ul class=\"wp-block-list\">\n<li><a href=\"https:\/\/www.celec.gob.ec\/transelectric\/images\/stories\/noticias\/2022WEB\/Telecomunicaciones\/Julio\/REPORTE%20WEB%2019%20DE%20JULIO%20DE%202022%20MACAS%20QU%C3%8DLAMO.pdf\">Subestaci\u00f3n Macas &#8211; PDF Qu\u00edlamo, 19 de julio de 2022<\/a><\/li>\n\n\n\n<li><a href=\"https:\/\/www.celec.gob.ec\/transelectric\/images\/stories\/noticias\/2022WEB\/Telecomunicaciones\/Julio\/REPORTE%20WEB%2020%20DE%20JULIO%20DE%202022%20SUCUA.pdf\">PDP SUC\u00daA, 20 de julio de 2022<\/a><\/li>\n\n\n\n<li><a href=\"https:\/\/www.celec.gob.ec\/transelectric\/images\/stories\/noticias\/2022WEB\/Telecomunicaciones\/Julio\/REPORTE%20WEB%2021%20DE%20JULIO%20DE%202022%20BOMBOIZA.pdf\">Subestaci\u00f3n Bomboiza, 21 de julio 2022<\/a><\/li>\n\n\n\n<li><a href=\"https:\/\/www.celec.gob.ec\/transelectric\/images\/stories\/noticias\/2022WEB\/Telecomunicaciones\/Julio\/REPORTE%20WEB%2023%20DE%20JULIO%20DE%202022%20MANTA.PDF\">Subesatci\u00f3n Manta, 23 de julio de 2022<\/a><\/li>\n\n\n\n<li><a href=\"https:\/\/www.celec.gob.ec\/transelectric\/images\/stories\/noticias\/2022WEB\/Telecomunicaciones\/Julio\/REPORTE%20WEB%2023%20DE%20JULIO%20DE%202022%20PORTOVIEJO.PDF\">Subestaci\u00f3n Portoviejo, 23 de julio de 2022<\/a><\/li>\n\n\n\n<li><a href=\"https:\/\/www.celec.gob.ec\/transelectric\/images\/stories\/noticias\/2022WEB\/Telecomunicaciones\/Julio\/REPORTE%20WEB%2027%20DE%20JULIO%20DE%202022%20CUENCA.PDF\">Subestaci\u00f3n Cuenca, 27 de julio de 2022&nbsp;<\/a><\/li>\n\n\n\n<li><a href=\"https:\/\/www.celec.gob.ec\/transelectric\/images\/stories\/noticias\/2022WEB\/Telecomunicaciones\/Julio\/REPORTE%20WEB%2028%20DE%20JULIO%20DE%202022%20MOLINO.PDF\">Subestci\u00f3n Molino, 28 de julio de 2022<\/a><\/li>\n\n\n\n<li><a href=\"https:\/\/www.celec.gob.ec\/transelectric\/images\/stories\/noticias\/2022WEB\/Telecomunicaciones\/Julio\/REPORTE%20WEB%2028%20DE%20JULIO%20DE%202022%20GYE.PDF\">Subestaci\u00f3n Policentro, 28 de julio de 2022<\/a><\/li>\n\n\n\n<li><a href=\"https:\/\/www.celec.gob.ec\/transelectric\/images\/stories\/noticias\/2022WEB\/Telecomunicaciones\/Julio\/REPORTE%20WEB%2029%20DE%20JULIO%20DE%202022%20UIO.PDF\">Edificio Translelectric, 29 de julio de 2022<\/a><\/li>\n<\/ul>\n\n\n\n<p><strong>Agosto<\/strong><\/p>\n\n\n\n<ul class=\"wp-block-list\">\n<li><a href=\"https:\/\/www.celec.gob.ec\/transelectric\/images\/stories\/noticias\/2022WEB\/Telecomunicaciones\/Julio\/REPORTE%20WEB%2002%20DE%20AGOSTO%20DE%202022%20LOJA.pdf\">Subestaci\u00f3n Loja, 2 de agosto de 2022<\/a><\/li>\n\n\n\n<li><a href=\"https:\/\/www.celec.gob.ec\/transelectric\/images\/stories\/noticias\/2022WEB\/Telecomunicaciones\/Agosto\/REPORTE%20WEB%2009%20DE%20AGOSTO%20DE%202022%20TOTORAS.PDF\">Subesatci\u00f3n Totoras, 9 de agosto de 2022<\/a><\/li>\n\n\n\n<li><a href=\"https:\/\/www.celec.gob.ec\/transelectric\/images\/stories\/noticias\/2022WEB\/Telecomunicaciones\/Agosto\/REPORTE%20WEB%2011%20DE%20AGOSTO%20DE%202022%20TENA.PDF\">Subestaci\u00f3n Tena, 11 de agosto de 2022<\/a><\/li>\n\n\n\n<li><a href=\"https:\/\/www.celec.gob.ec\/transelectric\/images\/stories\/noticias\/2022WEB\/Telecomunicaciones\/Agosto\/REPORTE%20WEB%2017%20DE%20AGOSTO%20DE%202022%20QUITO%20(1).pdf\">Edificio CELEC EP TRANSELECTRIC, 17 de agosto de 2022&nbsp;<\/a><\/li>\n<\/ul>\n\n\n\n<p><strong>Septiembre&nbsp;<\/strong><\/p>\n\n\n\n<ul class=\"wp-block-list\">\n<li>&nbsp;<a href=\"https:\/\/www.celec.gob.ec\/transelectric\/images\/stories\/noticias\/2022WEB\/Telecomunicaciones\/Septiembre\/REPORTE%20WEB%2015%20DE%20SEPTIEMBRE%20DE%202022%20CUE.PDF\">Subestaci\u00f3n Cuenca, 15 de septiembre de 2022<\/a><\/li>\n\n\n\n<li><a href=\"https:\/\/www.celec.gob.ec\/transelectric\/images\/stories\/noticias\/2022WEB\/Telecomunicaciones\/Septiembre\/REPORTE%20WEB%2016%20DE%20SEPTIEMBRE%20DE%202022%20GYE.PDF\">Subestaci\u00f3n Policentro, 16 de septiembre de 2022<\/a><\/li>\n\n\n\n<li><a href=\"https:\/\/www.celec.gob.ec\/transelectric\/images\/stories\/noticias\/2022WEB\/Telecomunicaciones\/Septiembre\/REPORTE%20WEB%2017%20DE%20SEPTIEMBRE%20DE%202022%20UIO.PDF\">Subesatci\u00f3n edificio Transelectric, 17 de septiembre de 2022<\/a><\/li>\n<\/ul>\n\n\n\n<p><strong>Octubre<\/strong><\/p>\n\n\n\n<ul class=\"wp-block-list\">\n<li><a href=\"https:\/\/www.celec.gob.ec\/transelectric\/images\/stories\/noticias\/2022WEB\/Telecomunicaciones\/Septiembre\/REPORTE%20WEB%2005%20DE%20OCTUBRE%20DE%202022%20CUE.PDF\">Subestaci\u00f3n Cuenca, 05 de octubre 2022&nbsp;<\/a><\/li>\n<\/ul>\n\n\n\n<p><strong>Noviembre<\/strong><\/p>\n\n\n\n<ul class=\"wp-block-list\">\n<li><a href=\"https:\/\/www.celec.gob.ec\/transelectric\/images\/stories\/noticias\/2022WEB\/Telecomunicaciones\/octubre\/REPORTE%20WEB%2012%20DE%20NOVIEMBRE%20CUENCA%20LOJA.pdf\">L\u00ednea de Transmisi\u00f3n La Paz &#8211; Yanacocha, 12 de noviembre de 2022&nbsp;<\/a><\/li>\n\n\n\n<li><a href=\"https:\/\/www.celec.gob.ec\/transelectric\/images\/stories\/noticias\/2022WEB\/Telecomunicaciones\/Noviembre\/REPORTE%20WEB%2027%20DE%20NOVIEMBRE%20CUENCA%20LOJA.pdf\">L\u00ednea de Transmisi\u00f3n La Paz &#8211; Yanacocha, 27 de noviembre de 2022<\/a><\/li>\n<\/ul>\n\n\n\n<p><strong>Diciembre<\/strong><\/p>\n\n\n\n<ul class=\"wp-block-list\">\n<li><a href=\"https:\/\/www.celec.gob.ec\/transelectric\/images\/stories\/noticias\/2022WEB\/Telecomunicaciones\/Diciembre\/REPORTE%20WEB%2018%20DE%20DICIEMBRE%20CUENCA%20LOJA.pdf\">L\u00ednea de Transmisi\u00f3n La Paz &#8211; Yanacocha, 18 de diciembre de 2022<\/a><\/li>\n<\/ul>\n\n\n\n<p><a href=\"https:\/\/www.celec.gob.ec\/transelectric\/images\/stories\/noticias\/2022WEB\/Telecomunicaciones\/Diciembre\/REPORTE%20WEB%2018%20DE%20DICIEMBRE%20CUENCA%20LOJA.pdf\"><\/a><\/p>\n","protected":false},"excerpt":{"rendered":"<p>Mayo Julio Agosto Septiembre&nbsp; Octubre Noviembre Diciembre<\/p>\n","protected":false},"author":1,"featured_media":0,"parent":0,"menu_order":0,"comment_status":"closed","ping_status":"closed","template":"","meta":{"_acf_changed":false,"inline_featured_image":false,"_themeisle_gutenberg_block_has_review":false,"footnotes":""},"categories":[],"tags":[],"class_list":["post-4967","page","type-page","status-publish","hentry"],"acf":[],"_links":{"self":[{"href":"https:\/\/www.celec.gob.ec\/transelectric\/wp-json\/wp\/v2\/pages\/4967","targetHints":{"allow":["GET"]}}],"collection":[{"href":"https:\/\/www.celec.gob.ec\/transelectric\/wp-json\/wp\/v2\/pages"}],"about":[{"href":"https:\/\/www.celec.gob.ec\/transelectric\/wp-json\/wp\/v2\/types\/page"}],"author":[{"embeddable":true,"href":"https:\/\/www.celec.gob.ec\/transelectric\/wp-json\/wp\/v2\/users\/1"}],"replies":[{"embeddable":true,"href":"https:\/\/www.celec.gob.ec\/transelectric\/wp-json\/wp\/v2\/comments?post=4967"}],"version-history":[{"count":1,"href":"https:\/\/www.celec.gob.ec\/transelectric\/wp-json\/wp\/v2\/pages\/4967\/revisions"}],"predecessor-version":[{"id":4968,"href":"https:\/\/www.celec.gob.ec\/transelectric\/wp-json\/wp\/v2\/pages\/4967\/revisions\/4968"}],"wp:attachment":[{"href":"https:\/\/www.celec.gob.ec\/transelectric\/wp-json\/wp\/v2\/media?parent=4967"}],"wp:term":[{"taxonomy":"category","embeddable":true,"href":"https:\/\/www.celec.gob.ec\/transelectric\/wp-json\/wp\/v2\/categories?post=4967"},{"taxonomy":"post_tag","embeddable":true,"href":"https:\/\/www.celec.gob.ec\/transelectric\/wp-json\/wp\/v2\/tags?post=4967"}],"curies":[{"name":"wp","href":"https:\/\/api.w.org\/{rel}","templated":true}]}}