{"id":4970,"date":"2023-05-17T19:10:08","date_gmt":"2023-05-18T00:10:08","guid":{"rendered":"https:\/\/www.celec.gob.ec\/transelectric\/?page_id=4970"},"modified":"2026-04-06T14:54:31","modified_gmt":"2026-04-06T19:54:31","slug":"contratacion-de-personal-2023","status":"publish","type":"page","link":"https:\/\/www.celec.gob.ec\/transelectric\/contratacion-de-personal-2023\/","title":{"rendered":"Contrataci\u00f3n de personal 2026"},"content":{"rendered":"\n<div id=\"wp-block-themeisle-blocks-accordion-569a5596\" class=\"wp-block-themeisle-blocks-accordion exclusive  is-style-default\">\n<details class=\"wp-block-themeisle-blocks-accordion-item\"><summary class=\"wp-block-themeisle-blocks-accordion-item__title\"><div>Febrero<\/div><\/summary><div class=\"wp-block-themeisle-blocks-accordion-item__content\">\n<p>P<a href=\"https:\/\/www.celec.gob.ec\/transelectric\/proceso-de-seleccion-simple-especialista-de-ingenieria-y-obra-civil-9-de-febrero-de-2026\/\" data-type=\"link\" data-id=\"https:\/\/www.celec.gob.ec\/transelectric\/proceso-de-seleccion-simple-especialista-de-ingenieria-y-obra-civil-9-de-febrero-de-2026\/\">roceso de Selecci\u00f3n Simple, Especialista de Ingenier\u00eda y Obra Civil, 9 de febrero de 2026<\/a><\/p>\n\n\n\n<p><a href=\"https:\/\/www.celec.gob.ec\/transelectric\/proceso-de-seleccion-simple-asistente-administrativo-9-de-febrero-de-2026\/\" data-type=\"link\" data-id=\"https:\/\/www.celec.gob.ec\/transelectric\/proceso-de-seleccion-simple-asistente-administrativo-9-de-febrero-de-2026\/\">Proceso de Seleccion Simple, Asistente Administratico, 9 de febrero de 2026<\/a><\/p>\n\n\n\n<p><a href=\"https:\/\/www.celec.gob.ec\/transelectric\/proceso-de-seleccion-simple-especialista-de-construcciones-de-montaje-electromecanico-10-de-febrero-2026\/\" data-type=\"link\" data-id=\"https:\/\/www.celec.gob.ec\/transelectric\/proceso-de-seleccion-simple-especialista-de-construcciones-de-montaje-electromecanico-10-de-febrero-2026\/\">Proceso de Selecci\u00f3n Simple, Especialista de Construcciones de Montaje Electromec\u00e1nico, 10 de febrero 2026<\/a><\/p>\n\n\n\n<p><a href=\"https:\/\/www.celec.gob.ec\/transelectric\/proceso-de-seleccion-simple-asistente-de-construcciones-de-montaje-electromecanico-equipamiento-10-de-febrero-de-2026\/\" data-type=\"link\" data-id=\"https:\/\/www.celec.gob.ec\/transelectric\/proceso-de-seleccion-simple-asistente-de-construcciones-de-montaje-electromecanico-equipamiento-10-de-febrero-de-2026\/\">Proceso de Selecci\u00f3n simple, Asistente de Construcciones De Montaje Electromec\u00e1nico (Equipamiento), 10 de febrero de 2026<\/a><\/p>\n\n\n\n<p><a href=\"https:\/\/www.celec.gob.ec\/transelectric\/proceso-seleccion-simple-especialista-de-telecomunicaciones-sistema-nacional-intercomunicado-11-de-febrero\/\">Proceso, Selecci\u00f3n Simple Especialista de Telecomunicaciones Sistema Nacional Intercomunicado, Esp<\/a><a href=\"https:\/\/www.celec.gob.ec\/transelectric\/proceso-seleccion-simple-especialista-de-telecomunicaciones-sistema-nacional-intercomunicado-especialista-tecnico-1-11-de-febrero-2026\/\">ecialista T\u00e9cnico 1<\/a>,<a href=\"https:\/\/www.celec.gob.ec\/transelectric\/proceso-seleccion-simple-especialista-de-telecomunicaciones-sistema-nacional-intercomunicado-11-de-febrero\/\"> Guayaquil, 11 de febrero 2026<\/a><br><a href=\"https:\/\/www.celec.gob.ec\/transelectric\/proceso-seleccion-simple-especialista-de-telecomunicaciones-sistema-nacional-intercomunicado-especialista-tecnico-1-11-de-febrero-2026\/\">Proceso, Selecci\u00f3n Simple Especialista de Telecomunicaciones Sistema Nacional Intercomunicado, Especialista T\u00e9cnico 1, Guayaquil , 11 de febrero 2026<\/a><\/p>\n\n\n\n<p><a href=\"https:\/\/www.celec.gob.ec\/transelectric\/proceso-seleccion-simple-especialista-de-telecomunicaciones-sistema-nacional-intercomunicado-especialista-tecnico-1-ambato-11-de-febrero-2026\/\">Proceso, Selecci\u00f3n Simple Especialista de Telecomunicaciones Sistema Nacional Intercomunicado, Especialista T\u00e9cnico 1, Ambato, 11 de febrero 2026<\/a><\/p>\n\n\n\n<p><a href=\"https:\/\/www.celec.gob.ec\/transelectric\/proceso-seleccion-simple-especialista-de-telecomunicaciones-sistema-nacional-intercomunicado-especialista-tecnico-1-santo-domingo-11-de-febrero-2026\/\">Proceso, Selecci\u00f3n Simple Especialista de Telecomunicaciones Sistema Nacional Intercomunicado, Especialista T\u00e9cnico 1, Santo Domingo, 11 de febrero 2026<\/a><\/p>\n\n\n\n<p><a href=\"https:\/\/www.celec.gob.ec\/transelectric\/proceso-de-seleccion-simple-especialista-de-telecomunicaciones-cuenca-11-de-febrero-de-2026\/\" data-type=\"link\" data-id=\"https:\/\/www.celec.gob.ec\/transelectric\/proceso-de-seleccion-simple-especialista-de-telecomunicaciones-cuenca-11-de-febrero-de-2026\/\">Proceso de Selecci\u00f3n Simple, Especialista de Telecomunicaciones <\/a><a href=\"https:\/\/www.celec.gob.ec\/transelectric\/proceso-seleccion-simple-especialista-de-telecomunicaciones-sistema-nacional-intercomunicado-especialista-tecnico-1-santo-domingo-11-de-febrero-2026\/\">Sistema Nacional Intercomunicado<\/a> <a href=\"https:\/\/www.celec.gob.ec\/transelectric\/proceso-de-seleccion-simple-especialista-de-telecomunicaciones-cuenca-11-de-febrero-de-2026\/\" data-type=\"link\" data-id=\"https:\/\/www.celec.gob.ec\/transelectric\/proceso-de-seleccion-simple-especialista-de-telecomunicaciones-cuenca-11-de-febrero-de-2026\/\"> Cuenca, 11 de febrero de 2026<\/a><\/p>\n\n\n\n<p><a href=\"https:\/\/www.celec.gob.ec\/transelectric\/proceso-de-seleccion-simple-asistente-administrativo-19-de-febrero-de-2026\/\" data-type=\"link\" data-id=\"https:\/\/www.celec.gob.ec\/transelectric\/proceso-de-seleccion-simple-asistente-administrativo-19-de-febrero-de-2026\/\">Proceso de Selecci\u00f3n Simple, Asistente Administrativo, 19 de febrero de 2026<\/a><\/p>\n\n\n\n<p><a href=\"https:\/\/www.celec.gob.ec\/transelectric\/proceso-de-seleccion-simple-jefe-de-seguridad-y-salud-ocupacional-19-de-febrero-2026\/\" data-type=\"link\" data-id=\"https:\/\/www.celec.gob.ec\/transelectric\/proceso-de-seleccion-simple-jefe-de-seguridad-y-salud-ocupacional-19-de-febrero-2026\/\">Proceso de Selecci\u00f3n Simple, Jefe de Seguridad y Salud Ocupacional, 19 de febrero 2026<\/a><\/p>\n\n\n\n<p><a href=\"https:\/\/www.celec.gob.ec\/transelectric\/proceso-de-seleccion-simple-especialista-de-telecomunicaciones-24-de-febrero-de-2026\/\" data-type=\"link\" data-id=\"https:\/\/www.celec.gob.ec\/transelectric\/proceso-de-seleccion-simple-especialista-de-telecomunicaciones-24-de-febrero-de-2026\/\">Proceso de Selecci\u00f3n Simple, Especialista de Telecomunicaciones, 24 de febrero de 2026<\/a><\/p>\n\n\n\n<p><a href=\"https:\/\/www.celec.gob.ec\/transelectric\/proceso-de-seleccion-simple-personal-para-la-subgerencia-de-expansion-y-operacion-24-de-febrero-de-2026\/\" data-type=\"link\" data-id=\"https:\/\/www.celec.gob.ec\/transelectric\/proceso-de-seleccion-simple-personal-para-la-subgerencia-de-expansion-y-operacion-24-de-febrero-de-2026\/\">Proceso de Selecci\u00f3n Simple, personal para la Subgerencia de Operaci\u00f3n y Mantenimiento, 24 de febrero de 2026<\/a><\/p>\n\n\n\n<p><a href=\"https:\/\/www.celec.gob.ec\/transelectric\/proceso-de-seleccion-simple-especialista-de-gestion-ambiental-quito-26-de-febrero-de-2026\/\" data-type=\"link\" data-id=\"https:\/\/www.celec.gob.ec\/transelectric\/proceso-de-seleccion-simple-especialista-de-gestion-ambiental-quito-26-de-febrero-de-2026\/\">Proceso de Selecci\u00f3n Simple, Especialista de Gesti\u00f3n Ambiental &#8211; Quito, 26 de febrero de 2026<\/a><\/p>\n<\/div><\/details>\n<\/div>\n\n\n\n<div id=\"wp-block-themeisle-blocks-accordion-421b5ad9\" class=\"wp-block-themeisle-blocks-accordion exclusive\">\n<details class=\"wp-block-themeisle-blocks-accordion-item\"><summary class=\"wp-block-themeisle-blocks-accordion-item__title\"><div>Marzo<\/div><\/summary><div class=\"wp-block-themeisle-blocks-accordion-item__content\">\n<p><a href=\"https:\/\/www.celec.gob.ec\/transelectric\/proceso-de-seleccion-simple-especialistas-de-tesoreria-2-de-marzo-de-2026\/\" data-type=\"link\" data-id=\"https:\/\/www.celec.gob.ec\/transelectric\/proceso-de-seleccion-simple-especialistas-de-tesoreria-2-de-marzo-de-2026\/\">Proceso de Selecci\u00f3n Simple, Especialista de Tesorer\u00eda, 2 de marzo de 2026<\/a><\/p>\n\n\n\n<p><a href=\"https:\/\/www.celec.gob.ec\/transelectric\/proceso-de-seleccion-simple-jefe-de-gestion-social-y-ambiental-10-de-marzo-de-2026\/\" data-type=\"link\" data-id=\"https:\/\/www.celec.gob.ec\/transelectric\/proceso-de-seleccion-simple-especialistas-de-tesoreria-2-de-marzo-de-2026\/\">Proceso de Selecci\u00f3n Simple, Jefe De Gesti\u00f3n Social y Ambiental, 10 de marzo de 2026<\/a><\/p>\n\n\n\n<p><a href=\"https:\/\/www.celec.gob.ec\/transelectric\/proceso-de-seleccion-simple-especialista-juridico-quito-19-de-marzo-2026\/\" data-type=\"link\" data-id=\"https:\/\/www.celec.gob.ec\/transelectric\/proceso-de-seleccion-simple-especialista-juridico-quito-19-de-marzo-2026\/\">Proceso de Selecci\u00f3n, Simple Especialista Jur\u00eddico Quito, 19 de marzo 2026<\/a><\/p>\n\n\n\n<p><a href=\"https:\/\/www.celec.gob.ec\/transelectric\/proceso-de-seleccion-simple-especialista-de-diseno-de-infraestructuras-civiles-de-subestaciones-quito-19-de-marzo-de-2026\/\" data-type=\"link\" data-id=\"https:\/\/www.celec.gob.ec\/transelectric\/proceso-de-seleccion-simple-especialista-de-diseno-de-infraestructuras-civiles-de-subestaciones-quito-19-de-marzo-de-2026\/\">Proceso de Selecci\u00f3n Simple, Especialistas de Dise\u00f1o de Infraestructuras Civiles de Subestaciones &#8211; Quito, 19 de marzo de 2026<\/a><\/p>\n\n\n\n<p><a href=\"https:\/\/www.celec.gob.ec\/transelectric\/proceso-de-seleccion-simple-varios-cargos-quito-19-de-marzo-de-2026\/\" data-type=\"link\" data-id=\"https:\/\/www.celec.gob.ec\/transelectric\/proceso-de-seleccion-simple-varios-cargos-quito-19-de-marzo-de-2026\/\">Proceso de Selecci\u00f3n Simple, Varios Cargos &#8211; Quito, 19 de marzo de 2026<\/a><\/p>\n\n\n\n<p><a href=\"https:\/\/www.celec.gob.ec\/transelectric\/proceso-de-seleccion-simple-especialistas-de-diseno-dei-nfraestructuras-civiles-de-subestaciones-quito-19-de-marzo-2026\/\" data-type=\"link\" data-id=\"https:\/\/www.celec.gob.ec\/transelectric\/proceso-de-seleccion-simple-especialistas-de-diseno-dei-nfraestructuras-civiles-de-subestaciones-quito-19-de-marzo-2026\/\">Proceso de Selecci\u00f3n Simple, Especialistas de Dise\u00f1o de Electromec\u00e1nico de Subestaciones &#8211; Quito, 19 de marzo 2026<\/a><\/p>\n\n\n\n<p><a href=\"https:\/\/www.celec.gob.ec\/transelectric\/proceso-de-seleccion-simple-especialista-de-diseno-de-infraestructuras-civiles-de-lineas-de-transmision-transelectric\/\" data-type=\"link\" data-id=\"https:\/\/www.celec.gob.ec\/transelectric\/proceso-de-seleccion-simple-especialista-de-diseno-de-infraestructuras-civiles-de-lineas-de-transmision-transelectric\/\">Proceso de Selecci\u00f3n Simple, Especialistas de Dise\u00f1o de Infraestructuras Civiles de Lineas de Transmisi\u00f3n &#8211; Quito, 23 de marzo 2026<\/a><\/p>\n\n\n\n<p><a href=\"https:\/\/www.celec.gob.ec\/transelectric\/proceso-de-seleccion-simple-especialista-de-diseno-de-infraestructuras-civiles-de-subestaciones-quito-31-de-marzo-de-2026\/\" data-type=\"link\" data-id=\"https:\/\/www.celec.gob.ec\/transelectric\/proceso-de-seleccion-simple-especialista-de-diseno-de-infraestructuras-civiles-de-subestaciones-quito-31-de-marzo-de-2026\/\">Proceso de Selecci\u00f3n Simple, Especialista de Dise\u00f1o de Infraestructuras Civiles de Subestaciones \u2013 Quito, 31 de marzo de 2026<\/a><\/p>\n<\/div><\/details>\n<\/div>\n\n\n\n<div id=\"wp-block-themeisle-blocks-accordion-8b8adb35\" class=\"wp-block-themeisle-blocks-accordion exclusive\">\n<details class=\"wp-block-themeisle-blocks-accordion-item\"><summary class=\"wp-block-themeisle-blocks-accordion-item__title\"><div><strong>Abril<\/strong><\/div><\/summary><div class=\"wp-block-themeisle-blocks-accordion-item__content\">\n<ul class=\"wp-block-list\">\n<li><a href=\"https:\/\/www.celec.gob.ec\/transelectric\/proceso-de-seleccion-simple-asistente-topografo-guayaquil-1-de-abril-de-2026\/\" data-type=\"link\" data-id=\"https:\/\/www.celec.gob.ec\/transelectric\/proceso-de-seleccion-simple-asistente-topografo-guayaquil-1-de-abril-de-2026\/\">Proceso de Selecci\u00f3n Simple, Asistente Top\u00f3grafo &#8211; Guayaquil, 1 de abril de 2026<\/a><\/li>\n\n\n\n<li><a href=\"https:\/\/www.celec.gob.ec\/transelectric\/proceso-de-seleccion-simple-especialista-de-bodegas-e-inventarios-santo-domingo-6-de-abril-de-2026\/\" data-type=\"link\" data-id=\"https:\/\/www.celec.gob.ec\/transelectric\/proceso-de-seleccion-simple-especialista-de-bodegas-e-inventarios-santo-domingo-6-de-abril-de-2026\/\">Proceso de Selecci\u00f3n Simple, Especialista de Bodegas e Inventarios &#8211; Santo Domingo, 6 de abril de 2026<\/a><\/li>\n<\/ul>\n<\/div><\/details>\n<\/div>\n\n\n\n<div class=\"wp-block-buttons is-layout-flex wp-block-buttons-is-layout-flex\">\n<div class=\"wp-block-button\"><a class=\"wp-block-button__link has-small-font-size has-custom-font-size wp-element-button\" href=\"https:\/\/www.celec.gob.ec\/transelectric\/contratacion-de-personal-de-anos-anteriores\/\">A\u00f1os anteriores<\/a><\/div>\n<\/div>\n\n\n\n<div id=\"wp-block-themeisle-blocks-accordion-0fd3c5e5\" class=\"wp-block-themeisle-blocks-accordion exclusive\"><\/div>\n\n\n\n<p><\/p>\n\n\n\n<p><\/p>\n","protected":false},"excerpt":{"rendered":"","protected":false},"author":1,"featured_media":0,"parent":0,"menu_order":0,"comment_status":"closed","ping_status":"closed","template":"","meta":{"_acf_changed":false,"inline_featured_image":false,"_themeisle_gutenberg_block_has_review":false,"footnotes":""},"categories":[],"tags":[],"class_list":["post-4970","page","type-page","status-publish","hentry"],"acf":[],"_links":{"self":[{"href":"https:\/\/www.celec.gob.ec\/transelectric\/wp-json\/wp\/v2\/pages\/4970","targetHints":{"allow":["GET"]}}],"collection":[{"href":"https:\/\/www.celec.gob.ec\/transelectric\/wp-json\/wp\/v2\/pages"}],"about":[{"href":"https:\/\/www.celec.gob.ec\/transelectric\/wp-json\/wp\/v2\/types\/page"}],"author":[{"embeddable":true,"href":"https:\/\/www.celec.gob.ec\/transelectric\/wp-json\/wp\/v2\/users\/1"}],"replies":[{"embeddable":true,"href":"https:\/\/www.celec.gob.ec\/transelectric\/wp-json\/wp\/v2\/comments?post=4970"}],"version-history":[{"count":356,"href":"https:\/\/www.celec.gob.ec\/transelectric\/wp-json\/wp\/v2\/pages\/4970\/revisions"}],"predecessor-version":[{"id":12288,"href":"https:\/\/www.celec.gob.ec\/transelectric\/wp-json\/wp\/v2\/pages\/4970\/revisions\/12288"}],"wp:attachment":[{"href":"https:\/\/www.celec.gob.ec\/transelectric\/wp-json\/wp\/v2\/media?parent=4970"}],"wp:term":[{"taxonomy":"category","embeddable":true,"href":"https:\/\/www.celec.gob.ec\/transelectric\/wp-json\/wp\/v2\/categories?post=4970"},{"taxonomy":"post_tag","embeddable":true,"href":"https:\/\/www.celec.gob.ec\/transelectric\/wp-json\/wp\/v2\/tags?post=4970"}],"curies":[{"name":"wp","href":"https:\/\/api.w.org\/{rel}","templated":true}]}}