{"id":4972,"date":"2023-05-17T19:11:06","date_gmt":"2023-05-18T00:11:06","guid":{"rendered":"https:\/\/www.celec.gob.ec\/transelectric\/?page_id=4972"},"modified":"2023-05-17T19:11:07","modified_gmt":"2023-05-18T00:11:07","slug":"convocatoria-1-proceso-de-seleccion-simple-23-de-febrero-2023","status":"publish","type":"page","link":"https:\/\/www.celec.gob.ec\/transelectric\/convocatoria-1-proceso-de-seleccion-simple-23-de-febrero-2023\/","title":{"rendered":"CONVOCATORIA 1: Proceso de selecci\u00f3n simple, 23 de febrero 2023"},"content":{"rendered":"\n<p>En cumplimiento del&nbsp;<em>\u201cReglamento para el Reclutamiento, Preselecci\u00f3n,&nbsp;Selecci\u00f3n, Vinculaci\u00f3n, e Inducci\u00f3n&nbsp;del Talento Humano&nbsp;de&nbsp;la Empresa P\u00fablica Estrat\u00e9gica Corporaci\u00f3n El\u00e9ctrica&nbsp;del Ecuador CELEC EP\u201d y RESOLUCI\u00d3N No. CEL-RES-0063-22<\/em>,&nbsp;se pone en consideraci\u00f3n el inicio&nbsp;de&nbsp;la fase&nbsp;de&nbsp;reclutamiento&nbsp;del<strong>&nbsp;PROCESO DE&nbsp;SELECCI\u00d3N&nbsp;SIMPLE<\/strong>, para cubrir los cargos detallados en el archivo adjunto.&nbsp;&nbsp;&nbsp;<\/p>\n\n\n\n<p><strong><em>Art.7.- Reclutamiento:<\/em><\/strong><em>&nbsp;El comit\u00e9&nbsp;de&nbsp;selecci\u00f3n&nbsp;designado para el efecto tendr\u00e1 la responsabilidad&nbsp;de&nbsp;esta actividad, cuyo objetivo es recopilar todas las postulaciones&nbsp;de&nbsp;los aspirantes potencialmente calificados para ocupar los puestos ofertados por la CELEC EP, sean necesidades temporales o&nbsp;definitivas.&nbsp;&nbsp;<\/em>&nbsp;<\/p>\n\n\n\n<p><em>Este reclutamiento se lo realiza a trav\u00e9s&nbsp;de&nbsp;una&nbsp;convocatoria&nbsp;abierta, a trav\u00e9s&nbsp;de&nbsp;diferentes medios&nbsp;de&nbsp;comunicaci\u00f3n como: medios digitales y\/o plataforma digital institucional. (&#8230;)\u00bb&nbsp;<\/em>&nbsp;<\/p>\n\n\n\n<p>Los aspirantes que cumplan los requisitos, deber\u00e1n enviar su hoja de vida, en un solo archivo\u00a0<strong>hasta\u00a0las 17:30, del 24 de febrero\u00a0de 2023<\/strong>\u00a0al siguiente correo:\u00a0<strong><a rel=\"noreferrer noopener\" href=\"mailto:lissett.lopez@celec.gob.ec\" target=\"_blank\"><\/a><a href=\"mailto:lissett.lopez@celec.gob.ec\">lissett.lopez@celec.gob.ec<\/a>@celec.gob.ec<\/strong>, haciendo constar en\u00a0<strong>\u00abASUNTO\u00bb<\/strong>\u00a0\u00fanicamente el nombre del puesto.\u00a0<strong>Las hojas de vida deben estar actualizadas junto a los certificados laborales, formaci\u00f3n y capacitaci\u00f3n<\/strong>\u00a0que respalden la informaci\u00f3n proporcionada para ser revisada;\u00a0<strong>consider\u00e1ndose \u00fanicamente las que apliquen dentro de este periodo de tiempo, no se receptar\u00e1 documento alguno despu\u00e9s de la recepci\u00f3n de la postulaci\u00f3n.<\/strong><\/p>\n\n\n\n<p class=\"has-text-align-center\"><a href=\"https:\/\/celecloud.celec.gob.ec\/s\/Zrg9cTyEWntE55q\">Para ver\u00a0 los requerimiento hacer clic aqu\u00ed<\/a><\/p>\n","protected":false},"excerpt":{"rendered":"<p>En cumplimiento del&nbsp;\u201cReglamento para el Reclutamiento, Preselecci\u00f3n,&nbsp;Selecci\u00f3n, Vinculaci\u00f3n, e Inducci\u00f3n&nbsp;del Talento Humano&nbsp;de&nbsp;la Empresa P\u00fablica Estrat\u00e9gica Corporaci\u00f3n El\u00e9ctrica&nbsp;del Ecuador CELEC EP\u201d y RESOLUCI\u00d3N No. CEL-RES-0063-22,&nbsp;se pone en consideraci\u00f3n el inicio&nbsp;de&nbsp;la fase&nbsp;de&nbsp;reclutamiento&nbsp;del&nbsp;PROCESO DE&nbsp;SELECCI\u00d3N&nbsp;SIMPLE, para cubrir los cargos detallados en el archivo adjunto.&nbsp;&nbsp;&nbsp; Art.7.- Reclutamiento:&nbsp;El comit\u00e9&nbsp;de&nbsp;selecci\u00f3n&nbsp;designado para el efecto tendr\u00e1 la responsabilidad&nbsp;de&nbsp;esta actividad, cuyo objetivo es recopilar todas [&hellip;]<\/p>\n","protected":false},"author":1,"featured_media":0,"parent":0,"menu_order":0,"comment_status":"closed","ping_status":"closed","template":"","meta":{"_acf_changed":false,"inline_featured_image":false,"_themeisle_gutenberg_block_has_review":false,"footnotes":""},"categories":[],"tags":[],"class_list":["post-4972","page","type-page","status-publish","hentry"],"acf":[],"_links":{"self":[{"href":"https:\/\/www.celec.gob.ec\/transelectric\/wp-json\/wp\/v2\/pages\/4972","targetHints":{"allow":["GET"]}}],"collection":[{"href":"https:\/\/www.celec.gob.ec\/transelectric\/wp-json\/wp\/v2\/pages"}],"about":[{"href":"https:\/\/www.celec.gob.ec\/transelectric\/wp-json\/wp\/v2\/types\/page"}],"author":[{"embeddable":true,"href":"https:\/\/www.celec.gob.ec\/transelectric\/wp-json\/wp\/v2\/users\/1"}],"replies":[{"embeddable":true,"href":"https:\/\/www.celec.gob.ec\/transelectric\/wp-json\/wp\/v2\/comments?post=4972"}],"version-history":[{"count":1,"href":"https:\/\/www.celec.gob.ec\/transelectric\/wp-json\/wp\/v2\/pages\/4972\/revisions"}],"predecessor-version":[{"id":4973,"href":"https:\/\/www.celec.gob.ec\/transelectric\/wp-json\/wp\/v2\/pages\/4972\/revisions\/4973"}],"wp:attachment":[{"href":"https:\/\/www.celec.gob.ec\/transelectric\/wp-json\/wp\/v2\/media?parent=4972"}],"wp:term":[{"taxonomy":"category","embeddable":true,"href":"https:\/\/www.celec.gob.ec\/transelectric\/wp-json\/wp\/v2\/categories?post=4972"},{"taxonomy":"post_tag","embeddable":true,"href":"https:\/\/www.celec.gob.ec\/transelectric\/wp-json\/wp\/v2\/tags?post=4972"}],"curies":[{"name":"wp","href":"https:\/\/api.w.org\/{rel}","templated":true}]}}