{"id":4978,"date":"2023-05-17T19:13:08","date_gmt":"2023-05-18T00:13:08","guid":{"rendered":"https:\/\/www.celec.gob.ec\/transelectric\/?page_id=4978"},"modified":"2023-05-17T19:13:09","modified_gmt":"2023-05-18T00:13:09","slug":"convocatoria-3-proceso-de-seleccion-simple-23-de-febrero-2023","status":"publish","type":"page","link":"https:\/\/www.celec.gob.ec\/transelectric\/convocatoria-3-proceso-de-seleccion-simple-23-de-febrero-2023\/","title":{"rendered":"CONVOCATORIA 3: Proceso de selecci\u00f3n simple, 23 de febrero 2023"},"content":{"rendered":"\n<p>En cumplimiento del \u201cReglamento para el Reclutamiento, Preselecci\u00f3n, Selecci\u00f3n, Vinculaci\u00f3n, e Inducci\u00f3n del Talento Humano de la Empresa P\u00fablica Estrat\u00e9gica Corporaci\u00f3n El\u00e9ctrica del Ecuador CELEC EP\u201d y RESOLUCI\u00d3N No. CEL-RES-0063-22, se pone en consideraci\u00f3n el inicio de la fase de reclutamiento del PROCESO DE SELECCI\u00d3N SIMPLE, para cubrir los cargos detallados en el archivo adjunto.<\/p>\n\n\n\n<p>Art.7.- Reclutamiento: El comit\u00e9 de selecci\u00f3n designado para el efecto tendr\u00e1 la responsabilidad de esta actividad, cuyo objetivo es recopilar todas las postulaciones de los aspirantes potencialmente calificados para ocupar los puestos ofertados por la CELEC EP, sean necesidades temporales o definitivas.<\/p>\n\n\n\n<p>Este reclutamiento se lo realiza a trav\u00e9s de una convocatoria abierta, a trav\u00e9s de diferentes medios de comunicaci\u00f3n como: medios digitales y\/o plataforma digital institucional. (&#8230;)\u00bb<\/p>\n\n\n\n<p>Los aspirantes que cumplan los requisitos, deber\u00e1n enviar su hoja de vida, en un solo archivo hasta las 17:30, del 24 de febrero de 2023 al siguiente correo:&nbsp;<a href=\"mailto:maribel.analuisa@celec.gob.ec\">maribel.analuisa@celec.gob.ec<\/a>, haciendo constar en \u00abASUNTO\u00bb \u00fanicamente el nombre del puesto. Las hojas de vida deben estar actualizadas junto a los certificados laborales, formaci\u00f3n y capacitaci\u00f3n que respalden la informaci\u00f3n proporcionada para ser revisada; consider\u00e1ndose \u00fanicamente las que apliquen dentro de este periodo de tiempo, no se receptar\u00e1 documento alguno despu\u00e9s de la recepci\u00f3n de la postulaci\u00f3n.<\/p>\n\n\n\n<p class=\"has-text-align-center\"><a href=\"https:\/\/celecloud.celec.gob.ec\/s\/CbCwFybxEdDWR8f\">Para ver los requerimiento hacer clic aqu\u00ed<\/a><\/p>\n","protected":false},"excerpt":{"rendered":"<p>En cumplimiento del \u201cReglamento para el Reclutamiento, Preselecci\u00f3n, Selecci\u00f3n, Vinculaci\u00f3n, e Inducci\u00f3n del Talento Humano de la Empresa P\u00fablica Estrat\u00e9gica Corporaci\u00f3n El\u00e9ctrica del Ecuador CELEC EP\u201d y RESOLUCI\u00d3N No. CEL-RES-0063-22, se pone en consideraci\u00f3n el inicio de la fase de reclutamiento del PROCESO DE SELECCI\u00d3N SIMPLE, para cubrir los cargos detallados en el archivo adjunto. [&hellip;]<\/p>\n","protected":false},"author":1,"featured_media":0,"parent":0,"menu_order":0,"comment_status":"closed","ping_status":"closed","template":"","meta":{"_acf_changed":false,"inline_featured_image":false,"_themeisle_gutenberg_block_has_review":false,"footnotes":""},"categories":[],"tags":[],"class_list":["post-4978","page","type-page","status-publish","hentry"],"acf":[],"_links":{"self":[{"href":"https:\/\/www.celec.gob.ec\/transelectric\/wp-json\/wp\/v2\/pages\/4978","targetHints":{"allow":["GET"]}}],"collection":[{"href":"https:\/\/www.celec.gob.ec\/transelectric\/wp-json\/wp\/v2\/pages"}],"about":[{"href":"https:\/\/www.celec.gob.ec\/transelectric\/wp-json\/wp\/v2\/types\/page"}],"author":[{"embeddable":true,"href":"https:\/\/www.celec.gob.ec\/transelectric\/wp-json\/wp\/v2\/users\/1"}],"replies":[{"embeddable":true,"href":"https:\/\/www.celec.gob.ec\/transelectric\/wp-json\/wp\/v2\/comments?post=4978"}],"version-history":[{"count":1,"href":"https:\/\/www.celec.gob.ec\/transelectric\/wp-json\/wp\/v2\/pages\/4978\/revisions"}],"predecessor-version":[{"id":4979,"href":"https:\/\/www.celec.gob.ec\/transelectric\/wp-json\/wp\/v2\/pages\/4978\/revisions\/4979"}],"wp:attachment":[{"href":"https:\/\/www.celec.gob.ec\/transelectric\/wp-json\/wp\/v2\/media?parent=4978"}],"wp:term":[{"taxonomy":"category","embeddable":true,"href":"https:\/\/www.celec.gob.ec\/transelectric\/wp-json\/wp\/v2\/categories?post=4978"},{"taxonomy":"post_tag","embeddable":true,"href":"https:\/\/www.celec.gob.ec\/transelectric\/wp-json\/wp\/v2\/tags?post=4978"}],"curies":[{"name":"wp","href":"https:\/\/api.w.org\/{rel}","templated":true}]}}