{"id":5018,"date":"2021-09-06T21:39:54","date_gmt":"2023-05-18T14:36:19","guid":{"rendered":"https:\/\/www.celec.gob.ec\/transelectric\/?page_id=5018"},"modified":"2023-06-08T19:36:27","modified_gmt":"2023-06-09T00:36:27","slug":"convocatoria-concurso-de-meritos-y-oposicion-operadores-de-subestaciones-de-celec-ep-transelectric","status":"publish","type":"page","link":"https:\/\/www.celec.gob.ec\/transelectric\/convocatoria-concurso-de-meritos-y-oposicion-operadores-de-subestaciones-de-celec-ep-transelectric\/","title":{"rendered":"Convocatoria concurso de m\u00e9ritos y oposici\u00f3n, operadores de subestaciones de CELEC EP TRANSELECTRIC"},"content":{"rendered":"<p style=\"text-align: justify;\">En cumplimiento de lo que establece el Art. 7 del REGLAMENTO PARA EL RECLUTAMIENTO, PRESELECCI\u00d3N, SELECCI\u00d3N, VINCULACI\u00d3N, E INDUCCI\u00d3N DEL TALENTO HUMANO DE LA EMPRESA P\u00daBLICA ESTRAT\u00c9GICA CORPORACI\u00d3N EL\u00c9CTRICA DEL ECUADOR CELEC EP\u201d Segunda versi\u00f3n, contenido en la RESOLUCI\u00d3N No. CEL-RES-0214-20, que se\u00f1ala:&nbsp;\u201c(\u2026) Este reclutamiento se lo realiza a trav\u00e9s de una convocatoria abierta, a trav\u00e9s de diferentes medios de comunicaci\u00f3n como: medios digitales y\/o plataforma digital institucional (\u2026)\u201d&nbsp;<br \/>&nbsp;<br \/>En el numeral 6.10 del Procedimiento para el Reclutamiento, Pre-selecci\u00f3n, Selecci\u00f3n, Contrataci\u00f3n e Inducci\u00f3n que se\u00f1ala:&nbsp;\u201c(\u2026)En el caso de no existir postulantes internos que se ajusten al requerimiento o no cumplan con los requisitos establecidos en las bases se proceder\u00e1 a realizar una convocatoria abierta para el concurso de m\u00e9ritos y oposici\u00f3n a trav\u00e9s de los medios digitales con los que cuente la Unidad de Negocio o Matriz (\u2026)\u201d.<br \/>&nbsp;<br \/>Los&nbsp;interesados&nbsp;en&nbsp;participar&nbsp;en&nbsp;este&nbsp;concurso,&nbsp;deber\u00e1n&nbsp;&nbsp;remitir&nbsp;sus&nbsp;postulaciones&nbsp;en&nbsp;el&nbsp;formato&nbsp;adjunto&nbsp;de&nbsp;hoja&nbsp;de&nbsp;vida al&nbsp;correo&nbsp;electr\u00f3nico&nbsp; <a href=\"mailto:maribel.analuisa@celec.gob.ec\">maribel.analuisa@celec.gob.ec<\/a>&nbsp;haciendo constar en&nbsp;\u201cAsunto\u201d&nbsp;\u00fanicamente el C\u00f3digo del puesto, hasta las 17:00&nbsp;del 09 de&nbsp;septiembre de 2021; para lo cual deber\u00e1n considerar las condiciones descritas en la Gu\u00eda del Postulante.<\/p>\n<p style=\"text-align: justify;\">&nbsp;<\/p>\n<p>Documentos habilitantes:<\/p>\n<ul>\n<li><a href=\"images\/stories\/noticias\/2021WEB\/convocatoria2021\/6deseptiembre%20de%202021\/Convocatoria%20para%20vinculaci%C3%B3n%20SEPTIEMBRE.pdf\">Convocatoria<\/a><\/li>\n<li><a href=\"images\/stories\/noticias\/2021WEB\/convocatoria2021\/6deseptiembre%20de%202021\/GUIA%20DEL%20POSTULANTE%20CONCURSOS%20SEPTIEMBRE%202021.pdf\">Gu\u00eda del postulante<\/a><\/li>\n<li><a href=\"images\/stories\/noticias\/2021WEB\/convocatoria2021\/6deseptiembre%20de%202021\/Formato%20de%20Hoja%20de%20Vida%20CELEC%20EP%20TRANSELECTRIC.xls\">Formato hoja de vida<\/a><\/li>\n<\/ul>\n","protected":false},"excerpt":{"rendered":"<p>En cumplimiento de lo que establece el Art. 7 del REGLAMENTO PARA EL RECLUTAMIENTO, PRESELECCI\u00d3N, SELECCI\u00d3N, VINCULACI\u00d3N, E INDUCCI\u00d3N DEL TALENTO HUMANO DE LA EMPRESA P\u00daBLICA ESTRAT\u00c9GICA CORPORACI\u00d3N EL\u00c9CTRICA DEL ECUADOR CELEC EP\u201d Segunda versi\u00f3n, contenido en la RESOLUCI\u00d3N No. CEL-RES-0214-20, que se\u00f1ala:&nbsp;\u201c(\u2026) Este reclutamiento se lo realiza a trav\u00e9s de una convocatoria abierta, a [&hellip;]<\/p>\n","protected":false},"author":1,"featured_media":0,"parent":0,"menu_order":253,"comment_status":"open","ping_status":"closed","template":"","meta":{"_acf_changed":false,"inline_featured_image":false,"_themeisle_gutenberg_block_has_review":false,"footnotes":""},"categories":[],"tags":[],"class_list":["post-5018","page","type-page","status-publish","hentry"],"acf":[],"_links":{"self":[{"href":"https:\/\/www.celec.gob.ec\/transelectric\/wp-json\/wp\/v2\/pages\/5018","targetHints":{"allow":["GET"]}}],"collection":[{"href":"https:\/\/www.celec.gob.ec\/transelectric\/wp-json\/wp\/v2\/pages"}],"about":[{"href":"https:\/\/www.celec.gob.ec\/transelectric\/wp-json\/wp\/v2\/types\/page"}],"author":[{"embeddable":true,"href":"https:\/\/www.celec.gob.ec\/transelectric\/wp-json\/wp\/v2\/users\/1"}],"replies":[{"embeddable":true,"href":"https:\/\/www.celec.gob.ec\/transelectric\/wp-json\/wp\/v2\/comments?post=5018"}],"version-history":[{"count":2,"href":"https:\/\/www.celec.gob.ec\/transelectric\/wp-json\/wp\/v2\/pages\/5018\/revisions"}],"predecessor-version":[{"id":5408,"href":"https:\/\/www.celec.gob.ec\/transelectric\/wp-json\/wp\/v2\/pages\/5018\/revisions\/5408"}],"wp:attachment":[{"href":"https:\/\/www.celec.gob.ec\/transelectric\/wp-json\/wp\/v2\/media?parent=5018"}],"wp:term":[{"taxonomy":"category","embeddable":true,"href":"https:\/\/www.celec.gob.ec\/transelectric\/wp-json\/wp\/v2\/categories?post=5018"},{"taxonomy":"post_tag","embeddable":true,"href":"https:\/\/www.celec.gob.ec\/transelectric\/wp-json\/wp\/v2\/tags?post=5018"}],"curies":[{"name":"wp","href":"https:\/\/api.w.org\/{rel}","templated":true}]}}