{"id":5020,"date":"2023-05-18T09:38:14","date_gmt":"2023-05-18T14:38:14","guid":{"rendered":"https:\/\/www.celec.gob.ec\/transelectric\/?page_id=5020"},"modified":"2023-06-08T19:40:43","modified_gmt":"2023-06-09T00:40:43","slug":"concurso-de-meritos-y-oposicion-puesto-especialista-electrico-de-mantenimiento-de-subestaciones-sede-quito-codigo-tracm25","status":"publish","type":"page","link":"https:\/\/www.celec.gob.ec\/transelectric\/concurso-de-meritos-y-oposicion-puesto-especialista-electrico-de-mantenimiento-de-subestaciones-sede-quito-codigo-tracm25\/","title":{"rendered":"CONCURSO DE M\u00c9RITOS Y OPOSICI\u00d3N PUESTO ESPECIALISTA EL\u00c9CTRICO DE MANTENIMIENTO DE SUBESTACIONES, SEDE QUITO, C\u00d3DIGO TRACM25"},"content":{"rendered":"\n<p>En cumplimiento de lo que establece el Art. 7 del\u00a0REGLAMENTO PARA EL RECLUTAMIENTO, PRESELECCI\u00d3N, SELECCI\u00d3N, VINCULACI\u00d3N, E INDUCCI\u00d3N DEL TALENTO HUMANO DE LA EMPRESA P\u00daBLICA ESTRAT\u00c9GICA CORPORACI\u00d3N EL\u00c9CTRICA DEL ECUADOR CELEC EP\u201d Segunda versi\u00f3n, contenido en la RESOLUCI\u00d3N No. CEL-RES-0214-20, que se\u00f1ala:\u00a0<\/p>\n\n\n\n<p class=\"has-vivid-cyan-blue-color has-text-color\"><em>\u201c(\u2026) Este reclutamiento se lo realiza a trav\u00e9s de una convocatoria abierta, a trav\u00e9s de diferentes medios de comunicaci\u00f3n como: medios digitales y\/o plataforma digital institucional (\u2026)\u201d\u00a0<\/em><\/p>\n\n\n\n<p>En el numeral 6.10 del<em>\u00a0<\/em>Procedimiento para el Reclutamiento, Pre-selecci\u00f3n, Selecci\u00f3n, Contrataci\u00f3n e Inducci\u00f3n que se\u00f1ala:\u00a0<\/p>\n\n\n\n<p class=\"has-vivid-cyan-blue-color has-text-color\"><em>\u201c(\u2026) En el caso de no existir postulantes internos que se ajusten al requerimiento o no cumplan con los requisitos establecidos en las bases se proceder\u00e1 a realizar una convocatoria abierta para el concurso de m\u00e9ritos y oposici\u00f3n a trav\u00e9s de los medios digitales con los que cuente la Unidad de Negocio o Matriz (\u2026)\u201d<\/em>.<\/p>\n\n\n\n<p>La Unidad de Negocio CELEC EP Transelectric da a conocer su requerimiento de contrataci\u00f3n permanente de acuerdo a detalle adjunto.&nbsp;<\/p>\n\n\n\n<p>Los aspirantes que cumplan con el perfil del puesto deber\u00e1n enviar la hoja de vida en el formato adjunto a esta convocatoria, junto con todos los documentos que respalden la informaci\u00f3n proporcionada, al correo electr\u00f3nico&nbsp;<a href=\"mailto:johanna.veintimilla@celec.gob.ec\"><\/a><a href=\"mailto:johanna.veintimilla@celec.gob.ec\">johanna.veintimilla@celec.gob.ec<\/a>, haciendo constar en&nbsp;<em>\u201cAsunto\u201d<\/em>&nbsp;\u00fanicamente el&nbsp;<strong>C\u00f3digo&nbsp;<\/strong>del puesto que corresponda, hasta las 13:00 del 10 de septiembre de 2021; para lo cual deber\u00e1n considerar las condiciones descritas en la Gu\u00eda del Postulante adjunta. &nbsp;<\/p>\n\n\n\n<div style=\"height:35px\" aria-hidden=\"true\" class=\"wp-block-spacer\"><\/div>\n\n\n\n<p>Documentaci\u00f3n<\/p>\n\n\n\n<ul class=\"wp-block-list\">\n<li><a href=\"https:\/\/www.celec.gob.ec\/transelectric\/images\/stories\/noticias\/2021WEB\/convocatoria2021\/7septiembre2021\/1\/CONVOCATORIA%20PARA%20VINCULACION%20DE%20PERSONAL%20SEPT%202021.pdf\">Convocatoria<\/a><\/li>\n\n\n\n<li><a href=\"https:\/\/www.celec.gob.ec\/transelectric\/images\/stories\/noticias\/2021WEB\/convocatoria2021\/7septiembre2021\/1\/GUIA%20DEL%20POSTULANTE%20CONCURSOS%20%202021.pdf\">Gu\u00eda del postulante<\/a><\/li>\n\n\n\n<li><a href=\"https:\/\/www.celec.gob.ec\/transelectric\/images\/stories\/noticias\/2021WEB\/convocatoria2021\/7septiembre2021\/1\/Formato%20de%20Hoja%20de%20Vida%20(1).xls\">Hoja de Vida<\/a><\/li>\n<\/ul>\n","protected":false},"excerpt":{"rendered":"<p>En cumplimiento de lo que establece el Art. 7 del\u00a0REGLAMENTO PARA EL RECLUTAMIENTO, PRESELECCI\u00d3N, SELECCI\u00d3N, VINCULACI\u00d3N, E INDUCCI\u00d3N DEL TALENTO HUMANO DE LA EMPRESA P\u00daBLICA ESTRAT\u00c9GICA CORPORACI\u00d3N EL\u00c9CTRICA DEL ECUADOR CELEC EP\u201d Segunda versi\u00f3n, contenido en la RESOLUCI\u00d3N No. CEL-RES-0214-20, que se\u00f1ala:\u00a0 \u201c(\u2026) Este reclutamiento se lo realiza a trav\u00e9s de una convocatoria abierta, a [&hellip;]<\/p>\n","protected":false},"author":1,"featured_media":0,"parent":0,"menu_order":0,"comment_status":"closed","ping_status":"closed","template":"","meta":{"_acf_changed":false,"inline_featured_image":false,"_themeisle_gutenberg_block_has_review":false,"footnotes":""},"categories":[],"tags":[],"class_list":["post-5020","page","type-page","status-publish","hentry"],"acf":[],"_links":{"self":[{"href":"https:\/\/www.celec.gob.ec\/transelectric\/wp-json\/wp\/v2\/pages\/5020","targetHints":{"allow":["GET"]}}],"collection":[{"href":"https:\/\/www.celec.gob.ec\/transelectric\/wp-json\/wp\/v2\/pages"}],"about":[{"href":"https:\/\/www.celec.gob.ec\/transelectric\/wp-json\/wp\/v2\/types\/page"}],"author":[{"embeddable":true,"href":"https:\/\/www.celec.gob.ec\/transelectric\/wp-json\/wp\/v2\/users\/1"}],"replies":[{"embeddable":true,"href":"https:\/\/www.celec.gob.ec\/transelectric\/wp-json\/wp\/v2\/comments?post=5020"}],"version-history":[{"count":1,"href":"https:\/\/www.celec.gob.ec\/transelectric\/wp-json\/wp\/v2\/pages\/5020\/revisions"}],"predecessor-version":[{"id":5022,"href":"https:\/\/www.celec.gob.ec\/transelectric\/wp-json\/wp\/v2\/pages\/5020\/revisions\/5022"}],"wp:attachment":[{"href":"https:\/\/www.celec.gob.ec\/transelectric\/wp-json\/wp\/v2\/media?parent=5020"}],"wp:term":[{"taxonomy":"category","embeddable":true,"href":"https:\/\/www.celec.gob.ec\/transelectric\/wp-json\/wp\/v2\/categories?post=5020"},{"taxonomy":"post_tag","embeddable":true,"href":"https:\/\/www.celec.gob.ec\/transelectric\/wp-json\/wp\/v2\/tags?post=5020"}],"curies":[{"name":"wp","href":"https:\/\/api.w.org\/{rel}","templated":true}]}}