{"id":5028,"date":"2021-09-13T21:56:07","date_gmt":"2023-05-18T14:40:17","guid":{"rendered":"https:\/\/www.celec.gob.ec\/transelectric\/?page_id=5028"},"modified":"2023-06-08T19:45:53","modified_gmt":"2023-06-09T00:45:53","slug":"convocatoria-publica-a-concurso-de-meritos-y-oposicion-puesto-de-asistente-de-grupo-de-mantenimiento-de-lineas-de-transmision-codigo-tracm26","status":"publish","type":"page","link":"https:\/\/www.celec.gob.ec\/transelectric\/convocatoria-publica-a-concurso-de-meritos-y-oposicion-puesto-de-asistente-de-grupo-de-mantenimiento-de-lineas-de-transmision-codigo-tracm26\/","title":{"rendered":"convocatoria p\u00fablica a concurso de m\u00e9ritos y oposici\u00f3n puesto de asistente de grupo de mantenimiento de l\u00edneas de transmisi\u00f3n, c\u00f3digo TRACM26"},"content":{"rendered":"<p style=\"text-align: justify;\"><span lang=\"es-MX\">En cumplimiento de lo que establece el Art. 7 del&nbsp;<\/span>REGLAMENTO PARA EL RECLUTAMIENTO, PRESELECCI\u00d3N, SELECCI\u00d3N, VINCULACI\u00d3N, E INDUCCI\u00d3N DEL TALENTO HUMANO DE LA EMPRESA P\u00daBLICA ESTRAT\u00c9GICA CORPORACI\u00d3N EL\u00c9CTRICA DEL ECUADOR CELEC EP\u201d Segunda versi\u00f3n, contenido en la RESOLUCI\u00d3N No. CEL-RES-0214-20, que se\u00f1ala:&nbsp;<i>\u201c(\u2026) Este reclutamiento se lo realiza a trav\u00e9s de una convocatoria abierta, a trav\u00e9s de diferentes medios de comunicaci\u00f3n como: medios digitales y\/o plataforma digital institucional (\u2026)\u201d&nbsp;<\/i><\/p>\n<p style=\"text-align: justify;\">En el numeral 6.10 del<i>&nbsp;<\/i>Procedimiento para el Reclutamiento, Pre-selecci\u00f3n, Selecci\u00f3n, Contrataci\u00f3n e Inducci\u00f3n que se\u00f1ala:&nbsp;<i>\u201c(\u2026) En el caso de no existir postulantes internos que se ajusten al requerimiento o no cumplan con los requisitos establecidos en las bases se proceder\u00e1 a realizar una convocatoria abierta para el concurso de m\u00e9ritos y oposici\u00f3n a trav\u00e9s de los medios digitales con los que cuente la Unidad de Negocio o Matriz (\u2026)\u201d<\/i>.<\/p>\n<p style=\"text-align: justify;\">La Unidad de Negocio CELEC EP Transelectric da a conocer su requerimiento de contrataci\u00f3n permanente de acuerdo a detalle adjunto.&nbsp;<\/p>\n<p style=\"text-align: justify;\">Los aspirantes que cumplan con el perfil del puesto deber\u00e1n enviar la hoja de vida en el formato adjunto a esta convocatoria, junto con todos los documentos que respalden la informaci\u00f3n proporcionada, al correo electr\u00f3nico&nbsp;<a href=\"mailto:johanna.veintimilla@celec.gob.ec\" target=\"_blank\" rel=\"noopener noreferrer\" id=\"LPlnk453029\" data-auth=\"NotApplicable\" data-linkindex=\"0\"><\/a><a href=\"mailto:johanna.veintimilla@celec.gob.ec\">johanna.veintimilla@celec.gob.ec<\/a>, haciendo constar en&nbsp;<i>\u201cAsunto\u201d<\/i>&nbsp;\u00fanicamente el&nbsp;<b>C\u00f3digo&nbsp;<\/b>del puesto que corresponde, hasta las 17:00 del 16 de septiembre de 2021; para lo cual deber\u00e1n considerar las condiciones descritas en la Gu\u00eda del Postulante adjunta.<\/p>\n<p>Documentos habilitantes:<\/p>\n<ul>\n<li><a href=\"images\/stories\/noticias\/2021WEB\/convocatoria2021\/13%20de%20septiembre%20de%202021\/GUIA%20DEL%20POSTULANTE%20CONCURSOS%20%202021.pdf\">Gu\u00eda del postulante<\/a><\/li>\n<li><a href=\"images\/stories\/noticias\/2021WEB\/convocatoria2021\/13%20de%20septiembre%20de%202021\/CONVOCATORIA%20PARA%20VINCULACION%20DE%20PERSONAL%20TRACM26.pdf\">Convocatoria<\/a><\/li>\n<li><a href=\"images\/stories\/noticias\/2021WEB\/convocatoria2021\/13%20de%20septiembre%20de%202021\/Formato%20de%20Hoja%20de%20Vida%20(1).xls\">Hoja de Vida<\/a><\/li>\n<\/ul>\n<p>&nbsp;<\/p>\n","protected":false},"excerpt":{"rendered":"<p>En cumplimiento de lo que establece el Art. 7 del&nbsp;REGLAMENTO PARA EL RECLUTAMIENTO, PRESELECCI\u00d3N, SELECCI\u00d3N, VINCULACI\u00d3N, E INDUCCI\u00d3N DEL TALENTO HUMANO DE LA EMPRESA P\u00daBLICA ESTRAT\u00c9GICA CORPORACI\u00d3N EL\u00c9CTRICA DEL ECUADOR CELEC EP\u201d Segunda versi\u00f3n, contenido en la RESOLUCI\u00d3N No. CEL-RES-0214-20, que se\u00f1ala:&nbsp;\u201c(\u2026) Este reclutamiento se lo realiza a trav\u00e9s de una convocatoria abierta, a trav\u00e9s [&hellip;]<\/p>\n","protected":false},"author":1,"featured_media":0,"parent":0,"menu_order":243,"comment_status":"open","ping_status":"closed","template":"","meta":{"_acf_changed":false,"inline_featured_image":false,"_themeisle_gutenberg_block_has_review":false,"footnotes":""},"categories":[],"tags":[],"class_list":["post-5028","page","type-page","status-publish","hentry"],"acf":[],"_links":{"self":[{"href":"https:\/\/www.celec.gob.ec\/transelectric\/wp-json\/wp\/v2\/pages\/5028","targetHints":{"allow":["GET"]}}],"collection":[{"href":"https:\/\/www.celec.gob.ec\/transelectric\/wp-json\/wp\/v2\/pages"}],"about":[{"href":"https:\/\/www.celec.gob.ec\/transelectric\/wp-json\/wp\/v2\/types\/page"}],"author":[{"embeddable":true,"href":"https:\/\/www.celec.gob.ec\/transelectric\/wp-json\/wp\/v2\/users\/1"}],"replies":[{"embeddable":true,"href":"https:\/\/www.celec.gob.ec\/transelectric\/wp-json\/wp\/v2\/comments?post=5028"}],"version-history":[{"count":2,"href":"https:\/\/www.celec.gob.ec\/transelectric\/wp-json\/wp\/v2\/pages\/5028\/revisions"}],"predecessor-version":[{"id":5414,"href":"https:\/\/www.celec.gob.ec\/transelectric\/wp-json\/wp\/v2\/pages\/5028\/revisions\/5414"}],"wp:attachment":[{"href":"https:\/\/www.celec.gob.ec\/transelectric\/wp-json\/wp\/v2\/media?parent=5028"}],"wp:term":[{"taxonomy":"category","embeddable":true,"href":"https:\/\/www.celec.gob.ec\/transelectric\/wp-json\/wp\/v2\/categories?post=5028"},{"taxonomy":"post_tag","embeddable":true,"href":"https:\/\/www.celec.gob.ec\/transelectric\/wp-json\/wp\/v2\/tags?post=5028"}],"curies":[{"name":"wp","href":"https:\/\/api.w.org\/{rel}","templated":true}]}}