{"id":5055,"date":"2021-11-29T21:08:11","date_gmt":"2023-05-18T14:52:30","guid":{"rendered":"https:\/\/www.celec.gob.ec\/transelectric\/?page_id=5055"},"modified":"2023-06-08T19:55:36","modified_gmt":"2023-06-09T00:55:36","slug":"proceso-de-seleccion-simple-especialistas-tecnicos-telecomunicaciones-noviembre-2021","status":"publish","type":"page","link":"https:\/\/www.celec.gob.ec\/transelectric\/proceso-de-seleccion-simple-especialistas-tecnicos-telecomunicaciones-noviembre-2021\/","title":{"rendered":"Proceso de selecci\u00f3n simple, especialistas t\u00e9cnicos telecomunicaciones noviembre 2021"},"content":{"rendered":"<p data-ogsb=\"white\"><span data-ogsc=\"black\" data-ogsb=\"white\">En cumplimiento a lo dispuesto en el Reglamento para el Reclutamiento, Preselecci\u00f3n, Selecci\u00f3n, Vinculaci\u00f3n, e Inducci\u00f3n del Talento Humano de la Empresa P\u00fablica Estrat\u00e9gica Corporaci\u00f3n El\u00e9ctrica del Ecuador CELEC EP, segunda versi\u00f3n, por medio&nbsp;del presente pongo a vuestra consideraci\u00f3n el inicio&nbsp;de&nbsp;la fase&nbsp;de&nbsp;reclutamiento del<b>&nbsp;PROCESO DE&nbsp;SELECCI\u00d3N&nbsp;SIMPLE<\/b>.<\/span><\/p>\n<p data-ogsb=\"white\"><span data-ogsc=\"black\" data-ogsb=\"white\"><\/span><\/p>\n<p data-ogsb=\"white\"><i><span data-ogsc=\"black\" data-ogsb=\"white\">\u201c(\u2026) Art.7.- Reclutamiento: El Comit\u00e9 de selecci\u00f3n designado para el efecto tendr\u00e1 la responsabilidad de esta actividad,&nbsp; cuyo objetivo&nbsp; es recopilar todas las postulaciones de los aspirantes potencialmente calificados para ocupar los puestos ofertados por la CELEC EP, sean necesidades temporales o definitivas.<\/span><\/i><i><span data-ogsc=\"black\">&nbsp;(&#8230;)\u00bb<\/span><\/i><\/p>\n<p data-ogsb=\"white\"><i><span data-ogsc=\"black\" data-ogsb=\"white\"><\/span><\/i><\/p>\n<p data-ogsb=\"white\"><span data-ogsc=\"black\" data-ogsb=\"white\">Los aspirantes que cumplan los requisitos, deber\u00e1n remitir su hoja de vida actualizada &nbsp;junto a los certificados laborales que respalden la informaci\u00f3n proporcionada para ser revisadas por el comit\u00e9; hasta las 15h00 del d\u00eda martes 30 de noviembre del 2021, enviando al correo electr\u00f3nico&nbsp;<\/span><a href=\"mailto:johanna.lopez@celec.gob.ec\" target=\"_blank\" rel=\"noopener noreferrer\" data-auth=\"NotApplicable\" data-linkindex=\"1\" data-ogsc><\/a><a href=\"mailto:johanna.lopez@celec.gob.ec\">johanna.lopez@celec.gob.ec<\/a><span data-ogsc=\"red\" data-ogsb=\"white\"><\/span><span data-ogsc=\"black\" data-ogsb=\"white\">indicando en Asunto el c\u00f3digo establecido para cada cargo.<\/span><\/p>\n<p style=\"text-align: center;\"><a href=\"https:\/\/celecloud.celec.gob.ec\/s\/zdHcFceDB5GDD7F\">Para acceder a los requerimientos hacer clic aqu\u00ed<\/a><\/p>\n","protected":false},"excerpt":{"rendered":"<p>En cumplimiento a lo dispuesto en el Reglamento para el Reclutamiento, Preselecci\u00f3n, Selecci\u00f3n, Vinculaci\u00f3n, e Inducci\u00f3n del Talento Humano de la Empresa P\u00fablica Estrat\u00e9gica Corporaci\u00f3n El\u00e9ctrica del Ecuador CELEC EP, segunda versi\u00f3n, por medio&nbsp;del presente pongo a vuestra consideraci\u00f3n el inicio&nbsp;de&nbsp;la fase&nbsp;de&nbsp;reclutamiento del&nbsp;PROCESO DE&nbsp;SELECCI\u00d3N&nbsp;SIMPLE. \u201c(\u2026) Art.7.- Reclutamiento: El Comit\u00e9 de selecci\u00f3n designado para el efecto [&hellip;]<\/p>\n","protected":false},"author":1,"featured_media":0,"parent":0,"menu_order":221,"comment_status":"open","ping_status":"closed","template":"","meta":{"_acf_changed":false,"inline_featured_image":false,"_themeisle_gutenberg_block_has_review":false,"footnotes":""},"categories":[],"tags":[],"class_list":["post-5055","page","type-page","status-publish","hentry"],"acf":[],"_links":{"self":[{"href":"https:\/\/www.celec.gob.ec\/transelectric\/wp-json\/wp\/v2\/pages\/5055","targetHints":{"allow":["GET"]}}],"collection":[{"href":"https:\/\/www.celec.gob.ec\/transelectric\/wp-json\/wp\/v2\/pages"}],"about":[{"href":"https:\/\/www.celec.gob.ec\/transelectric\/wp-json\/wp\/v2\/types\/page"}],"author":[{"embeddable":true,"href":"https:\/\/www.celec.gob.ec\/transelectric\/wp-json\/wp\/v2\/users\/1"}],"replies":[{"embeddable":true,"href":"https:\/\/www.celec.gob.ec\/transelectric\/wp-json\/wp\/v2\/comments?post=5055"}],"version-history":[{"count":2,"href":"https:\/\/www.celec.gob.ec\/transelectric\/wp-json\/wp\/v2\/pages\/5055\/revisions"}],"predecessor-version":[{"id":5426,"href":"https:\/\/www.celec.gob.ec\/transelectric\/wp-json\/wp\/v2\/pages\/5055\/revisions\/5426"}],"wp:attachment":[{"href":"https:\/\/www.celec.gob.ec\/transelectric\/wp-json\/wp\/v2\/media?parent=5055"}],"wp:term":[{"taxonomy":"category","embeddable":true,"href":"https:\/\/www.celec.gob.ec\/transelectric\/wp-json\/wp\/v2\/categories?post=5055"},{"taxonomy":"post_tag","embeddable":true,"href":"https:\/\/www.celec.gob.ec\/transelectric\/wp-json\/wp\/v2\/tags?post=5055"}],"curies":[{"name":"wp","href":"https:\/\/api.w.org\/{rel}","templated":true}]}}