{"id":5059,"date":"2021-12-09T18:36:59","date_gmt":"2023-05-18T14:53:49","guid":{"rendered":"https:\/\/www.celec.gob.ec\/transelectric\/?page_id=5059"},"modified":"2023-06-08T20:03:55","modified_gmt":"2023-06-09T01:03:55","slug":"proceso-de-seleccion-simple-asistente-bodegas","status":"publish","type":"page","link":"https:\/\/www.celec.gob.ec\/transelectric\/proceso-de-seleccion-simple-asistente-bodegas\/","title":{"rendered":"PROCESO DE SELECCI\u00d3N SIMPLE ASISTENTE BODEGAS"},"content":{"rendered":"<p>En cumplimiento al&nbsp;<i>\u201cReglamento para el Reclutamiento, Preselecci\u00f3n,&nbsp;Selecci\u00f3n, Vinculaci\u00f3n, e Inducci\u00f3n&nbsp;del Talento Humano&nbsp;de&nbsp;la Empresa P\u00fablica Estrat\u00e9gica Corporaci\u00f3n El\u00e9ctrica&nbsp;del Ecuador CELEC EP\u201d,&nbsp;<\/i>por medio&nbsp;del presente pongo a vuestra consideraci\u00f3n el inicio&nbsp;de&nbsp;la fase&nbsp;de&nbsp;reclutamiento&nbsp;<b>del PROCESO DE&nbsp;SELECCI\u00d3N&nbsp;SIMPLE<\/b>.&nbsp;&nbsp;<\/p>\n<p>&nbsp;<i>\u201c(\u2026)&nbsp;<b>Art.7.- Reclutamiento:<\/b>&nbsp;El comit\u00e9&nbsp;de&nbsp;selecci\u00f3n&nbsp;designado para el efecto tendr\u00e1 la responsabilidad&nbsp;de&nbsp;esta actividad, cuyo objetivo es recopilar todas las postulaciones&nbsp;de&nbsp;los aspirantes potencialmente calificados para ocupar los puestos ofertados por la CELEC EP, sean necesidades temporales o&nbsp;definitivas.&nbsp;<\/i><\/p>\n<p><i>Este reclutamiento se lo realiza a trav\u00e9s&nbsp;de&nbsp;una&nbsp;convocatoria&nbsp;abierta, a trav\u00e9s&nbsp;de&nbsp;diferentes medios&nbsp;de&nbsp;comunicaci\u00f3n como: medios digitales y\/o plataforma digital institucional. (&#8230;)\u00bb<\/i><\/p>\n<p>Los aspirantes que cumplan con los requisitos deber\u00e1n remitir su hoja de vida actualizada &nbsp;junto a los certificados laborales que respalden la informaci\u00f3n proporcionada para ser revisadas por el comit\u00e9; hasta las 09h00, del &nbsp;10 de diciembre&nbsp;de 2021 al correo&nbsp;<b><a href=\"mailto:nancy.campana@celec.gob.ec\" target=\"_blank\" rel=\"noopener noreferrer\" id=\"LPlnk443191\" data-auth=\"NotApplicable\" data-linkindex=\"0\"><\/a><a href=\"mailto:nancy.campana@celec.gob.ec\">nancy.campana@celec.gob.ec<\/a><\/b>, registrando como ASUNTO el cargo al que aplican. Las hojas de vida deben estar actualizadas junto a los certificados laborales que respalden la informaci\u00f3n.<\/p>\n<p style=\"text-align: center;\"><a href=\"images\/stories\/noticias\/2021WEB\/convocatoria2021\/9%20diciembre%202021\/M15.P01.S01-%20F03%20Convocatoria%20para%20vinculaci%C3%B3n%20de%20talento%20humano.pdf\"><span style=\"color: #000000;\">Para ver el requerimiento hacer clic aqui<\/span><\/a><\/p>\n","protected":false},"excerpt":{"rendered":"<p>En cumplimiento al&nbsp;\u201cReglamento para el Reclutamiento, Preselecci\u00f3n,&nbsp;Selecci\u00f3n, Vinculaci\u00f3n, e Inducci\u00f3n&nbsp;del Talento Humano&nbsp;de&nbsp;la Empresa P\u00fablica Estrat\u00e9gica Corporaci\u00f3n El\u00e9ctrica&nbsp;del Ecuador CELEC EP\u201d,&nbsp;por medio&nbsp;del presente pongo a vuestra consideraci\u00f3n el inicio&nbsp;de&nbsp;la fase&nbsp;de&nbsp;reclutamiento&nbsp;del PROCESO DE&nbsp;SELECCI\u00d3N&nbsp;SIMPLE.&nbsp;&nbsp; &nbsp;\u201c(\u2026)&nbsp;Art.7.- Reclutamiento:&nbsp;El comit\u00e9&nbsp;de&nbsp;selecci\u00f3n&nbsp;designado para el efecto tendr\u00e1 la responsabilidad&nbsp;de&nbsp;esta actividad, cuyo objetivo es recopilar todas las postulaciones&nbsp;de&nbsp;los aspirantes potencialmente calificados para ocupar los puestos [&hellip;]<\/p>\n","protected":false},"author":1,"featured_media":0,"parent":0,"menu_order":219,"comment_status":"open","ping_status":"closed","template":"","meta":{"_acf_changed":false,"inline_featured_image":false,"_themeisle_gutenberg_block_has_review":false,"footnotes":""},"categories":[],"tags":[],"class_list":["post-5059","page","type-page","status-publish","hentry"],"acf":[],"_links":{"self":[{"href":"https:\/\/www.celec.gob.ec\/transelectric\/wp-json\/wp\/v2\/pages\/5059","targetHints":{"allow":["GET"]}}],"collection":[{"href":"https:\/\/www.celec.gob.ec\/transelectric\/wp-json\/wp\/v2\/pages"}],"about":[{"href":"https:\/\/www.celec.gob.ec\/transelectric\/wp-json\/wp\/v2\/types\/page"}],"author":[{"embeddable":true,"href":"https:\/\/www.celec.gob.ec\/transelectric\/wp-json\/wp\/v2\/users\/1"}],"replies":[{"embeddable":true,"href":"https:\/\/www.celec.gob.ec\/transelectric\/wp-json\/wp\/v2\/comments?post=5059"}],"version-history":[{"count":2,"href":"https:\/\/www.celec.gob.ec\/transelectric\/wp-json\/wp\/v2\/pages\/5059\/revisions"}],"predecessor-version":[{"id":5441,"href":"https:\/\/www.celec.gob.ec\/transelectric\/wp-json\/wp\/v2\/pages\/5059\/revisions\/5441"}],"wp:attachment":[{"href":"https:\/\/www.celec.gob.ec\/transelectric\/wp-json\/wp\/v2\/media?parent=5059"}],"wp:term":[{"taxonomy":"category","embeddable":true,"href":"https:\/\/www.celec.gob.ec\/transelectric\/wp-json\/wp\/v2\/categories?post=5059"},{"taxonomy":"post_tag","embeddable":true,"href":"https:\/\/www.celec.gob.ec\/transelectric\/wp-json\/wp\/v2\/tags?post=5059"}],"curies":[{"name":"wp","href":"https:\/\/api.w.org\/{rel}","templated":true}]}}