{"id":5082,"date":"2023-05-18T10:09:20","date_gmt":"2023-05-18T15:09:20","guid":{"rendered":"https:\/\/www.celec.gob.ec\/transelectric\/?page_id=5082"},"modified":"2023-05-18T10:09:21","modified_gmt":"2023-05-18T15:09:21","slug":"proceso-de-seleccion-especialistas-ambientales-enero-2022","status":"publish","type":"page","link":"https:\/\/www.celec.gob.ec\/transelectric\/proceso-de-seleccion-especialistas-ambientales-enero-2022\/","title":{"rendered":"PROCESO DE SELECCI\u00d3N ESPECIALISTAS AMBIENTALES ENERO 2022"},"content":{"rendered":"\n<p>En cumplimiento al \u201cReglamento para el Reclutamiento, Preselecci\u00f3n, Selecci\u00f3n, Vinculaci\u00f3n, e Inducci\u00f3n del Talento Humano de la Empresa P\u00fablica Estrat\u00e9gica Corporaci\u00f3n El\u00e9ctrica del Ecuador CELEC EP\u201d, por medio del presente pongo a vuestra consideraci\u00f3n el inicio de la fase reclutamiento del&nbsp;<strong>PROCESO DE SELECC<\/strong><strong>I\u00d3N SIMPLE.<\/strong><\/p>\n\n\n\n<p><em>\u201c(\u2026)&nbsp;<strong>Art.7.- Reclutamiento:<\/strong>&nbsp;El comit\u00e9 de selecci\u00f3n designado para el efecto tendr\u00e1 la responsabilidad de esta actividad, cuyo objetivo es recopilar todas las postulaciones de los aspirantes potencialmente calificados para ocupar los puestos ofertados por la CELEC EP, sean necesidades temporales o definitivas.\u201d<\/em><\/p>\n\n\n\n<p>Los aspirantes que cumplan con los requisitos deber\u00e1n remitir su hoja de vida actualizada junto a los certificados laborales que respalden la informaci\u00f3n proporcionada para ser revisadas por el comit\u00e9; hasta las 13h00 del 08&nbsp;de enero de 2022 al correo electr\u00f3nico&nbsp;<a href=\"mailto:maribel.analuisa@celec.gob.ec\" target=\"_blank\" rel=\"noreferrer noopener\"><\/a><a href=\"mailto:maribel.analuisa@celec.gob.ec\">maribel.analuisa@celec.gob.ec<\/a>&nbsp;registrando como ASUNTO \u00fanicamente el&nbsp;<strong>c\u00f3digo establecido para cada cargo<\/strong>.<\/p>\n\n\n\n<p class=\"has-text-align-center\"><a href=\"https:\/\/www.celec.gob.ec\/transelectric\/images\/stories\/noticias\/2022WEB\/Empleos%20web\/Enero\/7enero2022\/Convocatoria%20para%20vinculaci%C3%B3nenero2022.pdf\">Para ver los requerimientos hacer clic aqu\u00ed<\/a><\/p>\n","protected":false},"excerpt":{"rendered":"<p>En cumplimiento al \u201cReglamento para el Reclutamiento, Preselecci\u00f3n, Selecci\u00f3n, Vinculaci\u00f3n, e Inducci\u00f3n del Talento Humano de la Empresa P\u00fablica Estrat\u00e9gica Corporaci\u00f3n El\u00e9ctrica del Ecuador CELEC EP\u201d, por medio del presente pongo a vuestra consideraci\u00f3n el inicio de la fase reclutamiento del&nbsp;PROCESO DE SELECCI\u00d3N SIMPLE. \u201c(\u2026)&nbsp;Art.7.- Reclutamiento:&nbsp;El comit\u00e9 de selecci\u00f3n designado para el efecto tendr\u00e1 la [&hellip;]<\/p>\n","protected":false},"author":1,"featured_media":0,"parent":0,"menu_order":0,"comment_status":"closed","ping_status":"closed","template":"","meta":{"_acf_changed":false,"inline_featured_image":false,"_themeisle_gutenberg_block_has_review":false,"footnotes":""},"categories":[],"tags":[],"class_list":["post-5082","page","type-page","status-publish","hentry"],"acf":[],"_links":{"self":[{"href":"https:\/\/www.celec.gob.ec\/transelectric\/wp-json\/wp\/v2\/pages\/5082","targetHints":{"allow":["GET"]}}],"collection":[{"href":"https:\/\/www.celec.gob.ec\/transelectric\/wp-json\/wp\/v2\/pages"}],"about":[{"href":"https:\/\/www.celec.gob.ec\/transelectric\/wp-json\/wp\/v2\/types\/page"}],"author":[{"embeddable":true,"href":"https:\/\/www.celec.gob.ec\/transelectric\/wp-json\/wp\/v2\/users\/1"}],"replies":[{"embeddable":true,"href":"https:\/\/www.celec.gob.ec\/transelectric\/wp-json\/wp\/v2\/comments?post=5082"}],"version-history":[{"count":1,"href":"https:\/\/www.celec.gob.ec\/transelectric\/wp-json\/wp\/v2\/pages\/5082\/revisions"}],"predecessor-version":[{"id":5083,"href":"https:\/\/www.celec.gob.ec\/transelectric\/wp-json\/wp\/v2\/pages\/5082\/revisions\/5083"}],"wp:attachment":[{"href":"https:\/\/www.celec.gob.ec\/transelectric\/wp-json\/wp\/v2\/media?parent=5082"}],"wp:term":[{"taxonomy":"category","embeddable":true,"href":"https:\/\/www.celec.gob.ec\/transelectric\/wp-json\/wp\/v2\/categories?post=5082"},{"taxonomy":"post_tag","embeddable":true,"href":"https:\/\/www.celec.gob.ec\/transelectric\/wp-json\/wp\/v2\/tags?post=5082"}],"curies":[{"name":"wp","href":"https:\/\/api.w.org\/{rel}","templated":true}]}}