{"id":51,"date":"2023-02-18T19:09:57","date_gmt":"2023-02-18T19:09:57","guid":{"rendered":"https:\/\/www.celec.gob.ec\/transelectric\/?page_id=51"},"modified":"2023-11-14T12:16:42","modified_gmt":"2023-11-14T17:16:42","slug":"plan-maestro-de-electricidad-2012-2022","status":"publish","type":"page","link":"https:\/\/www.celec.gob.ec\/transelectric\/plan-maestro-de-electricidad-2012-2022\/","title":{"rendered":"Plan Maestro de Electricidad 2018-2027"},"content":{"rendered":"\n<p>El Plan Maestro de Electricidad constituye un insumo estrat\u00e9gico de consulta en materia el\u00e9ctrica para estudiantes, acad\u00e9micos, expertos, y ciudadan\u00eda en general, donde se puede conocer a detalle las acciones que est\u00e1 promoviendo e implementando el Gobierno Nacional, en beneficio del sector el\u00e9ctrico del Ecuador.<\/p>\n\n\n\n<p>&nbsp;Este documento constituye una herramienta de trabajo y de planificaci\u00f3n, capaz de generar beneficios en base a las acciones emprendidas en el desarrollo el\u00e9ctrico y energ\u00e9tico ecuatoriano. Como parte de este plan, se encuentra en el Cap\u00edtulo 5, el Plan de Expansi\u00f3n de Transmisi\u00f3n con un detalle de las obras o proyectos previstos en el corto, mediano y largo plazo.<\/p>\n\n\n\n<p class=\"has-text-align-center\"><strong><a href=\"https:\/\/www.recursosyenergia.gob.ec\/plan-maestro-de-electricidad\/\" data-type=\"link\" data-id=\"https:\/\/www.recursosyenergia.gob.ec\/plan-maestro-de-electricidad\/\">Para ingresar al Plan Maestro de Electricidad 2018 &#8211; 2027, hacer clic aqu\u00ed<\/a><\/strong><\/p>\n","protected":false},"excerpt":{"rendered":"<p>El Plan Maestro de Electricidad constituye un insumo estrat\u00e9gico de consulta en materia el\u00e9ctrica para estudiantes, acad\u00e9micos, expertos, y ciudadan\u00eda en general, donde se puede conocer a detalle las acciones que est\u00e1 promoviendo e implementando el Gobierno Nacional, en beneficio del sector el\u00e9ctrico del Ecuador. &nbsp;Este documento constituye una herramienta de trabajo y de planificaci\u00f3n, [&hellip;]<\/p>\n","protected":false},"author":1,"featured_media":0,"parent":0,"menu_order":0,"comment_status":"closed","ping_status":"closed","template":"","meta":{"_acf_changed":false,"inline_featured_image":false,"_themeisle_gutenberg_block_has_review":false,"footnotes":""},"categories":[],"tags":[],"class_list":["post-51","page","type-page","status-publish","hentry"],"acf":[],"_links":{"self":[{"href":"https:\/\/www.celec.gob.ec\/transelectric\/wp-json\/wp\/v2\/pages\/51","targetHints":{"allow":["GET"]}}],"collection":[{"href":"https:\/\/www.celec.gob.ec\/transelectric\/wp-json\/wp\/v2\/pages"}],"about":[{"href":"https:\/\/www.celec.gob.ec\/transelectric\/wp-json\/wp\/v2\/types\/page"}],"author":[{"embeddable":true,"href":"https:\/\/www.celec.gob.ec\/transelectric\/wp-json\/wp\/v2\/users\/1"}],"replies":[{"embeddable":true,"href":"https:\/\/www.celec.gob.ec\/transelectric\/wp-json\/wp\/v2\/comments?post=51"}],"version-history":[{"count":4,"href":"https:\/\/www.celec.gob.ec\/transelectric\/wp-json\/wp\/v2\/pages\/51\/revisions"}],"predecessor-version":[{"id":7051,"href":"https:\/\/www.celec.gob.ec\/transelectric\/wp-json\/wp\/v2\/pages\/51\/revisions\/7051"}],"wp:attachment":[{"href":"https:\/\/www.celec.gob.ec\/transelectric\/wp-json\/wp\/v2\/media?parent=51"}],"wp:term":[{"taxonomy":"category","embeddable":true,"href":"https:\/\/www.celec.gob.ec\/transelectric\/wp-json\/wp\/v2\/categories?post=51"},{"taxonomy":"post_tag","embeddable":true,"href":"https:\/\/www.celec.gob.ec\/transelectric\/wp-json\/wp\/v2\/tags?post=51"}],"curies":[{"name":"wp","href":"https:\/\/api.w.org\/{rel}","templated":true}]}}