{"id":5109,"date":"2023-05-31T17:50:14","date_gmt":"2023-05-31T22:50:14","guid":{"rendered":"https:\/\/www.celec.gob.ec\/transelectric\/?page_id=5109"},"modified":"2023-05-31T17:50:15","modified_gmt":"2023-05-31T22:50:15","slug":"concurso-de-meritos-y-oposicion-especialista-de-telecomunicaciones-sistema-nacional-interconectado","status":"publish","type":"page","link":"https:\/\/www.celec.gob.ec\/transelectric\/concurso-de-meritos-y-oposicion-especialista-de-telecomunicaciones-sistema-nacional-interconectado\/","title":{"rendered":"CONCURSO DE M\u00c9RITOS Y OPOSICI\u00d3N ESPECIALISTA DE TELECOMUNICACIONES SISTEMA NACIONAL INTERCONECTADO"},"content":{"rendered":"\n<p>En cumplimiento de lo que establece el Art. 7 del REGLAMENTO PARA EL RECLUTAMIENTO, PRESELECCI\u00d3N, SELECCI\u00d3N, VINCULACI\u00d3N, E INDUCCI\u00d3N DEL TALENTO HUMANO DE LA EMPRESA P\u00daBLICA ESTRAT\u00c9GICA CORPORACI\u00d3N EL\u00c9CTRICA DEL ECUADOR CELEC EP\u201d Segunda versi\u00f3n, contenido en la RESOLUCI\u00d3N No. CEL-RES-0214-20, que se\u00f1ala:&nbsp;\u201c(\u2026) Este reclutamiento se lo realiza a trav\u00e9s de una convocatoria abierta, a trav\u00e9s de diferentes medios de comunicaci\u00f3n como: medios digitales y\/o plataforma digital institucional (\u2026)\u201d&nbsp; &nbsp;<br>&nbsp;<br>En el numeral 6.10 del Procedimiento para el Reclutamiento, Pre-selecci\u00f3n, Selecci\u00f3n, Contrataci\u00f3n e Inducci\u00f3n que se\u00f1ala:&nbsp;\u201c(\u2026) En el caso de no existir postulantes internos que se ajusten al requerimiento o no cumplan con los requisitos establecidos en las bases se proceder\u00e1 a realizar una convocatoria abierta para el concurso de m\u00e9ritos y oposici\u00f3n a trav\u00e9s de los medios digitales con los que cuente la Unidad de Negocio o Matriz (\u2026)\u201d.&nbsp;<\/p>\n\n\n\n<p>Los aspirantes que cumplan con el perfil del puesto deber\u00e1n enviar la hoja de vida en el formato que se encuentra adjunto a esta convocatoria, junto con todos los documentos que certifiquen&nbsp;su instrucci\u00f3n formal, experiencia laboral y cursos realizados, al correo electr\u00f3nico:&nbsp;<a href=\"mailto:johanna.lopez@celec.gob.ec\">johanna.lopez@celec.gob.ec<\/a>; hasta las 13h00 del&nbsp;14 de&nbsp;febrero de 2022; para lo cual deber\u00e1n considerar las condiciones descritas en la Gu\u00eda de postulantes,&nbsp;\u201cconsider\u00e1ndose \u00fanicamente las que apliquen dentro de este periodo de tiempo, no se receptar\u00e1 documento alguno despu\u00e9s de la recepci\u00f3n de la postulaci\u00f3n.\u201d.<\/p>\n\n\n\n<p class=\"has-text-align-center\"><a href=\"https:\/\/www.celec.gob.ec\/transelectric\/images\/stories\/noticias\/2022WEB\/Empleos%20web\/Febrero\/11defebrero2022\/M15.P01.S02-F03%20Convocatoria%20para%20vinculaci%C3%B3n-CYM01.pdf\">Requerimiento del puesto<\/a><\/p>\n\n\n\n<p class=\"has-text-align-center\"><a href=\"https:\/\/www.celec.gob.ec\/transelectric\/images\/stories\/noticias\/2022WEB\/Empleos%20web\/Febrero\/11defebrero2022\/M15.P01.S02-IE01-TRA-01-F03%20Formato%20de%20Hoja%20de%20Vida.xls\">Hoja de vida<\/a><\/p>\n\n\n\n<p class=\"has-text-align-center\"><a href=\"https:\/\/www.celec.gob.ec\/transelectric\/images\/stories\/noticias\/2022WEB\/Empleos%20web\/Febrero\/11defebrero2022\/GUIA%20DEL%20POSTULANTE%20CONCURSOS%202022.pdf\">Gu\u00eda de Postulante<\/a><\/p>\n","protected":false},"excerpt":{"rendered":"<p>En cumplimiento de lo que establece el Art. 7 del REGLAMENTO PARA EL RECLUTAMIENTO, PRESELECCI\u00d3N, SELECCI\u00d3N, VINCULACI\u00d3N, E INDUCCI\u00d3N DEL TALENTO HUMANO DE LA EMPRESA P\u00daBLICA ESTRAT\u00c9GICA CORPORACI\u00d3N EL\u00c9CTRICA DEL ECUADOR CELEC EP\u201d Segunda versi\u00f3n, contenido en la RESOLUCI\u00d3N No. CEL-RES-0214-20, que se\u00f1ala:&nbsp;\u201c(\u2026) Este reclutamiento se lo realiza a trav\u00e9s de una convocatoria abierta, a [&hellip;]<\/p>\n","protected":false},"author":1,"featured_media":0,"parent":0,"menu_order":0,"comment_status":"closed","ping_status":"closed","template":"","meta":{"_acf_changed":false,"inline_featured_image":false,"_themeisle_gutenberg_block_has_review":false,"footnotes":""},"categories":[],"tags":[],"class_list":["post-5109","page","type-page","status-publish","hentry"],"acf":[],"_links":{"self":[{"href":"https:\/\/www.celec.gob.ec\/transelectric\/wp-json\/wp\/v2\/pages\/5109","targetHints":{"allow":["GET"]}}],"collection":[{"href":"https:\/\/www.celec.gob.ec\/transelectric\/wp-json\/wp\/v2\/pages"}],"about":[{"href":"https:\/\/www.celec.gob.ec\/transelectric\/wp-json\/wp\/v2\/types\/page"}],"author":[{"embeddable":true,"href":"https:\/\/www.celec.gob.ec\/transelectric\/wp-json\/wp\/v2\/users\/1"}],"replies":[{"embeddable":true,"href":"https:\/\/www.celec.gob.ec\/transelectric\/wp-json\/wp\/v2\/comments?post=5109"}],"version-history":[{"count":1,"href":"https:\/\/www.celec.gob.ec\/transelectric\/wp-json\/wp\/v2\/pages\/5109\/revisions"}],"predecessor-version":[{"id":5110,"href":"https:\/\/www.celec.gob.ec\/transelectric\/wp-json\/wp\/v2\/pages\/5109\/revisions\/5110"}],"wp:attachment":[{"href":"https:\/\/www.celec.gob.ec\/transelectric\/wp-json\/wp\/v2\/media?parent=5109"}],"wp:term":[{"taxonomy":"category","embeddable":true,"href":"https:\/\/www.celec.gob.ec\/transelectric\/wp-json\/wp\/v2\/categories?post=5109"},{"taxonomy":"post_tag","embeddable":true,"href":"https:\/\/www.celec.gob.ec\/transelectric\/wp-json\/wp\/v2\/tags?post=5109"}],"curies":[{"name":"wp","href":"https:\/\/api.w.org\/{rel}","templated":true}]}}