{"id":5125,"date":"2023-05-31T18:09:33","date_gmt":"2023-05-31T23:09:33","guid":{"rendered":"https:\/\/www.celec.gob.ec\/transelectric\/?page_id=5125"},"modified":"2023-05-31T18:09:34","modified_gmt":"2023-05-31T23:09:34","slug":"proceso-de-seleccion-simple-especialista-de-contabilidad-febrero-2022","status":"publish","type":"page","link":"https:\/\/www.celec.gob.ec\/transelectric\/proceso-de-seleccion-simple-especialista-de-contabilidad-febrero-2022\/","title":{"rendered":"Proceso de selecci\u00f3n simple especialista de contabilidad febrero 2022"},"content":{"rendered":"\n<p>En cumplimiento al&nbsp;<em>\u201cReglamento para el Reclutamiento, Preselecci\u00f3n,&nbsp;Selecci\u00f3n, Vinculaci\u00f3n, e Inducci\u00f3n&nbsp;del Talento Humano&nbsp;de&nbsp;la Empresa P\u00fablica Estrat\u00e9gica Corporaci\u00f3n El\u00e9ctrica&nbsp;del Ecuador CELEC EP\u201d,&nbsp;<\/em>por medio&nbsp;del presente pongo a vuestra consideraci\u00f3n el inicio&nbsp;de&nbsp;la fase&nbsp;de&nbsp;reclutamiento&nbsp;<strong>del PROCESO DE&nbsp;SELECCI\u00d3N&nbsp;SIMPLE<\/strong>.&nbsp;&nbsp;<\/p>\n\n\n\n<p><em>\u201c(\u2026)&nbsp;<strong>Art.7.- Reclutamiento:<\/strong>&nbsp;El comit\u00e9&nbsp;de&nbsp;selecci\u00f3n&nbsp;designado para el efecto tendr\u00e1 la responsabilidad&nbsp;de&nbsp;esta actividad, cuyo objetivo es recopilar todas las postulaciones&nbsp;de&nbsp;los aspirantes potencialmente calificados para ocupar los puestos ofertados por la CELEC EP, sean necesidades temporales o&nbsp;definitivas.&nbsp;<\/em><\/p>\n\n\n\n<p><em>Este reclutamiento se lo realiza a trav\u00e9s&nbsp;de&nbsp;una&nbsp;convocatoria&nbsp;abierta, a trav\u00e9s&nbsp;de&nbsp;diferentes medios&nbsp;de&nbsp;comunicaci\u00f3n como: medios digitales y\/o plataforma digital institucional. (&#8230;)\u00bb<\/em><\/p>\n\n\n\n<p>Los aspirantes que cumplan con los requisitos deber\u00e1n remitir su hoja de vida<strong>&nbsp;actualizada<\/strong>&nbsp;&nbsp;junto a los&nbsp;<strong>documentos que certifiquen<\/strong>&nbsp;su&nbsp;educaci\u00f3n&nbsp;&nbsp;formal, experiencia laboral y cursos realizados para ser revisadas por el comit\u00e9; hasta las 16h00, del 23 de febrero de 2022 al correo&nbsp;<strong><a href=\"mailto:nancy.campana@celec.gob.ec\" target=\"_blank\" rel=\"noreferrer noopener\"><\/a><a href=\"mailto:nancy.campana@celec.gob.ec\">nancy.campana@celec.gob.ec<\/a><\/strong>, registrando como&nbsp;<strong>ASUNTO el cargo al que aplican<em>, \u201cconsider\u00e1ndose \u00fanicamente las que apliquen dentro de este periodo de tiempo, no se receptar\u00e1 documento alguno despu\u00e9s de la recepci\u00f3n de la postulaci\u00f3n.\u201d<\/em><\/strong><\/p>\n\n\n\n<p class=\"has-text-align-center\"><a href=\"https:\/\/www.celec.gob.ec\/transelectric\/images\/stories\/noticias\/2022WEB\/Empleos%20web\/Febrero\/22defebrero2022\/Convocatoria%20para%20vinculaci%C3%B3n%20PS%2020-%202022.pdf\">Para ver el requerimiento hacer clic aqu\u00ed<\/a><\/p>\n","protected":false},"excerpt":{"rendered":"<p>En cumplimiento al&nbsp;\u201cReglamento para el Reclutamiento, Preselecci\u00f3n,&nbsp;Selecci\u00f3n, Vinculaci\u00f3n, e Inducci\u00f3n&nbsp;del Talento Humano&nbsp;de&nbsp;la Empresa P\u00fablica Estrat\u00e9gica Corporaci\u00f3n El\u00e9ctrica&nbsp;del Ecuador CELEC EP\u201d,&nbsp;por medio&nbsp;del presente pongo a vuestra consideraci\u00f3n el inicio&nbsp;de&nbsp;la fase&nbsp;de&nbsp;reclutamiento&nbsp;del PROCESO DE&nbsp;SELECCI\u00d3N&nbsp;SIMPLE.&nbsp;&nbsp; \u201c(\u2026)&nbsp;Art.7.- Reclutamiento:&nbsp;El comit\u00e9&nbsp;de&nbsp;selecci\u00f3n&nbsp;designado para el efecto tendr\u00e1 la responsabilidad&nbsp;de&nbsp;esta actividad, cuyo objetivo es recopilar todas las postulaciones&nbsp;de&nbsp;los aspirantes potencialmente calificados para ocupar los puestos [&hellip;]<\/p>\n","protected":false},"author":1,"featured_media":0,"parent":0,"menu_order":0,"comment_status":"closed","ping_status":"closed","template":"","meta":{"_acf_changed":false,"inline_featured_image":false,"_themeisle_gutenberg_block_has_review":false,"footnotes":""},"categories":[],"tags":[],"class_list":["post-5125","page","type-page","status-publish","hentry"],"acf":[],"_links":{"self":[{"href":"https:\/\/www.celec.gob.ec\/transelectric\/wp-json\/wp\/v2\/pages\/5125","targetHints":{"allow":["GET"]}}],"collection":[{"href":"https:\/\/www.celec.gob.ec\/transelectric\/wp-json\/wp\/v2\/pages"}],"about":[{"href":"https:\/\/www.celec.gob.ec\/transelectric\/wp-json\/wp\/v2\/types\/page"}],"author":[{"embeddable":true,"href":"https:\/\/www.celec.gob.ec\/transelectric\/wp-json\/wp\/v2\/users\/1"}],"replies":[{"embeddable":true,"href":"https:\/\/www.celec.gob.ec\/transelectric\/wp-json\/wp\/v2\/comments?post=5125"}],"version-history":[{"count":1,"href":"https:\/\/www.celec.gob.ec\/transelectric\/wp-json\/wp\/v2\/pages\/5125\/revisions"}],"predecessor-version":[{"id":5126,"href":"https:\/\/www.celec.gob.ec\/transelectric\/wp-json\/wp\/v2\/pages\/5125\/revisions\/5126"}],"wp:attachment":[{"href":"https:\/\/www.celec.gob.ec\/transelectric\/wp-json\/wp\/v2\/media?parent=5125"}],"wp:term":[{"taxonomy":"category","embeddable":true,"href":"https:\/\/www.celec.gob.ec\/transelectric\/wp-json\/wp\/v2\/categories?post=5125"},{"taxonomy":"post_tag","embeddable":true,"href":"https:\/\/www.celec.gob.ec\/transelectric\/wp-json\/wp\/v2\/tags?post=5125"}],"curies":[{"name":"wp","href":"https:\/\/api.w.org\/{rel}","templated":true}]}}