{"id":5137,"date":"2023-05-31T18:15:06","date_gmt":"2023-05-31T23:15:06","guid":{"rendered":"https:\/\/www.celec.gob.ec\/transelectric\/?page_id=5137"},"modified":"2023-05-31T18:15:07","modified_gmt":"2023-05-31T23:15:07","slug":"proceso-de-seleccion-simple-asistente-de-comunicacion-celec-ep-transelectric-marzo-2022","status":"publish","type":"page","link":"https:\/\/www.celec.gob.ec\/transelectric\/proceso-de-seleccion-simple-asistente-de-comunicacion-celec-ep-transelectric-marzo-2022\/","title":{"rendered":"Proceso de selecci\u00f3n simple asistente de comunicaci\u00f3n CELEC EP TRANSELECTRIC marzo 2022"},"content":{"rendered":"\n<p>En cumplimiento del&nbsp;<em>\u201cReglamento para el Reclutamiento, Preselecci\u00f3n,&nbsp;Selecci\u00f3n, Vinculaci\u00f3n, e Inducci\u00f3n&nbsp;del Talento Humano&nbsp;de&nbsp;la Empresa P\u00fablica Estrat\u00e9gica Corporaci\u00f3n El\u00e9ctrica&nbsp;del Ecuador CELEC EP\u201d<\/em>,&nbsp;se pone en consideraci\u00f3n el inicio&nbsp;de&nbsp;la fase&nbsp;de&nbsp;reclutamiento&nbsp;de los<strong>&nbsp;PROCESO DE&nbsp;SELECCI\u00d3N&nbsp;SIMPLE<\/strong>, para cubrir los cargos detallados en el archivo adjunto.&nbsp;&nbsp;&nbsp;&nbsp;&nbsp;<\/p>\n\n\n\n<p><em>\u201c(\u2026)&nbsp;<strong>Art.7.- Reclutamiento:<\/strong>&nbsp;El comit\u00e9&nbsp;de&nbsp;selecci\u00f3n&nbsp;designado para el efecto tendr\u00e1 la responsabilidad&nbsp;de&nbsp;esta actividad, cuyo objetivo es recopilar todas las postulaciones&nbsp;de&nbsp;los aspirantes potencialmente calificados para ocupar los puestos ofertados por la CELEC EP, sean necesidades temporales o&nbsp;definitivas.&nbsp;&nbsp;<\/em>&nbsp;&nbsp;<\/p>\n\n\n\n<p><em>Este reclutamiento se lo realiza a trav\u00e9s&nbsp;de&nbsp;una&nbsp;convocatoria&nbsp;abierta, a trav\u00e9s&nbsp;de&nbsp;diferentes medios&nbsp;de&nbsp;comunicaci\u00f3n como: medios digitales y\/o plataforma digital institucional. (&#8230;)\u00bb&nbsp;<\/em>&nbsp;&nbsp;<\/p>\n\n\n\n<p>Los aspirantes que cumplan con los requisitos, deber\u00e1n enviar su hoja de vida actualizada junto a los documentos que certifiquen su instrucci\u00f3n formal, experiencia laboral y cursos realizados para ser revisadas por el comit\u00e9 (un solo archivo pdf); hasta las 13:00 del 04 de marzo de 2022, la aplicaci\u00f3n la realizar\u00e1n en el siguiente link&nbsp;<a href=\"https:\/\/nam02.safelinks.protection.outlook.com\/?url=https%3A%2F%2Fforms.gle%2FovAtMN3f3969gVQk9&amp;data=04%7C01%7Cdaniel.sanchezs%40celec.gob.ec%7C458245ef1ca048c86d9808d9fd2f261a%7C00460663ae3641a3a13508f8a06015b0%7C0%7C0%7C637819201206172797%7CUnknown%7CTWFpbGZsb3d8eyJWIjoiMC4wLjAwMDAiLCJQIjoiV2luMzIiLCJBTiI6Ik1haWwiLCJXVCI6Mn0%3D%7C3000&amp;sdata=JZzJTIyA2Y5LZ4uunxzJGtNP4TJLSn8OV8yGBsQW3Ds%3D&amp;reserved=0\" target=\"_blank\" rel=\"noreferrer noopener\">https:\/\/forms.gle\/ovAtMN3f3969gVQk9<\/a>,consider\u00e1ndose \u00fanicamente las que apliquen dentro de este periodo de tiempo, no se receptar\u00e1 documento alguno despu\u00e9s de la recepci\u00f3n de la postulaci\u00f3n<\/p>\n\n\n\n<p class=\"has-text-align-center\"><a href=\"https:\/\/www.celec.gob.ec\/transelectric\/images\/stories\/noticias\/2022WEB\/Empleos%20web\/Marzo\/3demarzode2022\/Convocatoria%20Proceso%20Selecci%C3%B3n%20Simple%20(1).pdf\">Para ver el requerimiento hacer clic aqu\u00ed<\/a><\/p>\n","protected":false},"excerpt":{"rendered":"<p>En cumplimiento del&nbsp;\u201cReglamento para el Reclutamiento, Preselecci\u00f3n,&nbsp;Selecci\u00f3n, Vinculaci\u00f3n, e Inducci\u00f3n&nbsp;del Talento Humano&nbsp;de&nbsp;la Empresa P\u00fablica Estrat\u00e9gica Corporaci\u00f3n El\u00e9ctrica&nbsp;del Ecuador CELEC EP\u201d,&nbsp;se pone en consideraci\u00f3n el inicio&nbsp;de&nbsp;la fase&nbsp;de&nbsp;reclutamiento&nbsp;de los&nbsp;PROCESO DE&nbsp;SELECCI\u00d3N&nbsp;SIMPLE, para cubrir los cargos detallados en el archivo adjunto.&nbsp;&nbsp;&nbsp;&nbsp;&nbsp; \u201c(\u2026)&nbsp;Art.7.- Reclutamiento:&nbsp;El comit\u00e9&nbsp;de&nbsp;selecci\u00f3n&nbsp;designado para el efecto tendr\u00e1 la responsabilidad&nbsp;de&nbsp;esta actividad, cuyo objetivo es recopilar todas las postulaciones&nbsp;de&nbsp;los aspirantes [&hellip;]<\/p>\n","protected":false},"author":1,"featured_media":0,"parent":0,"menu_order":0,"comment_status":"closed","ping_status":"closed","template":"","meta":{"_acf_changed":false,"inline_featured_image":false,"_themeisle_gutenberg_block_has_review":false,"footnotes":""},"categories":[],"tags":[],"class_list":["post-5137","page","type-page","status-publish","hentry"],"acf":[],"_links":{"self":[{"href":"https:\/\/www.celec.gob.ec\/transelectric\/wp-json\/wp\/v2\/pages\/5137","targetHints":{"allow":["GET"]}}],"collection":[{"href":"https:\/\/www.celec.gob.ec\/transelectric\/wp-json\/wp\/v2\/pages"}],"about":[{"href":"https:\/\/www.celec.gob.ec\/transelectric\/wp-json\/wp\/v2\/types\/page"}],"author":[{"embeddable":true,"href":"https:\/\/www.celec.gob.ec\/transelectric\/wp-json\/wp\/v2\/users\/1"}],"replies":[{"embeddable":true,"href":"https:\/\/www.celec.gob.ec\/transelectric\/wp-json\/wp\/v2\/comments?post=5137"}],"version-history":[{"count":1,"href":"https:\/\/www.celec.gob.ec\/transelectric\/wp-json\/wp\/v2\/pages\/5137\/revisions"}],"predecessor-version":[{"id":5138,"href":"https:\/\/www.celec.gob.ec\/transelectric\/wp-json\/wp\/v2\/pages\/5137\/revisions\/5138"}],"wp:attachment":[{"href":"https:\/\/www.celec.gob.ec\/transelectric\/wp-json\/wp\/v2\/media?parent=5137"}],"wp:term":[{"taxonomy":"category","embeddable":true,"href":"https:\/\/www.celec.gob.ec\/transelectric\/wp-json\/wp\/v2\/categories?post=5137"},{"taxonomy":"post_tag","embeddable":true,"href":"https:\/\/www.celec.gob.ec\/transelectric\/wp-json\/wp\/v2\/tags?post=5137"}],"curies":[{"name":"wp","href":"https:\/\/api.w.org\/{rel}","templated":true}]}}