{"id":5142,"date":"2023-05-31T18:16:23","date_gmt":"2023-05-31T23:16:23","guid":{"rendered":"https:\/\/www.celec.gob.ec\/transelectric\/?page_id=5142"},"modified":"2023-05-31T18:16:24","modified_gmt":"2023-05-31T23:16:24","slug":"proceso-de-seleccion-simple-especialista-financiero-central-guangopolo-marzo-2022","status":"publish","type":"page","link":"https:\/\/www.celec.gob.ec\/transelectric\/proceso-de-seleccion-simple-especialista-financiero-central-guangopolo-marzo-2022\/","title":{"rendered":"PROCESO DE SELECCI\u00d3N SIMPLE ESPECIALISTA FINANCIERO CENTRAL GUANGOPOLO MARZO 2022"},"content":{"rendered":"\n<p>En cumplimiento con lo dispuesto en el \u201cReglamento para el Reclutamiento, Preselecci\u00f3n, Selecci\u00f3n, Vinculaci\u00f3n, e Inducci\u00f3n de Talento Humano de la Empresa P\u00fablica Estrat\u00e9gica Corporaci\u00f3n El\u00e9ctrica del Ecuador CELEC EP\u201d segunda versi\u00f3n: &nbsp;<\/p>\n\n\n\n<p><em>\u201c(\u2026) Art.7.- Reclutamiento: El comit\u00e9 de selecci\u00f3n designada para el efecto tendr\u00e1 la responsabilidad de esta actividad, cuyo objetivo es recopilar todas las postulaciones de los aspirantes potencialmente calificados para ocupar los puestos ofertados por la CELEC EP, sean las necesidades temporales o definitivas (\u2026)\u201d.<\/em>&nbsp;&nbsp;<\/p>\n\n\n\n<p>Los aspirantes que cumpla con los requisitos, deber\u00e1n remitir su hoja de vida actualizada, adjuntando los documentos que acrediten su formaci\u00f3n profesional y experiencia, en formato PDF, desde el d\u00eda martes 08 de marzo de 2022 desde las 12:00 hasta el d\u00eda miercoles 09 de marzo de 2022 hasta las 13:00, al correo electr\u00f3nico&nbsp;<a href=\"mailto:jennyffer.rodriguez@celec.gob.ec\" target=\"_blank\" rel=\"noreferrer noopener\"><\/a><a href=\"mailto:jennyffer.rodriguez@celec.gob.ec\">jennyffer.rodriguez@celec.gob.ec<\/a>&nbsp;indicando en el asunto el cargo al que est\u00e1n postulando, siendo para el presente&nbsp;<strong>\u201c&nbsp;<\/strong><strong>Especialista Financiero&nbsp;\u201d<\/strong>&nbsp;&nbsp;<\/p>\n\n\n\n<p class=\"has-text-align-center\"><a href=\"https:\/\/www.celec.gob.ec\/transelectric\/images\/stories\/noticias\/2022WEB\/Empleos%20web\/Marzo\/8demarzo2022\/CONVOCATORIA%20ESPECIALISTA%20FINANCIERO%20GUANGOPOLO.pdf\">Para ver el requerimiento hacer clic aqu\u00ed<\/a><\/p>\n","protected":false},"excerpt":{"rendered":"<p>En cumplimiento con lo dispuesto en el \u201cReglamento para el Reclutamiento, Preselecci\u00f3n, Selecci\u00f3n, Vinculaci\u00f3n, e Inducci\u00f3n de Talento Humano de la Empresa P\u00fablica Estrat\u00e9gica Corporaci\u00f3n El\u00e9ctrica del Ecuador CELEC EP\u201d segunda versi\u00f3n: &nbsp; \u201c(\u2026) Art.7.- Reclutamiento: El comit\u00e9 de selecci\u00f3n designada para el efecto tendr\u00e1 la responsabilidad de esta actividad, cuyo objetivo es recopilar todas [&hellip;]<\/p>\n","protected":false},"author":1,"featured_media":0,"parent":0,"menu_order":0,"comment_status":"closed","ping_status":"closed","template":"","meta":{"_acf_changed":false,"inline_featured_image":false,"_themeisle_gutenberg_block_has_review":false,"footnotes":""},"categories":[],"tags":[],"class_list":["post-5142","page","type-page","status-publish","hentry"],"acf":[],"_links":{"self":[{"href":"https:\/\/www.celec.gob.ec\/transelectric\/wp-json\/wp\/v2\/pages\/5142","targetHints":{"allow":["GET"]}}],"collection":[{"href":"https:\/\/www.celec.gob.ec\/transelectric\/wp-json\/wp\/v2\/pages"}],"about":[{"href":"https:\/\/www.celec.gob.ec\/transelectric\/wp-json\/wp\/v2\/types\/page"}],"author":[{"embeddable":true,"href":"https:\/\/www.celec.gob.ec\/transelectric\/wp-json\/wp\/v2\/users\/1"}],"replies":[{"embeddable":true,"href":"https:\/\/www.celec.gob.ec\/transelectric\/wp-json\/wp\/v2\/comments?post=5142"}],"version-history":[{"count":1,"href":"https:\/\/www.celec.gob.ec\/transelectric\/wp-json\/wp\/v2\/pages\/5142\/revisions"}],"predecessor-version":[{"id":5143,"href":"https:\/\/www.celec.gob.ec\/transelectric\/wp-json\/wp\/v2\/pages\/5142\/revisions\/5143"}],"wp:attachment":[{"href":"https:\/\/www.celec.gob.ec\/transelectric\/wp-json\/wp\/v2\/media?parent=5142"}],"wp:term":[{"taxonomy":"category","embeddable":true,"href":"https:\/\/www.celec.gob.ec\/transelectric\/wp-json\/wp\/v2\/categories?post=5142"},{"taxonomy":"post_tag","embeddable":true,"href":"https:\/\/www.celec.gob.ec\/transelectric\/wp-json\/wp\/v2\/tags?post=5142"}],"curies":[{"name":"wp","href":"https:\/\/api.w.org\/{rel}","templated":true}]}}