{"id":5187,"date":"2023-05-31T18:29:49","date_gmt":"2023-05-31T23:29:49","guid":{"rendered":"https:\/\/www.celec.gob.ec\/transelectric\/?page_id=5187"},"modified":"2023-05-31T18:29:50","modified_gmt":"2023-05-31T23:29:50","slug":"proceso-de-seleccion-simple-especialista-de-comunicacion-29-abril-2022","status":"publish","type":"page","link":"https:\/\/www.celec.gob.ec\/transelectric\/proceso-de-seleccion-simple-especialista-de-comunicacion-29-abril-2022\/","title":{"rendered":"Proceso de selecci\u00f3n simple Especialista de Comunicaci\u00f3n, 29 abril 2022"},"content":{"rendered":"\n<p>En cumplimiento del&nbsp;<em>\u201cReglamento para el Reclutamiento, Preselecci\u00f3n,&nbsp;Selecci\u00f3n, Vinculaci\u00f3n, e Inducci\u00f3n&nbsp;del Talento Humano&nbsp;de&nbsp;la Empresa P\u00fablica Estrat\u00e9gica Corporaci\u00f3n El\u00e9ctrica&nbsp;del Ecuador CELEC EP\u201d<\/em>,&nbsp;se pone en consideraci\u00f3n el inicio&nbsp;de&nbsp;la fase&nbsp;de&nbsp;reclutamiento&nbsp;de los<strong>&nbsp;PROCESO DE&nbsp;SELECCI\u00d3N&nbsp;SIMPLE<\/strong>, para cubrir los cargos detallados en el archivo adjunto.&nbsp;&nbsp;&nbsp;&nbsp;<\/p>\n\n\n\n<p><em>(\u2026)&nbsp;<strong>Art.7.- Reclutamiento:<\/strong>&nbsp;El comit\u00e9&nbsp;de&nbsp;selecci\u00f3n&nbsp;designado para el efecto tendr\u00e1 la responsabilidad&nbsp;de&nbsp;esta actividad, cuyo objetivo es recopilar todas las postulaciones&nbsp;de&nbsp;los aspirantes potencialmente calificados para ocupar los puestos ofertados por la CELEC EP, sean necesidades temporales o&nbsp;definitivas.&nbsp;&nbsp;<\/em>&nbsp;<\/p>\n\n\n\n<p><em>Este reclutamiento se lo realiza a trav\u00e9s&nbsp;de&nbsp;una&nbsp;convocatoria&nbsp;abierta, a trav\u00e9s&nbsp;de&nbsp;diferentes medios&nbsp;de&nbsp;comunicaci\u00f3n como: medios digitales y\/o plataforma digital institucional. (&#8230;)\u00bb&nbsp;<\/em>&nbsp;<\/p>\n\n\n\n<p>Los aspirantes que cumplan con los requisitos, deber\u00e1n enviar su hoja de vida actualizada junto a los documentos que certifiquen su instrucci\u00f3n formal, experiencia laboral y cursos realizados para ser revisadas por el comit\u00e9 (un solo archivo pdf); hasta las 13h00 del 30 de abril de 2022, la aplicaci\u00f3n la realizar\u00e1n en el siguiente correo electr\u00f3nico&nbsp;<a href=\"mailto:maribel.analuisa@celec.gob.ec\" target=\"_blank\" rel=\"noreferrer noopener\"><\/a><a href=\"mailto:maribel.analuisa@celec.gob.ec\">maribel.analuisa@celec.gob.ec<\/a>&nbsp;consider\u00e1ndose \u00fanicamente las que apliquen dentro de este periodo de tiempo, no se receptar\u00e1 documento alguno despu\u00e9s de la recepci\u00f3n de la postulaci\u00f3n.&nbsp;&nbsp;<\/p>\n\n\n\n<p>Accede al archivo haciendo click aqu\u00ed:&nbsp;<a href=\"https:\/\/celecloud.celec.gob.ec\/f\/14397859\">Convocatoria&nbsp;<\/a><\/p>\n","protected":false},"excerpt":{"rendered":"<p>En cumplimiento del&nbsp;\u201cReglamento para el Reclutamiento, Preselecci\u00f3n,&nbsp;Selecci\u00f3n, Vinculaci\u00f3n, e Inducci\u00f3n&nbsp;del Talento Humano&nbsp;de&nbsp;la Empresa P\u00fablica Estrat\u00e9gica Corporaci\u00f3n El\u00e9ctrica&nbsp;del Ecuador CELEC EP\u201d,&nbsp;se pone en consideraci\u00f3n el inicio&nbsp;de&nbsp;la fase&nbsp;de&nbsp;reclutamiento&nbsp;de los&nbsp;PROCESO DE&nbsp;SELECCI\u00d3N&nbsp;SIMPLE, para cubrir los cargos detallados en el archivo adjunto.&nbsp;&nbsp;&nbsp;&nbsp; (\u2026)&nbsp;Art.7.- Reclutamiento:&nbsp;El comit\u00e9&nbsp;de&nbsp;selecci\u00f3n&nbsp;designado para el efecto tendr\u00e1 la responsabilidad&nbsp;de&nbsp;esta actividad, cuyo objetivo es recopilar todas las postulaciones&nbsp;de&nbsp;los aspirantes [&hellip;]<\/p>\n","protected":false},"author":1,"featured_media":0,"parent":0,"menu_order":0,"comment_status":"closed","ping_status":"closed","template":"","meta":{"_acf_changed":false,"inline_featured_image":false,"_themeisle_gutenberg_block_has_review":false,"footnotes":""},"categories":[],"tags":[],"class_list":["post-5187","page","type-page","status-publish","hentry"],"acf":[],"_links":{"self":[{"href":"https:\/\/www.celec.gob.ec\/transelectric\/wp-json\/wp\/v2\/pages\/5187","targetHints":{"allow":["GET"]}}],"collection":[{"href":"https:\/\/www.celec.gob.ec\/transelectric\/wp-json\/wp\/v2\/pages"}],"about":[{"href":"https:\/\/www.celec.gob.ec\/transelectric\/wp-json\/wp\/v2\/types\/page"}],"author":[{"embeddable":true,"href":"https:\/\/www.celec.gob.ec\/transelectric\/wp-json\/wp\/v2\/users\/1"}],"replies":[{"embeddable":true,"href":"https:\/\/www.celec.gob.ec\/transelectric\/wp-json\/wp\/v2\/comments?post=5187"}],"version-history":[{"count":1,"href":"https:\/\/www.celec.gob.ec\/transelectric\/wp-json\/wp\/v2\/pages\/5187\/revisions"}],"predecessor-version":[{"id":5188,"href":"https:\/\/www.celec.gob.ec\/transelectric\/wp-json\/wp\/v2\/pages\/5187\/revisions\/5188"}],"wp:attachment":[{"href":"https:\/\/www.celec.gob.ec\/transelectric\/wp-json\/wp\/v2\/media?parent=5187"}],"wp:term":[{"taxonomy":"category","embeddable":true,"href":"https:\/\/www.celec.gob.ec\/transelectric\/wp-json\/wp\/v2\/categories?post=5187"},{"taxonomy":"post_tag","embeddable":true,"href":"https:\/\/www.celec.gob.ec\/transelectric\/wp-json\/wp\/v2\/tags?post=5187"}],"curies":[{"name":"wp","href":"https:\/\/api.w.org\/{rel}","templated":true}]}}