{"id":5203,"date":"2023-05-31T18:34:59","date_gmt":"2023-05-31T23:34:59","guid":{"rendered":"https:\/\/www.celec.gob.ec\/transelectric\/?page_id=5203"},"modified":"2023-05-31T18:35:00","modified_gmt":"2023-05-31T23:35:00","slug":"proceso-de-seleccion-simple-especialistas-y-asistentes-electromecanicos-equipamiento-10-de-mayo-2022","status":"publish","type":"page","link":"https:\/\/www.celec.gob.ec\/transelectric\/proceso-de-seleccion-simple-especialistas-y-asistentes-electromecanicos-equipamiento-10-de-mayo-2022\/","title":{"rendered":"Proceso de selecci\u00f3n simple &#8211; Especialistas y Asistentes Electromec\u00e1nicos (Equipamiento), 10 de mayo 2022"},"content":{"rendered":"\n<p>En cumplimiento al&nbsp;\u201cReglamento para el Reclutamiento, Preselecci\u00f3n,&nbsp;Selecci\u00f3n, Vinculaci\u00f3n, e Inducci\u00f3n&nbsp;del Talento Humano&nbsp;de&nbsp;la Empresa P\u00fablica Estrat\u00e9gica Corporaci\u00f3n El\u00e9ctrica&nbsp;del Ecuador CELEC EP\u201d, segunda versi\u00f3n, se pone en consideraci\u00f3n el inicio de la fase de reclutamiento del PROCESO DE&nbsp;SELECCI\u00d3N&nbsp;SIMPLE, para cubrir el cargo detallado en el anexo adjunto.&nbsp;&nbsp;<\/p>\n\n\n\n<p><em>\u201c(\u2026)&nbsp;<strong>Art.7.- Reclutamiento:<\/strong>&nbsp;El comit\u00e9&nbsp;de&nbsp;selecci\u00f3n&nbsp;designado para el efecto tendr\u00e1 la responsabilidad&nbsp;de&nbsp;esta actividad, cuyo objetivo es recopilar todas las postulaciones&nbsp;de&nbsp;los aspirantes potencialmente calificados para ocupar los puestos ofertados por la CELEC EP, sean necesidades temporales o&nbsp;definitivas.\u201d<\/em><\/p>\n\n\n\n<p>Por lo antes se\u00f1alado s\u00edrvase encontrar de manera adjunta la convocatoria para el Proceso de Selecci\u00f3n Simple, y en atenci\u00f3n al Art. 30 del Reglamento a la Ley Org\u00e1nica para la Planificaci\u00f3n Integral de la Circunscripci\u00f3n Territorial Especial Amaz\u00f3nica,&nbsp;<strong>los postulantes deben cumplir con los requisitos, y la postulaci\u00f3n deben realizar a trav\u00e9s de Socio Empleo, de acuerdo con el documento adjunto.<\/strong><\/p>\n\n\n\n<p>&nbsp;Los aspirantes que cumplan con los requisitos deber\u00e1n remitir su hoja de vida<strong>&nbsp;actualizada<\/strong>&nbsp;a trav\u00e9s de la Red Socio Empleo en la direcci\u00f3n descrita en el cargo y el c\u00f3digo correspondiente, hasta el 17 de mayo de 2022. Posterior a la aplicaci\u00f3n se solicitar\u00e1 los certificados laborales y dem\u00e1s documentos que respalden la informaci\u00f3n proporcionada.<\/p>\n\n\n\n<p>Accede al archivo haciendo click aqu\u00ed:<a href=\"https:\/\/celecloud.celec.gob.ec\/s\/PBpJbsHiqpk2YHm\">&nbsp;Convocatoria<\/a><\/p>\n","protected":false},"excerpt":{"rendered":"<p>En cumplimiento al&nbsp;\u201cReglamento para el Reclutamiento, Preselecci\u00f3n,&nbsp;Selecci\u00f3n, Vinculaci\u00f3n, e Inducci\u00f3n&nbsp;del Talento Humano&nbsp;de&nbsp;la Empresa P\u00fablica Estrat\u00e9gica Corporaci\u00f3n El\u00e9ctrica&nbsp;del Ecuador CELEC EP\u201d, segunda versi\u00f3n, se pone en consideraci\u00f3n el inicio de la fase de reclutamiento del PROCESO DE&nbsp;SELECCI\u00d3N&nbsp;SIMPLE, para cubrir el cargo detallado en el anexo adjunto.&nbsp;&nbsp; \u201c(\u2026)&nbsp;Art.7.- Reclutamiento:&nbsp;El comit\u00e9&nbsp;de&nbsp;selecci\u00f3n&nbsp;designado para el efecto tendr\u00e1 la responsabilidad&nbsp;de&nbsp;esta actividad, [&hellip;]<\/p>\n","protected":false},"author":1,"featured_media":0,"parent":0,"menu_order":0,"comment_status":"closed","ping_status":"closed","template":"","meta":{"_acf_changed":false,"inline_featured_image":false,"_themeisle_gutenberg_block_has_review":false,"footnotes":""},"categories":[],"tags":[],"class_list":["post-5203","page","type-page","status-publish","hentry"],"acf":[],"_links":{"self":[{"href":"https:\/\/www.celec.gob.ec\/transelectric\/wp-json\/wp\/v2\/pages\/5203","targetHints":{"allow":["GET"]}}],"collection":[{"href":"https:\/\/www.celec.gob.ec\/transelectric\/wp-json\/wp\/v2\/pages"}],"about":[{"href":"https:\/\/www.celec.gob.ec\/transelectric\/wp-json\/wp\/v2\/types\/page"}],"author":[{"embeddable":true,"href":"https:\/\/www.celec.gob.ec\/transelectric\/wp-json\/wp\/v2\/users\/1"}],"replies":[{"embeddable":true,"href":"https:\/\/www.celec.gob.ec\/transelectric\/wp-json\/wp\/v2\/comments?post=5203"}],"version-history":[{"count":1,"href":"https:\/\/www.celec.gob.ec\/transelectric\/wp-json\/wp\/v2\/pages\/5203\/revisions"}],"predecessor-version":[{"id":5204,"href":"https:\/\/www.celec.gob.ec\/transelectric\/wp-json\/wp\/v2\/pages\/5203\/revisions\/5204"}],"wp:attachment":[{"href":"https:\/\/www.celec.gob.ec\/transelectric\/wp-json\/wp\/v2\/media?parent=5203"}],"wp:term":[{"taxonomy":"category","embeddable":true,"href":"https:\/\/www.celec.gob.ec\/transelectric\/wp-json\/wp\/v2\/categories?post=5203"},{"taxonomy":"post_tag","embeddable":true,"href":"https:\/\/www.celec.gob.ec\/transelectric\/wp-json\/wp\/v2\/tags?post=5203"}],"curies":[{"name":"wp","href":"https:\/\/api.w.org\/{rel}","templated":true}]}}