{"id":5211,"date":"2023-05-31T18:37:05","date_gmt":"2023-05-31T23:37:05","guid":{"rendered":"https:\/\/www.celec.gob.ec\/transelectric\/?page_id=5211"},"modified":"2023-05-31T18:37:06","modified_gmt":"2023-05-31T23:37:06","slug":"proceso-de-seleccion-simple-departamento-de-gestion-social-y-ambiental-quito-cuenca-guayaquil-19-de-mayo-2022","status":"publish","type":"page","link":"https:\/\/www.celec.gob.ec\/transelectric\/proceso-de-seleccion-simple-departamento-de-gestion-social-y-ambiental-quito-cuenca-guayaquil-19-de-mayo-2022\/","title":{"rendered":"Proceso de selecci\u00f3n simple, Departamento de Gesti\u00f3n Social y Ambiental (Quito-Cuenca-Guayaquil). 19 de mayo 2022"},"content":{"rendered":"\n<p>En cumplimiento del&nbsp;<em>\u201cReglamento para el Reclutamiento, Preselecci\u00f3n,&nbsp;Selecci\u00f3n, Vinculaci\u00f3n, e Inducci\u00f3n&nbsp;del Talento Humano&nbsp;de&nbsp;la Empresa P\u00fablica Estrat\u00e9gica Corporaci\u00f3n El\u00e9ctrica&nbsp;del Ecuador CELEC EP\u201d<\/em>,&nbsp;se pone en consideraci\u00f3n el inicio&nbsp;de&nbsp;la fase&nbsp;de&nbsp;reclutamiento&nbsp;de los<strong>&nbsp;PROCESO DE&nbsp;SELECCI\u00d3N&nbsp;SIMPLE<\/strong>, para cubrir los cargos detallados en el archivo adjunto.&nbsp;&nbsp;&nbsp;&nbsp;<\/p>\n\n\n\n<p><em>\u201c(\u2026)&nbsp;<strong>Art.7.- Reclutamiento:<\/strong>&nbsp;El comit\u00e9&nbsp;de&nbsp;selecci\u00f3n&nbsp;designado para el efecto tendr\u00e1 la responsabilidad&nbsp;de&nbsp;esta actividad, cuyo objetivo es recopilar todas las postulaciones&nbsp;de&nbsp;los aspirantes potencialmente calificados para ocupar los puestos ofertados por la CELEC EP, sean necesidades temporales o&nbsp;definitivas.&nbsp;&nbsp;<\/em>&nbsp;<\/p>\n\n\n\n<p><em>Este reclutamiento se lo realiza a trav\u00e9s&nbsp;de&nbsp;una&nbsp;convocatoria&nbsp;abierta, a trav\u00e9s&nbsp;de&nbsp;diferentes medios&nbsp;de&nbsp;comunicaci\u00f3n como: medios digitales y\/o plataforma digital institucional. (&#8230;)\u00bb&nbsp;<\/em>&nbsp;<\/p>\n\n\n\n<p>Los aspirantes que cumplan con los requisitos, deber\u00e1n enviar su hoja de vida actualizada junto a los documentos que certifiquen su instrucci\u00f3n formal, experiencia laboral y cursos realizados (un solo archivo pdf) para ser revisadas por el comit\u00e9, hasta las 17h00 del 20 de mayo de 2022, la aplicaci\u00f3n la realizar\u00e1n en el siguiente correo electr\u00f3nico&nbsp;<a href=\"mailto:maribel.analuisa@celec.gob.ec\" target=\"_blank\" rel=\"noreferrer noopener\"><\/a><a href=\"mailto:maribel.analuisa@celec.gob.ec\">maribel.analuisa@celec.gob.ec<\/a>&nbsp;haciendo constar en el&nbsp;<em>\u00abASUNTO\u00bb<\/em>&nbsp;\u00fanicamente el c\u00f3digo establecido para cada cargo; consider\u00e1ndose para el proceso \u00fanicamente las postulaciones que se encuentren dentro de este periodo de tiempo, no se receptar\u00e1 documento alguno despu\u00e9s de la recepci\u00f3n de la postulaci\u00f3n.<\/p>\n\n\n\n<p>Accede al archivo haciendo click aqu\u00ed:<a href=\"https:\/\/celecloud.celec.gob.ec\/s\/PBpJbsHiqpk2YHm\"><\/a><a href=\"https:\/\/celecloud.celec.gob.ec\/s\/gzDr5757fSoZwn4\">Convocatoria<\/a><\/p>\n","protected":false},"excerpt":{"rendered":"<p>En cumplimiento del&nbsp;\u201cReglamento para el Reclutamiento, Preselecci\u00f3n,&nbsp;Selecci\u00f3n, Vinculaci\u00f3n, e Inducci\u00f3n&nbsp;del Talento Humano&nbsp;de&nbsp;la Empresa P\u00fablica Estrat\u00e9gica Corporaci\u00f3n El\u00e9ctrica&nbsp;del Ecuador CELEC EP\u201d,&nbsp;se pone en consideraci\u00f3n el inicio&nbsp;de&nbsp;la fase&nbsp;de&nbsp;reclutamiento&nbsp;de los&nbsp;PROCESO DE&nbsp;SELECCI\u00d3N&nbsp;SIMPLE, para cubrir los cargos detallados en el archivo adjunto.&nbsp;&nbsp;&nbsp;&nbsp; \u201c(\u2026)&nbsp;Art.7.- Reclutamiento:&nbsp;El comit\u00e9&nbsp;de&nbsp;selecci\u00f3n&nbsp;designado para el efecto tendr\u00e1 la responsabilidad&nbsp;de&nbsp;esta actividad, cuyo objetivo es recopilar todas las postulaciones&nbsp;de&nbsp;los aspirantes [&hellip;]<\/p>\n","protected":false},"author":1,"featured_media":0,"parent":0,"menu_order":0,"comment_status":"closed","ping_status":"closed","template":"","meta":{"_acf_changed":false,"inline_featured_image":false,"_themeisle_gutenberg_block_has_review":false,"footnotes":""},"categories":[],"tags":[],"class_list":["post-5211","page","type-page","status-publish","hentry"],"acf":[],"_links":{"self":[{"href":"https:\/\/www.celec.gob.ec\/transelectric\/wp-json\/wp\/v2\/pages\/5211","targetHints":{"allow":["GET"]}}],"collection":[{"href":"https:\/\/www.celec.gob.ec\/transelectric\/wp-json\/wp\/v2\/pages"}],"about":[{"href":"https:\/\/www.celec.gob.ec\/transelectric\/wp-json\/wp\/v2\/types\/page"}],"author":[{"embeddable":true,"href":"https:\/\/www.celec.gob.ec\/transelectric\/wp-json\/wp\/v2\/users\/1"}],"replies":[{"embeddable":true,"href":"https:\/\/www.celec.gob.ec\/transelectric\/wp-json\/wp\/v2\/comments?post=5211"}],"version-history":[{"count":1,"href":"https:\/\/www.celec.gob.ec\/transelectric\/wp-json\/wp\/v2\/pages\/5211\/revisions"}],"predecessor-version":[{"id":5212,"href":"https:\/\/www.celec.gob.ec\/transelectric\/wp-json\/wp\/v2\/pages\/5211\/revisions\/5212"}],"wp:attachment":[{"href":"https:\/\/www.celec.gob.ec\/transelectric\/wp-json\/wp\/v2\/media?parent=5211"}],"wp:term":[{"taxonomy":"category","embeddable":true,"href":"https:\/\/www.celec.gob.ec\/transelectric\/wp-json\/wp\/v2\/categories?post=5211"},{"taxonomy":"post_tag","embeddable":true,"href":"https:\/\/www.celec.gob.ec\/transelectric\/wp-json\/wp\/v2\/tags?post=5211"}],"curies":[{"name":"wp","href":"https:\/\/api.w.org\/{rel}","templated":true}]}}