{"id":5267,"date":"2023-05-31T18:56:40","date_gmt":"2023-05-31T23:56:40","guid":{"rendered":"https:\/\/www.celec.gob.ec\/transelectric\/?page_id=5267"},"modified":"2023-05-31T18:56:41","modified_gmt":"2023-05-31T23:56:41","slug":"concurso-meritos-y-oposicion-especialista-de-telecomunicaciones-sistema-nacional-interconectado-01-de-agosto-2022","status":"publish","type":"page","link":"https:\/\/www.celec.gob.ec\/transelectric\/concurso-meritos-y-oposicion-especialista-de-telecomunicaciones-sistema-nacional-interconectado-01-de-agosto-2022\/","title":{"rendered":"Concurso M\u00e9ritos y Oposici\u00f3n, Especialista de Telecomunicaciones Sistema Nacional Interconectado, 01 de agosto 2022"},"content":{"rendered":"\n<p>En cumplimiento de lo que establece el Art. 7 del Reglamento para El Reclutamiento, Preselecci\u00f3n, Selecci\u00f3n, Vinculaci\u00f3n, e Inducci\u00f3n del Talento Humano de la Empresa P\u00fablica Estrat\u00e9gica Corporaci\u00f3n El\u00e9ctrica Del Ecuador CELEC EP\u201d Segunda versi\u00f3n, contenido en la RESOLUCI\u00d3N No. CEL-RES-0214-20, que se\u00f1ala:&nbsp;<\/p>\n\n\n\n<p>\u201c(\u2026) Este reclutamiento se lo realiza a trav\u00e9s de una convocatoria abierta, a trav\u00e9s de diferentes medios de comunicaci\u00f3n como: medios digitales y\/o plataforma digital institucional (\u2026)\u201d.&nbsp;&nbsp;<\/p>\n\n\n\n<p>Los aspirantes que cumplan con el perfil del puesto deber\u00e1n enviar la hoja de vida en el formato que se encuentra adjunto a esta convocatoria, junto con todos los documentos que certifiquen&nbsp;su instrucci\u00f3n formal, experiencia laboral y cursos realizados, al correo electr\u00f3nico:&nbsp;<a href=\"mailto:johanna.lopez@celec.gob.ec\"><\/a><a href=\"mailto:johanna.lopez@celec.gob.ec\">johanna.lopez@celec.gob.ec<\/a>; hasta las 16:00 del&nbsp;04 de&nbsp;agosto de 2022; para lo cual deber\u00e1n considerar las condiciones descritas en la Gu\u00eda de postulantes,&nbsp;\u201cconsider\u00e1ndose \u00fanicamente las que apliquen dentro de este periodo de tiempo, no se receptar\u00e1 documento alguno despu\u00e9s de la recepci\u00f3n de la postulaci\u00f3n.\u201d<\/p>\n\n\n\n<p><a href=\"https:\/\/celecloud.celec.gob.ec\/s\/qswM6sz5b5mfYy6\">Para ver el requerimiento hacer clic aqu\u00ed<\/a><\/p>\n","protected":false},"excerpt":{"rendered":"<p>En cumplimiento de lo que establece el Art. 7 del Reglamento para El Reclutamiento, Preselecci\u00f3n, Selecci\u00f3n, Vinculaci\u00f3n, e Inducci\u00f3n del Talento Humano de la Empresa P\u00fablica Estrat\u00e9gica Corporaci\u00f3n El\u00e9ctrica Del Ecuador CELEC EP\u201d Segunda versi\u00f3n, contenido en la RESOLUCI\u00d3N No. CEL-RES-0214-20, que se\u00f1ala:&nbsp; \u201c(\u2026) Este reclutamiento se lo realiza a trav\u00e9s de una convocatoria abierta, [&hellip;]<\/p>\n","protected":false},"author":1,"featured_media":0,"parent":0,"menu_order":0,"comment_status":"closed","ping_status":"closed","template":"","meta":{"_acf_changed":false,"inline_featured_image":false,"_themeisle_gutenberg_block_has_review":false,"footnotes":""},"categories":[],"tags":[],"class_list":["post-5267","page","type-page","status-publish","hentry"],"acf":[],"_links":{"self":[{"href":"https:\/\/www.celec.gob.ec\/transelectric\/wp-json\/wp\/v2\/pages\/5267","targetHints":{"allow":["GET"]}}],"collection":[{"href":"https:\/\/www.celec.gob.ec\/transelectric\/wp-json\/wp\/v2\/pages"}],"about":[{"href":"https:\/\/www.celec.gob.ec\/transelectric\/wp-json\/wp\/v2\/types\/page"}],"author":[{"embeddable":true,"href":"https:\/\/www.celec.gob.ec\/transelectric\/wp-json\/wp\/v2\/users\/1"}],"replies":[{"embeddable":true,"href":"https:\/\/www.celec.gob.ec\/transelectric\/wp-json\/wp\/v2\/comments?post=5267"}],"version-history":[{"count":1,"href":"https:\/\/www.celec.gob.ec\/transelectric\/wp-json\/wp\/v2\/pages\/5267\/revisions"}],"predecessor-version":[{"id":5268,"href":"https:\/\/www.celec.gob.ec\/transelectric\/wp-json\/wp\/v2\/pages\/5267\/revisions\/5268"}],"wp:attachment":[{"href":"https:\/\/www.celec.gob.ec\/transelectric\/wp-json\/wp\/v2\/media?parent=5267"}],"wp:term":[{"taxonomy":"category","embeddable":true,"href":"https:\/\/www.celec.gob.ec\/transelectric\/wp-json\/wp\/v2\/categories?post=5267"},{"taxonomy":"post_tag","embeddable":true,"href":"https:\/\/www.celec.gob.ec\/transelectric\/wp-json\/wp\/v2\/tags?post=5267"}],"curies":[{"name":"wp","href":"https:\/\/api.w.org\/{rel}","templated":true}]}}