{"id":5388,"date":"2023-06-08T15:19:02","date_gmt":"2023-06-08T20:19:02","guid":{"rendered":"https:\/\/www.celec.gob.ec\/transelectric\/?page_id=5388"},"modified":"2023-06-08T15:19:03","modified_gmt":"2023-06-08T20:19:03","slug":"proceso-de-seleccion-simple-asistente-de-talento-humano-6-de-junio-2023","status":"publish","type":"page","link":"https:\/\/www.celec.gob.ec\/transelectric\/proceso-de-seleccion-simple-asistente-de-talento-humano-6-de-junio-2023\/","title":{"rendered":"Proceso de selecci\u00f3n simple, Asistente de Talento Humano, 6 de junio 2023"},"content":{"rendered":"\n<p>En cumplimiento al&nbsp;\u201cReglamento para el Reclutamiento, Preselecci\u00f3n,&nbsp;Selecci\u00f3n, Vinculaci\u00f3n, e Inducci\u00f3n&nbsp;del Talento Humano&nbsp;de&nbsp;la Empresa P\u00fablica Estrat\u00e9gica Corporaci\u00f3n El\u00e9ctrica&nbsp;del Ecuador CELEC EP\u201d, y&nbsp;<em>RESOLUCI\u00d3N No. CEL-RES-0063-22,<\/em>&nbsp;se pone en consideraci\u00f3n el inicio de la fase de reclutamiento del&nbsp;<em>PROCESO DE&nbsp;SELECCI\u00d3N&nbsp;SIMPLE<\/em>, para cubrir los cargos detallados en el archivo adjunto.&nbsp;&nbsp;<\/p>\n\n\n\n<p><strong><em>Art.7.- Reclutamiento:<\/em><\/strong><em>&nbsp;El comit\u00e9&nbsp;de&nbsp;selecci\u00f3n&nbsp;designado para el efecto tendr\u00e1 la responsabilidad&nbsp;de&nbsp;esta actividad, cuyo objetivo es recopilar todas las postulaciones&nbsp;de&nbsp;los aspirantes potencialmente calificados para ocupar los puestos ofertados por la CELEC EP, sean necesidades temporales o&nbsp;definitivas.&nbsp;<\/em><\/p>\n\n\n\n<p><em>Este reclutamiento se lo realiza a trav\u00e9s&nbsp;de&nbsp;una&nbsp;convocatoria&nbsp;abierta, a trav\u00e9s&nbsp;de&nbsp;diferentes medios&nbsp;de&nbsp;comunicaci\u00f3n como: medios digitales y\/o plataforma digital institucional. (&#8230;)\u201c<\/em><\/p>\n\n\n\n<p>Los aspirantes que cumplan con los requisitos deber\u00e1n remitir su hoja de vida<strong>\u00a0actualizada<\/strong>\u00a0\u00a0junto a los\u00a0<strong>documentos que certifiquen<\/strong>\u00a0su instrucci\u00f3n formal, experiencia laboral y cursos realizados para ser revisadas por\u00a0los delegados; hasta las\u00a0<strong>16:00, del\u00a07\u00a0de\u00a0junio\u00a0de 2023<\/strong>\u00a0al correo <strong>maribel.analuisa@celec.gob.ec <\/strong>, registrando como\u00a0<strong>ASUNTO el cargo al que aplican<em>, \u201cconsider\u00e1ndose \u00fanicamente las que apliquen dentro de este periodo de tiempo, no se receptar\u00e1 documento alguno despu\u00e9s de la recepci\u00f3n de la postulaci\u00f3n.\u201d<\/em><\/strong><\/p>\n\n\n\n<p class=\"has-text-align-center\"><a href=\"https:\/\/drive.google.com\/file\/d\/1iI1ixpRb8Xtkh8D6h6SHjWDo-gw720q1\/view?usp=sharing\">Para ver el requerimiento hacer clic aqu\u00ed<\/a><\/p>\n\n\n\n<p><\/p>\n","protected":false},"excerpt":{"rendered":"<p>En cumplimiento al&nbsp;\u201cReglamento para el Reclutamiento, Preselecci\u00f3n,&nbsp;Selecci\u00f3n, Vinculaci\u00f3n, e Inducci\u00f3n&nbsp;del Talento Humano&nbsp;de&nbsp;la Empresa P\u00fablica Estrat\u00e9gica Corporaci\u00f3n El\u00e9ctrica&nbsp;del Ecuador CELEC EP\u201d, y&nbsp;RESOLUCI\u00d3N No. CEL-RES-0063-22,&nbsp;se pone en consideraci\u00f3n el inicio de la fase de reclutamiento del&nbsp;PROCESO DE&nbsp;SELECCI\u00d3N&nbsp;SIMPLE, para cubrir los cargos detallados en el archivo adjunto.&nbsp;&nbsp; Art.7.- Reclutamiento:&nbsp;El comit\u00e9&nbsp;de&nbsp;selecci\u00f3n&nbsp;designado para el efecto tendr\u00e1 la responsabilidad&nbsp;de&nbsp;esta actividad, cuyo [&hellip;]<\/p>\n","protected":false},"author":4,"featured_media":0,"parent":0,"menu_order":0,"comment_status":"closed","ping_status":"closed","template":"","meta":{"_acf_changed":false,"inline_featured_image":false,"_themeisle_gutenberg_block_has_review":false,"footnotes":""},"categories":[],"tags":[],"class_list":["post-5388","page","type-page","status-publish","hentry"],"acf":[],"_links":{"self":[{"href":"https:\/\/www.celec.gob.ec\/transelectric\/wp-json\/wp\/v2\/pages\/5388","targetHints":{"allow":["GET"]}}],"collection":[{"href":"https:\/\/www.celec.gob.ec\/transelectric\/wp-json\/wp\/v2\/pages"}],"about":[{"href":"https:\/\/www.celec.gob.ec\/transelectric\/wp-json\/wp\/v2\/types\/page"}],"author":[{"embeddable":true,"href":"https:\/\/www.celec.gob.ec\/transelectric\/wp-json\/wp\/v2\/users\/4"}],"replies":[{"embeddable":true,"href":"https:\/\/www.celec.gob.ec\/transelectric\/wp-json\/wp\/v2\/comments?post=5388"}],"version-history":[{"count":1,"href":"https:\/\/www.celec.gob.ec\/transelectric\/wp-json\/wp\/v2\/pages\/5388\/revisions"}],"predecessor-version":[{"id":5390,"href":"https:\/\/www.celec.gob.ec\/transelectric\/wp-json\/wp\/v2\/pages\/5388\/revisions\/5390"}],"wp:attachment":[{"href":"https:\/\/www.celec.gob.ec\/transelectric\/wp-json\/wp\/v2\/media?parent=5388"}],"wp:term":[{"taxonomy":"category","embeddable":true,"href":"https:\/\/www.celec.gob.ec\/transelectric\/wp-json\/wp\/v2\/categories?post=5388"},{"taxonomy":"post_tag","embeddable":true,"href":"https:\/\/www.celec.gob.ec\/transelectric\/wp-json\/wp\/v2\/tags?post=5388"}],"curies":[{"name":"wp","href":"https:\/\/api.w.org\/{rel}","templated":true}]}}