{"id":5442,"date":"2021-12-09T16:27:49","date_gmt":"2021-12-09T21:27:49","guid":{"rendered":"https:\/\/www.celec.gob.ec\/transelectric\/?p=2735"},"modified":"2021-12-09T16:27:49","modified_gmt":"2021-12-09T21:27:49","slug":"concurso-de-meritos-y-oposicion-liniero-con-sede-puyo","status":"publish","type":"page","link":"https:\/\/www.celec.gob.ec\/transelectric\/concurso-de-meritos-y-oposicion-liniero-con-sede-puyo\/","title":{"rendered":"Concurso de m\u00e9ritos y oposici\u00f3n liniero con sede Puyo"},"content":{"rendered":"<p style=\"text-align: justify;\"><span lang=\"es-MX\">En cumplimiento de lo que establece el Art. 7 del&nbsp;<\/span>REGLAMENTO PARA EL RECLUTAMIENTO, PRESELECCI\u00d3N, SELECCI\u00d3N, VINCULACI\u00d3N, E INDUCCI\u00d3N DEL TALENTO HUMANO DE LA EMPRESA P\u00daBLICA ESTRAT\u00c9GICA CORPORACI\u00d3N EL\u00c9CTRICA DEL ECUADOR CELEC EP\u201d Segunda versi\u00f3n, contenido en la RESOLUCI\u00d3N No. CEL-RES-0214-20, que se\u00f1ala:&nbsp;<i>\u201c(\u2026) Este reclutamiento se lo realiza a trav\u00e9s de una&nbsp;convocatoria&nbsp;abierta, a trav\u00e9s de diferentes medios de comunicaci\u00f3n como: medios digitales y\/o plataforma digital institucional (\u2026)\u201d&nbsp;&nbsp;<\/i>&nbsp;<\/p>\n<p style=\"text-align: justify;\">En el numeral 6.10 del<i>&nbsp;<\/i>Procedimiento para el Reclutamiento, Pre-selecci\u00f3n, Selecci\u00f3n, Contrataci\u00f3n e Inducci\u00f3n que se\u00f1ala:&nbsp;<i>\u201c(\u2026) En el caso de no existir postulantes internos que se ajusten al requerimiento o no cumplan con los requisitos establecidos en las bases se proceder\u00e1 a realizar una&nbsp;convocatoria&nbsp;abierta para el concurso de m\u00e9ritos y oposici\u00f3n a trav\u00e9s de los medios digitales con los que cuente la Unidad de Negocio o Matriz (\u2026)\u201d<\/i>.&nbsp;<\/p>\n<p style=\"text-align: justify;\">La Unidad de Negocio CELEC EP Transelectric da a conocer su requerimiento de contrataci\u00f3n permanente de acuerdo a detalle adjunto.&nbsp;&nbsp;<\/p>\n<p style=\"text-align: justify;\">&nbsp;Los aspirantes que cumplan con el perfil del puesto deber\u00e1n realizar su aplicaci\u00f3n a trav\u00e9s del portal Socio Empleo, conforme las condiciones descritas en el anexo adjunto, en el periodo comprendido del 09 al 16 de diciembre de 2021.&nbsp;<\/p>\n<p style=\"text-align: center;\"><a href=\"images\/stories\/noticias\/2021WEB\/convocatoria2021\/9%20diciembre%202021\/CONVOCATORIA%20CONCURSO%20M%C3%89RITOS%20Y%20OPOSICI%C3%93N%20LINIERO%20SOM_%20SEDE%20PUYO.pdf\">Para ver el requerimiento hacer clic aqu\u00cd<\/a><\/p>\n<p>&nbsp;<\/p>\n","protected":false},"excerpt":{"rendered":"<p>En cumplimiento de lo que establece el Art. 7 del&nbsp;REGLAMENTO PARA EL RECLUTAMIENTO, PRESELECCI\u00d3N, SELECCI\u00d3N, VINCULACI\u00d3N, E INDUCCI\u00d3N DEL TALENTO HUMANO DE LA EMPRESA P\u00daBLICA ESTRAT\u00c9GICA CORPORACI\u00d3N EL\u00c9CTRICA DEL ECUADOR CELEC EP\u201d Segunda versi\u00f3n, contenido en la RESOLUCI\u00d3N No. CEL-RES-0214-20, que se\u00f1ala:&nbsp;\u201c(\u2026) Este reclutamiento se lo realiza a trav\u00e9s de una&nbsp;convocatoria&nbsp;abierta, a trav\u00e9s de diferentes [&hellip;]<\/p>\n","protected":false},"author":1,"featured_media":0,"parent":0,"menu_order":220,"comment_status":"open","ping_status":"closed","template":"","meta":{"_acf_changed":false,"inline_featured_image":false,"_themeisle_gutenberg_block_has_review":false,"footnotes":""},"categories":[],"tags":[],"class_list":["post-5442","page","type-page","status-publish","hentry"],"acf":[],"_links":{"self":[{"href":"https:\/\/www.celec.gob.ec\/transelectric\/wp-json\/wp\/v2\/pages\/5442","targetHints":{"allow":["GET"]}}],"collection":[{"href":"https:\/\/www.celec.gob.ec\/transelectric\/wp-json\/wp\/v2\/pages"}],"about":[{"href":"https:\/\/www.celec.gob.ec\/transelectric\/wp-json\/wp\/v2\/types\/page"}],"author":[{"embeddable":true,"href":"https:\/\/www.celec.gob.ec\/transelectric\/wp-json\/wp\/v2\/users\/1"}],"replies":[{"embeddable":true,"href":"https:\/\/www.celec.gob.ec\/transelectric\/wp-json\/wp\/v2\/comments?post=5442"}],"version-history":[{"count":0,"href":"https:\/\/www.celec.gob.ec\/transelectric\/wp-json\/wp\/v2\/pages\/5442\/revisions"}],"wp:attachment":[{"href":"https:\/\/www.celec.gob.ec\/transelectric\/wp-json\/wp\/v2\/media?parent=5442"}],"wp:term":[{"taxonomy":"category","embeddable":true,"href":"https:\/\/www.celec.gob.ec\/transelectric\/wp-json\/wp\/v2\/categories?post=5442"},{"taxonomy":"post_tag","embeddable":true,"href":"https:\/\/www.celec.gob.ec\/transelectric\/wp-json\/wp\/v2\/tags?post=5442"}],"curies":[{"name":"wp","href":"https:\/\/api.w.org\/{rel}","templated":true}]}}