{"id":5473,"date":"2022-11-15T21:27:38","date_gmt":"2022-11-16T02:27:38","guid":{"rendered":"https:\/\/www.celec.gob.ec\/transelectric\/?p=2893"},"modified":"2022-11-15T21:27:38","modified_gmt":"2022-11-16T02:27:38","slug":"proceso-de-seleccion-simple-jefe-de-comunicacion-15-de-noviembre-2022","status":"publish","type":"page","link":"https:\/\/www.celec.gob.ec\/transelectric\/proceso-de-seleccion-simple-jefe-de-comunicacion-15-de-noviembre-2022\/","title":{"rendered":"Proceso de selecci\u00f3n simple, Jefe de Comunicaci\u00f3n, 15 de noviembre 2022"},"content":{"rendered":"<p style=\"text-align: justify;\">En cumplimiento de lo que establece el Art. 7 del REGLAMENTO PARA EL RECLUTAMIENTO, PRESELECCI\u00d3N, SELECCI\u00d3N, VINCULACI\u00d3N, E INDUCCI\u00d3N DEL TALENTO HUMANO DE LA EMPRESA P\u00daBLICA ESTRAT\u00c9GICA CORPORACI\u00d3N EL\u00c9CTRICA DEL ECUADOR CELEC EP\u201d Segunda versi\u00f3n, contenido en la RESOLUCI\u00d3N No. CEL-RES-0214-20, que se\u00f1ala:&nbsp;<\/p>\n<p style=\"text-align: justify;\">\u201c(\u2026) Este reclutamiento se lo realiza a trav\u00e9s de una convocatoria abierta, a trav\u00e9s de diferentes medios de comunicaci\u00f3n como: medios digitales y\/o plataforma digital institucional (\u2026)\u201d y&nbsp;la RESOLUCI\u00d3N No. CEL-RES-0063-22.&nbsp;&nbsp;<\/p>\n<p style=\"text-align: justify;\">Los aspirantes que cumplan con los requisitos deber\u00e1n remitir su hoja de vida&nbsp;actualizada&nbsp;&nbsp;junto a los&nbsp;documentos que certifiquen&nbsp;su instrucci\u00f3n formal, experiencia laboral y cursos realizados para ser revisadas por&nbsp;los delegados; hasta las&nbsp;16:00, del&nbsp;16&nbsp;de&nbsp;noviembre de 2022&nbsp;al correo&nbsp;<a href=\"mailto:maribel.analuisa@celec.gob.ec\"><\/a><a href=\"mailto:maribel.analuisa@celec.gob.ec\">maribel.analuisa@celec.gob.ec<\/a>, registrando como&nbsp;ASUNTO el cargo al que aplican, \u201cconsider\u00e1ndose \u00fanicamente las que apliquen dentro de este periodo de tiempo, no se receptar\u00e1 documento alguno despu\u00e9s de la recepci\u00f3n de la postulaci\u00f3n.\u201d<\/p>\n<p style=\"text-align: center;\"><a href=\"https:\/\/celecloud.celec.gob.ec\/s\/JtDRzPeoXmaT29e\">Para ver los requerimientos hacer clic aqu\u00ed<\/a><\/p>\n","protected":false},"excerpt":{"rendered":"<p>En cumplimiento de lo que establece el Art. 7 del REGLAMENTO PARA EL RECLUTAMIENTO, PRESELECCI\u00d3N, SELECCI\u00d3N, VINCULACI\u00d3N, E INDUCCI\u00d3N DEL TALENTO HUMANO DE LA EMPRESA P\u00daBLICA ESTRAT\u00c9GICA CORPORACI\u00d3N EL\u00c9CTRICA DEL ECUADOR CELEC EP\u201d Segunda versi\u00f3n, contenido en la RESOLUCI\u00d3N No. CEL-RES-0214-20, que se\u00f1ala:&nbsp; \u201c(\u2026) Este reclutamiento se lo realiza a trav\u00e9s de una convocatoria abierta, [&hellip;]<\/p>\n","protected":false},"author":1,"featured_media":0,"parent":0,"menu_order":66,"comment_status":"open","ping_status":"closed","template":"","meta":{"_acf_changed":false,"inline_featured_image":false,"_themeisle_gutenberg_block_has_review":false,"footnotes":""},"categories":[],"tags":[],"class_list":["post-5473","page","type-page","status-publish","hentry"],"acf":[],"_links":{"self":[{"href":"https:\/\/www.celec.gob.ec\/transelectric\/wp-json\/wp\/v2\/pages\/5473","targetHints":{"allow":["GET"]}}],"collection":[{"href":"https:\/\/www.celec.gob.ec\/transelectric\/wp-json\/wp\/v2\/pages"}],"about":[{"href":"https:\/\/www.celec.gob.ec\/transelectric\/wp-json\/wp\/v2\/types\/page"}],"author":[{"embeddable":true,"href":"https:\/\/www.celec.gob.ec\/transelectric\/wp-json\/wp\/v2\/users\/1"}],"replies":[{"embeddable":true,"href":"https:\/\/www.celec.gob.ec\/transelectric\/wp-json\/wp\/v2\/comments?post=5473"}],"version-history":[{"count":0,"href":"https:\/\/www.celec.gob.ec\/transelectric\/wp-json\/wp\/v2\/pages\/5473\/revisions"}],"wp:attachment":[{"href":"https:\/\/www.celec.gob.ec\/transelectric\/wp-json\/wp\/v2\/media?parent=5473"}],"wp:term":[{"taxonomy":"category","embeddable":true,"href":"https:\/\/www.celec.gob.ec\/transelectric\/wp-json\/wp\/v2\/categories?post=5473"},{"taxonomy":"post_tag","embeddable":true,"href":"https:\/\/www.celec.gob.ec\/transelectric\/wp-json\/wp\/v2\/tags?post=5473"}],"curies":[{"name":"wp","href":"https:\/\/api.w.org\/{rel}","templated":true}]}}