{"id":5512,"date":"2023-06-09T10:49:47","date_gmt":"2023-06-09T15:49:47","guid":{"rendered":"https:\/\/www.celec.gob.ec\/transelectric\/?page_id=5512"},"modified":"2023-06-09T10:58:35","modified_gmt":"2023-06-09T15:58:35","slug":"documentos-del-sistema-de-interconexion-electrica-ecuador-peru-a-500-kv-realizados","status":"publish","type":"page","link":"https:\/\/www.celec.gob.ec\/transelectric\/documentos-del-sistema-de-interconexion-electrica-ecuador-peru-a-500-kv-realizados\/","title":{"rendered":"Documentos del sistema de interconexi\u00f3n el\u00e9ctrica Ecuador &#8211; Per\u00fa a 500 kV (realizados)"},"content":{"rendered":"\n<p><a href=\"https:\/\/www.celec.gob.ec\/transelectric\/documentos-del-sistema-de-interconexion-electrica-ecuador-peru-a-500-kv-realizados-maate\/\">Ministerio del Ambiente, Agua y Transici\u00f3n Ecol\u00f3gica (MAATE)<\/a><br><a href=\"https:\/\/www.celec.gob.ec\/transelectric\/documentos-del-sistema-de-interconexion-electrica-ecuador-peru-a-500-kv-bid\/\">Banco Interamericano de Desarrollo (BID)<\/a><\/p>\n","protected":false},"excerpt":{"rendered":"<p>Ministerio del Ambiente, Agua y Transici\u00f3n Ecol\u00f3gica (MAATE)Banco Interamericano de Desarrollo (BID)<\/p>\n","protected":false},"author":1,"featured_media":0,"parent":0,"menu_order":0,"comment_status":"closed","ping_status":"closed","template":"","meta":{"_acf_changed":false,"inline_featured_image":false,"_themeisle_gutenberg_block_has_review":false,"footnotes":""},"categories":[30],"tags":[],"class_list":["post-5512","page","type-page","status-publish","hentry","category-responsabilidad-social"],"acf":[],"_links":{"self":[{"href":"https:\/\/www.celec.gob.ec\/transelectric\/wp-json\/wp\/v2\/pages\/5512","targetHints":{"allow":["GET"]}}],"collection":[{"href":"https:\/\/www.celec.gob.ec\/transelectric\/wp-json\/wp\/v2\/pages"}],"about":[{"href":"https:\/\/www.celec.gob.ec\/transelectric\/wp-json\/wp\/v2\/types\/page"}],"author":[{"embeddable":true,"href":"https:\/\/www.celec.gob.ec\/transelectric\/wp-json\/wp\/v2\/users\/1"}],"replies":[{"embeddable":true,"href":"https:\/\/www.celec.gob.ec\/transelectric\/wp-json\/wp\/v2\/comments?post=5512"}],"version-history":[{"count":3,"href":"https:\/\/www.celec.gob.ec\/transelectric\/wp-json\/wp\/v2\/pages\/5512\/revisions"}],"predecessor-version":[{"id":5533,"href":"https:\/\/www.celec.gob.ec\/transelectric\/wp-json\/wp\/v2\/pages\/5512\/revisions\/5533"}],"wp:attachment":[{"href":"https:\/\/www.celec.gob.ec\/transelectric\/wp-json\/wp\/v2\/media?parent=5512"}],"wp:term":[{"taxonomy":"category","embeddable":true,"href":"https:\/\/www.celec.gob.ec\/transelectric\/wp-json\/wp\/v2\/categories?post=5512"},{"taxonomy":"post_tag","embeddable":true,"href":"https:\/\/www.celec.gob.ec\/transelectric\/wp-json\/wp\/v2\/tags?post=5512"}],"curies":[{"name":"wp","href":"https:\/\/api.w.org\/{rel}","templated":true}]}}