{"id":5516,"date":"2023-06-09T10:50:35","date_gmt":"2023-06-09T15:50:35","guid":{"rendered":"https:\/\/www.celec.gob.ec\/transelectric\/?page_id=5516"},"modified":"2023-06-09T10:57:52","modified_gmt":"2023-06-09T15:57:52","slug":"documentos-del-sistema-de-interconexion-electrica-ecuador-peru-a-500-kv-realizados-maate","status":"publish","type":"page","link":"https:\/\/www.celec.gob.ec\/transelectric\/documentos-del-sistema-de-interconexion-electrica-ecuador-peru-a-500-kv-realizados-maate\/","title":{"rendered":"Documentos del sistema de interconexi\u00f3n el\u00e9ctrica Ecuador &#8211; Per\u00fa a 500 kV (realizados MAATE)"},"content":{"rendered":"\n<p><a href=\"https:\/\/www.celec.gob.ec\/transelectric\/estudio-de-impacto-ambiental-y-anexos-maate\/\">Estudio de impacto ambiental<\/a><br><a href=\"https:\/\/www.celec.gob.ec\/transelectric\/productos-informativos-del-sistema-de-interconexion-electrico-ecuador-peru-a-500-kv-realizados-maate\/\">Productos informativos<\/a><\/p>\n","protected":false},"excerpt":{"rendered":"<p>Estudio de impacto ambientalProductos informativos<\/p>\n","protected":false},"author":1,"featured_media":0,"parent":0,"menu_order":0,"comment_status":"closed","ping_status":"closed","template":"","meta":{"_acf_changed":false,"inline_featured_image":false,"_themeisle_gutenberg_block_has_review":false,"footnotes":""},"categories":[30],"tags":[],"class_list":["post-5516","page","type-page","status-publish","hentry","category-responsabilidad-social"],"acf":[],"_links":{"self":[{"href":"https:\/\/www.celec.gob.ec\/transelectric\/wp-json\/wp\/v2\/pages\/5516","targetHints":{"allow":["GET"]}}],"collection":[{"href":"https:\/\/www.celec.gob.ec\/transelectric\/wp-json\/wp\/v2\/pages"}],"about":[{"href":"https:\/\/www.celec.gob.ec\/transelectric\/wp-json\/wp\/v2\/types\/page"}],"author":[{"embeddable":true,"href":"https:\/\/www.celec.gob.ec\/transelectric\/wp-json\/wp\/v2\/users\/1"}],"replies":[{"embeddable":true,"href":"https:\/\/www.celec.gob.ec\/transelectric\/wp-json\/wp\/v2\/comments?post=5516"}],"version-history":[{"count":3,"href":"https:\/\/www.celec.gob.ec\/transelectric\/wp-json\/wp\/v2\/pages\/5516\/revisions"}],"predecessor-version":[{"id":5530,"href":"https:\/\/www.celec.gob.ec\/transelectric\/wp-json\/wp\/v2\/pages\/5516\/revisions\/5530"}],"wp:attachment":[{"href":"https:\/\/www.celec.gob.ec\/transelectric\/wp-json\/wp\/v2\/media?parent=5516"}],"wp:term":[{"taxonomy":"category","embeddable":true,"href":"https:\/\/www.celec.gob.ec\/transelectric\/wp-json\/wp\/v2\/categories?post=5516"},{"taxonomy":"post_tag","embeddable":true,"href":"https:\/\/www.celec.gob.ec\/transelectric\/wp-json\/wp\/v2\/tags?post=5516"}],"curies":[{"name":"wp","href":"https:\/\/api.w.org\/{rel}","templated":true}]}}