{"id":5525,"date":"2023-06-09T10:53:38","date_gmt":"2023-06-09T15:53:38","guid":{"rendered":"https:\/\/www.celec.gob.ec\/transelectric\/?page_id=5525"},"modified":"2023-06-09T10:55:03","modified_gmt":"2023-06-09T15:55:03","slug":"productos-informativos-del-sistema-de-interconexion-electrico-ecuador-peru-a-500-kv-realizados-maate","status":"publish","type":"page","link":"https:\/\/www.celec.gob.ec\/transelectric\/productos-informativos-del-sistema-de-interconexion-electrico-ecuador-peru-a-500-kv-realizados-maate\/","title":{"rendered":"Productos informativos del sistema de interconexi\u00f3n el\u00e9ctrico Ecuador &#8211; Per\u00fa a 500 kV (Realizados &#8211; MAATE)"},"content":{"rendered":"\n<p><a href=\"https:\/\/www.celec.gob.ec\/transelectric\/formulario-de-consulta-del-sistema-de-interconexion-ecuador-peru-a-500-kv\/\">Formulario de consulta del sistema de interconexi\u00f3n Ecuador &#8211; Per\u00fa a 500 kV<\/a><br><a href=\"https:\/\/celecloud.celec.gob.ec\/s\/iYLgbk67j39mEbK\" target=\"_blank\" rel=\"noreferrer noopener\">Video<\/a><\/p>\n","protected":false},"excerpt":{"rendered":"<p>Formulario de consulta del sistema de interconexi\u00f3n Ecuador &#8211; Per\u00fa a 500 kVVideo<\/p>\n","protected":false},"author":1,"featured_media":0,"parent":0,"menu_order":0,"comment_status":"closed","ping_status":"closed","template":"","meta":{"_acf_changed":false,"inline_featured_image":false,"_themeisle_gutenberg_block_has_review":false,"footnotes":""},"categories":[30],"tags":[],"class_list":["post-5525","page","type-page","status-publish","hentry","category-responsabilidad-social"],"acf":[],"_links":{"self":[{"href":"https:\/\/www.celec.gob.ec\/transelectric\/wp-json\/wp\/v2\/pages\/5525","targetHints":{"allow":["GET"]}}],"collection":[{"href":"https:\/\/www.celec.gob.ec\/transelectric\/wp-json\/wp\/v2\/pages"}],"about":[{"href":"https:\/\/www.celec.gob.ec\/transelectric\/wp-json\/wp\/v2\/types\/page"}],"author":[{"embeddable":true,"href":"https:\/\/www.celec.gob.ec\/transelectric\/wp-json\/wp\/v2\/users\/1"}],"replies":[{"embeddable":true,"href":"https:\/\/www.celec.gob.ec\/transelectric\/wp-json\/wp\/v2\/comments?post=5525"}],"version-history":[{"count":2,"href":"https:\/\/www.celec.gob.ec\/transelectric\/wp-json\/wp\/v2\/pages\/5525\/revisions"}],"predecessor-version":[{"id":5529,"href":"https:\/\/www.celec.gob.ec\/transelectric\/wp-json\/wp\/v2\/pages\/5525\/revisions\/5529"}],"wp:attachment":[{"href":"https:\/\/www.celec.gob.ec\/transelectric\/wp-json\/wp\/v2\/media?parent=5525"}],"wp:term":[{"taxonomy":"category","embeddable":true,"href":"https:\/\/www.celec.gob.ec\/transelectric\/wp-json\/wp\/v2\/categories?post=5525"},{"taxonomy":"post_tag","embeddable":true,"href":"https:\/\/www.celec.gob.ec\/transelectric\/wp-json\/wp\/v2\/tags?post=5525"}],"curies":[{"name":"wp","href":"https:\/\/api.w.org\/{rel}","templated":true}]}}