{"id":5527,"date":"2023-06-09T10:54:30","date_gmt":"2023-06-09T15:54:30","guid":{"rendered":"https:\/\/www.celec.gob.ec\/transelectric\/?page_id=5527"},"modified":"2023-06-09T10:54:31","modified_gmt":"2023-06-09T15:54:31","slug":"formulario-de-consulta-del-sistema-de-interconexion-ecuador-peru-a-500-kv","status":"publish","type":"page","link":"https:\/\/www.celec.gob.ec\/transelectric\/formulario-de-consulta-del-sistema-de-interconexion-ecuador-peru-a-500-kv\/","title":{"rendered":"Formulario de consulta del sistema de interconexi\u00f3n Ecuador &#8211; Per\u00fa a 500 kV"},"content":{"rendered":"\n<p>Formulario de consulta del sistema de interconexi\u00f3n Ecuador &#8211; Per\u00fa a 500 kV<br>En la siguiente carpeta encontrar\u00e1 disponible el formulario de consultas, por favor descargar, imprimir y llenar la informaci\u00f3n indicada, luego entregar el documento en las secretarias de los GAD\u00b4s Parroquiales o Cantonales.<\/p>\n\n\n\n<p>Para las personas que no puedan imprimir el formulario desde la p\u00e1gina web, se les informa que el documento f\u00edsico estar\u00e1 disponible en las secretarias de los GAD\u00b4s Parroquiales o Cantonales de las zonas de influencia.<\/p>\n\n\n\n<p>Para informaci\u00f3n y consultas contactarse a trav\u00e9s del correo: <a href=\"mailto:socioambiental.tra@celec.gob.ec\" target=\"_blank\" rel=\"noreferrer noopener\">socioambiental.tra@celec.gob.ec<\/a><\/p>\n\n\n\n<p><a href=\"https:\/\/www.celec.gob.ec\/transelectric\/images\/stories\/noticias\/2020WEB\/PDF2020\/DocumentosINTERECUPER2020\/Formato%20de%20consultas,%20quejas%20y%20reclamos.pdf\" target=\"_blank\" rel=\"noreferrer noopener\">Formulario<\/a><\/p>\n","protected":false},"excerpt":{"rendered":"<p>Formulario de consulta del sistema de interconexi\u00f3n Ecuador &#8211; Per\u00fa a 500 kVEn la siguiente carpeta encontrar\u00e1 disponible el formulario de consultas, por favor descargar, imprimir y llenar la informaci\u00f3n indicada, luego entregar el documento en las secretarias de los GAD\u00b4s Parroquiales o Cantonales. Para las personas que no puedan imprimir el formulario desde la [&hellip;]<\/p>\n","protected":false},"author":1,"featured_media":0,"parent":0,"menu_order":0,"comment_status":"closed","ping_status":"closed","template":"","meta":{"_acf_changed":false,"inline_featured_image":false,"_themeisle_gutenberg_block_has_review":false,"footnotes":""},"categories":[],"tags":[],"class_list":["post-5527","page","type-page","status-publish","hentry"],"acf":[],"_links":{"self":[{"href":"https:\/\/www.celec.gob.ec\/transelectric\/wp-json\/wp\/v2\/pages\/5527","targetHints":{"allow":["GET"]}}],"collection":[{"href":"https:\/\/www.celec.gob.ec\/transelectric\/wp-json\/wp\/v2\/pages"}],"about":[{"href":"https:\/\/www.celec.gob.ec\/transelectric\/wp-json\/wp\/v2\/types\/page"}],"author":[{"embeddable":true,"href":"https:\/\/www.celec.gob.ec\/transelectric\/wp-json\/wp\/v2\/users\/1"}],"replies":[{"embeddable":true,"href":"https:\/\/www.celec.gob.ec\/transelectric\/wp-json\/wp\/v2\/comments?post=5527"}],"version-history":[{"count":1,"href":"https:\/\/www.celec.gob.ec\/transelectric\/wp-json\/wp\/v2\/pages\/5527\/revisions"}],"predecessor-version":[{"id":5528,"href":"https:\/\/www.celec.gob.ec\/transelectric\/wp-json\/wp\/v2\/pages\/5527\/revisions\/5528"}],"wp:attachment":[{"href":"https:\/\/www.celec.gob.ec\/transelectric\/wp-json\/wp\/v2\/media?parent=5527"}],"wp:term":[{"taxonomy":"category","embeddable":true,"href":"https:\/\/www.celec.gob.ec\/transelectric\/wp-json\/wp\/v2\/categories?post=5527"},{"taxonomy":"post_tag","embeddable":true,"href":"https:\/\/www.celec.gob.ec\/transelectric\/wp-json\/wp\/v2\/tags?post=5527"}],"curies":[{"name":"wp","href":"https:\/\/api.w.org\/{rel}","templated":true}]}}