{"id":5534,"date":"2023-06-09T10:58:54","date_gmt":"2023-06-09T15:58:54","guid":{"rendered":"https:\/\/www.celec.gob.ec\/transelectric\/?page_id=5534"},"modified":"2023-06-09T11:16:06","modified_gmt":"2023-06-09T16:16:06","slug":"estudio-de-impacto-ambiental-y-social-de-la-interconexion-electrica-ecuador-peru-a-500-kv-realizados","status":"publish","type":"page","link":"https:\/\/www.celec.gob.ec\/transelectric\/estudio-de-impacto-ambiental-y-social-de-la-interconexion-electrica-ecuador-peru-a-500-kv-realizados\/","title":{"rendered":"Estudio de impacto ambiental y social de la interconexi\u00f3n el\u00e9ctrica Ecuador &#8211; Per\u00fa a 500 kV (realizados)"},"content":{"rendered":"\n<p><a href=\"https:\/\/www.celec.gob.ec\/transelectric\/esia-pgas-de-la-interconexion-electrica-ecuador-peru-a-500-kv\/\">ESIA\/PGAS<\/a><br><a href=\"https:\/\/www.celec.gob.ec\/transelectric\/images\/stories\/noticias\/2021WEB\/DOCU2021\/ECUPER2021\/docs500kV\/RG-L1140%20Informe%20Primera%20Ronda%20de%20Consultas%20versi%C3%B3n%20marzo%202021.pdf\" target=\"_blank\" rel=\"noreferrer noopener\">Informe de la Primera Ronda de Consultas<\/a><br><a href=\"https:\/\/www.celec.gob.ec\/transelectric\/images\/stories\/noticias\/2021WEB\/DOCU2021\/ECUPER2021\/docs500kV\/RG-L1140%20Informe%20Segunda%20Ronda%20de%20Consultas%20versi%C3%B3n%20marzo%202021.pdf\" target=\"_blank\" rel=\"noreferrer noopener\">Informe de la Segunda Ronda de Consultas<\/a><br><a href=\"https:\/\/www.celec.gob.ec\/transelectric\/images\/stories\/noticias\/2021WEB\/DOCU2021\/ECUPER2021\/LTvf\/fmRG-L1140%20Plan%20de%20Reasentamiento%20y%20Restituci%C3%B3n%20de%20Activos%20mayo%202021.pdf\" target=\"_blank\" rel=\"noreferrer noopener\">Plan de Reasentamiento y Restituci\u00f3n de Activos<\/a><br><a href=\"https:\/\/www.celec.gob.ec\/transelectric\/images\/stories\/noticias\/2021WEB\/DOCU2021\/ECUPER2021\/docs500kV\/Informe%20de%20Consulta%20PRRA%20marzo%202021.pdf\" target=\"_blank\" rel=\"noreferrer noopener\">Informe de segunda ronda de consultas del PRAA<\/a><br><a href=\"https:\/\/www.celec.gob.ec\/transelectric\/images\/stories\/noticias\/2021WEB\/DOCU2021\/ECUPER2021\/docs500kV\/AAS_PGAS%20Ampliaci%C3%B3n%20SE%20Chorrillos.pdf\" target=\"_blank\" rel=\"noreferrer noopener\">An\u00e1lisis Ambiental y Social de la S\/E Chorrillos<\/a><\/p>\n","protected":false},"excerpt":{"rendered":"<p>ESIA\/PGASInforme de la Primera Ronda de ConsultasInforme de la Segunda Ronda de ConsultasPlan de Reasentamiento y Restituci\u00f3n de ActivosInforme de segunda ronda de consultas del PRAAAn\u00e1lisis Ambiental y Social de la S\/E Chorrillos<\/p>\n","protected":false},"author":1,"featured_media":0,"parent":0,"menu_order":0,"comment_status":"closed","ping_status":"closed","template":"","meta":{"_acf_changed":false,"inline_featured_image":false,"_themeisle_gutenberg_block_has_review":false,"footnotes":""},"categories":[30],"tags":[],"class_list":["post-5534","page","type-page","status-publish","hentry","category-responsabilidad-social"],"acf":[],"_links":{"self":[{"href":"https:\/\/www.celec.gob.ec\/transelectric\/wp-json\/wp\/v2\/pages\/5534","targetHints":{"allow":["GET"]}}],"collection":[{"href":"https:\/\/www.celec.gob.ec\/transelectric\/wp-json\/wp\/v2\/pages"}],"about":[{"href":"https:\/\/www.celec.gob.ec\/transelectric\/wp-json\/wp\/v2\/types\/page"}],"author":[{"embeddable":true,"href":"https:\/\/www.celec.gob.ec\/transelectric\/wp-json\/wp\/v2\/users\/1"}],"replies":[{"embeddable":true,"href":"https:\/\/www.celec.gob.ec\/transelectric\/wp-json\/wp\/v2\/comments?post=5534"}],"version-history":[{"count":6,"href":"https:\/\/www.celec.gob.ec\/transelectric\/wp-json\/wp\/v2\/pages\/5534\/revisions"}],"predecessor-version":[{"id":5546,"href":"https:\/\/www.celec.gob.ec\/transelectric\/wp-json\/wp\/v2\/pages\/5534\/revisions\/5546"}],"wp:attachment":[{"href":"https:\/\/www.celec.gob.ec\/transelectric\/wp-json\/wp\/v2\/media?parent=5534"}],"wp:term":[{"taxonomy":"category","embeddable":true,"href":"https:\/\/www.celec.gob.ec\/transelectric\/wp-json\/wp\/v2\/categories?post=5534"},{"taxonomy":"post_tag","embeddable":true,"href":"https:\/\/www.celec.gob.ec\/transelectric\/wp-json\/wp\/v2\/tags?post=5534"}],"curies":[{"name":"wp","href":"https:\/\/api.w.org\/{rel}","templated":true}]}}